{"id":5127,"date":"2023-09-29T18:19:42","date_gmt":"2023-09-29T16:19:42","guid":{"rendered":"https:\/\/maisonbelloeil.fr\/?post_type=product&#038;p=5127"},"modified":"2025-09-24T20:24:44","modified_gmt":"2025-09-24T18:24:44","slug":"canape-de-jardin-dangle-alu-new-york","status":"publish","type":"product","link":"https:\/\/maisonbelloeil.fr\/en\/product\/canape-de-jardin-dangle-alu-new-york\/","title":{"rendered":"Canap\u00e9 de jardin d&rsquo;angle Alu noir NEW-YORK, HIGOLD"},"content":{"rendered":"<h2 style=\"text-align: center;\"><span style=\"color: #333333;\"><strong>Canap\u00e9 de jardin d&rsquo;angle aluminium noir de la gamme NEW YORK:<\/strong><\/span><\/h2>\n<p><span style=\"color: #333333;\">D\u00e9couvrez le plaisir absolu gr\u00e2ce \u00e0 notre confortable salon de jardin HIGOLD, comprenant un <strong>canap\u00e9 de jardin d&rsquo;angle et une table basse<\/strong>. Cet ensemble de jardin en aluminium noir fusionne habilement design, qualit\u00e9 et confort, m\u00e9tamorphosant votre jardin ou terrasse en un lieu lounge propice \u00e0 la d\u00e9tente et \u00e0 la convivialit\u00e9.<\/span><\/p>\n<p><span style=\"color: #333333;\">Succombez \u00e0 l&rsquo;ing\u00e9niosit\u00e9 du <strong>design<\/strong> de la collection<\/span> <strong><a href=\"https:\/\/maisonbelloeil.fr\/en\/product-tag\/new-york\/\"><span style=\"color: #346f7f;\">NEW YORK<\/span><\/a><\/strong>, <span style=\"color: #333333;\">h\u00e9riti\u00e8re de l&rsquo;essence de <a style=\"color: #333333;\" href=\"https:\/\/maisonbelloeil.fr\/en\/product-tag\/york\/\"><strong>YORK<\/strong><\/a>. Notre canap\u00e9 de jardin d&rsquo;angle, orn\u00e9 de <strong>contrastes marquants entre des \u00e9l\u00e9ments noirs et des accents bois\u00e9s<\/strong>, s&rsquo;harmonise id\u00e9alement avec un d\u00e9cor <strong>contemporain<\/strong>.<\/span><\/p>\n<p>Nous accordons une attention m\u00e9ticuleuse \u00e0 la qualit\u00e9 de nos produits. Les mat\u00e9riaux utilis\u00e9s pour notre <strong>mobilier de jardin de luxe<\/strong> sont soigneusement choisis pour leur solidit\u00e9 et leur long\u00e9vit\u00e9.<\/p>\n<p><span style=\"color: #333333;\">Les <strong>inserts en teck<\/strong> situ\u00e9s dans les <strong>panneaux lat\u00e9raux ajour\u00e9s<\/strong> des fauteuils favorisent une circulation d&rsquo;air optimale, procurant une <strong>agr\u00e9able sensation<\/strong> de fra\u00eecheur et de bien-\u00eatre corporel.<\/span><\/p>\n<p><span style=\"color: #333333;\">Le tissu choisi pour cette ligne est un <strong>textile haut de gamme en Ol\u00e9fine<\/strong>, confectionn\u00e9 \u00e0 partir de fils d&rsquo;ol\u00e9fine r\u00e9sistants. Il conjugue la <strong>robustesse<\/strong> des mat\u00e9riaux ext\u00e9rieurs traditionnels \u00e0 la <strong>beaut\u00e9<\/strong> et \u00e0 l&rsquo;\u00e9l\u00e9gance des tissus d&rsquo;ameublement <strong>haut de gamme<\/strong>.<\/span><\/p>\n<p>La <strong>table basse<\/strong> de cette collection offre une fonctionnalit\u00e9 pratique avec son <strong>compartiment \u00e0 glace<\/strong> int\u00e9gr\u00e9, parfait pour garder vos boissons au frais et \u00e0 port\u00e9e de main quand vous le souhaitez.<\/p>\n<p><span style=\"color: #333333;\"><strong>L&rsquo;aluminium<\/strong>, utilis\u00e9 fr\u00e9quemment dans la conception de notre mobilier d&rsquo;ext\u00e9rieur, se caract\u00e9rise par sa solidit\u00e9, sa l\u00e9g\u00e8ret\u00e9 et sa durabilit\u00e9. <strong>R\u00e9sistant \u00e0 la pluie, \u00e0 l&rsquo;humidit\u00e9 et \u00e0 la corrosion<\/strong>, il conserve son \u00e9clat m\u00eame en plein soleil.<\/span><\/p>\n<h3><\/h3>\n<p>&nbsp;<\/p>\n<h3 style=\"text-align: center;\">Points forts du canap\u00e9 de jardin d&rsquo;angle noir:<\/h3>\n<h3><span style=\"color: #333333;\"><img decoding=\"async\" class=\"aligncenter wp-image-14013\" src=\"https:\/\/maisonbelloeil.fr\/wp-content\/uploads\/2023\/06\/logo_akzonobel-300x183.png\" alt=\"Logo Akzonobel\" width=\"115\" height=\"70\" title=\"\" srcset=\"https:\/\/maisonbelloeil.fr\/wp-content\/uploads\/2023\/06\/logo_akzonobel-300x183.png 300w, https:\/\/maisonbelloeil.fr\/wp-content\/uploads\/2023\/06\/logo_akzonobel-700x426.png 700w, https:\/\/maisonbelloeil.fr\/wp-content\/uploads\/2023\/06\/logo_akzonobel-1024x623.png 1024w, https:\/\/maisonbelloeil.fr\/wp-content\/uploads\/2023\/06\/logo_akzonobel-768x467.png 768w, https:\/\/maisonbelloeil.fr\/wp-content\/uploads\/2023\/06\/logo_akzonobel.png 1280w\" sizes=\"(max-width: 115px) 100vw, 115px\" \/><\/span><\/h3>\n<h3><span style=\"color: #333333;\"><img decoding=\"async\" class=\"aligncenter wp-image-14040 size-full\" src=\"https:\/\/maisonbelloeil.fr\/wp-content\/uploads\/2023\/06\/logo-quick-dry-150x50-1.jpg\" alt=\"Quickdry\" width=\"150\" height=\"50\" title=\"\"><\/span><\/h3>\n<p>&nbsp;<\/p>\n<ul>\n<li><span style=\"color: #333333;\">Salon de jardin <strong>confortable et moderne<\/strong> pour 4<strong>\u00a0personnes<\/strong>.<\/span><\/li>\n<li><span style=\"color: #333333;\">Structure en <strong>aluminium massif<\/strong> avec rev\u00eatement <strong>Akzonobel<\/strong>: L\u00e9g\u00e8re, r\u00e9sistante aux intemp\u00e9ries, durable.<\/span><\/li>\n<li><span style=\"color: #333333;\">Mousse <strong>Quickdry<\/strong>.<\/span><\/li>\n<li><span style=\"color: #333333;\">Tissu en <strong>Ol\u00e9fine<\/strong>: doux, r\u00e9sistant et simple \u00e0 nettoyer.<\/span><\/li>\n<li><span style=\"color: #333333;\">Un <strong>bac int\u00e9gr\u00e9<\/strong> \u00e0 la table basse pour tenir les boissons au frais.<\/span><\/li>\n<li><span style=\"color: #333333;\">Accoudoirs et cot\u00e9s <strong>ajour\u00e9s<\/strong> en teck: finesse et a\u00e9ration.<\/span><\/li>\n<li><span style=\"color: #333333;\">Plateau en <strong>teck<\/strong> pour la table basse: la beaut\u00e9 du bois et la facilit\u00e9 d&rsquo;entretien.<\/span><\/li>\n<\/ul>\n<p>&nbsp;<\/p>\n<h3 style=\"text-align: center;\">Composition du salon de jardin aluminium noir:<\/h3>\n<ul>\n<li><span style=\"color: #333333;\"><strong>Un canap\u00e9 d&rsquo;angle compos\u00e9 de 4 modules:<\/strong><br \/>\n&#8211; 1 module c\u00f4t\u00e9 gauche ( P: 81 cm \/ l: 143,5 cm \/ H: 61,5 cm)<\/span><br \/>\n<span style=\"color: #333333;\">&#8211; 1 module droit (P: 81 cm \/ l: 67,5 cm \/ H: 61,5 cm)<\/span><br \/>\n<span style=\"color: #333333;\">&#8211; 1 module d&rsquo;angle (P: 81 cm \/ l: 81 cm \/ H: 61,5 cm)<\/span><br \/>\n<span style=\"color: #333333;\">&#8211; 1 module c\u00f4t\u00e9 droit ( P: 81 cm \/ l: 143,5 cm \/ H: 61,5 cm)<\/span><\/li>\n<li><span style=\"color: #333333;\"><strong>Une table basse avec bac \u00e0 glace:<\/strong><br \/>\nL: 105 cm \/ l: 81,5 cm \/ H: 41 cm<\/span><\/li>\n<\/ul>\n<p>&nbsp;<\/p>\n<p><img fetchpriority=\"high\" decoding=\"async\" class=\"wp-image-2911 size-full aligncenter\" src=\"https:\/\/maisonbelloeil.fr\/wp-content\/uploads\/2023\/06\/Chaise-et-tables-12.jpg\" alt=\"Icone angle\" width=\"500\" height=\"100\" title=\"\"><\/p>\n<p>&nbsp;<\/p>\n<h3>coloris: Noir<\/h3>\n<p>(Brun et taupe sur demande)<\/p>\n<p>Pour toute\u00a0<strong>demande de renseignement<\/strong>\u00a0ou pour\u00a0<strong>finaliser votre achat<\/strong>, nous vous invitons \u00e0<a href=\"https:\/\/maisonbelloeil.fr\/en\/contactez-nous\/\"><em><strong>\u00a0nous contacter<\/strong><\/em><\/a>.\u00a0 \u00a0 \u00a0 \u00a0 \u00a0 \u00a0 \u00a0 \u00a0 \u00a0 \u00a0 \u00a0 \u00a0 \u00a0 \u00a0 \u00a0 \u00a0 \u00a0 \u00a0 \u00a0 \u00a0 \u00a0 \u00a0 \u00a0 \u00a0 \u00a0 \u00a0 \u00a0 \u00a0 \u00a0 \u00a0 \u00a0 \u00a0 \u00a0 \u00a0 \u00a0 \u00a0 \u00a0 \u00a0 \u00a0 \u00a0 \u00a0 \u00a0 \u00a0 \u00a0 \u00a0 \u00a0 \u00a0 \u00a0 \u00a0 \u00a0 \u00a0 \u00a0 \u00a0 \u00a0 \u00a0 \u00a0 \u00a0 \u00a0 \u00a0 \u00a0 \u00a0 \u00a0 \u00a0 \u00a0 \u00a0 \u00a0 \u00a0 \u00a0 \u00a0 \u00a0 Notre \u00e9quipe se tient \u00e0 votre \u00e9coute pour vous offrir un <strong>service sur-mesure<\/strong><\/p>\n<p>&nbsp;<\/p>\n<hr \/>\n<h3 style=\"text-align: center;\">Produits compl\u00e9mentaires:<\/h3>\n<p>Pourquoi ne pas compl\u00e9ter votre ensemble canap\u00e9 de jardin d&rsquo;angle aluminium noir avec les <strong><a href=\"https:\/\/maisonbelloeil.fr\/en\/product\/bain-de-soleil-design-new-york\/\"><span style=\"color: #346f7f;\">bains de soleil<\/span><\/a><\/strong> ou encore avec l&rsquo;<a href=\"https:\/\/maisonbelloeil.fr\/en\/product\/table-et-chaises-de-jardin-new-york\/\"><span style=\"color: #346f7f;\"><strong>ensemble table et chaises<\/strong><\/span><\/a> de la m\u00eame collection?<\/p>\n<p>&nbsp;<\/p>\n<hr \/>\n<h3 style=\"text-align: center;\"><span style=\"color: #333333;\">Mat\u00e9riaux et instructions d&rsquo;entretien:<\/span><\/h3>\n<p><span style=\"color: #333333;\">Le tissu en <strong>Ol\u00e9fine<\/strong> est un tissu \u00e0 haute performance: l\u00e9ger et doux au toucher, l&rsquo;Ol\u00e9fine est aussi r\u00e9sistant, imperm\u00e9able, \u00e9vacue l&rsquo;humidit\u00e9, r\u00e9sistant aux taches et s\u00e8che rapidement.<\/span><\/p>\n<p><span style=\"color: #333333;\">L\u2019<strong>aluminium<\/strong>\u00a0est tr\u00e8s r\u00e9pandu dans le domaine de la construction en raison de ses nombreuses qualit\u00e9s. Solide, l\u00e9ger, durable, pratique et esth\u00e9tique, il r\u00e9siste \u00e0 la pluie, \u00e0 l\u2019humidit\u00e9 et ne rouille pas. Il ne craint pas le soleil non plus et ne perd pas son \u00e9clat.<\/span><\/p>\n<p><span style=\"color: #333333;\">Le\u00a0<strong>bois de teck<\/strong> r\u00e9siste aux \u00e9l\u00e9ments ext\u00e9rieurs, sa haute teneur en huile, sa grande r\u00e9sistance \u00e0 la traction, son grain serr\u00e9 le rendent particuli\u00e8rement appropri\u00e9 pour une utilisation en ext\u00e9rieur. <\/span><span style=\"color: #333333;\">L\u2019application bisannuelle d\u2019une couche d\u2019huile pour teck est recommand\u00e9e pour le maintenir beau.<\/span><\/p>\n<p>&nbsp;<\/p>\n<hr \/>\n<p>&nbsp;<\/p>\n<p style=\"text-align: center;\"><img loading=\"lazy\" decoding=\"async\" class=\"aligncenter wp-image-14012 size-medium\" src=\"https:\/\/maisonbelloeil.fr\/wp-content\/uploads\/2023\/06\/logo-revendeurofficiel-higold-300x54.png\" alt=\"Logo revendeur officiel Higold.\" width=\"300\" height=\"54\" title=\"\" srcset=\"https:\/\/maisonbelloeil.fr\/wp-content\/uploads\/2023\/06\/logo-revendeurofficiel-higold-300x54.png 300w, https:\/\/maisonbelloeil.fr\/wp-content\/uploads\/2023\/06\/logo-revendeurofficiel-higold-700x126.png 700w, https:\/\/maisonbelloeil.fr\/wp-content\/uploads\/2023\/06\/logo-revendeurofficiel-higold-1024x184.png 1024w, https:\/\/maisonbelloeil.fr\/wp-content\/uploads\/2023\/06\/logo-revendeurofficiel-higold-768x138.png 768w, https:\/\/maisonbelloeil.fr\/wp-content\/uploads\/2023\/06\/logo-revendeurofficiel-higold-1536x276.png 1536w, https:\/\/maisonbelloeil.fr\/wp-content\/uploads\/2023\/06\/logo-revendeurofficiel-higold.png 1847w\" sizes=\"(max-width: 300px) 100vw, 300px\" \/><br \/>\n<img loading=\"lazy\" decoding=\"async\" class=\"aligncenter wp-image-14042 size-full\" src=\"https:\/\/maisonbelloeil.fr\/wp-content\/uploads\/2023\/06\/sl_higold-excellent-life_rgb-300x45-1.png\" alt=\"excellent life\" width=\"300\" height=\"45\" title=\"\"><\/p>\n<p style=\"text-align: center;\"><img loading=\"lazy\" decoding=\"async\" class=\"aligncenter wp-image-14043\" src=\"https:\/\/maisonbelloeil.fr\/wp-content\/uploads\/2023\/06\/ukas-300x225.jpg\" alt=\"Logo UKAS\" width=\"133\" height=\"100\" title=\"\" srcset=\"https:\/\/maisonbelloeil.fr\/wp-content\/uploads\/2023\/06\/ukas-300x225.jpg 300w, https:\/\/maisonbelloeil.fr\/wp-content\/uploads\/2023\/06\/ukas-700x525.jpg 700w, https:\/\/maisonbelloeil.fr\/wp-content\/uploads\/2023\/06\/ukas-768x576.jpg 768w, https:\/\/maisonbelloeil.fr\/wp-content\/uploads\/2023\/06\/ukas.jpg 866w\" sizes=\"(max-width: 133px) 100vw, 133px\" \/><img loading=\"lazy\" decoding=\"async\" class=\"aligncenter wp-image-14045\" src=\"https:\/\/maisonbelloeil.fr\/wp-content\/uploads\/2023\/06\/bsci.jpg\" alt=\"logo BSCI\" width=\"142\" height=\"100\" title=\"\"><\/p>\n<p>&nbsp;<\/p>\n<p>&nbsp;<\/p>\n<p>&nbsp;<\/p>\n<p>&nbsp;<\/p>","protected":false},"excerpt":{"rendered":"<h3><span style=\"color: #333333;\"><strong>Ensemble canap\u00e9 de jardin d&rsquo;angle:<\/strong><\/span><\/h3>\n<ul>\n<li><span style=\"color: #333333;\">Quatre modules<\/span><\/li>\n<li><span style=\"color: #333333;\">Une table basse<\/span><\/li>\n<\/ul>\n<hr \/>\n<p><span style=\"color: #333333;\"><span style=\"color: #346f7f;\">Bois de Teck de grade A<\/span> | <span style=\"color: #346f7f;\">Aluminium massif\u00a0| Ol\u00e9fine<\/span><\/span><\/p>\n<p><img loading=\"lazy\" decoding=\"async\" class=\"alignleft wp-image-14041\" src=\"https:\/\/maisonbelloeil.fr\/wp-content\/uploads\/2023\/06\/logo-akzonobel-150x50-1.jpg\" alt=\"Akzonobel\" width=\"120\" height=\"40\" \/><img loading=\"lazy\" decoding=\"async\" class=\"alignleft wp-image-14040\" src=\"https:\/\/maisonbelloeil.fr\/wp-content\/uploads\/2023\/06\/logo-quick-dry-150x50-1.jpg\" alt=\"Quickdry\" width=\"120\" height=\"40\" \/><\/p>\n<p>&nbsp;<\/p>\n<hr \/>\n<p><em><span style=\"color: #ff6600;\"><strong><span style=\"color: #bf4d00;\"><span style=\"color: #800080;\"><img loading=\"lazy\" decoding=\"async\" class=\"alignleft wp-image-15282\" src=\"https:\/\/maisonbelloeil.fr\/wp-content\/uploads\/2023\/09\/Logo-livraison-offerte.png\" alt=\"\" width=\"75\" height=\"30\" \/> Frais de port offerts<\/span><\/span><\/strong><\/span><\/em><\/p>\n<hr \/>\n<p><span style=\"color: #333333;\">Pour toute\u00a0<strong>demande de renseignement<\/strong>\u00a0ou pour\u00a0<strong>finaliser votre achat<\/strong>, nous vous invitons \u00e0<a href=\"https:\/\/maisonbelloeil.fr\/en\/contactez-nous\/\"><em><strong>\u00a0nous contacter<\/strong><\/em><\/a>.\u00a0 \u00a0 \u00a0 \u00a0 \u00a0 \u00a0 \u00a0 \u00a0 \u00a0 \u00a0 \u00a0 \u00a0 \u00a0 \u00a0 \u00a0 \u00a0 \u00a0 \u00a0 \u00a0 \u00a0 \u00a0 \u00a0 \u00a0 \u00a0 \u00a0 \u00a0 \u00a0 \u00a0 \u00a0 \u00a0 \u00a0 \u00a0 \u00a0 \u00a0 \u00a0 \u00a0 \u00a0 \u00a0 \u00a0 Notre \u00e9quipe se tient \u00e0 votre \u00e9coute pour vous offrir un <strong>service sur-mesure\u00a0 \u00a0 \u00a0 \u00a0 \u00a0 \u00a0 \u00a0 \u00a0 \u00a0 \u00a0 \u00a0 \u00a0 \u00a0 \u00a0 \u00a0 \u00a0 \u00a0 \u00a0 \u00a0 \u00a0 \u00a0 \u00a0 \u00a0 \u00a0 \u00a0 \u00a0 \u00a0 \u00a0 \u00a0 \u00a0 \u00a0 \u00a0 \u00a0 \u00a0 \u00a0 \u00a0 \u00a0 \u00a0 \u00a0 \u00a0 \u00a0 \u00a0 \u00a0 \u00a0 \u00a0 \u00a0 \u00a0 \u00a0 \u00a0 \u00a0 \u00a0 \u00a0 \u00a0 \u00a0 \u00a0 \u00a0 \u00a0 \u00a0 \u00a0 \u00a0 \u00a0 \u00a0 \u00a0 \u00a0 \u00a0 \u00a0 \u00a0 \u00a0 \u00a0 \u00a0 \u00a0 \u00a0 \u00a0 \u00a0 \u00a0 \u00a0 \u00a0 \u00a0 \u00a0 \u00a0 \u00a0 \u00a0 \u00a0 \u00a0 <\/strong>MOBILIER DE JARDIN DESIGN HAUT DE GAMME<\/span><\/p>","protected":false},"featured_media":5128,"comment_status":"open","ping_status":"closed","template":"","meta":{"ocean_post_layout":"","ocean_both_sidebars_style":"","ocean_both_sidebars_content_width":0,"ocean_both_sidebars_sidebars_width":0,"ocean_sidebar":"0","ocean_second_sidebar":"0","ocean_disable_margins":"enable","ocean_add_body_class":"","ocean_shortcode_before_top_bar":"","ocean_shortcode_after_top_bar":"","ocean_shortcode_before_header":"","ocean_shortcode_after_header":"","ocean_has_shortcode":"","ocean_shortcode_after_title":"","ocean_shortcode_before_footer_widgets":"","ocean_shortcode_after_footer_widgets":"","ocean_shortcode_before_footer_bottom":"","ocean_shortcode_after_footer_bottom":"","ocean_display_top_bar":"default","ocean_display_header":"default","ocean_header_style":"","ocean_center_header_left_menu":"0","ocean_custom_header_template":"0","ocean_custom_logo":0,"ocean_custom_retina_logo":0,"ocean_custom_logo_max_width":0,"ocean_custom_logo_tablet_max_width":0,"ocean_custom_logo_mobile_max_width":0,"ocean_custom_logo_max_height":0,"ocean_custom_logo_tablet_max_height":0,"ocean_custom_logo_mobile_max_height":0,"ocean_header_custom_menu":"0","ocean_menu_typo_font_family":"0","ocean_menu_typo_font_subset":"","ocean_menu_typo_font_size":0,"ocean_menu_typo_font_size_tablet":0,"ocean_menu_typo_font_size_mobile":0,"ocean_menu_typo_font_size_unit":"px","ocean_menu_typo_font_weight":"","ocean_menu_typo_font_weight_tablet":"","ocean_menu_typo_font_weight_mobile":"","ocean_menu_typo_transform":"","ocean_menu_typo_transform_tablet":"","ocean_menu_typo_transform_mobile":"","ocean_menu_typo_line_height":0,"ocean_menu_typo_line_height_tablet":0,"ocean_menu_typo_line_height_mobile":0,"ocean_menu_typo_line_height_unit":"","ocean_menu_typo_spacing":0,"ocean_menu_typo_spacing_tablet":0,"ocean_menu_typo_spacing_mobile":0,"ocean_menu_typo_spacing_unit":"","ocean_menu_link_color":"","ocean_menu_link_color_hover":"","ocean_menu_link_color_active":"","ocean_menu_link_background":"","ocean_menu_link_hover_background":"","ocean_menu_link_active_background":"","ocean_menu_social_links_bg":"","ocean_menu_social_hover_links_bg":"","ocean_menu_social_links_color":"","ocean_menu_social_hover_links_color":"","ocean_disable_title":"default","ocean_disable_heading":"default","ocean_post_title":"","ocean_post_subheading":"","ocean_post_title_style":"centered-minimal","ocean_post_title_background_color":"","ocean_post_title_background":0,"ocean_post_title_bg_image_position":"","ocean_post_title_bg_image_attachment":"","ocean_post_title_bg_image_repeat":"","ocean_post_title_bg_image_size":"","ocean_post_title_height":0,"ocean_post_title_bg_overlay":0.5,"ocean_post_title_bg_overlay_color":"","ocean_disable_breadcrumbs":"default","ocean_breadcrumbs_color":"","ocean_breadcrumbs_separator_color":"","ocean_breadcrumbs_links_color":"","ocean_breadcrumbs_links_hover_color":"","ocean_display_footer_widgets":"default","ocean_display_footer_bottom":"default","ocean_custom_footer_template":"0"},"product_brand":[135],"product_cat":[68],"product_tag":[62],"class_list":{"0":"post-5127","1":"product","2":"type-product","3":"status-publish","4":"has-post-thumbnail","6":"product_brand-higold","7":"product_cat-salons-de-jardin-dangle","8":"product_tag-new-york","10":"entry","11":"has-media","13":"first","14":"instock","15":"taxable","16":"shipping-taxable","17":"product-type-grouped","18":"has-rating","19":"col","20":"span_1_of_3","21":"owp-content-center","22":"item-entry","23":"owp-thumbs-layout-horizontal","24":"owp-btn-very-big","25":"owp-tabs-layout-horizontal"},"_links":{"self":[{"href":"https:\/\/maisonbelloeil.fr\/en\/wp-json\/wp\/v2\/product\/5127","targetHints":{"allow":["GET"]}}],"collection":[{"href":"https:\/\/maisonbelloeil.fr\/en\/wp-json\/wp\/v2\/product"}],"about":[{"href":"https:\/\/maisonbelloeil.fr\/en\/wp-json\/wp\/v2\/types\/product"}],"replies":[{"embeddable":true,"href":"https:\/\/maisonbelloeil.fr\/en\/wp-json\/wp\/v2\/comments?post=5127"}],"wp:featuredmedia":[{"embeddable":true,"href":"https:\/\/maisonbelloeil.fr\/en\/wp-json\/wp\/v2\/media\/5128"}],"wp:attachment":[{"href":"https:\/\/maisonbelloeil.fr\/en\/wp-json\/wp\/v2\/media?parent=5127"}],"wp:term":[{"taxonomy":"product_brand","embeddable":true,"href":"https:\/\/maisonbelloeil.fr\/en\/wp-json\/wp\/v2\/product_brand?post=5127"},{"taxonomy":"product_cat","embeddable":true,"href":"https:\/\/maisonbelloeil.fr\/en\/wp-json\/wp\/v2\/product_cat?post=5127"},{"taxonomy":"product_tag","embeddable":true,"href":"https:\/\/maisonbelloeil.fr\/en\/wp-json\/wp\/v2\/product_tag?post=5127"}],"curies":[{"name":"wp","href":"https:\/\/api.w.org\/{rel}","templated":true}]}}