{"id":5120,"date":"2023-09-27T12:10:32","date_gmt":"2023-09-27T10:10:32","guid":{"rendered":"https:\/\/maisonbelloeil.fr\/?post_type=product&#038;p=5120"},"modified":"2025-06-17T14:59:29","modified_gmt":"2025-06-17T12:59:29","slug":"bain-de-soleil-bois-teck-gris-cambusa","status":"publish","type":"product","link":"https:\/\/maisonbelloeil.fr\/en\/product\/bain-de-soleil-bois-teck-gris-cambusa\/","title":{"rendered":"Bain de soleil bois teck Haut de gamme gris CAMBUSA"},"content":{"rendered":"<h2 style=\"text-align: center;\"><span style=\"color: #333333;\"><strong>Bain de soleil Haut de gamme en bois de teck<\/strong><\/span><\/h2>\n<p><span style=\"color: #000000;\">D\u00e9couvrez le <strong>bain de soleil design<\/strong> de la gamme Cambusa, un choix \u00e9l\u00e9gant et fonctionnel pour votre espace ext\u00e9rieur. Cet ensemble <strong>haut de gamme<\/strong> se compose d&rsquo;un<strong> bain de soleil bois <\/strong>et d&rsquo;une<strong> table d&rsquo;appoint<\/strong> con\u00e7ue pour votre d\u00e9tente.<\/span><\/p>\n<p><span style=\"color: #000000;\">Les teintes chaudes et ensoleill\u00e9es pr\u00e9sentes dans cette collection apportent une touche de fra\u00eecheur, avec un design \u00e9pur\u00e9 et soign\u00e9 qui met en avant des lignes carr\u00e9es et nettes.<\/span><\/p>\n<p><span style=\"color: #000000;\">Fabriqu\u00e9 avec des mat\u00e9riaux de <strong>qualit\u00e9<\/strong>, cette <strong>chaise longue<\/strong> combine durabilit\u00e9 et<strong> style contemporain.<\/strong> La structure en <strong>aluminium gris anthracite<\/strong>, l\u00e9g\u00e8re et r\u00e9sistante aux intemp\u00e9ries, assure une longue dur\u00e9e de vie en <strong>ext\u00e9rieur<\/strong> tout en apportant une touche <strong>moderne<\/strong> et sophistiqu\u00e9e.<\/span><\/p>\n<p><span style=\"color: #000000;\">Le<strong> teck <\/strong>apporte une touche chaleureuse et naturelle \u00e0 l&rsquo;ensemble gris et est renomm\u00e9 pour sa <strong>r\u00e9sistance<\/strong> aux \u00e9l\u00e9ments ext\u00e9rieurs, sa durabilit\u00e9 et son caract\u00e8re naturellement imputrescible. Ainsi, vous pourrez profiter de votre ensemble de jardin pendant de nombreuses saisons, en toute simplicit\u00e9 d&rsquo;entretien.<\/span><\/p>\n<p><span style=\"color: #000000;\">Le <strong>matelas \u00e9pais<\/strong>, habill\u00e9 d&rsquo;un tissu gris robuste, assure un confort sup\u00e9rieur tout en apportant une touche de douceur. La r\u00e9sistance du tissu assure une long\u00e9vit\u00e9 accrue \u00e0 votre <strong>transat<\/strong>, m\u00eame en ext\u00e9rieur.<\/span><\/p>\n<p><span style=\"color: #000000;\">La collection<\/span> <span style=\"color: #333333;\"><a href=\"https:\/\/maisonbelloeil.fr\/en\/product-tag\/cambusa\/\"><strong><span style=\"color: #346f7f;\">Cambusa<\/span><\/strong><\/a><\/span> <span style=\"color: #000000;\">incarne l&rsquo;\u00e9l\u00e9gance du<strong> design contemporain <\/strong>associ\u00e9 \u00e0 un<strong> confort <\/strong>ultime et des mat\u00e9riaux durables, inspir\u00e9s de la mer M\u00e9diterran\u00e9e. Elle cr\u00e9e une atmosph\u00e8re chaleureuse et invitante, parfaite pour les amateurs de la mer et du style ensoleill\u00e9. Une option \u00e0 la fois \u00e9l\u00e9gante et <strong>confortable<\/strong>.<\/span><\/p>\n<p>&nbsp;<\/p>\n<h2 style=\"text-align: center;\">Points forts du bain de soleil design italien<\/h2>\n<p><span style=\"color: #333333;\"><img decoding=\"async\" class=\"aligncenter wp-image-14013\" src=\"https:\/\/maisonbelloeil.fr\/wp-content\/uploads\/2023\/06\/logo_akzonobel-300x183.png\" alt=\"Logo Akzonobel\" width=\"115\" height=\"70\" title=\"\" srcset=\"https:\/\/maisonbelloeil.fr\/wp-content\/uploads\/2023\/06\/logo_akzonobel-300x183.png 300w, https:\/\/maisonbelloeil.fr\/wp-content\/uploads\/2023\/06\/logo_akzonobel-700x426.png 700w, https:\/\/maisonbelloeil.fr\/wp-content\/uploads\/2023\/06\/logo_akzonobel-1024x623.png 1024w, https:\/\/maisonbelloeil.fr\/wp-content\/uploads\/2023\/06\/logo_akzonobel-768x467.png 768w, https:\/\/maisonbelloeil.fr\/wp-content\/uploads\/2023\/06\/logo_akzonobel.png 1280w\" sizes=\"(max-width: 115px) 100vw, 115px\" \/><\/span><\/p>\n<p><span style=\"color: #333333;\"><img decoding=\"async\" class=\"aligncenter wp-image-14040 size-full\" src=\"https:\/\/maisonbelloeil.fr\/wp-content\/uploads\/2023\/06\/logo-quick-dry-150x50-1.jpg\" alt=\"Quickdry\" width=\"150\" height=\"50\" title=\"\"><\/span><\/p>\n<ul>\n<li><span style=\"color: #333333;\">Structure en <strong>aluminium massif<\/strong> d&rsquo;une largeur de 10 cm : L\u00e9g\u00e8re, r\u00e9sistante aux intemp\u00e9ries, durable (rev\u00eatement en poudre <strong>Akzonobel<\/strong>). Couleur: <strong>Anthracite mat<\/strong>.<\/span><\/li>\n<li><span style=\"color: #333333;\">Plateau de table et finitions en <strong>teck de grade A<\/strong> : Chaleureux, naturel, r\u00e9sistant aux conditions ext\u00e9rieures.<\/span><\/li>\n<li><span style=\"color: #333333;\"><strong>Coussins<\/strong> \u00e9pais de 15 cm en <strong>mousse de haute densit\u00e9<\/strong>, tissu doux au toucher: <strong>Confort<\/strong> optimal.<\/span><\/li>\n<li><span style=\"color: #333333;\">Tissu acrylique r\u00e9sistant \u00e0 l&rsquo;eau et aux moisissures: Durabilit\u00e9 accrue.<\/span><\/li>\n<li><span style=\"color: #333333;\">Tissu r\u00e9sistant \u00e0 la d\u00e9coloration du soleil.<\/span><\/li>\n<li><span style=\"color: #333333;\">Couche int\u00e9rieure <strong>imperm\u00e9able<\/strong> pour un entretien facile.<\/span><\/li>\n<\/ul>\n<p>&nbsp;<\/p>\n<h2 style=\"text-align: center;\">Composition de l&rsquo;ensemble bain de soleil haut de gamme<\/h2>\n<ul>\n<li><span style=\"color: #333333;\"><strong>1 bain de soleil:<\/strong><br \/>\nL: 220 cm \/ l: 86 cm \/ H: 88,5 cm<br \/>\n<\/span><\/li>\n<li><span style=\"color: #333333;\"><strong>1 table d&rsquo;appoint:<\/strong><br \/>\nL: 42 cm \/ l: 42 cm \/ H: 27,5 cm<br \/>\n<\/span><\/li>\n<\/ul>\n<p>&nbsp;<\/p>\n<p><img decoding=\"async\" class=\"wp-image-4974 size-full aligncenter\" src=\"https:\/\/maisonbelloeil.fr\/wp-content\/uploads\/2023\/06\/ICONO-Transat.jpg\" alt=\"icono transat et table d&#039;appoint\" width=\"253\" height=\"100\" title=\"\"><\/p>\n<p>&nbsp;<\/p>\n<p>Pour toute\u00a0<strong>demande de renseignement<\/strong>\u00a0ou pour\u00a0<strong>finaliser votre achat<\/strong>, nous vous invitons \u00e0<a href=\"https:\/\/maisonbelloeil.fr\/en\/contactez-nous\/\"><em><strong>\u00a0nous contacter<\/strong><\/em><\/a>.\u00a0 \u00a0 \u00a0 \u00a0 \u00a0 \u00a0 \u00a0 \u00a0 \u00a0 \u00a0 \u00a0 \u00a0 \u00a0 \u00a0 \u00a0 \u00a0 \u00a0 \u00a0 \u00a0 \u00a0 \u00a0 \u00a0 \u00a0 \u00a0 \u00a0 \u00a0 \u00a0 \u00a0 \u00a0 \u00a0 \u00a0 \u00a0 \u00a0 \u00a0 \u00a0 \u00a0 \u00a0 \u00a0 \u00a0 \u00a0 \u00a0 \u00a0 \u00a0 \u00a0 \u00a0 \u00a0 \u00a0 \u00a0 \u00a0 \u00a0 \u00a0 \u00a0 \u00a0 \u00a0 \u00a0 \u00a0 \u00a0 \u00a0 \u00a0 \u00a0 \u00a0 \u00a0 \u00a0 \u00a0 \u00a0 \u00a0 \u00a0 \u00a0 \u00a0 \u00a0 Notre \u00e9quipe se tient \u00e0 votre \u00e9coute pour vous offrir un <strong>service sur-mesure<\/strong><\/p>\n<hr \/>\n<h2 style=\"text-align: center;\">Produits compl\u00e9mentaires au bain de soleil haut de gamme<\/h2>\n<p>Pourquoi ne pas compl\u00e9ter votre ensemble bain de soleil bois avec le <a href=\"https:\/\/maisonbelloeil.fr\/en\/product\/salon-de-jardin-5-places-cambusa\/\"><strong><span style=\"color: #346f7f;\">salon de jardin 5 places<\/span><\/strong><\/a> ou le <span style=\"color: #346f7f;\"><strong><a style=\"color: #346f7f;\" href=\"https:\/\/maisonbelloeil.fr\/en\/product\/salon-de-jardin-dangle-cambusa\/\"><span style=\"color: #346f7f;\">salon de jardin<\/span> d&rsquo;angle<\/a><\/strong>\u00a0<\/span>de la m\u00eame collection?<\/p>\n<p>D\u00e9couvrez notre s\u00e9lection raffin\u00e9e de <a href=\"https:\/\/maisonbelloeil.fr\/en\/product-category\/bains-de-soleil\/\"><strong><span style=\"color: #346f7f;\">bains de soleil en bois, aluminium ou r\u00e9sine<\/span><\/strong><\/a>, con\u00e7ue pour apporter une touche d&rsquo;\u00e9l\u00e9gance et de confort \u00e0 votre piscine ou terrasse. Chacun de nos mod\u00e8les allie robustesse et style, offrant des solutions adapt\u00e9es \u00e0 tous les go\u00fbts et pr\u00e9f\u00e9rences.<\/p>\n<p>Que vous souhaitiez vous allonger et vous relaxer en vous faisant bronzer ou simplement profiter d&rsquo;un moment de tranquillit\u00e9, nos bains de soleil r\u00e9pondront \u00e0 toutes vos attentes en mati\u00e8re de design et de durabilit\u00e9.<\/p>\n<p>&nbsp;<\/p>\n<hr \/>\n<h2 style=\"text-align: center;\"><span style=\"color: #000000;\">Mat\u00e9riaux et instructions d&rsquo;entretien du bain de soleil design<\/span><\/h2>\n<p><span style=\"color: #000000;\">L&rsquo;<strong>aluminium<\/strong> est tr\u00e8s r\u00e9pandu dans le domaine de la construction en raison de ses nombreuses qualit\u00e9s. Solide, l\u00e9ger, durable, pratique et esth\u00e9tique, il r\u00e9siste \u00e0 la pluie, \u00e0 l\u2019humidit\u00e9 et ne rouille pas. Il ne craint pas le soleil non plus et ne perd pas son \u00e9clat.<\/span><\/p>\n<p><span style=\"color: #000000;\">Le <strong>bois de teck<\/strong> r\u00e9siste aux \u00e9l\u00e9ments ext\u00e9rieurs, sa haute teneur en huile, sa grande r\u00e9sistance \u00e0 la traction, son grain serr\u00e9 le rendent particuli\u00e8rement appropri\u00e9 pour une utilisation en ext\u00e9rieur.<\/span><br \/>\n<span style=\"color: #000000;\">L&rsquo;application bisannuelle d&rsquo;une couche d&rsquo;huile pour teck est recommand\u00e9e pour le maintenir beau.<\/span><\/p>\n<p>&nbsp;<\/p>\n<hr \/>\n<p style=\"text-align: center;\"><img loading=\"lazy\" decoding=\"async\" class=\"aligncenter wp-image-14012 size-medium\" src=\"https:\/\/maisonbelloeil.fr\/wp-content\/uploads\/2023\/06\/logo-revendeurofficiel-higold-300x54.png\" alt=\"Logo revendeur officiel Higold.\" width=\"300\" height=\"54\" title=\"\" srcset=\"https:\/\/maisonbelloeil.fr\/wp-content\/uploads\/2023\/06\/logo-revendeurofficiel-higold-300x54.png 300w, https:\/\/maisonbelloeil.fr\/wp-content\/uploads\/2023\/06\/logo-revendeurofficiel-higold-700x126.png 700w, https:\/\/maisonbelloeil.fr\/wp-content\/uploads\/2023\/06\/logo-revendeurofficiel-higold-1024x184.png 1024w, https:\/\/maisonbelloeil.fr\/wp-content\/uploads\/2023\/06\/logo-revendeurofficiel-higold-768x138.png 768w, https:\/\/maisonbelloeil.fr\/wp-content\/uploads\/2023\/06\/logo-revendeurofficiel-higold-1536x276.png 1536w, https:\/\/maisonbelloeil.fr\/wp-content\/uploads\/2023\/06\/logo-revendeurofficiel-higold.png 1847w\" sizes=\"(max-width: 300px) 100vw, 300px\" \/><br \/>\n<img loading=\"lazy\" decoding=\"async\" class=\"aligncenter wp-image-14042 size-full\" src=\"https:\/\/maisonbelloeil.fr\/wp-content\/uploads\/2023\/06\/sl_higold-excellent-life_rgb-300x45-1.png\" alt=\"excellent life\" width=\"300\" height=\"45\" title=\"\"><\/p>\n<p style=\"text-align: center;\"><img loading=\"lazy\" decoding=\"async\" class=\"aligncenter wp-image-14043\" src=\"https:\/\/maisonbelloeil.fr\/wp-content\/uploads\/2023\/06\/ukas-300x225.jpg\" alt=\"\" width=\"133\" height=\"100\" title=\"\" srcset=\"https:\/\/maisonbelloeil.fr\/wp-content\/uploads\/2023\/06\/ukas-300x225.jpg 300w, https:\/\/maisonbelloeil.fr\/wp-content\/uploads\/2023\/06\/ukas-700x525.jpg 700w, https:\/\/maisonbelloeil.fr\/wp-content\/uploads\/2023\/06\/ukas-768x576.jpg 768w, https:\/\/maisonbelloeil.fr\/wp-content\/uploads\/2023\/06\/ukas.jpg 866w\" sizes=\"(max-width: 133px) 100vw, 133px\" \/><img loading=\"lazy\" decoding=\"async\" class=\"aligncenter wp-image-14045\" src=\"https:\/\/maisonbelloeil.fr\/wp-content\/uploads\/2023\/06\/bsci.jpg\" alt=\"\" width=\"142\" height=\"100\" title=\"\"><\/p>","protected":false},"excerpt":{"rendered":"<h2><span style=\"color: #333333;\"><strong>Ensemble haut de gamme bain de soleil bois:<\/strong><\/span><\/h2>\n<ul>\n<li><span style=\"color: #333333;\">Une bain de soleil design gris<\/span><\/li>\n<li><span style=\"color: #333333;\">Une table d&rsquo;appoint<\/span><\/li>\n<\/ul>\n<hr \/>\n<p><span style=\"color: #346f7f;\">Bois de Teck de grade A<\/span> | <span style=\"color: #346f7f;\">Aluminium massif<\/span><\/p>\n<p><img loading=\"lazy\" decoding=\"async\" class=\"wp-image-14041 alignleft\" src=\"https:\/\/maisonbelloeil.fr\/wp-content\/uploads\/2023\/06\/logo-akzonobel-150x50-1.jpg\" alt=\"Akzonobel\" width=\"120\" height=\"40\" \/><img loading=\"lazy\" decoding=\"async\" class=\"wp-image-14040 alignleft\" src=\"https:\/\/maisonbelloeil.fr\/wp-content\/uploads\/2023\/06\/logo-quick-dry-150x50-1.jpg\" alt=\"Quickdry\" width=\"120\" height=\"40\" \/><\/p>\n<p>&nbsp;<\/p>\n<hr \/>\n<p><em><span style=\"color: #ff6600;\"><strong><span style=\"color: #bf4d00;\"><span style=\"color: #800080;\"><img loading=\"lazy\" decoding=\"async\" class=\"alignleft wp-image-15282\" src=\"https:\/\/maisonbelloeil.fr\/wp-content\/uploads\/2023\/09\/Logo-livraison-offerte.png\" alt=\"\" width=\"75\" height=\"30\" \/> Frais de port offerts<\/span><\/span><\/strong><\/span><\/em><\/p>\n<hr \/>\n<p><span style=\"color: #333333;\">Pour toute\u00a0<strong>demande de renseignement<\/strong>\u00a0ou pour\u00a0<strong>finaliser votre achat<\/strong>, nous vous invitons \u00e0<a href=\"https:\/\/maisonbelloeil.fr\/en\/contactez-nous\/\"><em><strong>\u00a0nous contacter<\/strong><\/em><\/a>.\u00a0 \u00a0 \u00a0 \u00a0 \u00a0 \u00a0 \u00a0 \u00a0 \u00a0 \u00a0 \u00a0 \u00a0 \u00a0 \u00a0 \u00a0 \u00a0 \u00a0 \u00a0 \u00a0 \u00a0 \u00a0 \u00a0 \u00a0 \u00a0 \u00a0 \u00a0 \u00a0 \u00a0 \u00a0 \u00a0 \u00a0 \u00a0 \u00a0 \u00a0 \u00a0 \u00a0 \u00a0 \u00a0 \u00a0 \u00a0 Notre \u00e9quipe se tient \u00e0 votre \u00e9coute pour vous offrir un <strong>service sur-mesure\u00a0 \u00a0 \u00a0 \u00a0 \u00a0 \u00a0 \u00a0 \u00a0 \u00a0 \u00a0 \u00a0 \u00a0 \u00a0 \u00a0 \u00a0 \u00a0 \u00a0 \u00a0 \u00a0 \u00a0 \u00a0 \u00a0 \u00a0 \u00a0 \u00a0 \u00a0 \u00a0 \u00a0 \u00a0 \u00a0 \u00a0 \u00a0 \u00a0 <\/strong>MOBILIER DE JARDIN DESIGN<\/span><\/p>\n<p><img loading=\"lazy\" decoding=\"async\" class=\"alignnone wp-image-14101\" src=\"https:\/\/maisonbelloeil.fr\/wp-content\/uploads\/2023\/10\/by-bellini-h-30.jpg\" alt=\"\" width=\"177\" height=\"20\" \/><\/p>","protected":false},"featured_media":5121,"comment_status":"open","ping_status":"closed","template":"","meta":{"ocean_post_layout":"","ocean_both_sidebars_style":"","ocean_both_sidebars_content_width":0,"ocean_both_sidebars_sidebars_width":0,"ocean_sidebar":"0","ocean_second_sidebar":"0","ocean_disable_margins":"enable","ocean_add_body_class":"","ocean_shortcode_before_top_bar":"","ocean_shortcode_after_top_bar":"","ocean_shortcode_before_header":"","ocean_shortcode_after_header":"","ocean_has_shortcode":"","ocean_shortcode_after_title":"","ocean_shortcode_before_footer_widgets":"","ocean_shortcode_after_footer_widgets":"","ocean_shortcode_before_footer_bottom":"","ocean_shortcode_after_footer_bottom":"","ocean_display_top_bar":"default","ocean_display_header":"default","ocean_header_style":"","ocean_center_header_left_menu":"0","ocean_custom_header_template":"0","ocean_custom_logo":0,"ocean_custom_retina_logo":0,"ocean_custom_logo_max_width":0,"ocean_custom_logo_tablet_max_width":0,"ocean_custom_logo_mobile_max_width":0,"ocean_custom_logo_max_height":0,"ocean_custom_logo_tablet_max_height":0,"ocean_custom_logo_mobile_max_height":0,"ocean_header_custom_menu":"0","ocean_menu_typo_font_family":"0","ocean_menu_typo_font_subset":"","ocean_menu_typo_font_size":0,"ocean_menu_typo_font_size_tablet":0,"ocean_menu_typo_font_size_mobile":0,"ocean_menu_typo_font_size_unit":"px","ocean_menu_typo_font_weight":"","ocean_menu_typo_font_weight_tablet":"","ocean_menu_typo_font_weight_mobile":"","ocean_menu_typo_transform":"","ocean_menu_typo_transform_tablet":"","ocean_menu_typo_transform_mobile":"","ocean_menu_typo_line_height":0,"ocean_menu_typo_line_height_tablet":0,"ocean_menu_typo_line_height_mobile":0,"ocean_menu_typo_line_height_unit":"","ocean_menu_typo_spacing":0,"ocean_menu_typo_spacing_tablet":0,"ocean_menu_typo_spacing_mobile":0,"ocean_menu_typo_spacing_unit":"","ocean_menu_link_color":"","ocean_menu_link_color_hover":"","ocean_menu_link_color_active":"","ocean_menu_link_background":"","ocean_menu_link_hover_background":"","ocean_menu_link_active_background":"","ocean_menu_social_links_bg":"","ocean_menu_social_hover_links_bg":"","ocean_menu_social_links_color":"","ocean_menu_social_hover_links_color":"","ocean_disable_title":"default","ocean_disable_heading":"default","ocean_post_title":"","ocean_post_subheading":"","ocean_post_title_style":"centered-minimal","ocean_post_title_background_color":"","ocean_post_title_background":0,"ocean_post_title_bg_image_position":"","ocean_post_title_bg_image_attachment":"","ocean_post_title_bg_image_repeat":"","ocean_post_title_bg_image_size":"","ocean_post_title_height":0,"ocean_post_title_bg_overlay":0.5,"ocean_post_title_bg_overlay_color":"","ocean_disable_breadcrumbs":"default","ocean_breadcrumbs_color":"","ocean_breadcrumbs_separator_color":"","ocean_breadcrumbs_links_color":"","ocean_breadcrumbs_links_hover_color":"","ocean_display_footer_widgets":"default","ocean_display_footer_bottom":"default","ocean_custom_footer_template":"0"},"product_brand":[135],"product_cat":[67],"product_tag":[64,141],"class_list":{"0":"post-5120","1":"product","2":"type-product","3":"status-publish","4":"has-post-thumbnail","6":"product_brand-higold","7":"product_cat-bains-de-soleil","8":"product_tag-cambusa","9":"product_tag-higold","11":"entry","12":"has-media","14":"first","15":"instock","16":"taxable","17":"shipping-taxable","18":"purchasable","19":"product-type-simple","20":"col","21":"span_1_of_3","22":"owp-content-center","23":"item-entry","24":"owp-thumbs-layout-horizontal","25":"owp-btn-very-big","26":"owp-tabs-layout-horizontal"},"_links":{"self":[{"href":"https:\/\/maisonbelloeil.fr\/en\/wp-json\/wp\/v2\/product\/5120","targetHints":{"allow":["GET"]}}],"collection":[{"href":"https:\/\/maisonbelloeil.fr\/en\/wp-json\/wp\/v2\/product"}],"about":[{"href":"https:\/\/maisonbelloeil.fr\/en\/wp-json\/wp\/v2\/types\/product"}],"replies":[{"embeddable":true,"href":"https:\/\/maisonbelloeil.fr\/en\/wp-json\/wp\/v2\/comments?post=5120"}],"wp:featuredmedia":[{"embeddable":true,"href":"https:\/\/maisonbelloeil.fr\/en\/wp-json\/wp\/v2\/media\/5121"}],"wp:attachment":[{"href":"https:\/\/maisonbelloeil.fr\/en\/wp-json\/wp\/v2\/media?parent=5120"}],"wp:term":[{"taxonomy":"product_brand","embeddable":true,"href":"https:\/\/maisonbelloeil.fr\/en\/wp-json\/wp\/v2\/product_brand?post=5120"},{"taxonomy":"product_cat","embeddable":true,"href":"https:\/\/maisonbelloeil.fr\/en\/wp-json\/wp\/v2\/product_cat?post=5120"},{"taxonomy":"product_tag","embeddable":true,"href":"https:\/\/maisonbelloeil.fr\/en\/wp-json\/wp\/v2\/product_tag?post=5120"}],"curies":[{"name":"wp","href":"https:\/\/api.w.org\/{rel}","templated":true}]}}