{"id":5117,"date":"2023-09-26T16:52:30","date_gmt":"2023-09-26T14:52:30","guid":{"rendered":"https:\/\/maisonbelloeil.fr\/?post_type=product&#038;p=5117"},"modified":"2025-09-24T19:33:22","modified_gmt":"2025-09-24T17:33:22","slug":"ensemble-salon-de-jardin-aluminium-york","status":"publish","type":"product","link":"https:\/\/maisonbelloeil.fr\/en\/product\/ensemble-salon-de-jardin-aluminium-york\/","title":{"rendered":"Ensemble salon de jardin aluminium 4 places YORK"},"content":{"rendered":"<h2><span style=\"color: #333333;\"><strong>Salon de jardin aluminium blanc 4 places YORK de HIGOLD<\/strong><\/span><\/h2>\n<p>D\u00e9couvrez d\u00e8s maintenant notre ensemble de jardin design, sp\u00e9cialement con\u00e7u pour ceux qui recherchent \u00e0 la fois design et fonctionnalit\u00e9. Compos\u00e9 d&rsquo;un c<strong>anap\u00e9 2 places<\/strong> et de <strong>deux\u00a0chaises design<\/strong>, d&rsquo;<strong>une table basse<\/strong> ainsi que d&rsquo;u<strong>ne table d&rsquo;appoint<\/strong>, cet ensemble salon de jardin aluminium apportera une touche d&rsquo;\u00e9l\u00e9gance \u00e0 votre espace ext\u00e9rieur.<\/p>\n<p>Laissez-vous charmer par le design exceptionnel, inspir\u00e9 par les grandes m\u00e9tropoles du monde, qui impr\u00e8gne notre collection <a href=\"https:\/\/maisonbelloeil.fr\/en\/product-tag\/york\/\"><strong><span style=\"color: #346f7f;\">YORK<\/span><\/strong><\/a>. Chaque meuble a \u00e9t\u00e9 m\u00e9ticuleusement cr\u00e9\u00e9 pour capturer l&rsquo;essence contemporaine de l&rsquo;<strong>architecture moderne<\/strong>. Les mariages harmonieux de couleurs et de mat\u00e9riaux apportent \u00e0 cet ensemble salon de jardin en aluminium une <strong>\u00e9l\u00e9gance et une sophistication in\u00e9gal\u00e9es.<\/strong><\/p>\n<p>L&rsquo;un des atouts remarquables de ce salon de jardin en aluminium r\u00e9side dans les c\u00f4t\u00e9s des meubles astucieusement dot\u00e9s de <strong>tablettes rabattables en bois de teck<\/strong>, offrant ainsi des surfaces pratiques pour vos objets personnels. Cette caract\u00e9ristique exclusive \u00e0 la collection \u00ab\u00a0York\u00a0\u00bb apporte une fonctionnalit\u00e9 suppl\u00e9mentaire et met en avant la qualit\u00e9 de nos produits.<\/p>\n<p>Concernant la structure, nous privil\u00e9gions <strong>l&rsquo;aluminium<\/strong>, un mat\u00e9riau reconnu pour sa robustesse, sa l\u00e9g\u00e8ret\u00e9, sa long\u00e9vit\u00e9 et son attrait esth\u00e9tique. L&rsquo;aluminium fait preuve de <strong>r\u00e9sistance<\/strong> face aux intemp\u00e9ries, \u00e0 l&rsquo;humidit\u00e9 et \u00e0 la corrosion, tout en maintenant sa brillance m\u00eame sous les rayons du soleil, ce qui en fait le choix parfait pour nos meubles d&rsquo;ext\u00e9rieur.<\/p>\n<p>Enfin, les coussins d&rsquo;assise et les dossiers sont envelopp\u00e9s dans une <strong>toile en textil\u00e8ne haut de gamme<\/strong>. Cette fibre synth\u00e9tique, rev\u00eatue de PVC, se distingue par sa <strong>remarquable r\u00e9sistance aux intemp\u00e9ries, aux rayons UV et aux taches<\/strong>. Vous pourrez ainsi pleinement profiter de votre ensemble salon de jardin York 4 places tout au long de la saison estivale sans craindre les effets n\u00e9fastes des conditions ext\u00e9rieures.<\/p>\n<p>Cet ensemble de jardin blanc incarne \u00e0 la fois un design raffin\u00e9 et une qualit\u00e9 exceptionnelle. Sa conception vise \u00e0 pr\u00e9server sa <strong>beaut\u00e9 et sa robustesse au fil des ann\u00e9es<\/strong>, n\u00e9cessitant un entretien minimal.<\/p>\n<p>&nbsp;<\/p>\n<h3>Points forts:<\/h3>\n<ul>\n<li><span style=\"color: #333333;\">Structure en <strong>aluminium massif<\/strong> : L\u00e9g\u00e8re, r\u00e9sistante aux intemp\u00e9ries, durable.<\/span><\/li>\n<li><span style=\"color: #333333;\">Toile en <strong>Textil\u00e8ne<\/strong>: grande stabilit\u00e9 \u00e0 la lumi\u00e8re, r\u00e9sistant \u00e0 l&rsquo;humidit\u00e9.<\/span><\/li>\n<li><span style=\"color: #333333;\">Tablette escamotable en teck int\u00e9gr\u00e9e aux c\u00f4t\u00e9s: original et tr\u00e8s pratique!<\/span><\/li>\n<li><span style=\"color: #333333;\">Table basse ing\u00e9nieuse en <strong>Teck<\/strong>: un bac \u00e0 glace y est int\u00e9gr\u00e9.<\/span><\/li>\n<\/ul>\n<p>&nbsp;<\/p>\n<h3>Composition de l&rsquo;ensemble salon de jardin aluminium:<\/h3>\n<ul>\n<li><span style=\"color: #333333;\"><strong>Un canap\u00e9 deux places:<\/strong><br \/>\nL: 151 cm \/ l: 81.5 cm \/ H: 61 cm<br \/>\n<\/span><\/li>\n<li><span style=\"color: #333333;\"><strong>Deux fauteuils avec accoudoirs:<\/strong><br \/>\nL: 84 cm \/ l: 81.5 cm \/ H: 61 cm<br \/>\n<\/span><\/li>\n<li><span style=\"color: #333333;\"><strong>Une table basse avec bac \u00e0 glace int\u00e9gr\u00e9:<\/strong><br \/>\nL: 110 cm \/ l: 75 cm \/ H: 41 cm<br \/>\n<\/span><\/li>\n<li><span style=\"color: #333333;\"><strong>Une table d&rsquo;appoint:<\/strong><br \/>\nL: 60 cm \/ l: 50 cm \/ H: 41 cm<\/span><\/li>\n<\/ul>\n<p>&nbsp;<\/p>\n<p><img decoding=\"async\" class=\"alignnone wp-image-2684 size-full\" src=\"https:\/\/maisonbelloeil.fr\/wp-content\/uploads\/2023\/04\/illu-alon-de-jardin-4-places-b.jpg\" alt=\"icones salon d&#039;ext\u00e9rieur 4 places\" width=\"388\" height=\"100\" title=\"\" srcset=\"https:\/\/maisonbelloeil.fr\/wp-content\/uploads\/2023\/04\/illu-alon-de-jardin-4-places-b.jpg 388w, https:\/\/maisonbelloeil.fr\/wp-content\/uploads\/2023\/04\/illu-alon-de-jardin-4-places-b-300x77.jpg 300w\" sizes=\"(max-width: 388px) 100vw, 388px\" \/><\/p>\n<p>&nbsp;<\/p>\n<p>Pour toute\u00a0<strong>demande de renseignement<\/strong>\u00a0ou pour\u00a0<strong>finaliser votre achat<\/strong>, nous vous invitons \u00e0<a href=\"https:\/\/maisonbelloeil.fr\/en\/contactez-nous\/\"><em><strong>\u00a0nous contacter<\/strong><\/em><\/a>.\u00a0 \u00a0 \u00a0 \u00a0 \u00a0 \u00a0 \u00a0 \u00a0 \u00a0 \u00a0 \u00a0 \u00a0 \u00a0 \u00a0 \u00a0 \u00a0 \u00a0 \u00a0 \u00a0 \u00a0 \u00a0 \u00a0 \u00a0 \u00a0 \u00a0 \u00a0 \u00a0 \u00a0 \u00a0 \u00a0 \u00a0 \u00a0 \u00a0 \u00a0 \u00a0 \u00a0 \u00a0 \u00a0 \u00a0 \u00a0 \u00a0 \u00a0 \u00a0 \u00a0 \u00a0 \u00a0 \u00a0 \u00a0 \u00a0 \u00a0 \u00a0 \u00a0 \u00a0 \u00a0 \u00a0 \u00a0 \u00a0 \u00a0 \u00a0 \u00a0 \u00a0 \u00a0 \u00a0 \u00a0 \u00a0 \u00a0 \u00a0 \u00a0 \u00a0 \u00a0 Notre \u00e9quipe se tient \u00e0 votre \u00e9coute pour vous offrir un <strong>service sur-mesure<\/strong><\/p>\n<p>&nbsp;<\/p>\n<h3>Produits compl\u00e9mentaires:<\/h3>\n<p>Notre gamme <span style=\"color: #346f7f;\"><a style=\"color: #346f7f;\" href=\"https:\/\/maisonbelloeil.fr\/en\/product-tag\/york\/\"><strong>YORK<\/strong><\/a><\/span> offre une large s\u00e9lection de meubles pour r\u00e9pondre \u00e0 tous les besoins. Que vous recherchiez un <a href=\"https:\/\/maisonbelloeil.fr\/en\/product\/bains-de-soleil-aluminium-blanc-york\/\"><span style=\"color: #346f7f;\"><strong>transat<\/strong><\/span><\/a>\u00a0ou un <span style=\"color: #333333;\"><span style=\"color: #346f7f;\"><a style=\"color: #346f7f;\" href=\"https:\/\/maisonbelloeil.fr\/en\/product\/salon-de-jardin-dangle-aluminium-york\/\"><strong>salon de jardin d&rsquo;angle<\/strong><\/a><\/span><\/span>, vous trouverez certainement le produit id\u00e9al pour compl\u00e9ter votre espace ext\u00e9rieur.<\/p>\n<p>&nbsp;<\/p>\n<h3><span style=\"color: #333333;\">Mat\u00e9riaux et instructions d&rsquo;entretien:<\/span><\/h3>\n<p><span style=\"color: #333333;\">La toile en <strong>Textil\u00e8ne<\/strong> est un tissu \u00e0 haute technologie: utilis\u00e9 en construction navale, le Textil\u00e8ne est un mat\u00e9riau connu pour son confort et sa r\u00e9sistance aux t\u00e2ches ainsi qu\u2019aux intemp\u00e9ries.<\/span><\/p>\n<p><span style=\"color: #333333;\">L\u2019<strong>aluminium<\/strong>\u00a0est tr\u00e8s r\u00e9pandu dans le domaine de la construction en raison de ses nombreuses qualit\u00e9s. Solide, l\u00e9ger, durable, pratique et esth\u00e9tique, il r\u00e9siste \u00e0 la pluie, \u00e0 l\u2019humidit\u00e9 et ne rouille pas. Il ne craint pas le soleil non plus et ne perd pas son \u00e9clat.<\/span><\/p>\n<p><span style=\"color: #333333;\">Le\u00a0<strong>bois de teck<\/strong> r\u00e9siste aux \u00e9l\u00e9ments ext\u00e9rieurs, sa haute teneur en huile, sa grande r\u00e9sistance \u00e0 la traction, son grain serr\u00e9 le rendent particuli\u00e8rement appropri\u00e9 pour une utilisation en ext\u00e9rieur. <\/span><span style=\"color: #333333;\">L\u2019application bisannuelle d\u2019une couche d\u2019huile pour teck est recommand\u00e9e.<\/span><\/p>\n<p><span style=\"color: #333333;\">(<span style=\"color: #346f7f;\">\u00a9<\/span><a style=\"color: #333333;\" href=\"https:\/\/www.higoldeurope.eu\/\" rel=\"nofollow noopener\" target=\"_blank\"><span style=\"color: #346f7f;\">HIGOLD<\/span>)<\/a><\/span><\/p>\n<p>&nbsp;<\/p>\n<p>&nbsp;<\/p>","protected":false},"excerpt":{"rendered":"<p><span style=\"color: #333333;\"><strong>Ensemble salon de jardin aluminium blanc:<\/strong><\/span><\/p>\n<ul>\n<li><span style=\"color: #333333;\">Un canap\u00e9 2 places<\/span><\/li>\n<li><span style=\"color: #333333;\">Une table basse<\/span><\/li>\n<li><span style=\"color: #333333;\">Deux fauteuils<\/span><\/li>\n<li><span style=\"color: #333333;\">Une table d&rsquo;appoint<\/span><\/li>\n<\/ul>\n<hr \/>\n<p><span style=\"color: #333333;\"><span style=\"color: #346f7f;\">Bois de Teck de grade A<\/span> | <span style=\"color: #346f7f;\">Aluminium massif <span style=\"color: #333333;\">|<\/span> Textil\u00e8ne<\/span><\/span><\/p>\n<p><img decoding=\"async\" class=\"alignleft wp-image-14040\" src=\"https:\/\/maisonbelloeil.fr\/wp-content\/uploads\/2023\/06\/logo-quick-dry-150x50-1.jpg\" alt=\"Quickdry\" width=\"120\" height=\"40\" \/><\/p>\n<hr \/>\n<p><em><span style=\"color: #ff6600;\"><strong><span style=\"color: #bf4d00;\"><span style=\"color: #800080;\"><img decoding=\"async\" class=\"alignleft wp-image-15282\" src=\"https:\/\/maisonbelloeil.fr\/wp-content\/uploads\/2023\/09\/Logo-livraison-offerte.png\" alt=\"\" width=\"75\" height=\"30\" \/> Frais de port offerts<\/span><\/span><\/strong><\/span><\/em><\/p>\n<hr \/>\n<p><span style=\"color: #333333;\">Pour toute\u00a0<strong>demande de renseignement<\/strong>\u00a0ou pour\u00a0<strong>finaliser votre achat<\/strong>, nous vous invitons \u00e0<a href=\"https:\/\/maisonbelloeil.fr\/en\/contactez-nous\/\"><em><strong>\u00a0nous contacter<\/strong><\/em><\/a>.\u00a0 \u00a0 \u00a0 \u00a0 \u00a0 \u00a0 \u00a0 \u00a0 \u00a0 \u00a0 \u00a0 \u00a0 \u00a0 \u00a0 \u00a0 \u00a0 \u00a0 \u00a0 \u00a0 \u00a0 \u00a0 \u00a0 \u00a0 \u00a0 \u00a0 \u00a0 \u00a0 \u00a0 \u00a0 \u00a0 \u00a0 \u00a0 \u00a0 \u00a0 \u00a0 \u00a0 \u00a0 \u00a0 \u00a0 \u00a0 Notre \u00e9quipe se tient \u00e0 votre \u00e9coute pour vous offrir un\u00a0<strong>service sur-mesure\u00a0 \u00a0 \u00a0 \u00a0 \u00a0 \u00a0 \u00a0 \u00a0 \u00a0 \u00a0 \u00a0 \u00a0 \u00a0 \u00a0 \u00a0 \u00a0 \u00a0 \u00a0 \u00a0 \u00a0 \u00a0 \u00a0 \u00a0 \u00a0 \u00a0 \u00a0 \u00a0 \u00a0 \u00a0 \u00a0 <\/strong>MOBILIER DE JARDIN HAUT DE GAMME<\/span><\/p>","protected":false},"featured_media":5118,"comment_status":"open","ping_status":"closed","template":"","meta":{"ocean_post_layout":"","ocean_both_sidebars_style":"","ocean_both_sidebars_content_width":0,"ocean_both_sidebars_sidebars_width":0,"ocean_sidebar":"0","ocean_second_sidebar":"0","ocean_disable_margins":"enable","ocean_add_body_class":"","ocean_shortcode_before_top_bar":"","ocean_shortcode_after_top_bar":"","ocean_shortcode_before_header":"","ocean_shortcode_after_header":"","ocean_has_shortcode":"","ocean_shortcode_after_title":"","ocean_shortcode_before_footer_widgets":"","ocean_shortcode_after_footer_widgets":"","ocean_shortcode_before_footer_bottom":"","ocean_shortcode_after_footer_bottom":"","ocean_display_top_bar":"default","ocean_display_header":"default","ocean_header_style":"","ocean_center_header_left_menu":"0","ocean_custom_header_template":"0","ocean_custom_logo":0,"ocean_custom_retina_logo":0,"ocean_custom_logo_max_width":0,"ocean_custom_logo_tablet_max_width":0,"ocean_custom_logo_mobile_max_width":0,"ocean_custom_logo_max_height":0,"ocean_custom_logo_tablet_max_height":0,"ocean_custom_logo_mobile_max_height":0,"ocean_header_custom_menu":"0","ocean_menu_typo_font_family":"0","ocean_menu_typo_font_subset":"","ocean_menu_typo_font_size":0,"ocean_menu_typo_font_size_tablet":0,"ocean_menu_typo_font_size_mobile":0,"ocean_menu_typo_font_size_unit":"px","ocean_menu_typo_font_weight":"","ocean_menu_typo_font_weight_tablet":"","ocean_menu_typo_font_weight_mobile":"","ocean_menu_typo_transform":"","ocean_menu_typo_transform_tablet":"","ocean_menu_typo_transform_mobile":"","ocean_menu_typo_line_height":0,"ocean_menu_typo_line_height_tablet":0,"ocean_menu_typo_line_height_mobile":0,"ocean_menu_typo_line_height_unit":"","ocean_menu_typo_spacing":0,"ocean_menu_typo_spacing_tablet":0,"ocean_menu_typo_spacing_mobile":0,"ocean_menu_typo_spacing_unit":"","ocean_menu_link_color":"","ocean_menu_link_color_hover":"","ocean_menu_link_color_active":"","ocean_menu_link_background":"","ocean_menu_link_hover_background":"","ocean_menu_link_active_background":"","ocean_menu_social_links_bg":"","ocean_menu_social_hover_links_bg":"","ocean_menu_social_links_color":"","ocean_menu_social_hover_links_color":"","ocean_disable_title":"default","ocean_disable_heading":"default","ocean_post_title":"","ocean_post_subheading":"","ocean_post_title_style":"centered-minimal","ocean_post_title_background_color":"","ocean_post_title_background":0,"ocean_post_title_bg_image_position":"","ocean_post_title_bg_image_attachment":"","ocean_post_title_bg_image_repeat":"","ocean_post_title_bg_image_size":"","ocean_post_title_height":0,"ocean_post_title_bg_overlay":0.5,"ocean_post_title_bg_overlay_color":"","ocean_disable_breadcrumbs":"default","ocean_breadcrumbs_color":"","ocean_breadcrumbs_separator_color":"","ocean_breadcrumbs_links_color":"","ocean_breadcrumbs_links_hover_color":"","ocean_display_footer_widgets":"default","ocean_display_footer_bottom":"default","ocean_custom_footer_template":"0"},"product_brand":[135],"product_cat":[53],"product_tag":[141,61],"class_list":{"0":"post-5117","1":"product","2":"type-product","3":"status-publish","4":"has-post-thumbnail","6":"product_brand-higold","7":"product_cat-salon-de-jardin","8":"product_tag-higold","9":"product_tag-york","11":"entry","12":"has-media","14":"first","15":"instock","16":"taxable","17":"shipping-taxable","18":"product-type-grouped","19":"col","20":"span_1_of_3","21":"owp-content-center","22":"item-entry","23":"owp-thumbs-layout-horizontal","24":"owp-btn-very-big","25":"owp-tabs-layout-horizontal"},"_links":{"self":[{"href":"https:\/\/maisonbelloeil.fr\/en\/wp-json\/wp\/v2\/product\/5117","targetHints":{"allow":["GET"]}}],"collection":[{"href":"https:\/\/maisonbelloeil.fr\/en\/wp-json\/wp\/v2\/product"}],"about":[{"href":"https:\/\/maisonbelloeil.fr\/en\/wp-json\/wp\/v2\/types\/product"}],"replies":[{"embeddable":true,"href":"https:\/\/maisonbelloeil.fr\/en\/wp-json\/wp\/v2\/comments?post=5117"}],"wp:featuredmedia":[{"embeddable":true,"href":"https:\/\/maisonbelloeil.fr\/en\/wp-json\/wp\/v2\/media\/5118"}],"wp:attachment":[{"href":"https:\/\/maisonbelloeil.fr\/en\/wp-json\/wp\/v2\/media?parent=5117"}],"wp:term":[{"taxonomy":"product_brand","embeddable":true,"href":"https:\/\/maisonbelloeil.fr\/en\/wp-json\/wp\/v2\/product_brand?post=5117"},{"taxonomy":"product_cat","embeddable":true,"href":"https:\/\/maisonbelloeil.fr\/en\/wp-json\/wp\/v2\/product_cat?post=5117"},{"taxonomy":"product_tag","embeddable":true,"href":"https:\/\/maisonbelloeil.fr\/en\/wp-json\/wp\/v2\/product_tag?post=5117"}],"curies":[{"name":"wp","href":"https:\/\/api.w.org\/{rel}","templated":true}]}}