{"id":5103,"date":"2023-09-20T18:44:13","date_gmt":"2023-09-20T16:44:13","guid":{"rendered":"https:\/\/maisonbelloeil.fr\/?post_type=product&#038;p=5103"},"modified":"2025-06-17T15:00:42","modified_gmt":"2025-06-17T13:00:42","slug":"table-et-chaises-de-jardin-8-p-nofi","status":"publish","type":"product","link":"https:\/\/maisonbelloeil.fr\/en\/product\/table-et-chaises-de-jardin-8-p-nofi\/","title":{"rendered":"Ensemble table et chaises de jardin 8 personnes Haut de gamme NOFI"},"content":{"rendered":"<h2 style=\"text-align: center;\">Ensemble Table et chaises de jardin 8 personnes haut de gamme<\/h2>\n<p><span style=\"color: #333333;\">Transformez votre <strong>espace ext\u00e9rieur<\/strong> en un v\u00e9ritable havre de <strong>confort<\/strong> et d&rsquo;<strong>\u00e9l\u00e9gance<\/strong> avec notre <strong>ensemble table et chaises de jardin<\/strong> <strong>8 personnes<\/strong> <strong>haut de gamme<\/strong> con\u00e7u pour cr\u00e9er une exp\u00e9rience inoubliable en <strong>plein-air<\/strong>. Cet <strong>ensemble de jardin blanc <\/strong>ou<strong> noir<\/strong> associe des caract\u00e9ristiques exceptionnelles \u00e0 une <strong>qualit\u00e9<\/strong> sup\u00e9rieure.<\/span><\/p>\n<p><span style=\"color: #333333;\">La qualit\u00e9 et la durabilit\u00e9 sont les piliers de cette collection. La structure en <strong>aluminium massif<\/strong>, rev\u00eatue de poudre <strong>Akzonobel<\/strong>, offre une r\u00e9sistance exceptionnelle aux intemp\u00e9ries, garantissant une robustesse \u00e0 toute \u00e9preuve. De plus, le <strong>tissu blanc <\/strong>ou<strong> noir<\/strong> en<strong> textil\u00e8ne <\/strong>est hautement<strong> r\u00e9sistant<\/strong> aux rayons UV, pr\u00e9servant ainsi la beaut\u00e9 des meubles au fil du temps.<\/span><\/p>\n<p><span style=\"color: #333333;\">La <strong>table d&rsquo;ext\u00e9rieur<\/strong> est dot\u00e9e d&rsquo;un <strong>plateau en teck massif<\/strong>, cr\u00e9ant une harmonie parfaite entre l&rsquo;aluminium et le bois exotique, apportant une touche de <strong>modernit\u00e9<\/strong> naturelle \u00e0 l&rsquo;ensemble. Les d\u00e9tails en teck sur les<strong> accoudoirs<\/strong> et l&rsquo;<strong>assise<\/strong> des <strong>chaises<\/strong> ajoutent une dimension graphique \u00e0 l&rsquo;ensemble.<\/span><\/p>\n<p><span style=\"color: #333333;\">L&rsquo;ensemble table et chaises de jardin est compl\u00e9t\u00e9 par des accessoires en acier inoxydable, renfor\u00e7ant la qualit\u00e9 globale de l&rsquo;ensemble. En r\u00e9sum\u00e9, la gamme<\/span> <a href=\"https:\/\/maisonbelloeil.fr\/en\/product-tag\/nofi\/\"><strong><span style=\"color: #346f7f;\">NOFI<\/span><\/strong><\/a>\u00a0<span style=\"color: #333333;\">a \u00e9t\u00e9 con\u00e7ue pour offrir un maximum de plaisir avec un minimum d&rsquo;entretien, faisant de votre espace ext\u00e9rieur un <strong>lieu de d\u00e9tente<\/strong> et de <strong>raffinement<\/strong>.<\/span><\/p>\n<p>&nbsp;<\/p>\n<h2 style=\"text-align: center;\">Points forts de la <span style=\"color: #333333;\">table de jardin haut de gamme avec chaises<\/span><\/h2>\n<ul>\n<li><span style=\"color: #333333;\">Capacit\u00e9: <strong>8 personnes<\/strong><\/span><\/li>\n<li><span style=\"color: #333333;\"><strong>Confort optimal et r\u00e9sistance<\/strong><\/span><\/li>\n<li><span style=\"color: #333333;\"><strong>Finitions de haute qualit\u00e9<\/strong><\/span><\/li>\n<li><span style=\"color: #333333;\">Aluminium blanc ou noir <strong>100% inoxydable<\/strong><\/span><\/li>\n<li><span style=\"color: #333333;\"><strong>Rev\u00eatement en poudre<\/strong> <strong>Akzonobel<\/strong><\/span><\/li>\n<li><span style=\"color: #333333;\">Tissu en <strong>Textil\u00e8ne<\/strong><\/span><\/li>\n<li><strong>Coussins de chaises<\/strong> en mousse <strong>Quickdry<\/strong>.<\/li>\n<li><span style=\"color: #333333;\">Disponible en <strong>2 coloris<\/strong><\/span><\/li>\n<\/ul>\n<p>&nbsp;<\/p>\n<h2 style=\"text-align: center;\"><span style=\"color: #333333;\">Composition de l&rsquo;ensemble repas de jardin haut de gamme<\/span><\/h2>\n<ul>\n<li><span style=\"color: #333333;\"><span style=\"color: #333333;\"><strong>1 grande table rectangulaire en aluminium et teck :<\/strong><br \/>\nL: 220 cm \/ l: 90 cm \/ H: 75 cm<\/span><\/span><\/li>\n<li><span style=\"color: #333333;\"><strong>8 chaises blanches ou noires avec accoudoirs :<\/strong><br \/>\nP: 70 cm \/ l: 56 cm \/ H: 80 cm<\/span><span style=\"color: #333333;\"><br \/>\n<\/span><\/li>\n<\/ul>\n<p>&nbsp;<\/p>\n<p><img decoding=\"async\" class=\"size-full wp-image-2624 aligncenter\" src=\"https:\/\/maisonbelloeil.fr\/wp-content\/uploads\/2023\/05\/ICONO-Table.jpg\" alt=\"icono\" width=\"200\" height=\"100\" title=\"\"><img decoding=\"async\" class=\"size-medium wp-image-2628 aligncenter\" src=\"https:\/\/maisonbelloeil.fr\/wp-content\/uploads\/2023\/05\/Chaise-et-tables-3-300x60.jpg\" alt=\"icono\" width=\"300\" height=\"60\" title=\"\" srcset=\"https:\/\/maisonbelloeil.fr\/wp-content\/uploads\/2023\/05\/Chaise-et-tables-3-300x60.jpg 300w, https:\/\/maisonbelloeil.fr\/wp-content\/uploads\/2023\/05\/Chaise-et-tables-3.jpg 500w\" sizes=\"(max-width: 300px) 100vw, 300px\" \/><\/p>\n<p>&nbsp;<\/p>\n<p>Pour toute\u00a0<strong>demande de renseignement<\/strong>\u00a0ou pour\u00a0<strong>finaliser votre achat<\/strong>, nous vous invitons \u00e0<a href=\"https:\/\/maisonbelloeil.fr\/en\/contactez-nous\/\"><em><strong>\u00a0nous contacter<\/strong><\/em><\/a>.\u00a0 \u00a0 \u00a0 \u00a0 \u00a0 \u00a0 \u00a0 \u00a0 \u00a0 \u00a0 \u00a0 \u00a0 \u00a0 \u00a0 \u00a0 \u00a0 \u00a0 \u00a0 \u00a0 \u00a0 \u00a0 \u00a0 \u00a0 \u00a0 \u00a0 \u00a0 \u00a0 \u00a0 \u00a0 \u00a0 \u00a0 \u00a0 \u00a0 \u00a0 \u00a0 \u00a0 \u00a0 \u00a0 \u00a0 \u00a0 \u00a0 \u00a0 \u00a0 \u00a0 \u00a0 \u00a0 \u00a0 \u00a0 \u00a0 \u00a0 \u00a0 \u00a0 \u00a0 \u00a0 \u00a0 \u00a0 \u00a0 \u00a0 \u00a0 \u00a0 \u00a0 \u00a0 \u00a0 \u00a0 \u00a0 \u00a0 \u00a0 \u00a0 \u00a0 \u00a0 Notre \u00e9quipe se tient \u00e0 votre \u00e9coute pour vous offrir un <strong>service sur-mesure<\/strong><\/p>\n<p>&nbsp;<\/p>\n<h2 style=\"text-align: center;\">Produits compl\u00e9mentaires \u00e0 cet ensemble table de jardin et chaises<\/h2>\n<p>Pourquoi ne pas compl\u00e9ter votre ensemble de table et chaises de jardin 8 personnes avec le <a href=\"https:\/\/maisonbelloeil.fr\/en\/product\/salon-de-jardin-blanc-et-bois-4-pl-nofi\/\"><span style=\"color: #346f7f;\">salon de jardin blanc et bois 4 places<\/span><\/a>\u00a0de la m\u00eame collection?<\/p>\n<p>D\u00e9couvrez la varit\u00e9 de nos <a href=\"https:\/\/maisonbelloeil.fr\/en\/product-category\/ensemble-table-et-chaises\/\"><strong><span style=\"color: #008080;\">ensembles de table et chaise de jardin haut de gamme<\/span><\/strong><\/a>.<\/p>\n<p>&nbsp;<\/p>\n<h2 style=\"text-align: center;\">Pourquoi choisir l&rsquo;ensemble table et chaises de jardin 8 personnes NOFI<\/h2>\n<p>Transformez votre espace ext\u00e9rieur avec l&rsquo;ensemble table et chaises de jardin 8 personnes NOFI. Alliant qualit\u00e9 exceptionnelle et durabilit\u00e9, cet ensemble blanc ou noir en aluminium r\u00e9siste aux intemp\u00e9ries. Le fil conducteur de cet ensemble r\u00e9side dans l&rsquo;utilisation du teck, qui, du plateau de la table aux d\u00e9tails des chaises, cr\u00e9e une unit\u00e9 esth\u00e9tique et souligne le <strong>design moderne<\/strong> de l&rsquo;ensemble.<\/p>\n<p>Profitez d&rsquo;un ext\u00e9rieur \u00e9l\u00e9gant et facile \u00e0 entretenir avec NOFI.<\/p>\n<ul>\n<li>Un ensemble table et chaises 8 personnes, id\u00e9al pour les familles nombreuses ou les personnes qui aiment recevoir des invit\u00e9s.<\/li>\n<li>L&rsquo;aluminium est un mat\u00e9riau tr\u00e8s l\u00e9ger, ce qui rend les meubles en aluminium faciles \u00e0 d\u00e9placer et \u00e0 ranger.<\/li>\n<\/ul>\n<p>&nbsp;<\/p>\n<hr \/>\n<h2 style=\"text-align: center;\"><span style=\"color: #333333;\">Mat\u00e9riaux et instructions d&rsquo;entretien du mobilier outdoor\u00a0<\/span><\/h2>\n<p><span style=\"color: #333333;\">L\u2019<strong>aluminium<\/strong>\u00a0est tr\u00e8s r\u00e9pandu dans le domaine de la construction en raison de ses nombreuses qualit\u00e9s. Solide, l\u00e9ger, durable, pratique et esth\u00e9tique, il r\u00e9siste \u00e0 la pluie, \u00e0 l\u2019humidit\u00e9 et ne rouille pas. Il ne craint pas le soleil non plus et ne perd pas son \u00e9clat.<\/span><\/p>\n<p><span style=\"color: #333333;\">La toile en\u00a0<strong>Textil\u00e8ne<\/strong>\u00a0est un tissu \u00e0 haute technologie: utilis\u00e9 en construction navale, le Textil\u00e8ne est un mat\u00e9riau connu pour son confort et sa r\u00e9sistance aux t\u00e2ches ainsi qu\u2019aux intemp\u00e9ries.<\/span><\/p>\n<p><span style=\"color: #333333;\">Le\u00a0<strong>bois de teck<\/strong>, <strong>imputrescible<\/strong>, r\u00e9siste aux \u00e9l\u00e9ments ext\u00e9rieurs, sa haute teneur en huile, sa grande r\u00e9sistance \u00e0 la traction, son grain serr\u00e9 le rendent particuli\u00e8rement appropri\u00e9 pour une utilisation en ext\u00e9rieur. L\u2019application bisannuelle d\u2019une couche d\u2019huile pour teck est recommand\u00e9e pour le maintenir beau.<\/span><\/p>\n<p>&nbsp;<\/p>\n<hr \/>\n<p style=\"text-align: center;\"><img decoding=\"async\" class=\"aligncenter wp-image-14012 size-medium\" src=\"https:\/\/maisonbelloeil.fr\/wp-content\/uploads\/2023\/06\/logo-revendeurofficiel-higold-300x54.png\" alt=\"Logo revendeur officiel Higold.\" width=\"300\" height=\"54\" title=\"\" srcset=\"https:\/\/maisonbelloeil.fr\/wp-content\/uploads\/2023\/06\/logo-revendeurofficiel-higold-300x54.png 300w, https:\/\/maisonbelloeil.fr\/wp-content\/uploads\/2023\/06\/logo-revendeurofficiel-higold-700x126.png 700w, https:\/\/maisonbelloeil.fr\/wp-content\/uploads\/2023\/06\/logo-revendeurofficiel-higold-1024x184.png 1024w, https:\/\/maisonbelloeil.fr\/wp-content\/uploads\/2023\/06\/logo-revendeurofficiel-higold-768x138.png 768w, https:\/\/maisonbelloeil.fr\/wp-content\/uploads\/2023\/06\/logo-revendeurofficiel-higold-1536x276.png 1536w, https:\/\/maisonbelloeil.fr\/wp-content\/uploads\/2023\/06\/logo-revendeurofficiel-higold.png 1847w\" sizes=\"(max-width: 300px) 100vw, 300px\" \/><br \/>\n<img loading=\"lazy\" decoding=\"async\" class=\"aligncenter wp-image-14042 size-full\" src=\"https:\/\/maisonbelloeil.fr\/wp-content\/uploads\/2023\/06\/sl_higold-excellent-life_rgb-300x45-1.png\" alt=\"excellent life\" width=\"300\" height=\"45\" title=\"\"><\/p>\n<p style=\"text-align: center;\"><img loading=\"lazy\" decoding=\"async\" class=\"aligncenter wp-image-14043\" src=\"https:\/\/maisonbelloeil.fr\/wp-content\/uploads\/2023\/06\/ukas-300x225.jpg\" alt=\"Logo UKAS\" width=\"133\" height=\"100\" title=\"\" srcset=\"https:\/\/maisonbelloeil.fr\/wp-content\/uploads\/2023\/06\/ukas-300x225.jpg 300w, https:\/\/maisonbelloeil.fr\/wp-content\/uploads\/2023\/06\/ukas-700x525.jpg 700w, https:\/\/maisonbelloeil.fr\/wp-content\/uploads\/2023\/06\/ukas-768x576.jpg 768w, https:\/\/maisonbelloeil.fr\/wp-content\/uploads\/2023\/06\/ukas.jpg 866w\" sizes=\"(max-width: 133px) 100vw, 133px\" \/><img loading=\"lazy\" decoding=\"async\" class=\"aligncenter wp-image-14045\" src=\"https:\/\/maisonbelloeil.fr\/wp-content\/uploads\/2023\/06\/bsci.jpg\" alt=\"logo BSCI\" width=\"142\" height=\"100\" title=\"\"><\/p>\n<p style=\"text-align: center;\">","protected":false},"excerpt":{"rendered":"<p><span style=\"color: #333333;\"><strong>Ensemble repas 8 personnes<\/strong><\/span><\/p>\n<ul>\n<li><span style=\"color: #333333;\">Une grande table de jardin 8 personnes<br \/>\n220 x 90 cm<\/span><\/li>\n<li><span style=\"color: #333333;\">Huit chaises avec accoudoirs<\/span><\/li>\n<li><span style=\"color: #333333;\">Couleurs: <strong>Blanc<\/strong> ou <strong>noir<\/strong><\/span><\/li>\n<\/ul>\n<hr \/>\n<p><span style=\"color: #333333;\"><span style=\"color: #346f7f;\">Aluminium massif | Bois de Teck de grade A<\/span> |<span style=\"color: #346f7f;\"> Textil\u00e8ne\u00a0<\/span><\/span><\/p>\n<p><img loading=\"lazy\" decoding=\"async\" class=\"alignleft wp-image-14040\" src=\"https:\/\/maisonbelloeil.fr\/wp-content\/uploads\/2023\/06\/logo-quick-dry-150x50-1.jpg\" alt=\"Quickdry\" width=\"120\" height=\"40\" \/><\/p>\n<hr \/>\n<p><em><span style=\"color: #ff6600;\"><strong><span style=\"color: #bf4d00;\"><span style=\"color: #800080;\"><img loading=\"lazy\" decoding=\"async\" class=\"alignleft wp-image-15282\" src=\"https:\/\/maisonbelloeil.fr\/wp-content\/uploads\/2023\/09\/Logo-livraison-offerte.png\" alt=\"\" width=\"75\" height=\"30\" \/> Frais de port offerts<\/span><\/span><\/strong><\/span><\/em><\/p>\n<p>&nbsp;<\/p>\n<p><span style=\"color: #333333;\">Pour toute\u00a0<strong>demande de renseignement<\/strong>\u00a0ou pour\u00a0<strong>finaliser votre achat<\/strong>, nous vous invitons \u00e0<a href=\"https:\/\/maisonbelloeil.fr\/en\/contactez-nous\/\"><em><strong>\u00a0nous contacter<\/strong><\/em><\/a>.\u00a0 \u00a0 \u00a0 \u00a0 \u00a0 \u00a0 \u00a0 \u00a0 \u00a0 \u00a0 \u00a0 \u00a0 \u00a0 \u00a0 \u00a0 \u00a0 \u00a0 \u00a0 \u00a0 \u00a0 \u00a0 \u00a0 \u00a0 \u00a0 \u00a0 \u00a0 \u00a0 \u00a0 \u00a0 \u00a0 \u00a0 \u00a0 \u00a0 \u00a0 \u00a0 \u00a0 \u00a0 \u00a0 \u00a0 Notre \u00e9quipe se tient \u00e0 votre \u00e9coute pour vous offrir un <strong>service sur-mesure\u00a0 \u00a0 \u00a0 \u00a0 \u00a0 \u00a0 \u00a0 \u00a0 \u00a0 \u00a0 \u00a0 \u00a0 \u00a0 \u00a0 \u00a0 \u00a0 \u00a0 \u00a0 \u00a0 \u00a0 \u00a0 \u00a0 \u00a0 \u00a0 \u00a0 \u00a0 \u00a0 \u00a0 \u00a0 \u00a0 <\/strong>MOBILIER DE JARDIN HAUT DE GAMME<\/span><\/p>","protected":false},"featured_media":5104,"comment_status":"open","ping_status":"closed","template":"","meta":{"ocean_post_layout":"","ocean_both_sidebars_style":"","ocean_both_sidebars_content_width":0,"ocean_both_sidebars_sidebars_width":0,"ocean_sidebar":"0","ocean_second_sidebar":"0","ocean_disable_margins":"enable","ocean_add_body_class":"","ocean_shortcode_before_top_bar":"","ocean_shortcode_after_top_bar":"","ocean_shortcode_before_header":"","ocean_shortcode_after_header":"","ocean_has_shortcode":"","ocean_shortcode_after_title":"","ocean_shortcode_before_footer_widgets":"","ocean_shortcode_after_footer_widgets":"","ocean_shortcode_before_footer_bottom":"","ocean_shortcode_after_footer_bottom":"","ocean_display_top_bar":"default","ocean_display_header":"default","ocean_header_style":"","ocean_center_header_left_menu":"0","ocean_custom_header_template":"0","ocean_custom_logo":0,"ocean_custom_retina_logo":0,"ocean_custom_logo_max_width":0,"ocean_custom_logo_tablet_max_width":0,"ocean_custom_logo_mobile_max_width":0,"ocean_custom_logo_max_height":0,"ocean_custom_logo_tablet_max_height":0,"ocean_custom_logo_mobile_max_height":0,"ocean_header_custom_menu":"0","ocean_menu_typo_font_family":"0","ocean_menu_typo_font_subset":"","ocean_menu_typo_font_size":0,"ocean_menu_typo_font_size_tablet":0,"ocean_menu_typo_font_size_mobile":0,"ocean_menu_typo_font_size_unit":"px","ocean_menu_typo_font_weight":"","ocean_menu_typo_font_weight_tablet":"","ocean_menu_typo_font_weight_mobile":"","ocean_menu_typo_transform":"","ocean_menu_typo_transform_tablet":"","ocean_menu_typo_transform_mobile":"","ocean_menu_typo_line_height":0,"ocean_menu_typo_line_height_tablet":0,"ocean_menu_typo_line_height_mobile":0,"ocean_menu_typo_line_height_unit":"","ocean_menu_typo_spacing":0,"ocean_menu_typo_spacing_tablet":0,"ocean_menu_typo_spacing_mobile":0,"ocean_menu_typo_spacing_unit":"","ocean_menu_link_color":"","ocean_menu_link_color_hover":"","ocean_menu_link_color_active":"","ocean_menu_link_background":"","ocean_menu_link_hover_background":"","ocean_menu_link_active_background":"","ocean_menu_social_links_bg":"","ocean_menu_social_hover_links_bg":"","ocean_menu_social_links_color":"","ocean_menu_social_hover_links_color":"","ocean_disable_title":"default","ocean_disable_heading":"default","ocean_post_title":"","ocean_post_subheading":"","ocean_post_title_style":"centered-minimal","ocean_post_title_background_color":"","ocean_post_title_background":0,"ocean_post_title_bg_image_position":"","ocean_post_title_bg_image_attachment":"","ocean_post_title_bg_image_repeat":"","ocean_post_title_bg_image_size":"","ocean_post_title_height":0,"ocean_post_title_bg_overlay":0.5,"ocean_post_title_bg_overlay_color":"","ocean_disable_breadcrumbs":"default","ocean_breadcrumbs_color":"","ocean_breadcrumbs_separator_color":"","ocean_breadcrumbs_links_color":"","ocean_breadcrumbs_links_hover_color":"","ocean_display_footer_widgets":"default","ocean_display_footer_bottom":"default","ocean_custom_footer_template":"0"},"product_brand":[135],"product_cat":[54,128],"product_tag":[141,71],"class_list":{"0":"post-5103","1":"product","2":"type-product","3":"status-publish","4":"has-post-thumbnail","6":"product_brand-higold","7":"product_cat-ensemble-table-et-chaises","8":"product_cat-8-personnes","9":"product_tag-higold","10":"product_tag-nofi","12":"entry","13":"has-media","15":"first","16":"instock","17":"taxable","18":"shipping-taxable","19":"purchasable","20":"product-type-variable","21":"has-rating","22":"col","23":"span_1_of_3","24":"owp-content-center","25":"item-entry","26":"owp-thumbs-layout-horizontal","27":"owp-btn-very-big","28":"owp-tabs-layout-horizontal"},"_links":{"self":[{"href":"https:\/\/maisonbelloeil.fr\/en\/wp-json\/wp\/v2\/product\/5103","targetHints":{"allow":["GET"]}}],"collection":[{"href":"https:\/\/maisonbelloeil.fr\/en\/wp-json\/wp\/v2\/product"}],"about":[{"href":"https:\/\/maisonbelloeil.fr\/en\/wp-json\/wp\/v2\/types\/product"}],"replies":[{"embeddable":true,"href":"https:\/\/maisonbelloeil.fr\/en\/wp-json\/wp\/v2\/comments?post=5103"}],"wp:featuredmedia":[{"embeddable":true,"href":"https:\/\/maisonbelloeil.fr\/en\/wp-json\/wp\/v2\/media\/5104"}],"wp:attachment":[{"href":"https:\/\/maisonbelloeil.fr\/en\/wp-json\/wp\/v2\/media?parent=5103"}],"wp:term":[{"taxonomy":"product_brand","embeddable":true,"href":"https:\/\/maisonbelloeil.fr\/en\/wp-json\/wp\/v2\/product_brand?post=5103"},{"taxonomy":"product_cat","embeddable":true,"href":"https:\/\/maisonbelloeil.fr\/en\/wp-json\/wp\/v2\/product_cat?post=5103"},{"taxonomy":"product_tag","embeddable":true,"href":"https:\/\/maisonbelloeil.fr\/en\/wp-json\/wp\/v2\/product_tag?post=5103"}],"curies":[{"name":"wp","href":"https:\/\/api.w.org\/{rel}","templated":true}]}}