{"id":5077,"date":"2023-09-19T18:21:44","date_gmt":"2023-09-19T16:21:44","guid":{"rendered":"https:\/\/maisonbelloeil.fr\/?post_type=product&#038;p=5077"},"modified":"2025-06-17T15:01:29","modified_gmt":"2025-06-17T13:01:29","slug":"ensemble-table-et-chaises-de-jardin-onda","status":"publish","type":"product","link":"https:\/\/maisonbelloeil.fr\/en\/product\/ensemble-table-et-chaises-de-jardin-onda\/","title":{"rendered":"Ensemble table et chaises de jardin Haut de gamme blanc ONDA"},"content":{"rendered":"<h2 style=\"text-align: center;\"><span style=\"color: #333333;\">Ensemble table et chaises de jardin haut de gamme 6 personnes<\/span><\/h2>\n<p>Explorez notre magnifique ensemble <strong>table de jardin haut de gamme<\/strong> et <strong>chaises<\/strong> pour 6 personnes de la collection <span style=\"color: #333333;\"><a style=\"color: #333333;\" href=\"https:\/\/maisonbelloeil.fr\/en\/product-tag\/onda\/\"><span style=\"color: #346f7f;\"><strong>ONDA<\/strong><\/span><\/a><\/span>, sign\u00e9e <strong>PININFARINA<\/strong>. Cet ensemble d&rsquo;exception conjugue harmonieusement design et confort in\u00e9gal\u00e9. Cet ensemble de table et chaises en aluminium cr\u00e9e ainsi un espace de d\u00e9tente id\u00e9al pour vos moments de convivialit\u00e9 en <strong>plein air<\/strong>.<\/p>\n<p>La structure de cet ensemble de jardin est r\u00e9alis\u00e9e en <strong>aluminium<\/strong> de qualit\u00e9 sup\u00e9rieure, garantissant r\u00e9sistance et durabilit\u00e9. L&rsquo;aluminium, mat\u00e9riau l\u00e9ger et r\u00e9sistant \u00e0 la corrosion, vous permet de profiter pleinement de votre espace ext\u00e9rieur de nombreux \u00e9t\u00e9s.<\/p>\n<p>Des accents de teck conf\u00e8rent \u00e0 l&rsquo;ensemble une touche de chaleur et de naturel. Ce bois pr\u00e9cieux, r\u00e9put\u00e9 pour sa r\u00e9sistance aux intemp\u00e9ries et son charme intemporel, apporte une \u00e9l\u00e9gance suppl\u00e9mentaire et se marie harmonieusement avec l&rsquo;aluminium.<\/p>\n<p>Les coussins des chaises sont rev\u00eatus d&rsquo;un <strong>tissu Sunbrella blanc ou gris<\/strong> sp\u00e9cialement con\u00e7u pour les meubles d&rsquo;ext\u00e9rieur, garantissant un confort optimal et une durabilit\u00e9 exceptionnelle. Par ailleurs, la mousse <strong>Quick Dry Foam<\/strong> employ\u00e9e dans les coussins garantit un s\u00e9chage rapide apr\u00e8s une exposition \u00e0 l&rsquo;humidit\u00e9, pr\u00e9venant ainsi toute accumulation d&rsquo;eau ind\u00e9sirable.<\/p>\n<p>Cet ensemble table et chaises de jardin 6 personnes de la collection ONDA est un investissement avis\u00e9 pour ceux en qu\u00eate d&rsquo;un mobilier d&rsquo;ext\u00e9rieur de qualit\u00e9 sup\u00e9rieure. Son <strong>design contemporain<\/strong> et ses <strong>mat\u00e9riaux haut de gamme en aluminium<\/strong> en font un choix parfait pour embellir votre terrasse, votre jardin ou votre v\u00e9randa, tout en offrant un <strong>confort exceptionnel<\/strong>.<\/p>\n<p>&nbsp;<\/p>\n<h2 style=\"text-align: center;\"><span style=\"color: #333333;\">Points forts de la table de jardin haut de gamme et ses chaises blanches<\/span><\/h2>\n<ul>\n<li><span style=\"color: #333333;\">A obtenu le prix <strong>Reddot design award<\/strong>.<\/span><\/li>\n<li><span style=\"color: #333333;\"><strong>Structure en aluminium<\/strong> issue du secteur automobile de luxe : L\u00e9g\u00e8re, r\u00e9sistante aux intemp\u00e9ries, durable (rev\u00eatement en poudre <strong>Akzonobel<\/strong>): <strong>Gris<\/strong> ou <strong>blanc<\/strong>.<\/span><\/li>\n<li><span style=\"color: #333333;\"><strong>Assises<\/strong> confortables en mousse <strong>Quick Dry Foam\u00ae<\/strong> de haute densit\u00e9 et con\u00e7ue pour assurer un s\u00e9chage rapide.<\/span><\/li>\n<li><span style=\"color: #333333;\">Tissu <strong>Sunbrella\u00ae<\/strong> r\u00e9sistant aux UV et \u00e0 la d\u00e9coloration.<\/span><\/li>\n<li><span style=\"color: #333333;\"><span style=\"color: #333333;\"><strong>Teck massif<\/strong> naturel de grade A et calfatage <strong>fa\u00e7on bateau<\/strong>.<\/span><\/span><\/li>\n<li><span style=\"color: #333333;\">Mod\u00e8le disponible en 2 versions: <strong>Aluminium Blanc et tissu gris<\/strong> ou <strong>Aluminium gris et tissu blanc<\/strong>.<\/span><\/li>\n<\/ul>\n<p>&nbsp;<\/p>\n<h2 style=\"text-align: center;\"><span style=\"color: #333333;\">Composition de l&rsquo;ensemble repas de jardin blanc et gris<\/span><\/h2>\n<ul>\n<li><span style=\"color: #333333;\"><strong>Une grande table :<\/strong><\/span><br \/>\n<span style=\"color: #333333;\">(L: 211,5 cm \/ l: 90 cm \/ H: 74 cm)<\/span><\/li>\n<li><span style=\"color: #333333;\"><strong>Six chaises blanches ou grises avec accoudoirs :<\/strong><\/span><br \/>\n<span style=\"color: #333333;\">(P: 56 cm \/ l: 58 cm \/ H: 76,5 cm)<\/span><\/li>\n<\/ul>\n<p>&nbsp;<\/p>\n<p><img fetchpriority=\"high\" decoding=\"async\" class=\"wp-image-2667 size-full aligncenter\" src=\"https:\/\/maisonbelloeil.fr\/wp-content\/uploads\/2023\/06\/Chaise-et-tables-7.jpg\" alt=\"Ensemble repas jardin compos\u00e9 d&#039;une table et 6 chaises\" width=\"500\" height=\"100\" title=\"\" srcset=\"https:\/\/maisonbelloeil.fr\/wp-content\/uploads\/2023\/06\/Chaise-et-tables-7.jpg 500w, https:\/\/maisonbelloeil.fr\/wp-content\/uploads\/2023\/06\/Chaise-et-tables-7-300x60.jpg 300w\" sizes=\"(max-width: 500px) 100vw, 500px\" \/><\/p>\n<p>&nbsp;<\/p>\n<p>Pour toute\u00a0<strong>demande de renseignement<\/strong>\u00a0ou pour\u00a0<strong>finaliser votre achat<\/strong>, nous vous invitons \u00e0<a href=\"https:\/\/maisonbelloeil.fr\/en\/contactez-nous\/\"><em><strong>\u00a0nous contacter<\/strong><\/em><\/a>.\u00a0 \u00a0 \u00a0 \u00a0 \u00a0 \u00a0 \u00a0 \u00a0 \u00a0 \u00a0 \u00a0 \u00a0 \u00a0 \u00a0 \u00a0 \u00a0 \u00a0 \u00a0 \u00a0 \u00a0 \u00a0 \u00a0 \u00a0 \u00a0 \u00a0 \u00a0 \u00a0 \u00a0 \u00a0 \u00a0 \u00a0 \u00a0 \u00a0 \u00a0 \u00a0 \u00a0 \u00a0 \u00a0 \u00a0 \u00a0 \u00a0 \u00a0 \u00a0 \u00a0 \u00a0 \u00a0 \u00a0 \u00a0 \u00a0 \u00a0 \u00a0 \u00a0 \u00a0 \u00a0 \u00a0 \u00a0 \u00a0 \u00a0 \u00a0 \u00a0 \u00a0 \u00a0 \u00a0 \u00a0 \u00a0 \u00a0 \u00a0 \u00a0 \u00a0 \u00a0 Notre \u00e9quipe se tient \u00e0 votre \u00e9coute pour vous offrir un <strong>service sur-mesure<\/strong><\/p>\n<p>&nbsp;<\/p>\n<h2 style=\"text-align: center;\"><span style=\"color: #333333;\">Produits compl\u00e9mentaires<\/span><\/h2>\n<p><span style=\"color: #333333;\">Pourquoi ne pas compl\u00e9ter votre table et chaises de jardin 6 personnes avec le <span style=\"color: #346f7f;\"><a style=\"color: #346f7f;\" href=\"https:\/\/maisonbelloeil.fr\/en\/product\/salon-de-jardin-aluminium-blanc-onda\/\"><strong>salon de jardin aluminium blanc<\/strong><\/a><\/span>\u00a0de la m\u00eame collection?<\/span><\/p>\n<p>&nbsp;<\/p>\n<h2 style=\"text-align: center;\"><span style=\"color: #333333;\">Les mat\u00e9riaux de notre mobilier de jardin haut de gamme<\/span><\/h2>\n<p><span style=\"color: #333333;\">L&rsquo;<strong>aluminium<\/strong> est tr\u00e8s r\u00e9pandu dans le domaine de la construction en raison de ses nombreuses qualit\u00e9s. Solide, l\u00e9ger, durable, pratique et esth\u00e9tique, il r\u00e9siste \u00e0 la pluie, \u00e0 l\u2019humidit\u00e9 et ne rouille pas. Il ne craint pas le soleil non plus et ne perd pas son \u00e9clat.<\/span><\/p>\n<p><span style=\"color: #333333;\">Les <strong>tissus Sunbrella\u00ae<\/strong> sont\u00a0r\u00e9sistants aux UV et \u00e0 la d\u00e9coloration gr\u00e2ce \u00e0 une teinture \u00e0 coeur avec des pigments de haute qualit\u00e9. Ils sont \u00e9galement r\u00e9sistants aux moisissures et nettoyable \u00e0 l\u2019eau de javel en cas de n\u00e9cessit\u00e9.<\/span><br \/>\n<span style=\"color: #333333;\">Visitez la page de Sunbrella pour s&rsquo;informer en d\u00e9tail des<strong><span style=\"color: #346f7f;\"> <a style=\"color: #346f7f;\" href=\"https:\/\/global.sunbrella.com\/fr-fr\/how-to-clean\/clean-sunbrella-upholstery\" rel=\"nofollow noopener\" target=\"_blank\">instructions de nettoyage<\/a><\/span><\/strong> du fabricant.<\/span><\/p>\n<p><span style=\"color: #333333;\">La mousse <strong>Quick Dry Foam\u00ae<\/strong> est une mousse de haute densit\u00e9 \u00e0 cellule ouverte, con\u00e7ue pour permettre \u00e0 l&rsquo;eau de s&rsquo;\u00e9couler rapidement et faciliter le s\u00e9chage.<\/span><\/p>\n<p style=\"text-align: center;\"><span style=\"color: #333333;\">Le <strong>bois de teck<\/strong> r\u00e9siste aux \u00e9l\u00e9ments ext\u00e9rieurs, sa haute teneur en huile, sa grande r\u00e9sistance \u00e0 la traction, son grain serr\u00e9 le rendent particuli\u00e8rement appropri\u00e9 pour une utilisation en ext\u00e9rieur. <\/span><span style=\"color: #333333;\">L&rsquo;application bisannuelle d&rsquo;une couche d&rsquo;huile pour teck est recommand\u00e9e pour le maintenir beau.<\/span><\/p>\n<p style=\"text-align: center;\"><img decoding=\"async\" class=\"aligncenter wp-image-14012 size-medium\" src=\"https:\/\/maisonbelloeil.fr\/wp-content\/uploads\/2023\/06\/logo-revendeurofficiel-higold-300x54.png\" alt=\"Logo revendeur officiel Higold.\" width=\"300\" height=\"54\" title=\"\" srcset=\"https:\/\/maisonbelloeil.fr\/wp-content\/uploads\/2023\/06\/logo-revendeurofficiel-higold-300x54.png 300w, https:\/\/maisonbelloeil.fr\/wp-content\/uploads\/2023\/06\/logo-revendeurofficiel-higold-700x126.png 700w, https:\/\/maisonbelloeil.fr\/wp-content\/uploads\/2023\/06\/logo-revendeurofficiel-higold-1024x184.png 1024w, https:\/\/maisonbelloeil.fr\/wp-content\/uploads\/2023\/06\/logo-revendeurofficiel-higold-768x138.png 768w, https:\/\/maisonbelloeil.fr\/wp-content\/uploads\/2023\/06\/logo-revendeurofficiel-higold-1536x276.png 1536w, https:\/\/maisonbelloeil.fr\/wp-content\/uploads\/2023\/06\/logo-revendeurofficiel-higold.png 1847w\" sizes=\"(max-width: 300px) 100vw, 300px\" \/><br \/>\n<img decoding=\"async\" class=\"aligncenter wp-image-14042 size-full\" src=\"https:\/\/maisonbelloeil.fr\/wp-content\/uploads\/2023\/06\/sl_higold-excellent-life_rgb-300x45-1.png\" alt=\"excellent life\" width=\"300\" height=\"45\" title=\"\"><\/p>\n<p style=\"text-align: center;\"><img loading=\"lazy\" decoding=\"async\" class=\"aligncenter wp-image-14043\" src=\"https:\/\/maisonbelloeil.fr\/wp-content\/uploads\/2023\/06\/ukas-300x225.jpg\" alt=\"\" width=\"107\" height=\"80\" title=\"\" srcset=\"https:\/\/maisonbelloeil.fr\/wp-content\/uploads\/2023\/06\/ukas-300x225.jpg 300w, https:\/\/maisonbelloeil.fr\/wp-content\/uploads\/2023\/06\/ukas-700x525.jpg 700w, https:\/\/maisonbelloeil.fr\/wp-content\/uploads\/2023\/06\/ukas-768x576.jpg 768w, https:\/\/maisonbelloeil.fr\/wp-content\/uploads\/2023\/06\/ukas.jpg 866w\" sizes=\"(max-width: 107px) 100vw, 107px\" \/><\/p>\n<p style=\"text-align: center;\"><img loading=\"lazy\" decoding=\"async\" class=\"aligncenter wp-image-14045\" src=\"https:\/\/maisonbelloeil.fr\/wp-content\/uploads\/2023\/06\/bsci.jpg\" alt=\"\" width=\"99\" height=\"70\" title=\"\"><\/p>\n<p style=\"text-align: center;\">","protected":false},"excerpt":{"rendered":"<p><span style=\"color: #333333;\"><strong>Ensemble table et chaises de jardin 6 personnes:<\/strong><\/span><\/p>\n<ul>\n<li><span style=\"color: #333333;\">Une grande table 211 cm X 90 cm<\/span><\/li>\n<li><span style=\"color: #333333;\">Six chaises<\/span><\/li>\n<\/ul>\n<hr \/>\n<p><span style=\"color: #346f7f;\">Aluminium gris ou blanc <\/span>| <span style=\"color: #346f7f;\">Bois de Teck<\/span> | <span style=\"color: #346f7f;\">Tissu Sunbrella<\/span><span style=\"color: #346f7f;\">\u00a0<\/span><\/p>\n<p><img loading=\"lazy\" decoding=\"async\" class=\"wp-image-14040 alignleft\" src=\"https:\/\/maisonbelloeil.fr\/wp-content\/uploads\/2023\/06\/logo-quick-dry-150x50-1.jpg\" alt=\"Quickdry\" width=\"120\" height=\"40\" \/><\/p>\n<hr \/>\n<p><em><span style=\"color: #ff6600;\"><strong><span style=\"color: #bf4d00;\"><span style=\"color: #800080;\"><img loading=\"lazy\" decoding=\"async\" class=\"alignleft wp-image-15282\" src=\"https:\/\/maisonbelloeil.fr\/wp-content\/uploads\/2023\/09\/Logo-livraison-offerte.png\" alt=\"\" width=\"75\" height=\"30\" \/> Frais de port offerts<\/span><\/span><\/strong><\/span><\/em><\/p>\n<hr \/>\n<p><img loading=\"lazy\" decoding=\"async\" class=\"alignnone wp-image-13989\" src=\"https:\/\/maisonbelloeil.fr\/wp-content\/uploads\/2023\/09\/logo-reddot-design-award.jpeg\" alt=\"Red dot design award\" width=\"122\" height=\"80\" \/><\/p>\n<p><span style=\"color: #333333;\">Pour toute\u00a0<strong>demande de renseignement<\/strong>\u00a0ou pour\u00a0<strong>finaliser votre achat<\/strong>, nous vous invitons \u00e0<a href=\"https:\/\/maisonbelloeil.fr\/en\/contactez-nous\/\"><em><strong>\u00a0nous contacter<\/strong><\/em><\/a>.\u00a0 \u00a0 \u00a0 \u00a0 \u00a0 \u00a0 \u00a0 \u00a0 \u00a0 \u00a0 \u00a0 \u00a0 \u00a0 \u00a0 \u00a0 \u00a0 \u00a0 \u00a0 \u00a0 \u00a0 \u00a0 \u00a0 \u00a0 \u00a0 \u00a0 \u00a0 \u00a0 \u00a0 \u00a0 \u00a0 \u00a0 \u00a0 \u00a0 \u00a0 \u00a0 \u00a0 \u00a0 \u00a0 \u00a0 \u00a0 Notre \u00e9quipe se tient \u00e0 votre \u00e9coute pour vous offrir un\u00a0<strong>service sur-mesure\u00a0 \u00a0 \u00a0 \u00a0 \u00a0 \u00a0 \u00a0 \u00a0 \u00a0 \u00a0 \u00a0 \u00a0 \u00a0 \u00a0 \u00a0 \u00a0 \u00a0 \u00a0 \u00a0 \u00a0 \u00a0 \u00a0 \u00a0 \u00a0 \u00a0 \u00a0 \u00a0 \u00a0 \u00a0 <\/strong>MOBILIER DE JARDIN HAUT DE GAMME<\/span><\/p>\n<p><img loading=\"lazy\" decoding=\"async\" class=\"alignnone wp-image-14010\" src=\"https:\/\/maisonbelloeil.fr\/wp-content\/uploads\/2023\/06\/by-pininfarina.png\" alt=\"Logo by Pininfarina\" width=\"200\" height=\"18\" \/><\/p>","protected":false},"featured_media":5078,"comment_status":"open","ping_status":"closed","template":"","meta":{"ocean_post_layout":"","ocean_both_sidebars_style":"","ocean_both_sidebars_content_width":0,"ocean_both_sidebars_sidebars_width":0,"ocean_sidebar":"0","ocean_second_sidebar":"0","ocean_disable_margins":"enable","ocean_add_body_class":"","ocean_shortcode_before_top_bar":"","ocean_shortcode_after_top_bar":"","ocean_shortcode_before_header":"","ocean_shortcode_after_header":"","ocean_has_shortcode":"","ocean_shortcode_after_title":"","ocean_shortcode_before_footer_widgets":"","ocean_shortcode_after_footer_widgets":"","ocean_shortcode_before_footer_bottom":"","ocean_shortcode_after_footer_bottom":"","ocean_display_top_bar":"default","ocean_display_header":"default","ocean_header_style":"","ocean_center_header_left_menu":"0","ocean_custom_header_template":"0","ocean_custom_logo":0,"ocean_custom_retina_logo":0,"ocean_custom_logo_max_width":0,"ocean_custom_logo_tablet_max_width":0,"ocean_custom_logo_mobile_max_width":0,"ocean_custom_logo_max_height":0,"ocean_custom_logo_tablet_max_height":0,"ocean_custom_logo_mobile_max_height":0,"ocean_header_custom_menu":"0","ocean_menu_typo_font_family":"0","ocean_menu_typo_font_subset":"","ocean_menu_typo_font_size":0,"ocean_menu_typo_font_size_tablet":0,"ocean_menu_typo_font_size_mobile":0,"ocean_menu_typo_font_size_unit":"px","ocean_menu_typo_font_weight":"","ocean_menu_typo_font_weight_tablet":"","ocean_menu_typo_font_weight_mobile":"","ocean_menu_typo_transform":"","ocean_menu_typo_transform_tablet":"","ocean_menu_typo_transform_mobile":"","ocean_menu_typo_line_height":0,"ocean_menu_typo_line_height_tablet":0,"ocean_menu_typo_line_height_mobile":0,"ocean_menu_typo_line_height_unit":"","ocean_menu_typo_spacing":0,"ocean_menu_typo_spacing_tablet":0,"ocean_menu_typo_spacing_mobile":0,"ocean_menu_typo_spacing_unit":"","ocean_menu_link_color":"","ocean_menu_link_color_hover":"","ocean_menu_link_color_active":"","ocean_menu_link_background":"","ocean_menu_link_hover_background":"","ocean_menu_link_active_background":"","ocean_menu_social_links_bg":"","ocean_menu_social_hover_links_bg":"","ocean_menu_social_links_color":"","ocean_menu_social_hover_links_color":"","ocean_disable_title":"default","ocean_disable_heading":"default","ocean_post_title":"","ocean_post_subheading":"","ocean_post_title_style":"centered-minimal","ocean_post_title_background_color":"","ocean_post_title_background":0,"ocean_post_title_bg_image_position":"","ocean_post_title_bg_image_attachment":"","ocean_post_title_bg_image_repeat":"","ocean_post_title_bg_image_size":"","ocean_post_title_height":0,"ocean_post_title_bg_overlay":0.5,"ocean_post_title_bg_overlay_color":"","ocean_disable_breadcrumbs":"default","ocean_breadcrumbs_color":"","ocean_breadcrumbs_separator_color":"","ocean_breadcrumbs_links_color":"","ocean_breadcrumbs_links_hover_color":"","ocean_display_footer_widgets":"default","ocean_display_footer_bottom":"default","ocean_custom_footer_template":"0"},"product_brand":[135],"product_cat":[54,127],"product_tag":[141,58],"class_list":{"0":"post-5077","1":"product","2":"type-product","3":"status-publish","4":"has-post-thumbnail","6":"product_brand-higold","7":"product_cat-ensemble-table-et-chaises","8":"product_cat-6-personnes","9":"product_tag-higold","10":"product_tag-onda","12":"entry","13":"has-media","15":"first","16":"instock","17":"taxable","18":"shipping-taxable","19":"purchasable","20":"product-type-variable","21":"has-default-attributes","22":"col","23":"span_1_of_3","24":"owp-content-center","25":"item-entry","26":"owp-thumbs-layout-horizontal","27":"owp-btn-very-big","28":"owp-tabs-layout-horizontal"},"_links":{"self":[{"href":"https:\/\/maisonbelloeil.fr\/en\/wp-json\/wp\/v2\/product\/5077","targetHints":{"allow":["GET"]}}],"collection":[{"href":"https:\/\/maisonbelloeil.fr\/en\/wp-json\/wp\/v2\/product"}],"about":[{"href":"https:\/\/maisonbelloeil.fr\/en\/wp-json\/wp\/v2\/types\/product"}],"replies":[{"embeddable":true,"href":"https:\/\/maisonbelloeil.fr\/en\/wp-json\/wp\/v2\/comments?post=5077"}],"wp:featuredmedia":[{"embeddable":true,"href":"https:\/\/maisonbelloeil.fr\/en\/wp-json\/wp\/v2\/media\/5078"}],"wp:attachment":[{"href":"https:\/\/maisonbelloeil.fr\/en\/wp-json\/wp\/v2\/media?parent=5077"}],"wp:term":[{"taxonomy":"product_brand","embeddable":true,"href":"https:\/\/maisonbelloeil.fr\/en\/wp-json\/wp\/v2\/product_brand?post=5077"},{"taxonomy":"product_cat","embeddable":true,"href":"https:\/\/maisonbelloeil.fr\/en\/wp-json\/wp\/v2\/product_cat?post=5077"},{"taxonomy":"product_tag","embeddable":true,"href":"https:\/\/maisonbelloeil.fr\/en\/wp-json\/wp\/v2\/product_tag?post=5077"}],"curies":[{"name":"wp","href":"https:\/\/api.w.org\/{rel}","templated":true}]}}