{"id":5068,"date":"2023-09-18T17:49:45","date_gmt":"2023-09-18T15:49:45","guid":{"rendered":"https:\/\/maisonbelloeil.fr\/?post_type=product&#038;p=5068"},"modified":"2025-06-17T15:01:40","modified_gmt":"2025-06-17T13:01:40","slug":"salon-de-jardin-dangle-blanc-onda","status":"publish","type":"product","link":"https:\/\/maisonbelloeil.fr\/en\/product\/salon-de-jardin-dangle-blanc-onda\/","title":{"rendered":"Salon de jardin d&rsquo;angle blanc haut de gamme ONDA"},"content":{"rendered":"<h2 style=\"text-align: center;\"><span style=\"color: #333333;\">Salon de jardin d&rsquo;angle Blanc de la gamme ONDA<\/span><\/h2>\n<p>Explorez notre superbe <strong>canap\u00e9 d&rsquo;angle en aluminium<\/strong> de la collection <span style=\"color: #333333;\"><a style=\"color: #333333;\" href=\"https:\/\/maisonbelloeil.fr\/en\/product-tag\/onda\/\"><span style=\"color: #346f7f;\"><strong>ONDA<\/strong><\/span><\/a><\/span>, un ensemble <strong>lounge<\/strong> d&rsquo;exception qui marie harmonieusement un style contemporain et un confort in\u00e9gal\u00e9. Ce canap\u00e9 d&rsquo;angle en aluminium est accompagn\u00e9 d&rsquo;<strong>une table basse de jardin<\/strong>, cr\u00e9ant ainsi un <strong>espace de d\u00e9tente id\u00e9al<\/strong> pour vos moments de convivialit\u00e9 en plein air.<\/p>\n<p>La structure de ce salon de jardin bas est r\u00e9alis\u00e9e en <strong>aluminium de haute qualit\u00e9<\/strong>, garantissant une durabilit\u00e9 exceptionnelle et une r\u00e9sistance aux intemp\u00e9ries. L&rsquo;aluminium, mat\u00e9riau l\u00e9ger et anti-rouille, vous permet de profiter pleinement de votre salon d&rsquo;ext\u00e9rieur pendant de nombreuses saisons.<\/p>\n<p>Des<strong> touches de teck ajoutent une note chaleureuse et naturelle<\/strong> \u00e0 l&rsquo;ensemble. Le teck est r\u00e9put\u00e9 pour sa r\u00e9sistance aux intemp\u00e9ries et son charme intemporel, apportant ainsi une \u00e9l\u00e9gance suppl\u00e9mentaire et se mariant harmonieusement avec l&rsquo;aluminium.<\/p>\n<p>Les coussins du canap\u00e9 sont rev\u00eatus d&rsquo;un <strong>tissu Sunbrella blanc<\/strong>\u00a0 ou gris sp\u00e9cialement con\u00e7u pour les meubles d&rsquo;ext\u00e9rieur, garantissant un bien-\u00eatre optimal et une durabilit\u00e9 exceptionnelle. De plus, la <strong>mousse Quick Dry Foam<\/strong> utilis\u00e9e dans les coussins assure un s\u00e9chage rapide apr\u00e8s exposition \u00e0 l&rsquo;humidit\u00e9, \u00e9vitant toute accumulation d&rsquo;eau ind\u00e9sirable.<\/p>\n<p>Le canap\u00e9 d&rsquo;angle de la collection ONDA est un investissement avis\u00e9 pour ceux en qu\u00eate d&rsquo;un ensemble <strong>cosy<\/strong> pour l&rsquo;ext\u00e9rieur <strong>de qualit\u00e9 sup\u00e9rieure<\/strong>. Son design <strong>contemporain<\/strong> et ses mat\u00e9riaux haut de gamme en aluminium en font un choix parfait pour am\u00e9nager votre terrasse, votre jardin ou votre v\u00e9randa, tout en offrant un confort exceptionnel.<\/p>\n<p>&nbsp;<\/p>\n<h2 style=\"text-align: center;\"><span style=\"color: #333333;\">Points forts du salon de jardin d&rsquo;angle haut de gamme<\/span><\/h2>\n<ul>\n<li><span style=\"color: #333333;\"><strong>Structure en aluminium<\/strong> provenant du secteur automobile de luxe : L\u00e9g\u00e8re, r\u00e9sistante aux intemp\u00e9ries, durable (rev\u00eatement en poudre Akzonobel).<\/span><\/li>\n<li><span style=\"color: #333333;\"><strong>Assises<\/strong> en mousse <strong>Quick Dry Foam\u00ae<\/strong> de haute densit\u00e9 et d\u00e9velopp\u00e9e pour assurer un s\u00e9chage rapide des coussins.<\/span><\/li>\n<li><strong>Accoudoirs<\/strong> en <strong>alu<\/strong> courb\u00e9 et orn\u00e9s de bois de <strong>teck massif<\/strong> <span style=\"color: #333333;\"><strong>naturel<\/strong> de grade A.<\/span>.<\/li>\n<li><span style=\"color: #333333;\">Tissu <strong>Sunbrella\u00ae<\/strong> r\u00e9sistant aux UV et \u00e0 la d\u00e9coloration.<\/span><\/li>\n<li><span style=\"color: #333333;\"><span style=\"color: #333333;\"><b>Plateau en verre tremp\u00e9<\/b>.<\/span><\/span><\/li>\n<li>Disponible en deux <strong>coloris <\/strong>: tissu blanc et structure aluminium naturel, tissu gris et structure aluminium blanc.<\/li>\n<\/ul>\n<p>&nbsp;<\/p>\n<h2 style=\"text-align: center;\"><span style=\"color: #333333;\">Composition de l&rsquo;ensemble salon de jardin blanc<\/span><\/h2>\n<ul>\n<li><span style=\"color: #333333;\"><strong>Un canap\u00e9 d&rsquo;angle compos\u00e9 de 4 modules:<\/strong><br \/>\n&#8211; 1 module c\u00f4t\u00e9 gauche ( P: 93 cm \/ l: 164 cm \/ H: 77 cm)\u00a0<\/span><br \/>\n<span style=\"color: #333333;\">&#8211; 1 module droit ((P: 101 cm \/ l: 101 cm \/ H: 77 cm)<\/span><br \/>\n<span style=\"color: #333333;\">&#8211; 1 module d&rsquo;angle (P: 101 cm \/ l: 101 cm \/ H: 77 cm)<\/span><br \/>\n<span style=\"color: #333333;\">&#8211; 1 module c\u00f4t\u00e9 droit ( P: 93 cm \/ l: 164 cm \/ H: 77 cm)\u00a0<\/span><\/li>\n<li><span style=\"color: #333333;\"><strong>Une table basse ext\u00e9rieur:<\/strong><br \/>\nL: 120 cm \/ l: 72 cm \/ H: 43,5 cm<\/span><\/li>\n<\/ul>\n<p>&nbsp;<\/p>\n<p><img fetchpriority=\"high\" decoding=\"async\" class=\"alignnone wp-image-2911\" src=\"https:\/\/maisonbelloeil.fr\/wp-content\/uploads\/2023\/06\/Chaise-et-tables-12.jpg\" alt=\"Icone angle\" width=\"560\" height=\"112\" title=\"\"><\/p>\n<p>&nbsp;<\/p>\n<p>Pour toute\u00a0<strong>demande de renseignement<\/strong>\u00a0ou pour\u00a0<strong>finaliser votre achat<\/strong>, nous vous invitons \u00e0<a href=\"https:\/\/maisonbelloeil.fr\/en\/contactez-nous\/\"><em><strong>\u00a0nous contacter<\/strong><\/em><\/a>.\u00a0 \u00a0 \u00a0 \u00a0 \u00a0 \u00a0 \u00a0 \u00a0 \u00a0 \u00a0 \u00a0 \u00a0 \u00a0 \u00a0 \u00a0 \u00a0 \u00a0 \u00a0 \u00a0 \u00a0 \u00a0 \u00a0 \u00a0 \u00a0 \u00a0 \u00a0 \u00a0 \u00a0 \u00a0 \u00a0 \u00a0 \u00a0 \u00a0 \u00a0 \u00a0 \u00a0 \u00a0 \u00a0 \u00a0 \u00a0 \u00a0 \u00a0 \u00a0 \u00a0 \u00a0 \u00a0 \u00a0 \u00a0 \u00a0 \u00a0 \u00a0 \u00a0 \u00a0 \u00a0 \u00a0 \u00a0 \u00a0 \u00a0 \u00a0 \u00a0 \u00a0 \u00a0 \u00a0 \u00a0 \u00a0 \u00a0 \u00a0 \u00a0 \u00a0 \u00a0 Notre \u00e9quipe se tient \u00e0 votre \u00e9coute pour vous offrir un <strong>service sur-mesure<\/strong><\/p>\n<p>&nbsp;<\/p>\n<h3><span style=\"color: #333333;\">Produits compl\u00e9mentaires:<\/span><\/h3>\n<p><span style=\"color: #333333;\">Pourquoi ne pas compl\u00e9ter votre canap\u00e9 de jardin d&rsquo;angle avec d&rsquo;autres meuble d&rsquo;ext\u00e9rieur de la <span style=\"color: #346f7f;\"><a style=\"color: #346f7f;\" href=\"https:\/\/maisonbelloeil.fr\/en\/product-tag\/onda\/\"><strong><span style=\"color: #346f7f;\">collection<\/span> Onda,<\/strong><\/a><\/span> tel que le <strong><a href=\"https:\/\/maisonbelloeil.fr\/en\/product\/salon-de-jardin-aluminium-blanc-onda\/\"><span style=\"color: #346f7f;\">salon de jardin Aluminium Blanc<\/span><\/a><\/strong>?<\/span><\/p>\n<p>&nbsp;<\/p>\n<h3><span style=\"color: #333333;\">Instructions d&rsquo;entretien &amp; mat\u00e9riaux:<\/span><\/h3>\n<p><span style=\"color: #333333;\">L&rsquo;<strong>aluminium<\/strong> est tr\u00e8s r\u00e9pandu dans le domaine de la construction en raison de ses nombreuses qualit\u00e9s. Solide, l\u00e9ger, durable, pratique et esth\u00e9tique, il r\u00e9siste \u00e0 la pluie, \u00e0 l\u2019humidit\u00e9 et ne rouille pas. Il ne craint pas le soleil non plus et ne perd pas son \u00e9clat.<\/span><\/p>\n<p><span style=\"color: #333333;\">Les <strong>tissus Sunbrella\u00ae<\/strong> sont anti-uv et r\u00e9sistants \u00e0 la d\u00e9coloration d\u00fbe aux rayons du soleil gr\u00e2ce \u00e0 une teinture \u00e0 coeur avec des pigments de haute qualit\u00e9. Ils sont \u00e9galement r\u00e9sistants aux moisissures et nettoyable \u00e0 l\u2019eau de javel en cas de n\u00e9cessit\u00e9.<\/span><br \/>\n<span style=\"color: #333333;\">Visitez la page de Sunbrella pour s&rsquo;informer en d\u00e9tail des<strong><span style=\"color: #346f7f;\"> <a style=\"color: #346f7f;\" href=\"https:\/\/global.sunbrella.com\/fr-fr\/how-to-clean\/clean-sunbrella-upholstery\" rel=\"nofollow noopener\" target=\"_blank\">instructions de nettoyage<\/a><\/span><\/strong> du fabricant.<\/span><\/p>\n<p><span style=\"color: #333333;\">La mousse <strong>Quick Dry Foam\u00ae<\/strong> est une mousse de haute densit\u00e9 \u00e0 cellule ouverte, con\u00e7ue pour permettre \u00e0 l&rsquo;eau de s&rsquo;\u00e9couler rapidement et faciliter le s\u00e9chage.<\/span><\/p>\n<p><span style=\"color: #333333;\">Le <strong>bois de teck<\/strong> r\u00e9siste aux \u00e9l\u00e9ments, sa haute teneur en huile, sa grande r\u00e9sistance \u00e0 la traction, son grain serr\u00e9 le rendent particuli\u00e8rement appropri\u00e9 pour une utilisation en ext\u00e9rieur. <\/span><span style=\"color: #333333;\">L&rsquo;application bisannuelle d&rsquo;une couche d&rsquo;huile pour teck est recommand\u00e9e pour le maintenir beau.<\/span><\/p>\n<p>&nbsp;<\/p>\n<hr \/>\n<p style=\"text-align: center;\"><img decoding=\"async\" class=\"aligncenter wp-image-14012 size-medium\" src=\"https:\/\/maisonbelloeil.fr\/wp-content\/uploads\/2023\/06\/logo-revendeurofficiel-higold-300x54.png\" alt=\"Logo revendeur officiel Higold.\" width=\"300\" height=\"54\" title=\"\" srcset=\"https:\/\/maisonbelloeil.fr\/wp-content\/uploads\/2023\/06\/logo-revendeurofficiel-higold-300x54.png 300w, https:\/\/maisonbelloeil.fr\/wp-content\/uploads\/2023\/06\/logo-revendeurofficiel-higold-700x126.png 700w, https:\/\/maisonbelloeil.fr\/wp-content\/uploads\/2023\/06\/logo-revendeurofficiel-higold-1024x184.png 1024w, https:\/\/maisonbelloeil.fr\/wp-content\/uploads\/2023\/06\/logo-revendeurofficiel-higold-768x138.png 768w, https:\/\/maisonbelloeil.fr\/wp-content\/uploads\/2023\/06\/logo-revendeurofficiel-higold-1536x276.png 1536w, https:\/\/maisonbelloeil.fr\/wp-content\/uploads\/2023\/06\/logo-revendeurofficiel-higold.png 1847w\" sizes=\"(max-width: 300px) 100vw, 300px\" \/><br \/>\n<img decoding=\"async\" class=\"aligncenter wp-image-14042 size-full\" src=\"https:\/\/maisonbelloeil.fr\/wp-content\/uploads\/2023\/06\/sl_higold-excellent-life_rgb-300x45-1.png\" alt=\"excellent life\" width=\"300\" height=\"45\" title=\"\"><\/p>\n<p style=\"text-align: center;\"><img loading=\"lazy\" decoding=\"async\" class=\"aligncenter wp-image-14043\" src=\"https:\/\/maisonbelloeil.fr\/wp-content\/uploads\/2023\/06\/ukas-300x225.jpg\" alt=\"Logo UKAS\" width=\"133\" height=\"100\" title=\"\" srcset=\"https:\/\/maisonbelloeil.fr\/wp-content\/uploads\/2023\/06\/ukas-300x225.jpg 300w, https:\/\/maisonbelloeil.fr\/wp-content\/uploads\/2023\/06\/ukas-700x525.jpg 700w, https:\/\/maisonbelloeil.fr\/wp-content\/uploads\/2023\/06\/ukas-768x576.jpg 768w, https:\/\/maisonbelloeil.fr\/wp-content\/uploads\/2023\/06\/ukas.jpg 866w\" sizes=\"(max-width: 133px) 100vw, 133px\" \/><img loading=\"lazy\" decoding=\"async\" class=\"aligncenter wp-image-14045\" src=\"https:\/\/maisonbelloeil.fr\/wp-content\/uploads\/2023\/06\/bsci.jpg\" alt=\"logo BSCI\" width=\"142\" height=\"100\" title=\"\"><\/p>","protected":false},"excerpt":{"rendered":"<p><span style=\"color: #333333;\"><strong>Ensemble canap\u00e9 de jardin d&rsquo;angle comportant:<\/strong><\/span><\/p>\n<ul>\n<li><span style=\"color: #333333;\">Un canap\u00e9 d&rsquo;angle<\/span><\/li>\n<li><span style=\"color: #333333;\">Une Table basse<\/span><\/li>\n<li>Blanc ou gris<\/li>\n<\/ul>\n<hr \/>\n<p><span style=\"color: #346f7f;\">Aluminium<\/span> | <span style=\"color: #346f7f;\">Bois de Teck<\/span> | <span style=\"color: #346f7f;\">Tissu Sunbrella<\/span><\/p>\n<p><img loading=\"lazy\" decoding=\"async\" class=\"wp-image-14040 alignnone\" src=\"https:\/\/maisonbelloeil.fr\/wp-content\/uploads\/2023\/06\/logo-quick-dry-150x50-1.jpg\" alt=\"Quickdry\" width=\"120\" height=\"40\" \/><\/p>\n<hr \/>\n<p><em><span style=\"color: #ff6600;\"><strong><span style=\"color: #bf4d00;\"><span style=\"color: #800080;\"><img loading=\"lazy\" decoding=\"async\" class=\"alignleft wp-image-15282\" src=\"https:\/\/maisonbelloeil.fr\/wp-content\/uploads\/2023\/09\/Logo-livraison-offerte.png\" alt=\"\" width=\"75\" height=\"30\" \/> Frais de port offerts<\/span><\/span><\/strong><\/span><\/em><\/p>\n<hr \/>\n<p><img loading=\"lazy\" decoding=\"async\" class=\"alignnone wp-image-13989\" src=\"https:\/\/maisonbelloeil.fr\/wp-content\/uploads\/2023\/09\/logo-reddot-design-award.jpeg\" alt=\"Red dot design award\" width=\"122\" height=\"80\" \/><\/p>\n<p><span style=\"color: #333333;\">Pour toute\u00a0<strong>demande de renseignement<\/strong>\u00a0ou pour\u00a0<strong>finaliser votre achat<\/strong>, nous vous invitons \u00e0<a href=\"https:\/\/maisonbelloeil.fr\/en\/contactez-nous\/\"><em><strong>\u00a0nous contacter<\/strong><\/em><\/a>.\u00a0 \u00a0 \u00a0 \u00a0 \u00a0 \u00a0 \u00a0 \u00a0 \u00a0 \u00a0 \u00a0 \u00a0 \u00a0 \u00a0 \u00a0 \u00a0 \u00a0 \u00a0 \u00a0 \u00a0 \u00a0 \u00a0 \u00a0 \u00a0 \u00a0 \u00a0 \u00a0 \u00a0 \u00a0 \u00a0 \u00a0 \u00a0 \u00a0 \u00a0 \u00a0 \u00a0 \u00a0 \u00a0 \u00a0 \u00a0 Notre \u00e9quipe se tient \u00e0 votre \u00e9coute pour vous offrir un\u00a0<strong>service sur-mesure\u00a0 \u00a0 \u00a0 \u00a0 \u00a0 \u00a0 \u00a0 \u00a0 \u00a0 \u00a0 \u00a0 \u00a0 \u00a0 \u00a0 \u00a0 \u00a0 \u00a0 \u00a0 \u00a0 \u00a0 \u00a0 \u00a0 \u00a0 \u00a0 \u00a0 \u00a0 \u00a0 \u00a0 \u00a0 <\/strong>MOBILIER DE JARDIN HAUT DE GAMME<\/span><\/p>\n<p><img loading=\"lazy\" decoding=\"async\" class=\"alignnone wp-image-14010\" src=\"https:\/\/maisonbelloeil.fr\/wp-content\/uploads\/2023\/06\/by-pininfarina.png\" alt=\"Logo by Pininfarina\" width=\"200\" height=\"18\" \/><\/p>","protected":false},"featured_media":5069,"comment_status":"open","ping_status":"closed","template":"","meta":{"ocean_post_layout":"","ocean_both_sidebars_style":"","ocean_both_sidebars_content_width":0,"ocean_both_sidebars_sidebars_width":0,"ocean_sidebar":"0","ocean_second_sidebar":"0","ocean_disable_margins":"enable","ocean_add_body_class":"","ocean_shortcode_before_top_bar":"","ocean_shortcode_after_top_bar":"","ocean_shortcode_before_header":"","ocean_shortcode_after_header":"","ocean_has_shortcode":"","ocean_shortcode_after_title":"","ocean_shortcode_before_footer_widgets":"","ocean_shortcode_after_footer_widgets":"","ocean_shortcode_before_footer_bottom":"","ocean_shortcode_after_footer_bottom":"","ocean_display_top_bar":"default","ocean_display_header":"default","ocean_header_style":"","ocean_center_header_left_menu":"0","ocean_custom_header_template":"0","ocean_custom_logo":0,"ocean_custom_retina_logo":0,"ocean_custom_logo_max_width":0,"ocean_custom_logo_tablet_max_width":0,"ocean_custom_logo_mobile_max_width":0,"ocean_custom_logo_max_height":0,"ocean_custom_logo_tablet_max_height":0,"ocean_custom_logo_mobile_max_height":0,"ocean_header_custom_menu":"0","ocean_menu_typo_font_family":"0","ocean_menu_typo_font_subset":"","ocean_menu_typo_font_size":0,"ocean_menu_typo_font_size_tablet":0,"ocean_menu_typo_font_size_mobile":0,"ocean_menu_typo_font_size_unit":"px","ocean_menu_typo_font_weight":"","ocean_menu_typo_font_weight_tablet":"","ocean_menu_typo_font_weight_mobile":"","ocean_menu_typo_transform":"","ocean_menu_typo_transform_tablet":"","ocean_menu_typo_transform_mobile":"","ocean_menu_typo_line_height":0,"ocean_menu_typo_line_height_tablet":0,"ocean_menu_typo_line_height_mobile":0,"ocean_menu_typo_line_height_unit":"","ocean_menu_typo_spacing":0,"ocean_menu_typo_spacing_tablet":0,"ocean_menu_typo_spacing_mobile":0,"ocean_menu_typo_spacing_unit":"","ocean_menu_link_color":"","ocean_menu_link_color_hover":"","ocean_menu_link_color_active":"","ocean_menu_link_background":"","ocean_menu_link_hover_background":"","ocean_menu_link_active_background":"","ocean_menu_social_links_bg":"","ocean_menu_social_hover_links_bg":"","ocean_menu_social_links_color":"","ocean_menu_social_hover_links_color":"","ocean_disable_title":"default","ocean_disable_heading":"default","ocean_post_title":"","ocean_post_subheading":"","ocean_post_title_style":"centered-minimal","ocean_post_title_background_color":"","ocean_post_title_background":0,"ocean_post_title_bg_image_position":"","ocean_post_title_bg_image_attachment":"","ocean_post_title_bg_image_repeat":"","ocean_post_title_bg_image_size":"","ocean_post_title_height":0,"ocean_post_title_bg_overlay":0.5,"ocean_post_title_bg_overlay_color":"","ocean_disable_breadcrumbs":"default","ocean_breadcrumbs_color":"","ocean_breadcrumbs_separator_color":"","ocean_breadcrumbs_links_color":"","ocean_breadcrumbs_links_hover_color":"","ocean_display_footer_widgets":"default","ocean_display_footer_bottom":"default","ocean_custom_footer_template":"0"},"product_brand":[135],"product_cat":[68],"product_tag":[141,58],"class_list":{"0":"post-5068","1":"product","2":"type-product","3":"status-publish","4":"has-post-thumbnail","6":"product_brand-higold","7":"product_cat-salons-de-jardin-dangle","8":"product_tag-higold","9":"product_tag-onda","11":"entry","12":"has-media","14":"first","15":"instock","16":"taxable","17":"shipping-taxable","18":"purchasable","19":"product-type-variable","20":"has-rating","21":"col","22":"span_1_of_3","23":"owp-content-center","24":"item-entry","25":"owp-thumbs-layout-horizontal","26":"owp-btn-very-big","27":"owp-tabs-layout-horizontal"},"_links":{"self":[{"href":"https:\/\/maisonbelloeil.fr\/en\/wp-json\/wp\/v2\/product\/5068","targetHints":{"allow":["GET"]}}],"collection":[{"href":"https:\/\/maisonbelloeil.fr\/en\/wp-json\/wp\/v2\/product"}],"about":[{"href":"https:\/\/maisonbelloeil.fr\/en\/wp-json\/wp\/v2\/types\/product"}],"replies":[{"embeddable":true,"href":"https:\/\/maisonbelloeil.fr\/en\/wp-json\/wp\/v2\/comments?post=5068"}],"wp:featuredmedia":[{"embeddable":true,"href":"https:\/\/maisonbelloeil.fr\/en\/wp-json\/wp\/v2\/media\/5069"}],"wp:attachment":[{"href":"https:\/\/maisonbelloeil.fr\/en\/wp-json\/wp\/v2\/media?parent=5068"}],"wp:term":[{"taxonomy":"product_brand","embeddable":true,"href":"https:\/\/maisonbelloeil.fr\/en\/wp-json\/wp\/v2\/product_brand?post=5068"},{"taxonomy":"product_cat","embeddable":true,"href":"https:\/\/maisonbelloeil.fr\/en\/wp-json\/wp\/v2\/product_cat?post=5068"},{"taxonomy":"product_tag","embeddable":true,"href":"https:\/\/maisonbelloeil.fr\/en\/wp-json\/wp\/v2\/product_tag?post=5068"}],"curies":[{"name":"wp","href":"https:\/\/api.w.org\/{rel}","templated":true}]}}