{"id":5059,"date":"2023-09-18T14:52:05","date_gmt":"2023-09-18T12:52:05","guid":{"rendered":"https:\/\/maisonbelloeil.fr\/?post_type=product&#038;p=5059"},"modified":"2025-06-17T15:02:07","modified_gmt":"2025-06-17T13:02:07","slug":"salon-de-jardin-aluminium-blanc-wing","status":"publish","type":"product","link":"https:\/\/maisonbelloeil.fr\/en\/product\/salon-de-jardin-aluminium-blanc-wing\/","title":{"rendered":"Salon de jardin aluminium blanc 5 places WING by Pininfarina"},"content":{"rendered":"<h2 style=\"text-align: center;\">Salon de jardin aluminium blanc haut de gamme<\/h2>\n<p>&nbsp;<\/p>\n<p style=\"text-align: left;\">D\u00e9couvrez notre ensemble <strong>salon de jardin aluminium<\/strong> <strong>blanc <\/strong>5\u00a0places de la collection <a href=\"https:\/\/maisonbelloeil.fr\/en\/product-tag\/wing\/\"><strong><span style=\"color: #346f7f;\">WING<\/span><\/strong><\/a>, dont l&rsquo;id\u00e9e de<strong> l\u00e9g\u00e8ret\u00e9<\/strong> a inspir\u00e9 le design. Les lignes dynamiques, \u00e9l\u00e9gantes et pures de cette collection la rendent adapt\u00e9e aux environnements urbains comme champ\u00eatres.<\/p>\n<p style=\"text-align: left;\">Chaque \u00e9l\u00e9ment de la collection se singularise par une <strong>structure en aluminium blanc pli\u00e9e<\/strong>, stri\u00e9e de <strong>lignes g\u00e9om\u00e9triques<\/strong> nettes en <strong>bois exotique<\/strong> qui \u00e9voquent le monde de l&rsquo;architecture contemporaine.<\/p>\n<p>Cet ensemble <strong>lounge<\/strong> est compos\u00e9 d&rsquo;un <strong>canap\u00e9 d&rsquo;ext\u00e9rieur<\/strong>, de deux <strong>fauteuils de jardin<\/strong> et d&rsquo;une <strong>table basse de jardin<\/strong>.<\/p>\n<p style=\"text-align: left;\">Le bois de <strong>teck <\/strong>poli ajour\u00e9, apporte une touche de naturel et de sophistication. Les si\u00e8ges sont dot\u00e9s d&rsquo;une mousse d&rsquo;\u00e9paisseur 12 cm, baptis\u00e9e \u00ab <strong>quick dry foam<\/strong> \u00bb, pour vous offrir le plus grand <strong>confort<\/strong>.<\/p>\n<p style=\"text-align: left;\">Chacun des mat\u00e9riaux a \u00e9t\u00e9 soigneusement choisi afin de garantir la meilleure exp\u00e9rience possible, avec une <strong>simplicit\u00e9 d&rsquo;entretien<\/strong> et de nettoyage remarquable. Profitez du <strong>plein air<\/strong> avec <strong>style et confort<\/strong> gr\u00e2ce \u00e0 cet ensemble de jardin de <strong>grande qualit\u00e9<\/strong>.<\/p>\n<h2><\/h2>\n<h2 style=\"text-align: center;\"><span style=\"color: #333333;\">Points forts du Salon de jardin aluminium blanc et bois<\/span><\/h2>\n<p>&nbsp;<\/p>\n<p><img decoding=\"async\" class=\"aligncenter wp-image-14041 size-full\" src=\"https:\/\/maisonbelloeil.fr\/wp-content\/uploads\/2023\/06\/logo-akzonobel-150x50-1.jpg\" alt=\"Akzonobel\" width=\"150\" height=\"50\" title=\"\"> <img decoding=\"async\" class=\"aligncenter wp-image-14040 size-full\" src=\"https:\/\/maisonbelloeil.fr\/wp-content\/uploads\/2023\/06\/logo-quick-dry-150x50-1.jpg\" alt=\"Quickdry\" width=\"150\" height=\"50\" title=\"\"><\/p>\n<p>&nbsp;<\/p>\n<ul>\n<li><span style=\"color: #333333;\"><strong>Structure en aluminium<\/strong> provenant du secteur automobile de luxe : L\u00e9g\u00e8re, r\u00e9sistante aux intemp\u00e9ries, durable. <strong>Coloris blanc<\/strong>.<\/span><\/li>\n<li><span style=\"color: #333333;\">Panneaux lat\u00e9raux ajour\u00e9s: <strong>l\u00e9g\u00e8ret\u00e9<\/strong> et d\u00e9licatesse.<\/span><\/li>\n<li><span style=\"color: #333333;\">Coussins et assises en mousse <strong>Quick Dry Foam\u00ae<\/strong> de haute densit\u00e9 et d\u00e9velopp\u00e9e pour assurer un s\u00e9chage rapide<\/span><\/li>\n<li><span style=\"color: #333333;\">Tissu acrylique r\u00e9sistant aux UV et \u00e0 la d\u00e9coloration, couleur <strong>gris<\/strong>.<\/span><\/li>\n<li><span style=\"color: #333333;\"><strong>Teck massif naturel<\/strong> de grade A<\/span><\/li>\n<li><span style=\"color: #333333;\"><strong>Table basse <\/strong>en teck <strong>finition calfat\u00e9e blanche ou ajour\u00e9e: <\/strong>antid\u00e9rapant, id\u00e9al pour le mobilier embarqu\u00e9.<\/span><\/li>\n<\/ul>\n<p>&nbsp;<\/p>\n<p>&nbsp;<\/p>\n<h2 style=\"text-align: center;\"><span style=\"color: #333333;\">Composition de l\u2019ensemble salon de jardin bas<\/span><\/h2>\n<p>&nbsp;<\/p>\n<ul>\n<li><span style=\"color: #333333;\"><strong>Un canap\u00e9 de jardin trois places:<\/strong><\/span><br \/>\n<span style=\"color: #333333;\">L: 203,5 cm \/ P: 85,5 cm \/ H: 60,5 cm<br \/>\n<\/span><\/li>\n<li><span style=\"color: #333333;\"><strong>Deux fauteuils avec accoudoirs:<\/strong><\/span><br \/>\n<span style=\"color: #333333;\">L: 89 cm \/ P: 85,5 cm \/ H: 60,5 cm<\/span><\/li>\n<li><span style=\"color: #333333;\"><strong>Une table basse ajour\u00e9e ou calfat\u00e9e:<\/strong><\/span><br \/>\n<span style=\"color: #333333;\">L: 120 cm \/ l: 80 cm \/ H: 39,5 cm<\/span><\/li>\n<\/ul>\n<p>&nbsp;<\/p>\n<p><img decoding=\"async\" class=\"wp-image-2678 size-full aligncenter\" src=\"https:\/\/maisonbelloeil.fr\/wp-content\/uploads\/2023\/06\/Illustration-ensemble-salon-de-jardon-.jpg\" alt=\"icono salon 5 places\" width=\"400\" height=\"100\" title=\"\" srcset=\"https:\/\/maisonbelloeil.fr\/wp-content\/uploads\/2023\/06\/Illustration-ensemble-salon-de-jardon-.jpg 400w, https:\/\/maisonbelloeil.fr\/wp-content\/uploads\/2023\/06\/Illustration-ensemble-salon-de-jardon--300x75.jpg 300w\" sizes=\"(max-width: 400px) 100vw, 400px\" \/><\/p>\n<p>&nbsp;<\/p>\n<p>Pour toute\u00a0<strong>demande de renseignement<\/strong>\u00a0ou pour\u00a0<strong>finaliser votre achat<\/strong>, nous vous invitons \u00e0<a href=\"https:\/\/maisonbelloeil.fr\/en\/contactez-nous\/\"><em><strong>\u00a0nous contacter<\/strong><\/em><\/a>.\u00a0 \u00a0 \u00a0 \u00a0 \u00a0 \u00a0 \u00a0 \u00a0 \u00a0 \u00a0 \u00a0 \u00a0 \u00a0 \u00a0 \u00a0 \u00a0 \u00a0 \u00a0 \u00a0 \u00a0 \u00a0 \u00a0 \u00a0 \u00a0 \u00a0 \u00a0 \u00a0 \u00a0 \u00a0 \u00a0 \u00a0 \u00a0 \u00a0 \u00a0 \u00a0 \u00a0 \u00a0 \u00a0 \u00a0 \u00a0 \u00a0 \u00a0 \u00a0 \u00a0 \u00a0 \u00a0 \u00a0 \u00a0 \u00a0 \u00a0 \u00a0 \u00a0 \u00a0 \u00a0 \u00a0 \u00a0 \u00a0 \u00a0 \u00a0 \u00a0 \u00a0 \u00a0 \u00a0 \u00a0 \u00a0 \u00a0 \u00a0 \u00a0 \u00a0 \u00a0 Notre \u00e9quipe se tient \u00e0 votre \u00e9coute pour vous offrir un <strong>service sur-mesure<\/strong><\/p>\n<p>&nbsp;<\/p>\n<hr \/>\n<h2 style=\"text-align: center;\">Pourquoi choisir le salon de jardin aluminium blanc WING ?<\/h2>\n<p>&nbsp;<\/p>\n<p>Les lignes \u00e9pur\u00e9es, \u00e9l\u00e9gantes du salon de jardin aluminium blanc Wing s&rsquo;adaptent parfaitement aux environnements urbains et champ\u00eatres. La structure en aluminium blanc pli\u00e9, stri\u00e9 de lignes g\u00e9om\u00e9triques, \u00e9voque l&rsquo;architecture contemporaine.<\/p>\n<p>Am\u00e9nagez votre <strong>terrasse<\/strong> ou votre <strong>patio<\/strong> pour la <strong>belle saison<\/strong> en optant pour du <strong>mobilier d&rsquo;ext\u00e9rieur<\/strong> moderne et <strong>cosy<\/strong> !<\/p>\n<p>Le teck poli ajour\u00e9 ajoute une touche de naturel et de sophistication, tandis que la mousse \u00ab quick dry foam \u00bb assure un confort optimal. Chaque mat\u00e9riau a \u00e9t\u00e9 s\u00e9lectionn\u00e9 pour offrir une exp\u00e9rience exceptionnelle, avec une simplicit\u00e9 d&rsquo;entretien remarquable.<\/p>\n<p><strong>Profitez du plein air avec style et confort gr\u00e2ce \u00e0 cet ensemble de jardin haut de gamme!<\/strong><\/p>\n<p>&nbsp;<\/p>\n<hr \/>\n<h2 style=\"text-align: center;\"><span style=\"color: #333333;\">Produits compl\u00e9mentaires au salon de jardin alu blanc<\/span><\/h2>\n<p>&nbsp;<\/p>\n<p><span style=\"color: #333333;\">Pourquoi ne pas compl\u00e9ter votre salon de jardin aluminium blanc WING avec un <a href=\"https:\/\/maisonbelloeil.fr\/en\/product\/salon-de-jardin-table-et-chaises-wing\/\"><span style=\"color: #346f7f;\"><strong>salon de jardin table et chaises 6 personnes<\/strong><\/span><\/a>\u00a0de la m\u00eame collection?<\/span><\/p>\n<p>&nbsp;<\/p>\n<hr \/>\n<p>&nbsp;<\/p>\n<h2 style=\"text-align: center;\"><span style=\"color: #333333;\">Mat\u00e9riaux et instructions d&rsquo;entretien de notre mobilier de jardin haut de gamme<\/span><\/h2>\n<p>&nbsp;<\/p>\n<p><span style=\"color: #333333;\">L&rsquo;<strong>aluminium<\/strong> est tr\u00e8s r\u00e9pandu dans le domaine du <strong>meuble de jardin<\/strong> en raison de ses nombreuses qualit\u00e9s. Solide, l\u00e9ger, durable, pratique et esth\u00e9tique, il r\u00e9siste \u00e0 la pluie, \u00e0 l\u2019humidit\u00e9 et ne rouille pas. Il ne craint pas le soleil non plus et ne perd pas son \u00e9clat.<\/span><\/p>\n<p><span style=\"color: #333333;\">La mousse <strong>Quick Dry Foam\u00ae<\/strong> est une mousse de haute densit\u00e9 \u00e0 cellule ouverte, con\u00e7ue pour permettre \u00e0 l&rsquo;eau de s&rsquo;\u00e9couler rapidement et faciliter le s\u00e9chage.<\/span><\/p>\n<p><span style=\"color: #333333;\">Le <strong>bois de teck<\/strong>, imputrescible, r\u00e9siste aux \u00e9l\u00e9ments ext\u00e9rieurs, sa haute teneur en huile, sa grande r\u00e9sistance \u00e0 la traction, son grain serr\u00e9 le rendent particuli\u00e8rement appropri\u00e9 pour une utilisation en ext\u00e9rieur.<\/span><br \/>\n<span style=\"color: #333333;\">L&rsquo;application bisannuelle d&rsquo;une couche d&rsquo;huile pour teck est recommand\u00e9e pour le maintenir beau.<\/span><\/p>\n<p>&nbsp;<\/p>\n<hr \/>\n<p>&nbsp;<\/p>\n<p>&nbsp;<\/p>\n<p><img loading=\"lazy\" decoding=\"async\" class=\"aligncenter wp-image-14042\" src=\"https:\/\/maisonbelloeil.fr\/wp-content\/uploads\/2023\/06\/sl_higold-excellent-life_rgb-300x45-1.png\" alt=\"excellent life\" width=\"193\" height=\"29\" title=\"\"> <img loading=\"lazy\" decoding=\"async\" class=\"aligncenter wp-image-14012 size-medium\" src=\"https:\/\/maisonbelloeil.fr\/wp-content\/uploads\/2023\/06\/logo-revendeurofficiel-higold-300x54.png\" alt=\"Logo revendeur officiel Higold.\" width=\"300\" height=\"54\" title=\"\" srcset=\"https:\/\/maisonbelloeil.fr\/wp-content\/uploads\/2023\/06\/logo-revendeurofficiel-higold-300x54.png 300w, https:\/\/maisonbelloeil.fr\/wp-content\/uploads\/2023\/06\/logo-revendeurofficiel-higold-700x126.png 700w, https:\/\/maisonbelloeil.fr\/wp-content\/uploads\/2023\/06\/logo-revendeurofficiel-higold-1024x184.png 1024w, https:\/\/maisonbelloeil.fr\/wp-content\/uploads\/2023\/06\/logo-revendeurofficiel-higold-768x138.png 768w, https:\/\/maisonbelloeil.fr\/wp-content\/uploads\/2023\/06\/logo-revendeurofficiel-higold-1536x276.png 1536w, https:\/\/maisonbelloeil.fr\/wp-content\/uploads\/2023\/06\/logo-revendeurofficiel-higold.png 1847w\" sizes=\"(max-width: 300px) 100vw, 300px\" \/><\/p>\n<p>&nbsp;<\/p>\n<p><img loading=\"lazy\" decoding=\"async\" class=\"aligncenter wp-image-14045\" src=\"https:\/\/maisonbelloeil.fr\/wp-content\/uploads\/2023\/06\/bsci.jpg\" alt=\"\" width=\"142\" height=\"100\" title=\"\"><\/p>\n<p><img loading=\"lazy\" decoding=\"async\" class=\"aligncenter wp-image-14043\" src=\"https:\/\/maisonbelloeil.fr\/wp-content\/uploads\/2023\/06\/ukas-300x225.jpg\" alt=\"https:\/\/certcheck.ukas.com\" width=\"133\" height=\"100\" title=\"\" srcset=\"https:\/\/maisonbelloeil.fr\/wp-content\/uploads\/2023\/06\/ukas-300x225.jpg 300w, https:\/\/maisonbelloeil.fr\/wp-content\/uploads\/2023\/06\/ukas-700x525.jpg 700w, https:\/\/maisonbelloeil.fr\/wp-content\/uploads\/2023\/06\/ukas-768x576.jpg 768w, https:\/\/maisonbelloeil.fr\/wp-content\/uploads\/2023\/06\/ukas.jpg 866w\" sizes=\"(max-width: 133px) 100vw, 133px\" \/><\/p>\n<p>&nbsp;<\/p>","protected":false},"excerpt":{"rendered":"<div class=\"woocommerce-product-details__short-description\">\n<p style=\"text-align: left;\"><span style=\"color: #333333;\"><strong>Ensemble salon de jardin 5 places\u00a0<\/strong><\/span><\/p>\n<ul>\n<li style=\"text-align: left;\"><span style=\"color: #333333;\">Un canap\u00e9 3 places<\/span><\/li>\n<li style=\"text-align: left;\"><span style=\"color: #333333;\">Deux fauteuils avec accoudoirs<\/span><\/li>\n<li style=\"text-align: left;\"><span style=\"color: #333333;\">Une table basse en 2 finitions<\/span><\/li>\n<\/ul>\n<hr \/>\n<p><span style=\"color: #346f7f;\">Aluminium<\/span> <span style=\"color: #346f7f;\">blanc<\/span> |\u00a0<span style=\"color: #346f7f;\">Bois de Teck<\/span><\/p>\n<p><img loading=\"lazy\" decoding=\"async\" class=\"alignleft wp-image-14040\" src=\"https:\/\/maisonbelloeil.fr\/wp-content\/uploads\/2023\/06\/logo-quick-dry-150x50-1.jpg\" alt=\"Quickdry\" width=\"120\" height=\"40\" \/><\/p>\n<hr \/>\n<p><em><span style=\"color: #ff6600;\"><strong><span style=\"color: #bf4d00;\"><span style=\"color: #800080;\"><img loading=\"lazy\" decoding=\"async\" class=\"alignleft wp-image-15282\" src=\"https:\/\/maisonbelloeil.fr\/wp-content\/uploads\/2023\/09\/Logo-livraison-offerte.png\" alt=\"\" width=\"75\" height=\"30\" \/> Frais de port offerts<\/span><\/span><\/strong><\/span><\/em><\/p>\n<hr \/>\n<p><span style=\"color: #333333;\">Pour toute\u00a0<strong>demande de renseignement<\/strong>\u00a0ou pour\u00a0<strong>finaliser votre achat<\/strong>, nous vous invitons \u00e0<a href=\"https:\/\/maisonbelloeil.fr\/en\/contactez-nous\/\"><em><strong>\u00a0nous contacter<\/strong><\/em><\/a>.\u00a0 \u00a0 \u00a0 \u00a0 \u00a0 \u00a0 \u00a0 \u00a0 \u00a0 \u00a0 \u00a0 \u00a0 \u00a0 \u00a0 \u00a0 \u00a0 \u00a0 \u00a0 \u00a0 \u00a0 \u00a0 \u00a0 \u00a0 \u00a0 \u00a0 \u00a0 \u00a0 \u00a0 \u00a0 \u00a0 \u00a0 \u00a0 \u00a0 \u00a0 \u00a0 \u00a0 \u00a0 \u00a0 \u00a0 \u00a0 Notre \u00e9quipe se tient \u00e0 votre \u00e9coute pour vous offrir un\u00a0<strong>service sur-mesure\u00a0 \u00a0 \u00a0 \u00a0 \u00a0 \u00a0 \u00a0 \u00a0 \u00a0 \u00a0 \u00a0 \u00a0 \u00a0 \u00a0 \u00a0 \u00a0 \u00a0 \u00a0 \u00a0 \u00a0 \u00a0 \u00a0 \u00a0 \u00a0 \u00a0 \u00a0 \u00a0 \u00a0 \u00a0 \u00a0 <\/strong>MOBILIER DE JARDIN HAUT DE GAMME<\/span><\/p>\n<p><img loading=\"lazy\" decoding=\"async\" class=\"alignnone wp-image-14010\" src=\"https:\/\/maisonbelloeil.fr\/wp-content\/uploads\/2023\/06\/by-pininfarina.png\" alt=\"Logo by Pininfarina\" width=\"200\" height=\"18\" \/><\/p>\n<\/div>","protected":false},"featured_media":5060,"comment_status":"open","ping_status":"closed","template":"","meta":{"ocean_post_layout":"","ocean_both_sidebars_style":"","ocean_both_sidebars_content_width":0,"ocean_both_sidebars_sidebars_width":0,"ocean_sidebar":"0","ocean_second_sidebar":"0","ocean_disable_margins":"enable","ocean_add_body_class":"","ocean_shortcode_before_top_bar":"","ocean_shortcode_after_top_bar":"","ocean_shortcode_before_header":"","ocean_shortcode_after_header":"","ocean_has_shortcode":"","ocean_shortcode_after_title":"","ocean_shortcode_before_footer_widgets":"","ocean_shortcode_after_footer_widgets":"","ocean_shortcode_before_footer_bottom":"","ocean_shortcode_after_footer_bottom":"","ocean_display_top_bar":"default","ocean_display_header":"default","ocean_header_style":"","ocean_center_header_left_menu":"0","ocean_custom_header_template":"0","ocean_custom_logo":0,"ocean_custom_retina_logo":0,"ocean_custom_logo_max_width":0,"ocean_custom_logo_tablet_max_width":0,"ocean_custom_logo_mobile_max_width":0,"ocean_custom_logo_max_height":0,"ocean_custom_logo_tablet_max_height":0,"ocean_custom_logo_mobile_max_height":0,"ocean_header_custom_menu":"0","ocean_menu_typo_font_family":"0","ocean_menu_typo_font_subset":"","ocean_menu_typo_font_size":0,"ocean_menu_typo_font_size_tablet":0,"ocean_menu_typo_font_size_mobile":0,"ocean_menu_typo_font_size_unit":"px","ocean_menu_typo_font_weight":"","ocean_menu_typo_font_weight_tablet":"","ocean_menu_typo_font_weight_mobile":"","ocean_menu_typo_transform":"","ocean_menu_typo_transform_tablet":"","ocean_menu_typo_transform_mobile":"","ocean_menu_typo_line_height":0,"ocean_menu_typo_line_height_tablet":0,"ocean_menu_typo_line_height_mobile":0,"ocean_menu_typo_line_height_unit":"","ocean_menu_typo_spacing":0,"ocean_menu_typo_spacing_tablet":0,"ocean_menu_typo_spacing_mobile":0,"ocean_menu_typo_spacing_unit":"","ocean_menu_link_color":"","ocean_menu_link_color_hover":"","ocean_menu_link_color_active":"","ocean_menu_link_background":"","ocean_menu_link_hover_background":"","ocean_menu_link_active_background":"","ocean_menu_social_links_bg":"","ocean_menu_social_hover_links_bg":"","ocean_menu_social_links_color":"","ocean_menu_social_hover_links_color":"","ocean_disable_title":"default","ocean_disable_heading":"default","ocean_post_title":"","ocean_post_subheading":"","ocean_post_title_style":"","ocean_post_title_background_color":"","ocean_post_title_background":0,"ocean_post_title_bg_image_position":"","ocean_post_title_bg_image_attachment":"","ocean_post_title_bg_image_repeat":"","ocean_post_title_bg_image_size":"","ocean_post_title_height":0,"ocean_post_title_bg_overlay":0.5,"ocean_post_title_bg_overlay_color":"","ocean_disable_breadcrumbs":"default","ocean_breadcrumbs_color":"","ocean_breadcrumbs_separator_color":"","ocean_breadcrumbs_links_color":"","ocean_breadcrumbs_links_hover_color":"","ocean_display_footer_widgets":"default","ocean_display_footer_bottom":"default","ocean_custom_footer_template":"0"},"product_brand":[135],"product_cat":[53],"product_tag":[141,65],"class_list":{"0":"post-5059","1":"product","2":"type-product","3":"status-publish","4":"has-post-thumbnail","6":"product_brand-higold","7":"product_cat-salon-de-jardin","8":"product_tag-higold","9":"product_tag-wing","11":"entry","12":"has-media","14":"first","15":"instock","16":"taxable","17":"shipping-taxable","18":"purchasable","19":"product-type-variable","20":"has-rating","21":"col","22":"span_1_of_3","23":"owp-content-center","24":"item-entry","25":"owp-thumbs-layout-horizontal","26":"owp-btn-very-big","27":"owp-tabs-layout-horizontal"},"_links":{"self":[{"href":"https:\/\/maisonbelloeil.fr\/en\/wp-json\/wp\/v2\/product\/5059","targetHints":{"allow":["GET"]}}],"collection":[{"href":"https:\/\/maisonbelloeil.fr\/en\/wp-json\/wp\/v2\/product"}],"about":[{"href":"https:\/\/maisonbelloeil.fr\/en\/wp-json\/wp\/v2\/types\/product"}],"replies":[{"embeddable":true,"href":"https:\/\/maisonbelloeil.fr\/en\/wp-json\/wp\/v2\/comments?post=5059"}],"wp:featuredmedia":[{"embeddable":true,"href":"https:\/\/maisonbelloeil.fr\/en\/wp-json\/wp\/v2\/media\/5060"}],"wp:attachment":[{"href":"https:\/\/maisonbelloeil.fr\/en\/wp-json\/wp\/v2\/media?parent=5059"}],"wp:term":[{"taxonomy":"product_brand","embeddable":true,"href":"https:\/\/maisonbelloeil.fr\/en\/wp-json\/wp\/v2\/product_brand?post=5059"},{"taxonomy":"product_cat","embeddable":true,"href":"https:\/\/maisonbelloeil.fr\/en\/wp-json\/wp\/v2\/product_cat?post=5059"},{"taxonomy":"product_tag","embeddable":true,"href":"https:\/\/maisonbelloeil.fr\/en\/wp-json\/wp\/v2\/product_tag?post=5059"}],"curies":[{"name":"wp","href":"https:\/\/api.w.org\/{rel}","templated":true}]}}