{"id":3370,"date":"2023-06-25T12:09:47","date_gmt":"2023-06-25T10:09:47","guid":{"rendered":"https:\/\/maisonbelloeil.fr\/?post_type=product&#038;p=3370"},"modified":"2025-06-17T15:03:25","modified_gmt":"2025-06-17T13:03:25","slug":"salon-de-jardin-en-corde-tressee-aio","status":"publish","type":"product","link":"https:\/\/maisonbelloeil.fr\/en\/product\/salon-de-jardin-en-corde-tressee-aio\/","title":{"rendered":"Salon de jardin en corde tress\u00e9e bleu 5 places AIO"},"content":{"rendered":"<h2 style=\"text-align: center;\"><span style=\"color: #333333;\"><strong>Ensemble salon de jardin 5 places de la gamme AIO<\/strong><\/span><\/h2>\n<p>Inspir\u00e9e du charme italien, de la d\u00e9tente m\u00e9diterran\u00e9enne, et du soleil r\u00e9g\u00e9n\u00e9rant, la collection <a href=\"https:\/\/maisonbelloeil.fr\/en\/product-tag\/aio\/\"><strong><span style=\"color: #346f7f;\">AIO<\/span><\/strong><\/a> et son salon de jardin en <strong>corde tress\u00e9e<\/strong> offre une sensation de <strong>d\u00e9tente<\/strong> totale avec des textures \u00e9voquant le sable et des d\u00e9tails en corde, cr\u00e9ant une exp\u00e9rience m\u00e9morable.<\/p>\n<p>Ce salon de jardin <strong>cozy<\/strong> en cordage constitu\u00e9 d&rsquo;un <strong>canap\u00e9 de jardin trois places<\/strong> en r\u00e9sine tress\u00e9e, de <strong>deux fauteuils de jardin<\/strong> ronds est accompagn\u00e9 d&rsquo;un <strong>trio de tables<\/strong>. Il vous transportera dans un environnement exceptionnel \u00e9voquant l&rsquo;atmosph\u00e8re c\u00f4ti\u00e8re, offrant un confort absolu.<\/p>\n<p>&nbsp;<\/p>\n<h2 style=\"text-align: center;\">Points forts du salon de jardin en corde tress\u00e9e<\/h2>\n<h3><span style=\"color: #333333;\"><img decoding=\"async\" class=\"aligncenter wp-image-14040 size-full\" src=\"https:\/\/maisonbelloeil.fr\/wp-content\/uploads\/2023\/06\/logo-quick-dry-150x50-1.jpg\" alt=\"Quickdry\" width=\"150\" height=\"50\" title=\"\"><\/span><\/h3>\n<p style=\"text-align: center;\"><img decoding=\"async\" class=\"aligncenter wp-image-13989\" src=\"https:\/\/maisonbelloeil.fr\/wp-content\/uploads\/2023\/09\/logo-reddot-design-award.jpeg\" alt=\"Prix de design Reddot design award\" width=\"122\" height=\"80\" title=\"\"><\/p>\n<p>&nbsp;<\/p>\n<ul>\n<li><span style=\"color: #333333;\">Structure en <strong>aluminium<\/strong>: L\u00e9g\u00e8re, r\u00e9sistante aux intemp\u00e9ries, durable.<\/span><\/li>\n<li><span style=\"color: #333333;\">Tissu en acrylique : r\u00e9sistant aux <strong>UV<\/strong> et simple \u00e0 nettoyer.<\/span><\/li>\n<li><span style=\"color: #333333;\">R\u00e9sine tress\u00e9e en <strong>Polyrotin <\/strong>assembl\u00e9 \u00e0 la main: charme et r\u00e9sistance.<\/span><\/li>\n<li><span style=\"color: #333333;\"><strong>Assises<\/strong> et <strong>coussins <\/strong>\u00e9pais\u00a0 de 25 cm pour un <strong>confort<\/strong> total.<\/span><\/li>\n<li><span style=\"color: #333333;\">Plateau en <strong>teck massif<\/strong> pour les tables basses: la beaut\u00e9 du bois et la facilit\u00e9 d&rsquo;entretien.<\/span><\/li>\n<li>Coloris : bleu;<\/li>\n<\/ul>\n<p>&nbsp;<\/p>\n<h2 style=\"text-align: center;\">Composition du salon de jardin en r\u00e9sine tress\u00e9e<\/h2>\n<ul>\n<li><span style=\"color: #333333;\"><strong>Un canap\u00e9 trois places :<\/strong><br \/>\nL: 238 cm \/ l: 82 cm \/ H: 67,5 cm<\/span><\/li>\n<li><span style=\"color: #333333;\"><strong>Deux fauteuils de jardin :<\/strong><br \/>\nL: 97 cm \/ l: 82 cm \/ H: 67,5 cm<\/span><\/li>\n<li><span style=\"color: #333333;\"><strong>Deux tables basses:<\/strong><br \/>\nL: 110 cm \/ l: 75 cm \/ H: 32 cm<br \/>\nL: 80 cm \/ l: 75 cm \/ H: 39 cm<br \/>\n<\/span><\/li>\n<li><span style=\"color: #333333;\"><strong>Une table d&rsquo;appoint:<\/strong><br \/>\nL: 47 cm \/ l: 44 cm \/ H: 43,5 cm<br \/>\n<\/span><\/li>\n<\/ul>\n<p>&nbsp;<\/p>\n<p><img fetchpriority=\"high\" decoding=\"async\" class=\"wp-image-2899 size-full aligncenter\" src=\"https:\/\/maisonbelloeil.fr\/wp-content\/uploads\/2023\/06\/Chaise-et-tables-11.jpg\" alt=\"icone salon exterieur\" width=\"500\" height=\"100\" title=\"\" srcset=\"https:\/\/maisonbelloeil.fr\/wp-content\/uploads\/2023\/06\/Chaise-et-tables-11.jpg 500w, https:\/\/maisonbelloeil.fr\/wp-content\/uploads\/2023\/06\/Chaise-et-tables-11-300x60.jpg 300w\" sizes=\"(max-width: 500px) 100vw, 500px\" \/><\/p>\n<p>&nbsp;<\/p>\n<p>Pour toute\u00a0<strong>demande de renseignement<\/strong>\u00a0ou pour\u00a0<strong>finaliser votre achat<\/strong>, nous vous invitons \u00e0<a href=\"https:\/\/maisonbelloeil.fr\/en\/contactez-nous\/\"><em><strong>\u00a0nous contacter<\/strong><\/em><\/a>.\u00a0 \u00a0 \u00a0 \u00a0 \u00a0 \u00a0 \u00a0 \u00a0 \u00a0 \u00a0 \u00a0 \u00a0 \u00a0 \u00a0 \u00a0 \u00a0 \u00a0 \u00a0 \u00a0 \u00a0 \u00a0 \u00a0 \u00a0 \u00a0 \u00a0 \u00a0 \u00a0 \u00a0 \u00a0 \u00a0 \u00a0 \u00a0 \u00a0 \u00a0 \u00a0 \u00a0 \u00a0 \u00a0 \u00a0 \u00a0 \u00a0 \u00a0 \u00a0 \u00a0 \u00a0 \u00a0 \u00a0 \u00a0 \u00a0 \u00a0 \u00a0 \u00a0 \u00a0 \u00a0 \u00a0 \u00a0 \u00a0 \u00a0 \u00a0 \u00a0 \u00a0 \u00a0 \u00a0 \u00a0 \u00a0 \u00a0 \u00a0 \u00a0 \u00a0 \u00a0 Notre \u00e9quipe se tient \u00e0 votre \u00e9coute pour vous offrir un <strong>service sur-mesure<\/strong><\/p>\n<p>&nbsp;<\/p>\n<hr \/>\n<h2 style=\"text-align: center;\"><span style=\"color: #333333;\">Produits compl\u00e9mentaires \u00e0 l&rsquo;ensemble de jardin haut de gamme Aio<\/span><\/h2>\n<p><span style=\"color: #333333;\">Pourquoi ne pas compl\u00e9ter votre ensemble salon de jardin en corde tress\u00e9e avec <a href=\"https:\/\/maisonbelloeil.fr\/en\/product\/table-et-chaises-de-jardin-en-corde-aio\/\"><span style=\"color: #346f7f;\"><strong><span style=\"color: #346f7f;\">l&rsquo;ensemble<\/span> table et chaises de jardin<\/strong><\/span><\/a>\u00a0de la m\u00eame collection?<\/span><\/p>\n<p>D\u00e9couvrez l&rsquo;ensemble de nos <a href=\"https:\/\/maisonbelloeil.fr\/en\/product-category\/salon-de-jardin\/\"><strong><span style=\"color: #346f7f;\">salon de jardin haut de gamme<\/span><\/strong><\/a>.<\/p>\n<p>&nbsp;<\/p>\n<hr \/>\n<h2 style=\"text-align: center;\"><span style=\"color: #333333;\">Mat\u00e9riaux et instructions d&rsquo;entretien<\/span><\/h2>\n<p>Am\u00e9nagez votre lounge ext\u00e9rieur avec des mat\u00e9riaux de qualit\u00e9. Le polyrotin, mat\u00e9riau synth\u00e9tique imitant le rotin naturel, offre un aspect chaleureux et contemporain \u00e0 vos meubles. Le poly rotin, facile d&rsquo;entretien, ne n\u00e9cessite qu&rsquo;un simple nettoyage \u00e0 l&rsquo;eau savonneuse.<\/p>\n<p>L&rsquo;aluminium, mat\u00e9riau l\u00e9ger et inoxydable, assure une structure solide et durable, id\u00e9ale pour un usage en ext\u00e9rieur. L&rsquo;<strong>alu<\/strong>, mat\u00e9riau recyclable, s&rsquo;int\u00e8gre parfaitement dans une d\u00e9marche \u00e9co-responsable.<\/p>\n<p>Le teck, bois exotique par excellence, r\u00e9siste aux intemp\u00e9ries et apporte une touche d&rsquo;authenticit\u00e9 \u00e0 votre espace ext\u00e9rieur. Chaque \u00e9l\u00e9ment de nos collections est con\u00e7u pour vous offrir un confort et une esth\u00e9tique in\u00e9gal\u00e9s. Le teck, avec le temps, d\u00e9veloppe une patine grise naturelle qui lui conf\u00e8re un charme unique.<\/p>\n<p>&nbsp;<\/p>\n<hr \/>\n<p><img loading=\"lazy\" decoding=\"async\" class=\"aligncenter wp-image-14012 size-medium\" src=\"https:\/\/maisonbelloeil.fr\/wp-content\/uploads\/2023\/06\/logo-revendeurofficiel-higold-300x54.png\" alt=\"Logo revendeur officiel Higold.\" width=\"300\" height=\"54\" title=\"\" srcset=\"https:\/\/maisonbelloeil.fr\/wp-content\/uploads\/2023\/06\/logo-revendeurofficiel-higold-300x54.png 300w, https:\/\/maisonbelloeil.fr\/wp-content\/uploads\/2023\/06\/logo-revendeurofficiel-higold-700x126.png 700w, https:\/\/maisonbelloeil.fr\/wp-content\/uploads\/2023\/06\/logo-revendeurofficiel-higold-1024x184.png 1024w, https:\/\/maisonbelloeil.fr\/wp-content\/uploads\/2023\/06\/logo-revendeurofficiel-higold-768x138.png 768w, https:\/\/maisonbelloeil.fr\/wp-content\/uploads\/2023\/06\/logo-revendeurofficiel-higold-1536x276.png 1536w, https:\/\/maisonbelloeil.fr\/wp-content\/uploads\/2023\/06\/logo-revendeurofficiel-higold.png 1847w\" sizes=\"(max-width: 300px) 100vw, 300px\" \/><br \/>\n<img loading=\"lazy\" decoding=\"async\" class=\"aligncenter wp-image-14042 size-full\" src=\"https:\/\/maisonbelloeil.fr\/wp-content\/uploads\/2023\/06\/sl_higold-excellent-life_rgb-300x45-1.png\" alt=\"excellent life\" width=\"300\" height=\"45\" title=\"\"><\/p>\n<p><img loading=\"lazy\" decoding=\"async\" class=\"aligncenter wp-image-14043\" src=\"https:\/\/maisonbelloeil.fr\/wp-content\/uploads\/2023\/06\/ukas-300x225.jpg\" alt=\"logo UKAS\" width=\"107\" height=\"80\" title=\"\" srcset=\"https:\/\/maisonbelloeil.fr\/wp-content\/uploads\/2023\/06\/ukas-300x225.jpg 300w, https:\/\/maisonbelloeil.fr\/wp-content\/uploads\/2023\/06\/ukas-700x525.jpg 700w, https:\/\/maisonbelloeil.fr\/wp-content\/uploads\/2023\/06\/ukas-768x576.jpg 768w, https:\/\/maisonbelloeil.fr\/wp-content\/uploads\/2023\/06\/ukas.jpg 866w\" sizes=\"(max-width: 107px) 100vw, 107px\" \/><\/p>\n<p><img loading=\"lazy\" decoding=\"async\" class=\"aligncenter wp-image-14045\" src=\"https:\/\/maisonbelloeil.fr\/wp-content\/uploads\/2023\/06\/bsci.jpg\" alt=\"logo BCSI\" width=\"99\" height=\"70\" title=\"\"><\/p>","protected":false},"excerpt":{"rendered":"<h3><span style=\"color: #333333;\"><strong>Ensemble salon de jardin 5 places comportant:<\/strong><\/span><\/h3>\n<ul>\n<li><span style=\"color: #333333;\">Un canap\u00e9 3 places<\/span><\/li>\n<li><span style=\"color: #333333;\">Deux fauteuils<\/span><\/li>\n<li><span style=\"color: #333333;\">Deux tables basses<\/span><\/li>\n<li><span style=\"color: #333333;\">Une table d&rsquo;appoint<\/span><span style=\"color: #333333;\"><br \/>\n<\/span><\/li>\n<\/ul>\n<hr \/>\n<p><span style=\"color: #346f7f;\">Polyrotin<\/span> | <span style=\"color: #346f7f;\">Bois de Teck de grade A<\/span> | <span style=\"color: #346f7f;\">Aluminium<\/span><\/p>\n<p><img loading=\"lazy\" decoding=\"async\" class=\"alignleft wp-image-14040\" src=\"https:\/\/maisonbelloeil.fr\/wp-content\/uploads\/2023\/06\/logo-quick-dry-150x50-1.jpg\" alt=\"Quickdry\" width=\"120\" height=\"40\" \/><\/p>\n<p>&nbsp;<\/p>\n<hr \/>\n<p><em><span style=\"color: #ff6600;\"><span style=\"color: #800080;\"><strong><span style=\"color: #bf4d00;\"><span style=\"color: #333333;\"><img loading=\"lazy\" decoding=\"async\" class=\"alignleft wp-image-15282\" src=\"https:\/\/maisonbelloeil.fr\/wp-content\/uploads\/2023\/09\/Logo-livraison-offerte.png\" alt=\"\" width=\"75\" height=\"30\" \/> <span style=\"color: #800080;\">Frais de port offerts<\/span><\/span><br \/>\n<\/span><\/strong><\/span><\/span><\/em><\/p>\n<hr \/>\n<p><span style=\"color: #333333;\">Pour toute\u00a0<strong>demande de renseignement<\/strong>\u00a0ou pour\u00a0<strong>finaliser votre achat<\/strong>, nous vous invitons \u00e0<a href=\"https:\/\/maisonbelloeil.fr\/en\/contactez-nous\/\"><em><strong>\u00a0nous contacter<\/strong><\/em><\/a>.\u00a0 \u00a0 \u00a0 \u00a0 \u00a0 \u00a0 \u00a0 \u00a0 \u00a0 \u00a0 \u00a0 \u00a0 \u00a0 \u00a0 \u00a0 \u00a0 \u00a0 \u00a0 \u00a0 \u00a0 \u00a0 \u00a0 \u00a0 \u00a0 \u00a0 \u00a0 \u00a0 \u00a0 \u00a0 \u00a0 \u00a0 \u00a0 \u00a0 \u00a0 \u00a0 \u00a0 \u00a0 \u00a0 \u00a0 \u00a0 Notre \u00e9quipe se tient \u00e0 votre \u00e9coute pour vous offrir un\u00a0<strong>service sur-mesure\u00a0 \u00a0 \u00a0 \u00a0 \u00a0 \u00a0 \u00a0 \u00a0 \u00a0 \u00a0 \u00a0 \u00a0 \u00a0 \u00a0 \u00a0 \u00a0 \u00a0 \u00a0 \u00a0 \u00a0 \u00a0 \u00a0 \u00a0 \u00a0 \u00a0 \u00a0 \u00a0 \u00a0 \u00a0 \u00a0 <\/strong>ENSEMBLE DE JARDIN DESIGN<\/span><\/p>\n<p><img loading=\"lazy\" decoding=\"async\" class=\"alignnone wp-image-14101\" src=\"https:\/\/maisonbelloeil.fr\/wp-content\/uploads\/2023\/10\/by-bellini-h-30.jpg\" alt=\"Claudio bellini designer\" width=\"177\" height=\"20\" \/><\/p>","protected":false},"featured_media":3379,"comment_status":"open","ping_status":"closed","template":"","meta":{"ocean_post_layout":"","ocean_both_sidebars_style":"","ocean_both_sidebars_content_width":0,"ocean_both_sidebars_sidebars_width":0,"ocean_sidebar":"0","ocean_second_sidebar":"0","ocean_disable_margins":"enable","ocean_add_body_class":"","ocean_shortcode_before_top_bar":"","ocean_shortcode_after_top_bar":"","ocean_shortcode_before_header":"","ocean_shortcode_after_header":"","ocean_has_shortcode":"","ocean_shortcode_after_title":"","ocean_shortcode_before_footer_widgets":"","ocean_shortcode_after_footer_widgets":"","ocean_shortcode_before_footer_bottom":"","ocean_shortcode_after_footer_bottom":"","ocean_display_top_bar":"default","ocean_display_header":"default","ocean_header_style":"","ocean_center_header_left_menu":"0","ocean_custom_header_template":"0","ocean_custom_logo":0,"ocean_custom_retina_logo":0,"ocean_custom_logo_max_width":0,"ocean_custom_logo_tablet_max_width":0,"ocean_custom_logo_mobile_max_width":0,"ocean_custom_logo_max_height":0,"ocean_custom_logo_tablet_max_height":0,"ocean_custom_logo_mobile_max_height":0,"ocean_header_custom_menu":"0","ocean_menu_typo_font_family":"0","ocean_menu_typo_font_subset":"","ocean_menu_typo_font_size":0,"ocean_menu_typo_font_size_tablet":0,"ocean_menu_typo_font_size_mobile":0,"ocean_menu_typo_font_size_unit":"px","ocean_menu_typo_font_weight":"","ocean_menu_typo_font_weight_tablet":"","ocean_menu_typo_font_weight_mobile":"","ocean_menu_typo_transform":"","ocean_menu_typo_transform_tablet":"","ocean_menu_typo_transform_mobile":"","ocean_menu_typo_line_height":0,"ocean_menu_typo_line_height_tablet":0,"ocean_menu_typo_line_height_mobile":0,"ocean_menu_typo_line_height_unit":"","ocean_menu_typo_spacing":0,"ocean_menu_typo_spacing_tablet":0,"ocean_menu_typo_spacing_mobile":0,"ocean_menu_typo_spacing_unit":"","ocean_menu_link_color":"","ocean_menu_link_color_hover":"","ocean_menu_link_color_active":"","ocean_menu_link_background":"","ocean_menu_link_hover_background":"","ocean_menu_link_active_background":"","ocean_menu_social_links_bg":"","ocean_menu_social_hover_links_bg":"","ocean_menu_social_links_color":"","ocean_menu_social_hover_links_color":"","ocean_disable_title":"default","ocean_disable_heading":"default","ocean_post_title":"","ocean_post_subheading":"","ocean_post_title_style":"centered-minimal","ocean_post_title_background_color":"","ocean_post_title_background":0,"ocean_post_title_bg_image_position":"","ocean_post_title_bg_image_attachment":"","ocean_post_title_bg_image_repeat":"","ocean_post_title_bg_image_size":"","ocean_post_title_height":0,"ocean_post_title_bg_overlay":0.5,"ocean_post_title_bg_overlay_color":"","ocean_disable_breadcrumbs":"default","ocean_breadcrumbs_color":"","ocean_breadcrumbs_separator_color":"","ocean_breadcrumbs_links_color":"","ocean_breadcrumbs_links_hover_color":"","ocean_display_footer_widgets":"default","ocean_display_footer_bottom":"default","ocean_custom_footer_template":"0"},"product_brand":[135],"product_cat":[53],"product_tag":[63,141],"class_list":{"0":"post-3370","1":"product","2":"type-product","3":"status-publish","4":"has-post-thumbnail","6":"product_brand-higold","7":"product_cat-salon-de-jardin","8":"product_tag-aio","9":"product_tag-higold","11":"entry","12":"has-media","14":"first","15":"instock","16":"taxable","17":"shipping-taxable","18":"purchasable","19":"product-type-simple","20":"col","21":"span_1_of_3","22":"owp-content-center","23":"item-entry","24":"owp-thumbs-layout-horizontal","25":"owp-btn-very-big","26":"owp-tabs-layout-horizontal"},"_links":{"self":[{"href":"https:\/\/maisonbelloeil.fr\/en\/wp-json\/wp\/v2\/product\/3370","targetHints":{"allow":["GET"]}}],"collection":[{"href":"https:\/\/maisonbelloeil.fr\/en\/wp-json\/wp\/v2\/product"}],"about":[{"href":"https:\/\/maisonbelloeil.fr\/en\/wp-json\/wp\/v2\/types\/product"}],"replies":[{"embeddable":true,"href":"https:\/\/maisonbelloeil.fr\/en\/wp-json\/wp\/v2\/comments?post=3370"}],"wp:featuredmedia":[{"embeddable":true,"href":"https:\/\/maisonbelloeil.fr\/en\/wp-json\/wp\/v2\/media\/3379"}],"wp:attachment":[{"href":"https:\/\/maisonbelloeil.fr\/en\/wp-json\/wp\/v2\/media?parent=3370"}],"wp:term":[{"taxonomy":"product_brand","embeddable":true,"href":"https:\/\/maisonbelloeil.fr\/en\/wp-json\/wp\/v2\/product_brand?post=3370"},{"taxonomy":"product_cat","embeddable":true,"href":"https:\/\/maisonbelloeil.fr\/en\/wp-json\/wp\/v2\/product_cat?post=3370"},{"taxonomy":"product_tag","embeddable":true,"href":"https:\/\/maisonbelloeil.fr\/en\/wp-json\/wp\/v2\/product_tag?post=3370"}],"curies":[{"name":"wp","href":"https:\/\/api.w.org\/{rel}","templated":true}]}}