{"id":3329,"date":"2023-06-24T17:00:19","date_gmt":"2023-06-24T15:00:19","guid":{"rendered":"https:\/\/maisonbelloeil.fr\/?post_type=product&#038;p=3329"},"modified":"2025-06-17T15:04:52","modified_gmt":"2025-06-17T13:04:52","slug":"bain-soleil-transat-aluminium-blanc-wing","status":"publish","type":"product","link":"https:\/\/maisonbelloeil.fr\/en\/product\/bain-soleil-transat-aluminium-blanc-wing\/","title":{"rendered":"Bain de soleil transat aluminium blanc WING"},"content":{"rendered":"<h2 style=\"text-align: center;\">Transat aluminium blanc Wing<\/h2>\n<p>D\u00e9couvrez notre \u00e9l\u00e9gant bain de soleil en aluminium de la collection WING dont le <strong>concept de l\u00e9g\u00e8ret\u00e9<\/strong> a guid\u00e9 la cr\u00e9ativit\u00e9 de nos designers.<\/p>\n<p>Les <strong>lignes dynamiques, \u00e9pur\u00e9es et sophistiqu\u00e9es<\/strong> de ce mobilier d&rsquo;ext\u00e9rieur en font le choix id\u00e9al pour s&rsquo;int\u00e9grer harmonieusement dans des environnements urbains ou au c\u0153ur de la nature.<\/p>\n<p>Chaque composant de cette collection se distingue par une <strong>structure en aluminium blanc pli\u00e9e<\/strong>, agr\u00e9ment\u00e9e de lignes g\u00e9om\u00e9triques essentielles qui \u00e9voquent l&rsquo;esth\u00e9tique de l&rsquo;architecture <strong>contemporaine<\/strong>. Le teck sup\u00e9rieur, au polissage minutieux et <strong>agenc\u00e9 en lamelles<\/strong>, ajoute une touche de raffinement.<\/p>\n<p>La mousse d&rsquo;une \u00e9paisseur de 12 cm, appel\u00e9e \u00ab <strong>quick dry foam<\/strong> \u00bb, a \u00e9t\u00e9 con\u00e7ue pour vous offrir un <strong>confort in\u00e9gal\u00e9<\/strong>. La s\u00e9lection m\u00e9ticuleuse de chaque mat\u00e9riau garantit une exp\u00e9rience d&rsquo;utilisation exceptionnelle.<\/p>\n<p>Transformez vos moments de d\u00e9tente en plein air en une exp\u00e9rience alliant <strong>style et confort<\/strong>, gr\u00e2ce au bain de soleil en aluminium de haute qualit\u00e9 de la collection <a href=\"https:\/\/maisonbelloeil.fr\/en\/product-tag\/wing\/\"><strong><span style=\"color: #346f7f;\">WING<\/span><\/strong><\/a>.<\/p>\n<p>&nbsp;<\/p>\n<h3 style=\"text-align: center;\"><span style=\"color: #333333;\">Points forts du transat aluminium blanc<\/span><\/h3>\n<p>&nbsp;<\/p>\n<p><img decoding=\"async\" class=\"alignleft wp-image-14041 size-full\" src=\"https:\/\/maisonbelloeil.fr\/wp-content\/uploads\/2023\/06\/logo-akzonobel-150x50-1.jpg\" alt=\"Akzonobel\" width=\"150\" height=\"50\" title=\"\"><img decoding=\"async\" class=\"alignleft wp-image-14040 size-full\" src=\"https:\/\/maisonbelloeil.fr\/wp-content\/uploads\/2023\/06\/logo-quick-dry-150x50-1.jpg\" alt=\"\" width=\"150\" height=\"50\" title=\"\"><\/p>\n<p>&nbsp;<\/p>\n<p>&nbsp;<\/p>\n<p>&nbsp;<\/p>\n<ul>\n<li><span style=\"color: #333333;\"><strong>Structure en aluminium<\/strong> <strong>de 8 mm<\/strong> rendue insensible \u00e0 l&rsquo;oxydation par traitement <strong>Akzonobel<\/strong> : L\u00e9g\u00e8re, r\u00e9sistante aux intemp\u00e9ries, durable.<\/span><\/li>\n<li><span style=\"color: #333333;\">Mousse <strong>Quick Dry Foam\u00ae<\/strong> de haute densit\u00e9, antimicrobienne et d\u00e9velopp\u00e9e pour assurer un s\u00e9chage rapide<\/span><\/li>\n<li><span style=\"color: #333333;\">Panneaux lat\u00e9raux ajour\u00e9s: <strong>l\u00e9g\u00e8ret\u00e9<\/strong> et d\u00e9licatesse.<\/span><\/li>\n<li><span style=\"color: #333333;\">Tissu acrylique r\u00e9sistant aux UV et \u00e0 la d\u00e9coloration.<\/span><\/li>\n<li><span style=\"color: #333333;\"><strong>Teck naturel<\/strong> de grade A<\/span><\/li>\n<\/ul>\n<p>&nbsp;<\/p>\n<h3 style=\"text-align: center;\">Composition de l&rsquo;ensemble bain de soleil design blanc<\/h3>\n<ul>\n<li><strong><span style=\"color: #333333;\">Un transat:<\/span><\/strong><br \/>\n<span style=\"color: #333333;\">L: 197 cm \/ l: 88,5 cm \/ H: 55,5 cm \/ H totale: 83,5 cm<\/span><\/li>\n<li><strong><span style=\"color: #333333;\">Une table d&rsquo;appoint:<\/span><\/strong><br \/>\n<span style=\"color: #333333;\">L: 50 cm \/ l: 50 cm H: 40 cm<\/span><\/li>\n<\/ul>\n<p>&nbsp;<\/p>\n<p><img decoding=\"async\" class=\"wp-image-4974 size-full aligncenter\" src=\"https:\/\/maisonbelloeil.fr\/wp-content\/uploads\/2023\/06\/ICONO-Transat.jpg\" alt=\"icono transat et table d&#039;appoint\" width=\"253\" height=\"100\" title=\"\"><\/p>\n<p>&nbsp;<\/p>\n<p>Pour toute\u00a0<strong>demande de renseignement<\/strong>\u00a0ou pour\u00a0<strong>finaliser votre achat<\/strong>, nous vous invitons \u00e0<a href=\"https:\/\/maisonbelloeil.fr\/en\/contactez-nous\/\"><em><strong>\u00a0nous contacter<\/strong><\/em><\/a>.\u00a0 \u00a0 \u00a0 \u00a0 \u00a0 \u00a0 \u00a0 \u00a0 \u00a0 \u00a0 \u00a0 \u00a0 \u00a0 \u00a0 \u00a0 \u00a0 \u00a0 \u00a0 \u00a0 \u00a0 \u00a0 \u00a0 \u00a0 \u00a0 \u00a0 \u00a0 \u00a0 \u00a0 \u00a0 \u00a0 \u00a0 \u00a0 \u00a0 \u00a0 \u00a0 \u00a0 \u00a0 \u00a0 \u00a0 \u00a0 \u00a0 \u00a0 \u00a0 \u00a0 \u00a0 \u00a0 \u00a0 \u00a0 \u00a0 \u00a0 \u00a0 \u00a0 \u00a0 \u00a0 \u00a0 \u00a0 \u00a0 \u00a0 \u00a0 \u00a0 \u00a0 \u00a0 \u00a0 \u00a0 \u00a0 \u00a0 \u00a0 \u00a0 \u00a0 \u00a0 Notre \u00e9quipe se tient \u00e0 votre \u00e9coute pour vous offrir un <strong>service sur-mesure<\/strong><\/p>\n<p>&nbsp;<\/p>\n<h3 style=\"text-align: center;\"><span style=\"color: #333333;\">Produits compl\u00e9mentaires<\/span><\/h3>\n<p><span style=\"color: #333333;\">Pourquoi ne pas compl\u00e9ter votre bain de soleil transat aluminium blanc WING avec un <a href=\"https:\/\/maisonbelloeil.fr\/en\/product\/salon-de-jardin-aluminium-4-places-wing\/\"><span style=\"color: #346f7f;\"><strong>salon de jardin aluminium 4 places<\/strong><\/span><\/a>\u00a0de la m\u00eame collection?<\/span><\/p>\n<p>Un coup d&rsquo;oeil \u00e0 notre s\u00e9l\u00e9ction de <a href=\"https:\/\/maisonbelloeil.fr\/en\/product-category\/bains-de-soleil\/\"><strong><span style=\"color: #346f7f;\">bains de soleil en aluminium<\/span><\/strong><\/a> ?<\/p>\n<p>&nbsp;<\/p>\n<h2 style=\"text-align: center;\">Pourquoi choisir le bain de soleil en aluminium WING?<\/h2>\n<p><strong>D\u00e9couvrez le summum du confort et de l&rsquo;esth\u00e9tique avec notre transat en aluminium blanc, le compagnon id\u00e9al pour vos journ\u00e9es ensoleill\u00e9es. Ce bain de soleil design en aluminium allie \u00e9l\u00e9gance et fonctionnalit\u00e9, cr\u00e9ant un havre de d\u00e9tente o\u00f9 le style rencontre le bien-\u00eatre. Profitez du luxe en plein air avec cet incontournable de la relaxation moderne.<\/strong><\/p>\n<p>&nbsp;<\/p>\n<h3 style=\"text-align: center;\"><span style=\"color: #333333;\">Mat\u00e9riaux et instructions d&rsquo;entretien<\/span><\/h3>\n<p><span style=\"color: #333333;\">L&rsquo;<strong>aluminium<\/strong> est tr\u00e8s r\u00e9pandu dans le domaine de la construction en raison de ses nombreuses qualit\u00e9s: Solide, l\u00e9ger, durable, pratique et esth\u00e9tique, il r\u00e9siste \u00e0 la pluie, \u00e0 l\u2019humidit\u00e9, au soleil, ne rouille pas et ne perd pas son \u00e9clat.<\/span><\/p>\n<p>Le tissu en\u00a0<strong>Ol\u00e9fine<\/strong>\u00a0est un tissu \u00e0 haute performance: l\u00e9ger et doux au toucher, l\u2019Ol\u00e9fine est aussi r\u00e9sistant, imperm\u00e9able, \u00e9vacue l\u2019humidit\u00e9, r\u00e9sistant aux taches et s\u00e8che rapidement.<\/p>\n<p><span style=\"color: #333333;\">La mousse <strong>Quick Dry Foam\u00ae<\/strong> est une mousse de haute densit\u00e9 \u00e0 cellule ouverte, con\u00e7ue pour permettre \u00e0 l&rsquo;eau de s&rsquo;\u00e9couler rapidement et faciliter le s\u00e9chage.<\/span><\/p>\n<p><span style=\"color: #333333;\">Le <strong>bois de teck<\/strong> r\u00e9siste aux \u00e9l\u00e9ments ext\u00e9rieurs, sa haute teneur en huile, sa grande r\u00e9sistance \u00e0 la traction, son grain serr\u00e9 le rendent particuli\u00e8rement appropri\u00e9 pour une utilisation en ext\u00e9rieur. <\/span><span style=\"color: #333333;\">L&rsquo;application bisannuelle d&rsquo;une couche d&rsquo;huile pour teck est recommand\u00e9e.<\/span><\/p>\n<p>&nbsp;<\/p>\n<p><img loading=\"lazy\" decoding=\"async\" class=\"aligncenter wp-image-14012 size-medium\" src=\"https:\/\/maisonbelloeil.fr\/wp-content\/uploads\/2023\/06\/logo-revendeurofficiel-higold-300x54.png\" alt=\"Logo revendeur officiel Higold.\" width=\"300\" height=\"54\" title=\"\" srcset=\"https:\/\/maisonbelloeil.fr\/wp-content\/uploads\/2023\/06\/logo-revendeurofficiel-higold-300x54.png 300w, https:\/\/maisonbelloeil.fr\/wp-content\/uploads\/2023\/06\/logo-revendeurofficiel-higold-700x126.png 700w, https:\/\/maisonbelloeil.fr\/wp-content\/uploads\/2023\/06\/logo-revendeurofficiel-higold-1024x184.png 1024w, https:\/\/maisonbelloeil.fr\/wp-content\/uploads\/2023\/06\/logo-revendeurofficiel-higold-768x138.png 768w, https:\/\/maisonbelloeil.fr\/wp-content\/uploads\/2023\/06\/logo-revendeurofficiel-higold-1536x276.png 1536w, https:\/\/maisonbelloeil.fr\/wp-content\/uploads\/2023\/06\/logo-revendeurofficiel-higold.png 1847w\" sizes=\"(max-width: 300px) 100vw, 300px\" \/><\/p>\n<p><img loading=\"lazy\" decoding=\"async\" class=\"aligncenter wp-image-14042 size-full\" src=\"https:\/\/maisonbelloeil.fr\/wp-content\/uploads\/2023\/06\/sl_higold-excellent-life_rgb-300x45-1.png\" alt=\"excellent life\" width=\"300\" height=\"45\" title=\"\"><\/p>\n<p>&nbsp;<\/p>\n<p><img loading=\"lazy\" decoding=\"async\" class=\"aligncenter wp-image-14043\" src=\"https:\/\/maisonbelloeil.fr\/wp-content\/uploads\/2023\/06\/ukas-150x150.jpg\" alt=\"Ukas Management Quality\" width=\"100\" height=\"75\" title=\"\" srcset=\"https:\/\/maisonbelloeil.fr\/wp-content\/uploads\/2023\/06\/ukas-300x225.jpg 300w, https:\/\/maisonbelloeil.fr\/wp-content\/uploads\/2023\/06\/ukas-700x525.jpg 700w, https:\/\/maisonbelloeil.fr\/wp-content\/uploads\/2023\/06\/ukas-768x576.jpg 768w, https:\/\/maisonbelloeil.fr\/wp-content\/uploads\/2023\/06\/ukas.jpg 866w\" sizes=\"(max-width: 100px) 100vw, 100px\" \/><img loading=\"lazy\" decoding=\"async\" class=\"aligncenter wp-image-14045\" src=\"https:\/\/maisonbelloeil.fr\/wp-content\/uploads\/2023\/06\/bsci.jpg\" alt=\"BSCI\" width=\"106\" height=\"75\" title=\"\"><\/p>\n<p>&nbsp;<\/p>\n<p style=\"text-align: center;\"><span style=\"color: #346f7f;\"><strong>(\u00a9<a style=\"color: #346f7f;\" href=\"https:\/\/www.higoldeurope.eu\/\" rel=\"nofollow noopener\" target=\"_blank\">HIGOLD)<\/a><\/strong><\/span><\/p>\n<p>&nbsp;<\/p>","protected":false},"excerpt":{"rendered":"<div class=\"woocommerce-product-details__short-description\">\n<p style=\"text-align: left;\"><span style=\"color: #333333;\"><strong>Ensemble transat aluminium blanc :<\/strong><\/span><\/p>\n<ul style=\"text-align: left;\">\n<li><span style=\"color: #333333;\">Un bain de soleil<\/span><\/li>\n<li><span style=\"color: #333333;\">Une table d&rsquo;appoint<\/span><\/li>\n<\/ul>\n<hr \/>\n<p style=\"text-align: left;\"><span style=\"color: #346f7f;\">Aluminium<\/span> <span style=\"color: #346f7f;\">blanc<\/span> <span style=\"color: #333333;\">|<\/span>\u00a0<span style=\"color: #346f7f;\">Bois de Teck<\/span><\/p>\n<div class=\"woocommerce-product-details__short-description\">\n<p><img loading=\"lazy\" decoding=\"async\" class=\"wp-image-14040 alignleft\" src=\"https:\/\/maisonbelloeil.fr\/wp-content\/uploads\/2023\/06\/logo-quick-dry-150x50-1.jpg\" alt=\"Quickdry\" width=\"120\" height=\"40\" \/><\/p>\n<hr \/>\n<p><em><span style=\"color: #ff6600;\"><strong><span style=\"color: #bf4d00;\"><span style=\"color: #800080;\"><img loading=\"lazy\" decoding=\"async\" class=\"alignleft wp-image-15282\" src=\"https:\/\/maisonbelloeil.fr\/wp-content\/uploads\/2023\/09\/Logo-livraison-offerte.png\" alt=\"\" width=\"75\" height=\"30\" \/> Frais de port offerts<\/span><\/span><\/strong><\/span><\/em><\/p>\n<hr \/>\n<p><span style=\"color: #333333;\">Pour toute\u00a0<strong>demande de renseignement<\/strong>\u00a0ou pour\u00a0<strong>finaliser votre achat<\/strong>, nous vous invitons \u00e0<a href=\"https:\/\/maisonbelloeil.fr\/en\/contactez-nous\/\"><em><strong>\u00a0nous contacter<\/strong><\/em><\/a>.\u00a0 \u00a0 \u00a0 \u00a0 \u00a0 \u00a0 \u00a0 \u00a0 \u00a0 \u00a0 \u00a0 \u00a0 \u00a0 \u00a0 \u00a0 \u00a0 \u00a0 \u00a0 \u00a0 \u00a0 \u00a0 \u00a0 \u00a0 \u00a0 \u00a0 \u00a0 \u00a0 \u00a0 \u00a0 \u00a0 \u00a0 \u00a0 \u00a0 \u00a0 \u00a0 \u00a0 \u00a0 \u00a0 \u00a0 \u00a0 Notre \u00e9quipe se tient \u00e0 votre \u00e9coute pour vous offrir un\u00a0<strong>service sur-mesure\u00a0 \u00a0 \u00a0 \u00a0 \u00a0 \u00a0 \u00a0 \u00a0 \u00a0 \u00a0 \u00a0 \u00a0 \u00a0 \u00a0 \u00a0 \u00a0 \u00a0 \u00a0 \u00a0 \u00a0 \u00a0 \u00a0 \u00a0 \u00a0 \u00a0 \u00a0 \u00a0 \u00a0 \u00a0 \u00a0 <\/strong>MOBILIER DE JARDIN HAUT DE GAMME<\/span><\/p>\n<p><img loading=\"lazy\" decoding=\"async\" class=\"alignnone wp-image-14010\" src=\"https:\/\/maisonbelloeil.fr\/wp-content\/uploads\/2023\/06\/by-pininfarina.png\" alt=\"Logo by Pininfarina\" width=\"200\" height=\"18\" \/><\/p>\n<\/div>\n<\/div>\n<div class=\"product_meta\"><\/div>","protected":false},"featured_media":3330,"comment_status":"open","ping_status":"closed","template":"","meta":{"ocean_post_layout":"","ocean_both_sidebars_style":"","ocean_both_sidebars_content_width":0,"ocean_both_sidebars_sidebars_width":0,"ocean_sidebar":"0","ocean_second_sidebar":"0","ocean_disable_margins":"enable","ocean_add_body_class":"","ocean_shortcode_before_top_bar":"","ocean_shortcode_after_top_bar":"","ocean_shortcode_before_header":"","ocean_shortcode_after_header":"","ocean_has_shortcode":"","ocean_shortcode_after_title":"","ocean_shortcode_before_footer_widgets":"","ocean_shortcode_after_footer_widgets":"","ocean_shortcode_before_footer_bottom":"","ocean_shortcode_after_footer_bottom":"","ocean_display_top_bar":"default","ocean_display_header":"default","ocean_header_style":"","ocean_center_header_left_menu":"0","ocean_custom_header_template":"0","ocean_custom_logo":0,"ocean_custom_retina_logo":0,"ocean_custom_logo_max_width":0,"ocean_custom_logo_tablet_max_width":0,"ocean_custom_logo_mobile_max_width":0,"ocean_custom_logo_max_height":0,"ocean_custom_logo_tablet_max_height":0,"ocean_custom_logo_mobile_max_height":0,"ocean_header_custom_menu":"0","ocean_menu_typo_font_family":"0","ocean_menu_typo_font_subset":"","ocean_menu_typo_font_size":0,"ocean_menu_typo_font_size_tablet":0,"ocean_menu_typo_font_size_mobile":0,"ocean_menu_typo_font_size_unit":"px","ocean_menu_typo_font_weight":"","ocean_menu_typo_font_weight_tablet":"","ocean_menu_typo_font_weight_mobile":"","ocean_menu_typo_transform":"","ocean_menu_typo_transform_tablet":"","ocean_menu_typo_transform_mobile":"","ocean_menu_typo_line_height":0,"ocean_menu_typo_line_height_tablet":0,"ocean_menu_typo_line_height_mobile":0,"ocean_menu_typo_line_height_unit":"","ocean_menu_typo_spacing":0,"ocean_menu_typo_spacing_tablet":0,"ocean_menu_typo_spacing_mobile":0,"ocean_menu_typo_spacing_unit":"","ocean_menu_link_color":"","ocean_menu_link_color_hover":"","ocean_menu_link_color_active":"","ocean_menu_link_background":"","ocean_menu_link_hover_background":"","ocean_menu_link_active_background":"","ocean_menu_social_links_bg":"","ocean_menu_social_hover_links_bg":"","ocean_menu_social_links_color":"","ocean_menu_social_hover_links_color":"","ocean_disable_title":"default","ocean_disable_heading":"default","ocean_post_title":"","ocean_post_subheading":"","ocean_post_title_style":"","ocean_post_title_background_color":"","ocean_post_title_background":0,"ocean_post_title_bg_image_position":"","ocean_post_title_bg_image_attachment":"","ocean_post_title_bg_image_repeat":"","ocean_post_title_bg_image_size":"","ocean_post_title_height":0,"ocean_post_title_bg_overlay":0.5,"ocean_post_title_bg_overlay_color":"","ocean_disable_breadcrumbs":"default","ocean_breadcrumbs_color":"","ocean_breadcrumbs_separator_color":"","ocean_breadcrumbs_links_color":"","ocean_breadcrumbs_links_hover_color":"","ocean_display_footer_widgets":"default","ocean_display_footer_bottom":"default","ocean_custom_footer_template":"0"},"product_brand":[135],"product_cat":[67],"product_tag":[141,65],"class_list":{"0":"post-3329","1":"product","2":"type-product","3":"status-publish","4":"has-post-thumbnail","6":"product_brand-higold","7":"product_cat-bains-de-soleil","8":"product_tag-higold","9":"product_tag-wing","11":"entry","12":"has-media","14":"first","15":"instock","16":"taxable","17":"shipping-taxable","18":"purchasable","19":"product-type-simple","20":"has-rating","21":"col","22":"span_1_of_3","23":"owp-content-center","24":"item-entry","25":"owp-thumbs-layout-horizontal","26":"owp-btn-very-big","27":"owp-tabs-layout-horizontal"},"_links":{"self":[{"href":"https:\/\/maisonbelloeil.fr\/en\/wp-json\/wp\/v2\/product\/3329","targetHints":{"allow":["GET"]}}],"collection":[{"href":"https:\/\/maisonbelloeil.fr\/en\/wp-json\/wp\/v2\/product"}],"about":[{"href":"https:\/\/maisonbelloeil.fr\/en\/wp-json\/wp\/v2\/types\/product"}],"replies":[{"embeddable":true,"href":"https:\/\/maisonbelloeil.fr\/en\/wp-json\/wp\/v2\/comments?post=3329"}],"wp:featuredmedia":[{"embeddable":true,"href":"https:\/\/maisonbelloeil.fr\/en\/wp-json\/wp\/v2\/media\/3330"}],"wp:attachment":[{"href":"https:\/\/maisonbelloeil.fr\/en\/wp-json\/wp\/v2\/media?parent=3329"}],"wp:term":[{"taxonomy":"product_brand","embeddable":true,"href":"https:\/\/maisonbelloeil.fr\/en\/wp-json\/wp\/v2\/product_brand?post=3329"},{"taxonomy":"product_cat","embeddable":true,"href":"https:\/\/maisonbelloeil.fr\/en\/wp-json\/wp\/v2\/product_cat?post=3329"},{"taxonomy":"product_tag","embeddable":true,"href":"https:\/\/maisonbelloeil.fr\/en\/wp-json\/wp\/v2\/product_tag?post=3329"}],"curies":[{"name":"wp","href":"https:\/\/api.w.org\/{rel}","templated":true}]}}