{"id":3275,"date":"2023-06-23T10:53:03","date_gmt":"2023-06-23T08:53:03","guid":{"rendered":"https:\/\/maisonbelloeil.fr\/?post_type=product&#038;p=3275"},"modified":"2025-06-17T15:05:18","modified_gmt":"2025-06-17T13:05:18","slug":"salon-de-jardin-canape-2-places-emoti","status":"publish","type":"product","link":"https:\/\/maisonbelloeil.fr\/en\/product\/salon-de-jardin-canape-2-places-emoti\/","title":{"rendered":"Salon de jardin canap\u00e9 2 places EMOTI"},"content":{"rendered":"<h2 style=\"text-align: center;\">Salon de jardin 4 places EMOTI:<\/h2>\n<p>D\u00e9couvrez le salon de jardin <strong>canap\u00e9 2 places<\/strong>, accompagn\u00e9 de <strong>deux fauteuils<\/strong> et d&rsquo;<strong>une table basse<\/strong>, issus de la collection <a href=\"https:\/\/maisonbelloeil.fr\/en\/product-tag\/emoti\/\"><span style=\"color: #346f7f;\">EMOTI<\/span><\/a>.<\/p>\n<p>Sa structure en <strong>aluminium noir<\/strong> massif, rev\u00eatue d&rsquo;une finition en poudre Akzonobel, incarne \u00e0 la perfection le mariage entre modernit\u00e9 et praticit\u00e9. Son <strong>design sobre et \u00e9pur\u00e9<\/strong> met en avant des <strong>mat\u00e9riaux de haute qualit\u00e9<\/strong>.<\/p>\n<p>L&rsquo;ergonomie est au rendez-vous avec un dossier inclin\u00e9 \u00e0 95\u00b0, tandis que les coussins d&rsquo;assise et de dossier de 10 cm d&rsquo;\u00e9paisseur vous offrent un<strong> confort optimal<\/strong>. Profitez de moments de d\u00e9tente en plein air avec cet ensemble <strong>\u00e9l\u00e9gant et fonctionnel<\/strong>.<\/p>\n<h3><\/h3>\n<p>&nbsp;<\/p>\n<h3 style=\"text-align: center;\">Points forts:<\/h3>\n<h3><span style=\"color: #333333;\"><img decoding=\"async\" class=\"aligncenter wp-image-14013\" src=\"https:\/\/maisonbelloeil.fr\/wp-content\/uploads\/2023\/06\/logo_akzonobel-300x183.png\" alt=\"Logo Akzonobel\" width=\"115\" height=\"70\" title=\"\" srcset=\"https:\/\/maisonbelloeil.fr\/wp-content\/uploads\/2023\/06\/logo_akzonobel-300x183.png 300w, https:\/\/maisonbelloeil.fr\/wp-content\/uploads\/2023\/06\/logo_akzonobel-700x426.png 700w, https:\/\/maisonbelloeil.fr\/wp-content\/uploads\/2023\/06\/logo_akzonobel-1024x623.png 1024w, https:\/\/maisonbelloeil.fr\/wp-content\/uploads\/2023\/06\/logo_akzonobel-768x467.png 768w, https:\/\/maisonbelloeil.fr\/wp-content\/uploads\/2023\/06\/logo_akzonobel.png 1280w\" sizes=\"(max-width: 115px) 100vw, 115px\" \/><\/span><\/h3>\n<h3><span style=\"color: #333333;\"><img decoding=\"async\" class=\"aligncenter wp-image-14040 size-full\" src=\"https:\/\/maisonbelloeil.fr\/wp-content\/uploads\/2023\/06\/logo-quick-dry-150x50-1.jpg\" alt=\"Quickdry\" width=\"150\" height=\"50\" title=\"\"><\/span><\/h3>\n<ul>\n<li><span style=\"color: #333333;\">Structure en\u00a0<strong>aluminium massif<\/strong>\u00a0 et <strong>Akzonobel<\/strong>: L\u00e9g\u00e8re, r\u00e9sistante aux intemp\u00e9ries, durable.<\/span><\/li>\n<li><span style=\"color: #333333;\"><strong>Dossiers ergonomiques<\/strong> avec inclinaison \u00e0 95\u00b0.<\/span><\/li>\n<li><span style=\"color: #333333;\">Coussins d&rsquo;assise et de dossier de <strong>10 cm d&rsquo;\u00e9paisseur<\/strong>.<\/span><\/li>\n<li><span style=\"color: #333333;\">Accoudoirs et plateau de table en <strong>teck massif<\/strong>.<\/span><\/li>\n<li><span style=\"color: #333333;\"><strong>Textiles en Ol\u00e9fine<\/strong> \u00e0 s\u00e9chage rapide et r\u00e9sistants \u00e0 la d\u00e9coloration du soleil.<\/span><\/li>\n<\/ul>\n<p>&nbsp;<\/p>\n<p>&nbsp;<\/p>\n<h3 style=\"text-align: center;\"><span style=\"color: #333333;\">Composition du salon de jardin canap\u00e9 2 places:<\/span><\/h3>\n<ul>\n<li><span style=\"color: #333333;\"><strong>Un canap\u00e9 deux places:<\/strong><\/span><br \/>\n<span style=\"color: #333333;\">L: 152 \/ l: 77 \/ H: 76 (cm)<\/span><\/li>\n<li><span style=\"color: #333333;\"><strong>Deux fauteuils avec accoudoirs:<\/strong><\/span><br \/>\n<span style=\"color: #333333;\">L: 77 \/ l: 77 \/ H:76 (cm)<\/span><\/li>\n<li><span style=\"color: #333333;\"><strong>Une table basse:<\/strong><\/span><br \/>\n<span style=\"color: #333333;\">L: 120 \/ l: 70 \/ H: 38 (cm)<\/span><\/li>\n<\/ul>\n<p>&nbsp;<\/p>\n<p><img decoding=\"async\" class=\"wp-image-2684 size-full aligncenter\" src=\"https:\/\/maisonbelloeil.fr\/wp-content\/uploads\/2023\/04\/illu-alon-de-jardin-4-places-b.jpg\" alt=\"icones salon d&#039;ext\u00e9rieur\" width=\"388\" height=\"100\" title=\"\" srcset=\"https:\/\/maisonbelloeil.fr\/wp-content\/uploads\/2023\/04\/illu-alon-de-jardin-4-places-b.jpg 388w, https:\/\/maisonbelloeil.fr\/wp-content\/uploads\/2023\/04\/illu-alon-de-jardin-4-places-b-300x77.jpg 300w\" sizes=\"(max-width: 388px) 100vw, 388px\" \/><\/p>\n<p>&nbsp;<\/p>\n<p>Pour toute\u00a0<strong>demande de renseignement<\/strong>\u00a0ou pour\u00a0<strong>finaliser votre achat<\/strong>, nous vous invitons \u00e0<a href=\"https:\/\/maisonbelloeil.fr\/en\/contactez-nous\/\"><em><strong>\u00a0nous contacter<\/strong><\/em><\/a>.\u00a0 \u00a0 \u00a0 \u00a0 \u00a0 \u00a0 \u00a0 \u00a0 \u00a0 \u00a0 \u00a0 \u00a0 \u00a0 \u00a0 \u00a0 \u00a0 \u00a0 \u00a0 \u00a0 \u00a0 \u00a0 \u00a0 \u00a0 \u00a0 \u00a0 \u00a0 \u00a0 \u00a0 \u00a0 \u00a0 \u00a0 \u00a0 \u00a0 \u00a0 \u00a0 \u00a0 \u00a0 \u00a0 \u00a0 \u00a0 \u00a0 \u00a0 \u00a0 \u00a0 \u00a0 \u00a0 \u00a0 \u00a0 \u00a0 \u00a0 \u00a0 \u00a0 \u00a0 \u00a0 \u00a0 \u00a0 \u00a0 \u00a0 \u00a0 \u00a0 \u00a0 \u00a0 \u00a0 \u00a0 \u00a0 \u00a0 \u00a0 \u00a0 \u00a0 \u00a0 Notre \u00e9quipe se tient \u00e0 votre \u00e9coute pour vous offrir un <strong>service sur-mesure<\/strong><\/p>\n<p>&nbsp;<\/p>\n<hr \/>\n<h3 style=\"text-align: center;\">Produits compl\u00e9mentaires:<\/h3>\n<p>Pourquoi ne pas compl\u00e9ter votre ensemble de jardin avec les <a href=\"https:\/\/maisonbelloeil.fr\/en\/product\/chaises-longues-aluminium-noir-emoti\/\"><strong><span style=\"color: #346f7f;\">chaises longues<\/span><\/strong>\u00a0<\/a>de la m\u00eame collection ou encore avec l&rsquo;<a href=\"https:\/\/maisonbelloeil.fr\/en\/product\/chaises-et-table-dexterieur-bois-emoti\/\"><strong><span style=\"color: #346f7f;\">ensemble repas pour 4 personnes<\/span><\/strong><\/a>?<\/p>\n<p>&nbsp;<\/p>\n<hr \/>\n<h3 style=\"text-align: center;\">Mat\u00e9riaux et instructions d\u2019entretien:<\/h3>\n<p>Le tissu en\u00a0<strong>Ol\u00e9fine<\/strong>\u00a0est un tissu \u00e0 haute performance: l\u00e9ger et doux au toucher, l\u2019Ol\u00e9fine est aussi r\u00e9sistant, imperm\u00e9able, \u00e9vacue l\u2019humidit\u00e9, r\u00e9sistant aux taches et s\u00e8che rapidement.<\/p>\n<p>L\u2019<strong>aluminium<\/strong>\u00a0est tr\u00e8s r\u00e9pandu dans le domaine de la construction en raison de ses nombreuses qualit\u00e9s. Solide, l\u00e9ger, durable, pratique et esth\u00e9tique, il r\u00e9siste \u00e0 la pluie, \u00e0 l\u2019humidit\u00e9 et ne rouille pas. Il ne craint pas le soleil non plus et ne perd pas son \u00e9clat.<\/p>\n<p>Le\u00a0<strong>bois de teck<\/strong>\u00a0r\u00e9siste aux \u00e9l\u00e9ments ext\u00e9rieurs, sa haute teneur en huile, sa grande r\u00e9sistance \u00e0 la traction, son grain serr\u00e9 le rendent particuli\u00e8rement appropri\u00e9 pour une utilisation en ext\u00e9rieur.\u00a0L\u2019application bisannuelle d\u2019une couche d\u2019huile pour teck est recommand\u00e9e pour le maintenir beau.<\/p>\n<hr \/>\n<p>&nbsp;<\/p>\n<p style=\"text-align: center;\"><img loading=\"lazy\" decoding=\"async\" class=\"aligncenter wp-image-14012 size-medium\" src=\"https:\/\/maisonbelloeil.fr\/wp-content\/uploads\/2023\/06\/logo-revendeurofficiel-higold-300x54.png\" alt=\"Logo revendeur officiel Higold.\" width=\"300\" height=\"54\" title=\"\" srcset=\"https:\/\/maisonbelloeil.fr\/wp-content\/uploads\/2023\/06\/logo-revendeurofficiel-higold-300x54.png 300w, https:\/\/maisonbelloeil.fr\/wp-content\/uploads\/2023\/06\/logo-revendeurofficiel-higold-700x126.png 700w, https:\/\/maisonbelloeil.fr\/wp-content\/uploads\/2023\/06\/logo-revendeurofficiel-higold-1024x184.png 1024w, https:\/\/maisonbelloeil.fr\/wp-content\/uploads\/2023\/06\/logo-revendeurofficiel-higold-768x138.png 768w, https:\/\/maisonbelloeil.fr\/wp-content\/uploads\/2023\/06\/logo-revendeurofficiel-higold-1536x276.png 1536w, https:\/\/maisonbelloeil.fr\/wp-content\/uploads\/2023\/06\/logo-revendeurofficiel-higold.png 1847w\" sizes=\"(max-width: 300px) 100vw, 300px\" \/><br \/>\n<img loading=\"lazy\" decoding=\"async\" class=\"aligncenter wp-image-14042 size-full\" src=\"https:\/\/maisonbelloeil.fr\/wp-content\/uploads\/2023\/06\/sl_higold-excellent-life_rgb-300x45-1.png\" alt=\"excellent life\" width=\"300\" height=\"45\" title=\"\"><\/p>\n<p style=\"text-align: center;\"><img loading=\"lazy\" decoding=\"async\" class=\"aligncenter wp-image-14043\" src=\"https:\/\/maisonbelloeil.fr\/wp-content\/uploads\/2023\/06\/ukas-300x225.jpg\" alt=\"Logo UKAS\" width=\"133\" height=\"100\" title=\"\" srcset=\"https:\/\/maisonbelloeil.fr\/wp-content\/uploads\/2023\/06\/ukas-300x225.jpg 300w, https:\/\/maisonbelloeil.fr\/wp-content\/uploads\/2023\/06\/ukas-700x525.jpg 700w, https:\/\/maisonbelloeil.fr\/wp-content\/uploads\/2023\/06\/ukas-768x576.jpg 768w, https:\/\/maisonbelloeil.fr\/wp-content\/uploads\/2023\/06\/ukas.jpg 866w\" sizes=\"(max-width: 133px) 100vw, 133px\" \/><img loading=\"lazy\" decoding=\"async\" class=\"aligncenter wp-image-14045\" src=\"https:\/\/maisonbelloeil.fr\/wp-content\/uploads\/2023\/06\/bsci.jpg\" alt=\"logo BSCI\" width=\"142\" height=\"100\" title=\"\"><\/p>","protected":false},"excerpt":{"rendered":"<p><span style=\"color: #333333;\"><strong>Ensemble salon de jardin comportant:<\/strong><\/span><\/p>\n<ul>\n<li><span style=\"color: #333333;\">Un canap\u00e9 2 places<\/span><\/li>\n<li><span style=\"color: #333333;\">Deux fauteuils<\/span><\/li>\n<li><span style=\"color: #333333;\">Une table basse<\/span><\/li>\n<\/ul>\n<hr \/>\n<p><span style=\"color: #333333;\"><span style=\"color: #346f7f;\">Bois de Teck de grade A<\/span> | <span style=\"color: #346f7f;\">Aluminium massif\u00a0<span style=\"color: #333333;\">|<\/span> Ol\u00e9fine<\/span><\/span><\/p>\n<p><img loading=\"lazy\" decoding=\"async\" class=\"alignleft wp-image-14041\" src=\"https:\/\/maisonbelloeil.fr\/wp-content\/uploads\/2023\/06\/logo-akzonobel-150x50-1.jpg\" alt=\"Akzonobel\" width=\"120\" height=\"40\" \/><img loading=\"lazy\" decoding=\"async\" class=\"alignleft wp-image-14040\" src=\"https:\/\/maisonbelloeil.fr\/wp-content\/uploads\/2023\/06\/logo-quick-dry-150x50-1.jpg\" alt=\"Quickdry\" width=\"120\" height=\"40\" \/><\/p>\n<p>&nbsp;<\/p>\n<hr \/>\n<p><em><span style=\"color: #ff6600;\"><strong><span style=\"color: #bf4d00;\"><span style=\"color: #800080;\"><img loading=\"lazy\" decoding=\"async\" class=\"alignleft wp-image-15282\" src=\"https:\/\/maisonbelloeil.fr\/wp-content\/uploads\/2023\/09\/Logo-livraison-offerte.png\" alt=\"\" width=\"75\" height=\"30\" \/> Frais de port offerts<\/span><\/span><\/strong><\/span><\/em><\/p>\n<hr \/>\n<p><span style=\"color: #333333;\">Pour toute\u00a0<strong>demande de renseignement<\/strong>\u00a0ou pour\u00a0<strong>finaliser votre achat<\/strong>, nous vous invitons \u00e0<a href=\"https:\/\/maisonbelloeil.fr\/en\/contactez-nous\/\"><em><strong>\u00a0nous contacter<\/strong><\/em><\/a>.\u00a0 \u00a0 \u00a0 \u00a0 \u00a0 \u00a0 \u00a0 \u00a0 \u00a0 \u00a0 \u00a0 \u00a0 \u00a0 \u00a0 \u00a0 \u00a0 \u00a0 \u00a0 \u00a0 \u00a0 \u00a0 \u00a0 \u00a0 \u00a0 \u00a0 \u00a0 \u00a0 \u00a0 \u00a0 \u00a0 \u00a0 \u00a0 \u00a0 \u00a0 \u00a0 \u00a0 \u00a0 \u00a0 \u00a0 \u00a0 Notre \u00e9quipe se tient \u00e0 votre \u00e9coute pour vous offrir un\u00a0<strong>service sur-mesure\u00a0 \u00a0 \u00a0 \u00a0 \u00a0 \u00a0 \u00a0 \u00a0 \u00a0 \u00a0 \u00a0 \u00a0 \u00a0 \u00a0 \u00a0 \u00a0 \u00a0 \u00a0 \u00a0 \u00a0 \u00a0 \u00a0 \u00a0 \u00a0 \u00a0 \u00a0 \u00a0 \u00a0 \u00a0 \u00a0 <\/strong>MOBILIER DE JARDIN DESIGN<\/span><\/p>","protected":false},"featured_media":3276,"comment_status":"open","ping_status":"closed","template":"","meta":{"ocean_post_layout":"","ocean_both_sidebars_style":"","ocean_both_sidebars_content_width":0,"ocean_both_sidebars_sidebars_width":0,"ocean_sidebar":"0","ocean_second_sidebar":"0","ocean_disable_margins":"enable","ocean_add_body_class":"","ocean_shortcode_before_top_bar":"","ocean_shortcode_after_top_bar":"","ocean_shortcode_before_header":"","ocean_shortcode_after_header":"","ocean_has_shortcode":"","ocean_shortcode_after_title":"","ocean_shortcode_before_footer_widgets":"","ocean_shortcode_after_footer_widgets":"","ocean_shortcode_before_footer_bottom":"","ocean_shortcode_after_footer_bottom":"","ocean_display_top_bar":"default","ocean_display_header":"default","ocean_header_style":"","ocean_center_header_left_menu":"0","ocean_custom_header_template":"0","ocean_custom_logo":0,"ocean_custom_retina_logo":0,"ocean_custom_logo_max_width":0,"ocean_custom_logo_tablet_max_width":0,"ocean_custom_logo_mobile_max_width":0,"ocean_custom_logo_max_height":0,"ocean_custom_logo_tablet_max_height":0,"ocean_custom_logo_mobile_max_height":0,"ocean_header_custom_menu":"0","ocean_menu_typo_font_family":"0","ocean_menu_typo_font_subset":"","ocean_menu_typo_font_size":0,"ocean_menu_typo_font_size_tablet":0,"ocean_menu_typo_font_size_mobile":0,"ocean_menu_typo_font_size_unit":"px","ocean_menu_typo_font_weight":"","ocean_menu_typo_font_weight_tablet":"","ocean_menu_typo_font_weight_mobile":"","ocean_menu_typo_transform":"","ocean_menu_typo_transform_tablet":"","ocean_menu_typo_transform_mobile":"","ocean_menu_typo_line_height":0,"ocean_menu_typo_line_height_tablet":0,"ocean_menu_typo_line_height_mobile":0,"ocean_menu_typo_line_height_unit":"","ocean_menu_typo_spacing":0,"ocean_menu_typo_spacing_tablet":0,"ocean_menu_typo_spacing_mobile":0,"ocean_menu_typo_spacing_unit":"","ocean_menu_link_color":"","ocean_menu_link_color_hover":"","ocean_menu_link_color_active":"","ocean_menu_link_background":"","ocean_menu_link_hover_background":"","ocean_menu_link_active_background":"","ocean_menu_social_links_bg":"","ocean_menu_social_hover_links_bg":"","ocean_menu_social_links_color":"","ocean_menu_social_hover_links_color":"","ocean_disable_title":"default","ocean_disable_heading":"default","ocean_post_title":"","ocean_post_subheading":"","ocean_post_title_style":"centered-minimal","ocean_post_title_background_color":"","ocean_post_title_background":0,"ocean_post_title_bg_image_position":"","ocean_post_title_bg_image_attachment":"","ocean_post_title_bg_image_repeat":"","ocean_post_title_bg_image_size":"","ocean_post_title_height":0,"ocean_post_title_bg_overlay":0.5,"ocean_post_title_bg_overlay_color":"","ocean_disable_breadcrumbs":"default","ocean_breadcrumbs_color":"","ocean_breadcrumbs_separator_color":"","ocean_breadcrumbs_links_color":"","ocean_breadcrumbs_links_hover_color":"","ocean_display_footer_widgets":"default","ocean_display_footer_bottom":"default","ocean_custom_footer_template":"0"},"product_brand":[135],"product_cat":[53],"product_tag":[70,141],"class_list":{"0":"post-3275","1":"product","2":"type-product","3":"status-publish","4":"has-post-thumbnail","6":"product_brand-higold","7":"product_cat-salon-de-jardin","8":"product_tag-emoti","9":"product_tag-higold","11":"entry","12":"has-media","14":"first","15":"instock","16":"taxable","17":"shipping-taxable","18":"purchasable","19":"product-type-simple","20":"has-rating","21":"col","22":"span_1_of_3","23":"owp-content-center","24":"item-entry","25":"owp-thumbs-layout-horizontal","26":"owp-btn-very-big","27":"owp-tabs-layout-horizontal"},"_links":{"self":[{"href":"https:\/\/maisonbelloeil.fr\/en\/wp-json\/wp\/v2\/product\/3275","targetHints":{"allow":["GET"]}}],"collection":[{"href":"https:\/\/maisonbelloeil.fr\/en\/wp-json\/wp\/v2\/product"}],"about":[{"href":"https:\/\/maisonbelloeil.fr\/en\/wp-json\/wp\/v2\/types\/product"}],"replies":[{"embeddable":true,"href":"https:\/\/maisonbelloeil.fr\/en\/wp-json\/wp\/v2\/comments?post=3275"}],"wp:featuredmedia":[{"embeddable":true,"href":"https:\/\/maisonbelloeil.fr\/en\/wp-json\/wp\/v2\/media\/3276"}],"wp:attachment":[{"href":"https:\/\/maisonbelloeil.fr\/en\/wp-json\/wp\/v2\/media?parent=3275"}],"wp:term":[{"taxonomy":"product_brand","embeddable":true,"href":"https:\/\/maisonbelloeil.fr\/en\/wp-json\/wp\/v2\/product_brand?post=3275"},{"taxonomy":"product_cat","embeddable":true,"href":"https:\/\/maisonbelloeil.fr\/en\/wp-json\/wp\/v2\/product_cat?post=3275"},{"taxonomy":"product_tag","embeddable":true,"href":"https:\/\/maisonbelloeil.fr\/en\/wp-json\/wp\/v2\/product_tag?post=3275"}],"curies":[{"name":"wp","href":"https:\/\/api.w.org\/{rel}","templated":true}]}}