{"id":3262,"date":"2023-06-19T18:50:39","date_gmt":"2023-06-19T16:50:39","guid":{"rendered":"https:\/\/maisonbelloeil.fr\/?post_type=product&#038;p=3262"},"modified":"2025-10-14T16:45:42","modified_gmt":"2025-10-14T14:45:42","slug":"salon-de-jardin-table-et-chaises-wing","status":"publish","type":"product","link":"https:\/\/maisonbelloeil.fr\/en\/product\/salon-de-jardin-table-et-chaises-wing\/","title":{"rendered":"Salon de jardin table et chaises 6 personnes WING"},"content":{"rendered":"<h2 style=\"text-align: center;\"><span style=\"color: #333333;\">Salon de jardin table et chaises de la gamme WING<\/span><\/h2>\n<p>D\u00e9couvrez notre <strong>ensemble table et chaises de jardin<\/strong> pour 6 personnes de la collection <span style=\"color: #346f7f;\"><a style=\"color: #346f7f;\" href=\"https:\/\/maisonbelloeil.fr\/en\/product-tag\/wing\/\"><strong>WING<\/strong>,<\/a><\/span>\u00a0 de HIGOLD, <span style=\"color: #346f7f;\"><span style=\"color: #333333;\">design\u00e9 par <strong>Pininfarina<\/strong>.<\/span><\/span>\u00a0Guid\u00e9e par le concept de <strong>l\u00e9g\u00e8ret\u00e9<\/strong>, cette collection pr\u00e9sente des <strong>lignes dynamiques, pures et \u00e9l\u00e9gantes<\/strong>, id\u00e9ales pour les environnements urbains ou naturels.<\/p>\n<p>Les \u00e9l\u00e9ments de cette collection sont caract\u00e9ris\u00e9s par une <strong>structure en aluminium pli\u00e9e de 8 mm<\/strong> et des lignes g\u00e9om\u00e9triques <strong>\u00e9voquant<\/strong> <strong>l&rsquo;architectur<\/strong>e. Le teck sup\u00e9rieur poli intensivement offre une touche d&rsquo;\u00e9l\u00e9gance. Les si\u00e8ges en mousse \u00e9paisseur 12 cm \u00ab <strong>quick dry foam<\/strong> \u00bb garantissent un <strong>confort total<\/strong>.<\/p>\n<p>Chaque mat\u00e9riau a \u00e9t\u00e9 soigneusement choisi pour offrir une exp\u00e9rience d&rsquo;utilisation exceptionnelle, alliant <strong>simplicit\u00e9 de nettoyage et facilit\u00e9 d&rsquo;entretien<\/strong>. Profitez de l&rsquo;ext\u00e9rieur avec style et confort gr\u00e2ce \u00e0 cet ensemble de qualit\u00e9.<\/p>\n<p>Chez <strong>Maison Belloeil<\/strong>, nous accordons une grande importance \u00e0 la s\u00e9lection de fournisseurs et fabricants qui partagent nos valeurs en mati\u00e8re de <strong>conditions de travail et de respect de l&rsquo;environnement<\/strong>. Les produits de notre gamme b\u00e9n\u00e9ficient des labels <strong><span style=\"color: #346f7f;\">BSCI<\/span><\/strong> et <strong><span style=\"color: #346f7f;\">UKAS<\/span><\/strong>, garantissant ainsi des normes \u00e9lev\u00e9es en termes de responsabilit\u00e9 sociale et environnementale.<\/p>\n<p>&nbsp;<\/p>\n<h3 style=\"text-align: center;\"><span style=\"color: #333333;\">Points forts du Salon de jardin table et chaises<\/span><\/h3>\n<h3><span style=\"color: #333333;\"><img decoding=\"async\" class=\"aligncenter wp-image-14013\" src=\"https:\/\/maisonbelloeil.fr\/wp-content\/uploads\/2023\/06\/logo_akzonobel-300x183.png\" alt=\"Logo Akzonobel\" width=\"115\" height=\"70\" title=\"\" srcset=\"https:\/\/maisonbelloeil.fr\/wp-content\/uploads\/2023\/06\/logo_akzonobel-300x183.png 300w, https:\/\/maisonbelloeil.fr\/wp-content\/uploads\/2023\/06\/logo_akzonobel-700x426.png 700w, https:\/\/maisonbelloeil.fr\/wp-content\/uploads\/2023\/06\/logo_akzonobel-1024x623.png 1024w, https:\/\/maisonbelloeil.fr\/wp-content\/uploads\/2023\/06\/logo_akzonobel-768x467.png 768w, https:\/\/maisonbelloeil.fr\/wp-content\/uploads\/2023\/06\/logo_akzonobel.png 1280w\" sizes=\"(max-width: 115px) 100vw, 115px\" \/><\/span><\/h3>\n<h3><span style=\"color: #333333;\"><img decoding=\"async\" class=\"aligncenter wp-image-14040 size-full\" src=\"https:\/\/maisonbelloeil.fr\/wp-content\/uploads\/2023\/06\/logo-quick-dry-150x50-1.jpg\" alt=\"Quickdry\" width=\"150\" height=\"50\" title=\"\"><\/span><\/h3>\n<p>&nbsp;<\/p>\n<h3><\/h3>\n<ul>\n<li><span style=\"color: #333333;\"><strong>Structure en aluminium de 8 mm<\/strong> provenant du secteur automobile de luxe et trait\u00e9 <strong>Akzonobel<\/strong> : L\u00e9g\u00e8re, r\u00e9sistante aux intemp\u00e9ries, durable. Garantie: 2 ans.<\/span><\/li>\n<li><span style=\"color: #333333;\">Panneaux lat\u00e9raux ajour\u00e9s: <strong>l\u00e9g\u00e8ret\u00e9<\/strong> et d\u00e9licatesse.<\/span><\/li>\n<li><span style=\"color: #333333;\">Mousse <strong>Quick Dry Foam\u00ae<\/strong> de haute densit\u00e9 et d\u00e9velopp\u00e9e pour assurer un s\u00e9chage rapide<\/span><\/li>\n<li><span style=\"color: #333333;\">Tissu acrylique <strong>r\u00e9sistant aux UV et \u00e0 la d\u00e9coloration<\/strong>, coussins d\u00e9houssables.<\/span><\/li>\n<li><span style=\"color: #333333;\"><span style=\"color: #333333;\"><strong>Teck naturel<\/strong> de grade A<\/span><\/span><\/li>\n<li><span style=\"color: #333333;\"><strong>Table <\/strong>en teck <strong>finition calfat\u00e9e blanche<\/strong> (antid\u00e9rapant, id\u00e9al pour le mobilier embarqu\u00e9)<strong> ou ajour\u00e9e.\u00a0<\/strong><\/span><\/li>\n<li><strong><span style=\"color: #333333;\">Egalement disponible en version aluminium GRIS<\/span><\/strong>.<\/li>\n<\/ul>\n<p>&nbsp;<\/p>\n<p>&nbsp;<\/p>\n<h3 style=\"text-align: center;\"><span style=\"color: #333333;\">Composition de l&rsquo;ensemble table et chaises de jardin<\/span><\/h3>\n<ul>\n<li><span style=\"color: #333333;\"><strong>Une table 6 places (finition ajour\u00e9e ou calfat\u00e9e):<\/strong><br \/>\nL: 226 cm \/ l: 105 cm \/ H: 75 cm<\/span><\/li>\n<li><span style=\"color: #333333;\"><strong>Six chaises avec accoudoirs:<\/strong><br \/>\nP: 56,5 cm \/ l: 63,5 cm \/ H: 64 cm<br \/>\n<\/span><\/li>\n<\/ul>\n<p>&nbsp;<\/p>\n<p><img fetchpriority=\"high\" decoding=\"async\" class=\"wp-image-2667 size-full aligncenter\" src=\"https:\/\/maisonbelloeil.fr\/wp-content\/uploads\/2023\/06\/Chaise-et-tables-7.jpg\" alt=\"Ensemble repas jardin compos\u00e9 d&#039;une table et 6 chaises\" width=\"500\" height=\"100\" title=\"\" srcset=\"https:\/\/maisonbelloeil.fr\/wp-content\/uploads\/2023\/06\/Chaise-et-tables-7.jpg 500w, https:\/\/maisonbelloeil.fr\/wp-content\/uploads\/2023\/06\/Chaise-et-tables-7-300x60.jpg 300w\" sizes=\"(max-width: 500px) 100vw, 500px\" \/><\/p>\n<p>&nbsp;<\/p>\n<p>Pour toute\u00a0<strong>demande de renseignement<\/strong>\u00a0ou pour\u00a0<strong>finaliser votre achat<\/strong>, nous vous invitons \u00e0<a href=\"https:\/\/maisonbelloeil.fr\/en\/contactez-nous\/\"><em><strong>\u00a0nous contacter<\/strong><\/em><\/a>.\u00a0 \u00a0 \u00a0 \u00a0 \u00a0 \u00a0 \u00a0 \u00a0 \u00a0 \u00a0 \u00a0 \u00a0 \u00a0 \u00a0 \u00a0 \u00a0 \u00a0 \u00a0 \u00a0 \u00a0 \u00a0 \u00a0 \u00a0 \u00a0 \u00a0 \u00a0 \u00a0 \u00a0 \u00a0 \u00a0 \u00a0 \u00a0 \u00a0 \u00a0 \u00a0 \u00a0 \u00a0 \u00a0 \u00a0 \u00a0 \u00a0 \u00a0 \u00a0 \u00a0 \u00a0 \u00a0 \u00a0 \u00a0 \u00a0 \u00a0 \u00a0 \u00a0 \u00a0 \u00a0 \u00a0 \u00a0 \u00a0 \u00a0 \u00a0 \u00a0 \u00a0 \u00a0 \u00a0 \u00a0 \u00a0 \u00a0 \u00a0 \u00a0 \u00a0 \u00a0 Notre \u00e9quipe se tient \u00e0 votre \u00e9coute pour vous offrir un <strong>service sur-mesure<\/strong><\/p>\n<p>&nbsp;<\/p>\n<h3 style=\"text-align: center;\"><span style=\"color: #333333;\">Produits compl\u00e9mentaires<\/span><\/h3>\n<p><span style=\"color: #333333;\">Pourquoi ne pas compl\u00e9ter votre salon de jardin table et chaises WING avec un <span style=\"color: #346f7f;\"><a style=\"color: #346f7f;\" href=\"https:\/\/maisonbelloeil.fr\/en\/product\/salon-de-jardin-aluminium-4-places-wing\/\"><strong>salon de jardin aluminium 4 places<\/strong><\/a><\/span>\u00a0de la m\u00eame collection?<\/span><\/p>\n<hr \/>\n<h3 style=\"text-align: center;\"><span style=\"color: #333333;\">Mat\u00e9riaux et instructions d&rsquo;entretien<\/span><\/h3>\n<p><span style=\"color: #333333;\">L&rsquo;<strong>aluminium<\/strong> est tr\u00e8s r\u00e9pandu dans le domaine de la construction en raison de ses nombreuses qualit\u00e9s. Solide, l\u00e9ger, durable, pratique et esth\u00e9tique, il r\u00e9siste \u00e0 la pluie, \u00e0 l\u2019humidit\u00e9 et ne rouille pas. Il ne craint pas le soleil non plus et ne perd pas son \u00e9clat.<\/span><\/p>\n<p><span style=\"color: #333333;\">La mousse <strong>Quick Dry Foam\u00ae<\/strong> est une mousse de haute densit\u00e9 \u00e0 cellule ouverte, con\u00e7ue pour permettre \u00e0 l&rsquo;eau de s&rsquo;\u00e9couler rapidement et faciliter le s\u00e9chage.<\/span><\/p>\n<p><span style=\"color: #333333;\">Le <strong>bois de teck<\/strong> r\u00e9siste aux \u00e9l\u00e9ments ext\u00e9rieurs, sa haute teneur en huile, sa grande r\u00e9sistance \u00e0 la traction, son grain serr\u00e9 le rendent particuli\u00e8rement appropri\u00e9 pour une utilisation en ext\u00e9rieur.<\/span><br \/>\n<span style=\"color: #333333;\">L&rsquo;application bisannuelle d&rsquo;une couche d&rsquo;huile pour teck est recommand\u00e9e pour le maintenir beau.<\/span><\/p>\n<p>&nbsp;<\/p>\n<hr \/>\n<p><img loading=\"lazy\" decoding=\"async\" class=\"aligncenter wp-image-14012 size-medium\" src=\"https:\/\/maisonbelloeil.fr\/wp-content\/uploads\/2023\/06\/logo-revendeurofficiel-higold-300x54.png\" alt=\"Logo revendeur officiel Higold.\" width=\"300\" height=\"54\" title=\"\" srcset=\"https:\/\/maisonbelloeil.fr\/wp-content\/uploads\/2023\/06\/logo-revendeurofficiel-higold-300x54.png 300w, https:\/\/maisonbelloeil.fr\/wp-content\/uploads\/2023\/06\/logo-revendeurofficiel-higold-700x126.png 700w, https:\/\/maisonbelloeil.fr\/wp-content\/uploads\/2023\/06\/logo-revendeurofficiel-higold-1024x184.png 1024w, https:\/\/maisonbelloeil.fr\/wp-content\/uploads\/2023\/06\/logo-revendeurofficiel-higold-768x138.png 768w, https:\/\/maisonbelloeil.fr\/wp-content\/uploads\/2023\/06\/logo-revendeurofficiel-higold-1536x276.png 1536w, https:\/\/maisonbelloeil.fr\/wp-content\/uploads\/2023\/06\/logo-revendeurofficiel-higold.png 1847w\" sizes=\"(max-width: 300px) 100vw, 300px\" \/><img loading=\"lazy\" decoding=\"async\" class=\"aligncenter wp-image-14042 size-full\" src=\"https:\/\/maisonbelloeil.fr\/wp-content\/uploads\/2023\/06\/sl_higold-excellent-life_rgb-300x45-1.png\" alt=\"excellent life\" width=\"300\" height=\"45\" title=\"\"><\/p>\n<p><img loading=\"lazy\" decoding=\"async\" class=\"aligncenter wp-image-14045\" src=\"https:\/\/maisonbelloeil.fr\/wp-content\/uploads\/2023\/06\/bsci.jpg\" alt=\"\" width=\"142\" height=\"100\" title=\"\"><img loading=\"lazy\" decoding=\"async\" class=\"aligncenter wp-image-14043\" src=\"https:\/\/maisonbelloeil.fr\/wp-content\/uploads\/2023\/06\/ukas-300x225.jpg\" alt=\"\" width=\"133\" height=\"100\" title=\"\" srcset=\"https:\/\/maisonbelloeil.fr\/wp-content\/uploads\/2023\/06\/ukas-300x225.jpg 300w, https:\/\/maisonbelloeil.fr\/wp-content\/uploads\/2023\/06\/ukas-700x525.jpg 700w, https:\/\/maisonbelloeil.fr\/wp-content\/uploads\/2023\/06\/ukas-768x576.jpg 768w, https:\/\/maisonbelloeil.fr\/wp-content\/uploads\/2023\/06\/ukas.jpg 866w\" sizes=\"(max-width: 133px) 100vw, 133px\" \/><\/p>","protected":false},"excerpt":{"rendered":"<h3><span style=\"color: #333333;\"><strong>Ensemble Table et chaises de jardin 6 personnes:<\/strong><\/span><\/h3>\n<ul>\n<li><span style=\"color: #333333;\">Une table<\/span><\/li>\n<li><span style=\"color: #333333;\">Six chaises avec accoudoirs<\/span><\/li>\n<li>Structure blanche ou grise<\/li>\n<\/ul>\n<hr \/>\n<p><span style=\"color: #333333;\"><span style=\"color: #346f7f;\">Aluminium<\/span> | <span style=\"color: #346f7f;\">Bois de Teck<\/span><\/span><\/p>\n<div class=\"woocommerce-product-details__short-description\">\n<p><img loading=\"lazy\" decoding=\"async\" class=\"wp-image-14040 alignleft\" src=\"https:\/\/maisonbelloeil.fr\/wp-content\/uploads\/2023\/06\/logo-quick-dry-150x50-1.jpg\" alt=\"Quickdry\" width=\"120\" height=\"40\" \/><\/p>\n<hr \/>\n<p><em><span style=\"color: #ff6600;\"><strong><span style=\"color: #bf4d00;\"><span style=\"color: #800080;\"><img loading=\"lazy\" decoding=\"async\" class=\"alignleft wp-image-15282\" src=\"https:\/\/maisonbelloeil.fr\/wp-content\/uploads\/2023\/09\/Logo-livraison-offerte.png\" alt=\"\" width=\"75\" height=\"30\" \/> Frais de port offerts<\/span><\/span><\/strong><\/span><\/em><\/p>\n<hr \/>\n<p><span style=\"color: #333333;\">Pour toute\u00a0<strong>demande de renseignement<\/strong>\u00a0ou pour\u00a0<strong>finaliser votre achat<\/strong>, nous vous invitons \u00e0<a href=\"https:\/\/maisonbelloeil.fr\/en\/contactez-nous\/\"><em><strong>\u00a0nous contacter<\/strong><\/em><\/a>.\u00a0 \u00a0 \u00a0 \u00a0 \u00a0 \u00a0 \u00a0 \u00a0 \u00a0 \u00a0 \u00a0 \u00a0 \u00a0 \u00a0 \u00a0 \u00a0 \u00a0 \u00a0 \u00a0 \u00a0 \u00a0 \u00a0 \u00a0 \u00a0 \u00a0 \u00a0 \u00a0 \u00a0 \u00a0 \u00a0 \u00a0 \u00a0 \u00a0 \u00a0 \u00a0 \u00a0 \u00a0 \u00a0 \u00a0 \u00a0 Notre \u00e9quipe se tient \u00e0 votre \u00e9coute pour vous offrir un\u00a0<strong>service sur-mesure\u00a0 \u00a0 \u00a0 \u00a0 \u00a0 \u00a0 \u00a0 \u00a0 \u00a0 \u00a0 \u00a0 \u00a0 \u00a0 \u00a0 \u00a0 \u00a0 \u00a0 \u00a0 \u00a0 \u00a0 \u00a0 \u00a0 \u00a0 \u00a0 \u00a0 \u00a0 \u00a0 \u00a0 \u00a0 \u00a0 <\/strong>MOBILIER DE JARDIN HAUT DE GAMME<\/span><\/p>\n<p><img loading=\"lazy\" decoding=\"async\" class=\"alignnone wp-image-14010\" src=\"https:\/\/maisonbelloeil.fr\/wp-content\/uploads\/2023\/06\/by-pininfarina.png\" alt=\"Logo by Pininfarina\" width=\"200\" height=\"18\" \/><\/p>\n<\/div>","protected":false},"featured_media":3263,"comment_status":"open","ping_status":"closed","template":"","meta":{"ocean_post_layout":"","ocean_both_sidebars_style":"","ocean_both_sidebars_content_width":0,"ocean_both_sidebars_sidebars_width":0,"ocean_sidebar":"0","ocean_second_sidebar":"0","ocean_disable_margins":"enable","ocean_add_body_class":"","ocean_shortcode_before_top_bar":"","ocean_shortcode_after_top_bar":"","ocean_shortcode_before_header":"","ocean_shortcode_after_header":"","ocean_has_shortcode":"","ocean_shortcode_after_title":"","ocean_shortcode_before_footer_widgets":"","ocean_shortcode_after_footer_widgets":"","ocean_shortcode_before_footer_bottom":"","ocean_shortcode_after_footer_bottom":"","ocean_display_top_bar":"default","ocean_display_header":"default","ocean_header_style":"","ocean_center_header_left_menu":"0","ocean_custom_header_template":"0","ocean_custom_logo":0,"ocean_custom_retina_logo":0,"ocean_custom_logo_max_width":0,"ocean_custom_logo_tablet_max_width":0,"ocean_custom_logo_mobile_max_width":0,"ocean_custom_logo_max_height":0,"ocean_custom_logo_tablet_max_height":0,"ocean_custom_logo_mobile_max_height":0,"ocean_header_custom_menu":"0","ocean_menu_typo_font_family":"0","ocean_menu_typo_font_subset":"","ocean_menu_typo_font_size":0,"ocean_menu_typo_font_size_tablet":0,"ocean_menu_typo_font_size_mobile":0,"ocean_menu_typo_font_size_unit":"px","ocean_menu_typo_font_weight":"","ocean_menu_typo_font_weight_tablet":"","ocean_menu_typo_font_weight_mobile":"","ocean_menu_typo_transform":"","ocean_menu_typo_transform_tablet":"","ocean_menu_typo_transform_mobile":"","ocean_menu_typo_line_height":0,"ocean_menu_typo_line_height_tablet":0,"ocean_menu_typo_line_height_mobile":0,"ocean_menu_typo_line_height_unit":"","ocean_menu_typo_spacing":0,"ocean_menu_typo_spacing_tablet":0,"ocean_menu_typo_spacing_mobile":0,"ocean_menu_typo_spacing_unit":"","ocean_menu_link_color":"","ocean_menu_link_color_hover":"","ocean_menu_link_color_active":"","ocean_menu_link_background":"","ocean_menu_link_hover_background":"","ocean_menu_link_active_background":"","ocean_menu_social_links_bg":"","ocean_menu_social_hover_links_bg":"","ocean_menu_social_links_color":"","ocean_menu_social_hover_links_color":"","ocean_disable_title":"default","ocean_disable_heading":"default","ocean_post_title":"","ocean_post_subheading":"","ocean_post_title_style":"centered-minimal","ocean_post_title_background_color":"","ocean_post_title_background":0,"ocean_post_title_bg_image_position":"","ocean_post_title_bg_image_attachment":"","ocean_post_title_bg_image_repeat":"","ocean_post_title_bg_image_size":"","ocean_post_title_height":0,"ocean_post_title_bg_overlay":0.5,"ocean_post_title_bg_overlay_color":"","ocean_disable_breadcrumbs":"default","ocean_breadcrumbs_color":"","ocean_breadcrumbs_separator_color":"","ocean_breadcrumbs_links_color":"","ocean_breadcrumbs_links_hover_color":"","ocean_display_footer_widgets":"default","ocean_display_footer_bottom":"default","ocean_custom_footer_template":"0"},"product_brand":[135],"product_cat":[54,127],"product_tag":[141,65],"class_list":{"0":"post-3262","1":"product","2":"type-product","3":"status-publish","4":"has-post-thumbnail","6":"product_brand-higold","7":"product_cat-ensemble-table-et-chaises","8":"product_cat-6-personnes","9":"product_tag-higold","10":"product_tag-wing","12":"entry","13":"has-media","15":"first","16":"instock","17":"taxable","18":"shipping-taxable","19":"purchasable","20":"product-type-variable","21":"has-rating","22":"col","23":"span_1_of_3","24":"owp-content-center","25":"item-entry","26":"owp-thumbs-layout-horizontal","27":"owp-btn-very-big","28":"owp-tabs-layout-horizontal"},"_links":{"self":[{"href":"https:\/\/maisonbelloeil.fr\/en\/wp-json\/wp\/v2\/product\/3262","targetHints":{"allow":["GET"]}}],"collection":[{"href":"https:\/\/maisonbelloeil.fr\/en\/wp-json\/wp\/v2\/product"}],"about":[{"href":"https:\/\/maisonbelloeil.fr\/en\/wp-json\/wp\/v2\/types\/product"}],"replies":[{"embeddable":true,"href":"https:\/\/maisonbelloeil.fr\/en\/wp-json\/wp\/v2\/comments?post=3262"}],"wp:featuredmedia":[{"embeddable":true,"href":"https:\/\/maisonbelloeil.fr\/en\/wp-json\/wp\/v2\/media\/3263"}],"wp:attachment":[{"href":"https:\/\/maisonbelloeil.fr\/en\/wp-json\/wp\/v2\/media?parent=3262"}],"wp:term":[{"taxonomy":"product_brand","embeddable":true,"href":"https:\/\/maisonbelloeil.fr\/en\/wp-json\/wp\/v2\/product_brand?post=3262"},{"taxonomy":"product_cat","embeddable":true,"href":"https:\/\/maisonbelloeil.fr\/en\/wp-json\/wp\/v2\/product_cat?post=3262"},{"taxonomy":"product_tag","embeddable":true,"href":"https:\/\/maisonbelloeil.fr\/en\/wp-json\/wp\/v2\/product_tag?post=3262"}],"curies":[{"name":"wp","href":"https:\/\/api.w.org\/{rel}","templated":true}]}}