{"id":2971,"date":"2023-06-15T09:40:10","date_gmt":"2023-06-15T07:40:10","guid":{"rendered":"https:\/\/maisonbelloeil.fr\/?post_type=product&#038;p=2971"},"modified":"2025-06-17T15:06:12","modified_gmt":"2025-06-17T13:06:12","slug":"bains-de-soleil-aluminium-blanc-york","status":"publish","type":"product","link":"https:\/\/maisonbelloeil.fr\/en\/product\/bains-de-soleil-aluminium-blanc-york\/","title":{"rendered":"Deux Bains de soleil aluminium blanc YORK"},"content":{"rendered":"<h2><span style=\"color: #333333;\"><strong>Deux Bains de soleil aluminium blanc YORK:<\/strong><\/span><\/h2>\n<p>D\u00e9couvrez notre ensemble de transats York, livr\u00e9s en <strong>lot de deux<\/strong> avec leur <strong>table d&rsquo;appoint assortie<\/strong>. Ces <strong>bains de soleil<\/strong> aluminium ont \u00e9t\u00e9 sp\u00e9cialement con\u00e7us pour offrir un <strong>confort optimal<\/strong> et un style \u00e9l\u00e9gant \u00e0 votre espace ext\u00e9rieur.<\/p>\n<p>L&rsquo;ensemble de chaises longues <a href=\"https:\/\/maisonbelloeil.fr\/en\/product-tag\/york\/\"><strong><span style=\"color: #346f7f;\">YORK<\/span><\/strong><\/a> est disponible en deux superbes combinaisons de couleurs. Que vous choisissiez le mod\u00e8le <strong>\u00ab\u00a0White\/Black\u00a0\u00bb ou \u00ab\u00a0White\/White\u00a0\u00bb<\/strong>, vous pouvez \u00eatre s\u00fbr de profiter d&rsquo;un mobilier de jardin \u00e9l\u00e9gant et harmonieux qui s&rsquo;int\u00e8gre parfaitement \u00e0 votre environnement ext\u00e9rieur. Ces <strong>couleurs contrast\u00e9es<\/strong> ajoutent une touche de sophistication et de modernit\u00e9 \u00e0 votre espace, tout en s&rsquo;adaptant \u00e0 diff\u00e9rents styles de d\u00e9coration.<\/p>\n<p>Ces <strong>dimensions g\u00e9n\u00e9reuses<\/strong> vous permettent de vous \u00e9tendre confortablement et de profiter pleinement de vos moments de d\u00e9tente en plein air. Les transats sont \u00e9quip\u00e9s d&rsquo;un <strong>dossier ergonomique<\/strong> qui s&rsquo;adapte \u00e0 la courbure naturelle de votre dos, offrant un soutien optimal \u00e0 votre posture.<\/p>\n<p>Les bains de soleil <strong>design<\/strong> de la gamme York offrent de nombreux avantages remarquables. Tout d&rsquo;abord, ils sont dot\u00e9s d&rsquo;<strong>accoudoirs int\u00e9gr\u00e9s<\/strong> en bois de teck. Ces accoudoirs sont <strong>rabattables et servent de supports pratiques<\/strong> pour poser vos effets personnels, tels que de la cr\u00e8me solaire, des lunettes de soleil ou un livre. Cette caract\u00e9ristique unique et fonctionnelle ajoute une touche de commodit\u00e9 suppl\u00e9mentaire \u00e0 votre exp\u00e9rience de relaxation en plein air.<\/p>\n<p>Concernant les mat\u00e9riaux utilis\u00e9s, nos transats sont fabriqu\u00e9s avec soin et attention aux d\u00e9tails. Les parties en bois sont en <strong>teck<\/strong>, un mat\u00e9riau r\u00e9put\u00e9 pour sa durabilit\u00e9 et sa r\u00e9sistance aux intemp\u00e9ries. Quant \u00e0 la <strong>toile textil\u00e8ne<\/strong>, respirante et sp\u00e9cialement con\u00e7u pour une utilisation en ext\u00e9rieur, elle offre une <strong>r\u00e9sistance exceptionnelle aux intemp\u00e9ries<\/strong> et aux rayons UV. Enfin, l&rsquo;aluminium utilis\u00e9 pour la structure des transats est un mat\u00e9riau <strong>l\u00e9ger<\/strong>, solide et r\u00e9sistant \u00e0 la corrosion.<\/p>\n<p>La <strong>table basse pratique<\/strong> et \u00e9l\u00e9gante vous permet de garder \u00e0 port\u00e9e de main vos boissons rafra\u00eechissantes, vos livres pr\u00e9f\u00e9r\u00e9s ou tout autre accessoire n\u00e9cessaire \u00e0 votre confort.<\/p>\n<p>Le m\u00e9lange de couleurs et de mat\u00e9riaux et le design soign\u00e9 et raffin\u00e9 des chaises longues s&rsquo;inspire des tendances actuelles en mati\u00e8re d&rsquo;am\u00e9nagement int\u00e9rieur, ce qui en fait un <strong>choix moderne et tendance<\/strong> pour votre terrasse, votre patio ou votre jardin!<\/p>\n<h3>Points forts:<\/h3>\n<ul>\n<li><span style=\"color: #333333;\">Structure en <strong>aluminium massif<\/strong> : L\u00e9g\u00e8re, r\u00e9sistante aux intemp\u00e9ries, durable.<\/span><\/li>\n<li><span style=\"color: #333333;\">Toile en <strong>Textil\u00e8ne<\/strong>: grande stabilit\u00e9 \u00e0 la lumi\u00e8re, r\u00e9sistant \u00e0 l&rsquo;humidit\u00e9.<\/span><\/li>\n<li><span style=\"color: #333333;\">Tablette escamotable en teck int\u00e9gr\u00e9e aux c\u00f4t\u00e9s: original et tr\u00e8s pratique!<\/span><\/li>\n<li><span style=\"color: #333333;\">Une table d&rsquo;appoint en <strong>Teck<\/strong>.<\/span><\/li>\n<\/ul>\n<p>&nbsp;<\/p>\n<h3>Composition de l&rsquo;ensemble bains de soleil aluminium:<\/h3>\n<ul>\n<li><span style=\"color: #333333;\"><strong>Deux bains de soleil:<\/strong><br \/>\nL: 200 cm \/ l: 80 cm \/ H: 97 cm<\/span><\/li>\n<li><span style=\"color: #333333;\"><strong>Une table d&rsquo;appoint:<\/strong><br \/>\nL: 60 cm \/ l: 50 cm \/ H 41 cm<\/span><\/li>\n<\/ul>\n<p>&nbsp;<\/p>\n<p><img fetchpriority=\"high\" decoding=\"async\" class=\"alignnone wp-image-2974 size-full\" src=\"https:\/\/maisonbelloeil.fr\/wp-content\/uploads\/2023\/06\/icono-2-chaises-longues-table.jpg\" alt=\"Illustration 2 bains de soleil\" width=\"500\" height=\"100\" title=\"\" srcset=\"https:\/\/maisonbelloeil.fr\/wp-content\/uploads\/2023\/06\/icono-2-chaises-longues-table.jpg 500w, https:\/\/maisonbelloeil.fr\/wp-content\/uploads\/2023\/06\/icono-2-chaises-longues-table-300x60.jpg 300w\" sizes=\"(max-width: 500px) 100vw, 500px\" \/><\/p>\n<p>&nbsp;<\/p>\n<p>Pour toute\u00a0<strong>demande de renseignement<\/strong>\u00a0ou pour\u00a0<strong>finaliser votre achat<\/strong>, nous vous invitons \u00e0<a href=\"https:\/\/maisonbelloeil.fr\/en\/contactez-nous\/\"><em><strong> nous contacter<\/strong><\/em><\/a>.\u00a0 \u00a0 \u00a0 \u00a0 \u00a0 \u00a0 \u00a0 \u00a0 \u00a0 \u00a0 \u00a0 \u00a0 \u00a0 \u00a0 \u00a0 \u00a0 \u00a0 \u00a0 \u00a0 \u00a0 \u00a0 \u00a0 \u00a0 \u00a0 \u00a0 \u00a0 \u00a0 \u00a0 \u00a0 \u00a0 \u00a0 \u00a0 \u00a0 \u00a0 \u00a0 \u00a0 \u00a0 \u00a0 \u00a0 \u00a0 \u00a0 \u00a0 \u00a0 \u00a0 \u00a0 \u00a0 \u00a0 \u00a0 \u00a0 \u00a0 \u00a0 \u00a0 \u00a0 \u00a0 \u00a0 \u00a0 \u00a0 \u00a0 \u00a0 \u00a0 \u00a0 \u00a0 \u00a0 \u00a0 \u00a0 \u00a0 \u00a0 \u00a0 \u00a0 \u00a0 Notre \u00e9quipe se tient \u00e0 votre \u00e9coute pour vous offrir un <strong>service sur-mesure<\/strong><\/p>\n<p>&nbsp;<\/p>\n<h3>Couleurs disponibles :<\/h3>\n<ul>\n<li><span style=\"color: #333333;\">Blanc\/ Noir<\/span><\/li>\n<li><span style=\"color: #333333;\">Blanc\/ Blanc\u00a0<\/span><\/li>\n<\/ul>\n<p>&nbsp;<\/p>\n<h3>Produits compl\u00e9mentaires:<\/h3>\n<p>Pourquoi ne pas compl\u00e9ter votre ensemble de Bains de soleil aluminium avec le<span style=\"color: #333333;\"><span style=\"color: #346f7f;\">\u00a0<strong><a href=\"https:\/\/maisonbelloeil.fr\/en\/product\/salon-de-jardin-bas-aluminium-york\/\"><span style=\"color: #346f7f;\">salon de jardin bas<\/span><\/a><\/strong><\/span><\/span> ou l&rsquo;<a href=\"https:\/\/maisonbelloeil.fr\/en\/product\/chaises-table-de-jardin-4-places-york\/\"><strong><span style=\"color: #346f7f;\">ensemble repas pour 4 personnes<\/span><\/strong><\/a> de la m\u00eame collection?<\/p>\n<p>D\u00e9couvrez notre gamme exclusive de <a href=\"https:\/\/maisonbelloeil.fr\/en\/product-category\/bains-de-soleil\/\"><strong><span style=\"color: #346f7f;\">bains de soleil luxe<\/span><\/strong><\/a>, con\u00e7ue pour sublimer votre piscine ou votre terrasse. Nos mod\u00e8les sont le summum du design raffin\u00e9, offrant non seulement un confort exceptionnel mais aussi une esth\u00e9tique sophistiqu\u00e9e. Fabriqu\u00e9s \u00e0 partir de mat\u00e9riaux premium, nos bains de soleil garantissent une durabilit\u00e9 et une long\u00e9vit\u00e9 incomparables.<\/p>\n<p>Imaginez-vous allong\u00e9, profitant d&rsquo;un moment de d\u00e9tente absolue, tout en vous dorant sous le soleil. Nos bains de soleil luxe sont parfaits pour ceux qui recherchent un m\u00e9lange parfait de relaxation et de luxe dans leur espace ext\u00e9rieur.<\/p>\n<p>&nbsp;<\/p>\n<h3><span style=\"color: #333333;\">Mat\u00e9riaux et instructions d&rsquo;entretien:<\/span><\/h3>\n<p><span style=\"color: #333333;\">La toile en <strong>Textil\u00e8ne<\/strong> est un tissu \u00e0 haute technologie: utilis\u00e9 en construction navale, le Textil\u00e8ne est un mat\u00e9riau connu pour son confort et sa r\u00e9sistance aux t\u00e2ches ainsi qu\u2019aux intemp\u00e9ries.<\/span><\/p>\n<p><span style=\"color: #333333;\">L\u2019<strong>aluminium<\/strong>\u00a0est tr\u00e8s r\u00e9pandu dans le domaine de la construction en raison de ses nombreuses qualit\u00e9s. Solide, l\u00e9ger, durable, pratique et esth\u00e9tique, il r\u00e9siste \u00e0 la pluie, \u00e0 l\u2019humidit\u00e9 et ne rouille pas. Il ne craint pas le soleil non plus et ne perd pas son \u00e9clat.<\/span><\/p>\n<p><span style=\"color: #333333;\">Le\u00a0<strong>bois de teck<\/strong> r\u00e9siste aux \u00e9l\u00e9ments ext\u00e9rieurs, sa haute teneur en huile, sa grande r\u00e9sistance \u00e0 la traction, son grain serr\u00e9 le rendent particuli\u00e8rement appropri\u00e9 pour une utilisation en ext\u00e9rieur. <\/span><span style=\"color: #333333;\">L\u2019application bisannuelle d\u2019une couche d\u2019huile pour teck est recommand\u00e9e pour le maintenir beau.<\/span><\/p>\n<p><span style=\"color: #346f7f;\">(\u00a9<a style=\"color: #346f7f;\" href=\"https:\/\/www.higoldeurope.eu\/\" rel=\"nofollow noopener\" target=\"_blank\">HIGOLD)<\/a><\/span><\/p>\n<p>&nbsp;<\/p>\n<p>&nbsp;<\/p>","protected":false},"excerpt":{"rendered":"<p><span style=\"color: #333333;\"><strong>Ensemble 2 Bains de soleil aluminium:<\/strong><\/span><\/p>\n<ul>\n<li><span style=\"color: #333333;\">Deux bains de soleil<\/span><\/li>\n<li><span style=\"color: #333333;\">Une table d&rsquo;appoint<\/span><\/li>\n<\/ul>\n<hr \/>\n<p><span style=\"color: #333333;\"><span style=\"color: #346f7f;\">Bois de Teck de grade A<\/span> | <span style=\"color: #346f7f;\">Aluminium massif <span style=\"color: #333333;\">|<\/span> Textil\u00e8ne<\/span><\/span><\/p>\n<p><img decoding=\"async\" class=\"alignleft wp-image-14040\" src=\"https:\/\/maisonbelloeil.fr\/wp-content\/uploads\/2023\/06\/logo-quick-dry-150x50-1.jpg\" alt=\"Quickdry\" width=\"120\" height=\"40\" \/><\/p>\n<hr \/>\n<p><em><span style=\"color: #ff6600;\"><strong><span style=\"color: #bf4d00;\"><span style=\"color: #800080;\"><img decoding=\"async\" class=\"alignleft wp-image-15282\" src=\"https:\/\/maisonbelloeil.fr\/wp-content\/uploads\/2023\/09\/Logo-livraison-offerte.png\" alt=\"\" width=\"75\" height=\"30\" \/> Frais de port offerts<\/span><\/span><\/strong><\/span><\/em><\/p>\n<hr \/>\n<p><span style=\"color: #333333;\">Pour toute\u00a0<strong>demande de renseignement<\/strong>\u00a0ou pour\u00a0<strong>finaliser votre achat<\/strong>, nous vous invitons \u00e0<a href=\"https:\/\/maisonbelloeil.fr\/en\/contactez-nous\/\"><em><strong>\u00a0nous contacter<\/strong><\/em><\/a>.\u00a0 \u00a0 \u00a0 \u00a0 \u00a0 \u00a0 \u00a0 \u00a0 \u00a0 \u00a0 \u00a0 \u00a0 \u00a0 \u00a0 \u00a0 \u00a0 \u00a0 \u00a0 \u00a0 \u00a0 \u00a0 \u00a0 \u00a0 \u00a0 \u00a0 \u00a0 \u00a0 \u00a0 \u00a0 \u00a0 \u00a0 \u00a0 \u00a0 \u00a0 \u00a0 \u00a0 \u00a0 \u00a0 \u00a0 \u00a0 Notre \u00e9quipe se tient \u00e0 votre \u00e9coute pour vous offrir un\u00a0<strong>service sur-mesure\u00a0 \u00a0 \u00a0 \u00a0 \u00a0 \u00a0 \u00a0 \u00a0 \u00a0 \u00a0 \u00a0 \u00a0 \u00a0 \u00a0 \u00a0 \u00a0 \u00a0 \u00a0 \u00a0 \u00a0 \u00a0 \u00a0 \u00a0 \u00a0 \u00a0 \u00a0 \u00a0 \u00a0 \u00a0 <\/strong>MOBILIER DE JARDIN HAUT DE GAMME<\/span><\/p>","protected":false},"featured_media":14284,"comment_status":"open","ping_status":"closed","template":"","meta":{"ocean_post_layout":"","ocean_both_sidebars_style":"","ocean_both_sidebars_content_width":0,"ocean_both_sidebars_sidebars_width":0,"ocean_sidebar":"0","ocean_second_sidebar":"0","ocean_disable_margins":"enable","ocean_add_body_class":"","ocean_shortcode_before_top_bar":"","ocean_shortcode_after_top_bar":"","ocean_shortcode_before_header":"","ocean_shortcode_after_header":"","ocean_has_shortcode":"","ocean_shortcode_after_title":"","ocean_shortcode_before_footer_widgets":"","ocean_shortcode_after_footer_widgets":"","ocean_shortcode_before_footer_bottom":"","ocean_shortcode_after_footer_bottom":"","ocean_display_top_bar":"default","ocean_display_header":"default","ocean_header_style":"","ocean_center_header_left_menu":"0","ocean_custom_header_template":"0","ocean_custom_logo":0,"ocean_custom_retina_logo":0,"ocean_custom_logo_max_width":0,"ocean_custom_logo_tablet_max_width":0,"ocean_custom_logo_mobile_max_width":0,"ocean_custom_logo_max_height":0,"ocean_custom_logo_tablet_max_height":0,"ocean_custom_logo_mobile_max_height":0,"ocean_header_custom_menu":"0","ocean_menu_typo_font_family":"0","ocean_menu_typo_font_subset":"","ocean_menu_typo_font_size":0,"ocean_menu_typo_font_size_tablet":0,"ocean_menu_typo_font_size_mobile":0,"ocean_menu_typo_font_size_unit":"px","ocean_menu_typo_font_weight":"","ocean_menu_typo_font_weight_tablet":"","ocean_menu_typo_font_weight_mobile":"","ocean_menu_typo_transform":"","ocean_menu_typo_transform_tablet":"","ocean_menu_typo_transform_mobile":"","ocean_menu_typo_line_height":0,"ocean_menu_typo_line_height_tablet":0,"ocean_menu_typo_line_height_mobile":0,"ocean_menu_typo_line_height_unit":"","ocean_menu_typo_spacing":0,"ocean_menu_typo_spacing_tablet":0,"ocean_menu_typo_spacing_mobile":0,"ocean_menu_typo_spacing_unit":"","ocean_menu_link_color":"","ocean_menu_link_color_hover":"","ocean_menu_link_color_active":"","ocean_menu_link_background":"","ocean_menu_link_hover_background":"","ocean_menu_link_active_background":"","ocean_menu_social_links_bg":"","ocean_menu_social_hover_links_bg":"","ocean_menu_social_links_color":"","ocean_menu_social_hover_links_color":"","ocean_disable_title":"default","ocean_disable_heading":"default","ocean_post_title":"","ocean_post_subheading":"","ocean_post_title_style":"centered-minimal","ocean_post_title_background_color":"","ocean_post_title_background":0,"ocean_post_title_bg_image_position":"","ocean_post_title_bg_image_attachment":"","ocean_post_title_bg_image_repeat":"","ocean_post_title_bg_image_size":"","ocean_post_title_height":0,"ocean_post_title_bg_overlay":0.5,"ocean_post_title_bg_overlay_color":"","ocean_disable_breadcrumbs":"default","ocean_breadcrumbs_color":"","ocean_breadcrumbs_separator_color":"","ocean_breadcrumbs_links_color":"","ocean_breadcrumbs_links_hover_color":"","ocean_display_footer_widgets":"default","ocean_display_footer_bottom":"default","ocean_custom_footer_template":"0"},"product_brand":[135],"product_cat":[67],"product_tag":[141,61],"class_list":{"0":"post-2971","1":"product","2":"type-product","3":"status-publish","4":"has-post-thumbnail","6":"product_brand-higold","7":"product_cat-bains-de-soleil","8":"product_tag-higold","9":"product_tag-york","11":"entry","12":"has-media","14":"first","15":"instock","16":"taxable","17":"shipping-taxable","18":"purchasable","19":"product-type-simple","20":"has-rating","21":"col","22":"span_1_of_3","23":"owp-content-center","24":"item-entry","25":"owp-thumbs-layout-horizontal","26":"owp-btn-very-big","27":"owp-tabs-layout-horizontal"},"_links":{"self":[{"href":"https:\/\/maisonbelloeil.fr\/en\/wp-json\/wp\/v2\/product\/2971","targetHints":{"allow":["GET"]}}],"collection":[{"href":"https:\/\/maisonbelloeil.fr\/en\/wp-json\/wp\/v2\/product"}],"about":[{"href":"https:\/\/maisonbelloeil.fr\/en\/wp-json\/wp\/v2\/types\/product"}],"replies":[{"embeddable":true,"href":"https:\/\/maisonbelloeil.fr\/en\/wp-json\/wp\/v2\/comments?post=2971"}],"wp:featuredmedia":[{"embeddable":true,"href":"https:\/\/maisonbelloeil.fr\/en\/wp-json\/wp\/v2\/media\/14284"}],"wp:attachment":[{"href":"https:\/\/maisonbelloeil.fr\/en\/wp-json\/wp\/v2\/media?parent=2971"}],"wp:term":[{"taxonomy":"product_brand","embeddable":true,"href":"https:\/\/maisonbelloeil.fr\/en\/wp-json\/wp\/v2\/product_brand?post=2971"},{"taxonomy":"product_cat","embeddable":true,"href":"https:\/\/maisonbelloeil.fr\/en\/wp-json\/wp\/v2\/product_cat?post=2971"},{"taxonomy":"product_tag","embeddable":true,"href":"https:\/\/maisonbelloeil.fr\/en\/wp-json\/wp\/v2\/product_tag?post=2971"}],"curies":[{"name":"wp","href":"https:\/\/api.w.org\/{rel}","templated":true}]}}