{"id":2895,"date":"2023-06-12T17:16:39","date_gmt":"2023-06-12T15:16:39","guid":{"rendered":"https:\/\/maisonbelloeil.fr\/?post_type=product&#038;p=2895"},"modified":"2025-06-17T15:06:40","modified_gmt":"2025-06-17T13:06:40","slug":"salon-de-jardin-bas-aluminium-york","status":"publish","type":"product","link":"https:\/\/maisonbelloeil.fr\/en\/product\/salon-de-jardin-bas-aluminium-york\/","title":{"rendered":"Salon de jardin bas aluminium YORK"},"content":{"rendered":"<h2 style=\"text-align: center;\"><span style=\"color: #333333;\"><strong>Salon de jardin bas aluminium 5 places YORK:<\/strong><\/span><\/h2>\n<p>Transformez votre jardin en un oasis de d\u00e9tente avec notre <strong>salon de jardin 5 places<\/strong> !<\/p>\n<p>D\u00e9couvrez d\u00e8s maintenant notre exceptionnel ensemble de jardin design, sp\u00e9cialement con\u00e7u pour ceux qui recherchent \u00e0 la fois style et fonctionnalit\u00e9. Compos\u00e9 d&rsquo;un <strong>canap\u00e9 3 places<\/strong> et de <strong>deux\u00a0chaises design<\/strong>, d&rsquo;<strong>une table basse<\/strong> ainsi que d&rsquo;<strong>une table d&rsquo;appoint<\/strong>, cet ensemble salon de jardin bas aluminium et textil\u00e8ne apportera une touche de sophistication \u00e0 votre espace ext\u00e9rieur.<\/p>\n<p>Laissez-vous s\u00e9duire par le <strong>design unique<\/strong> inspir\u00e9 des grandes m\u00e9tropoles du monde qui caract\u00e9rise notre gamme <a href=\"https:\/\/maisonbelloeil.fr\/en\/product-tag\/york\/\"><strong><span style=\"color: #346f7f;\">YORK<\/span><\/strong><\/a>. Chaque meuble a \u00e9t\u00e9 soigneusement con\u00e7u pour refl\u00e9ter l&rsquo;esprit contemporain de l&rsquo;architecture moderne. Les combinaisons harmonieuses de couleurs et de mat\u00e9riaux conf\u00e8rent \u00e0 ce salon de jardin bas aluminium une chaleur et une <strong>sophistication<\/strong> incomparables.<\/p>\n<p>L&rsquo;un des avantages exceptionnels de ce salon de jardin bas aluminium est la pr\u00e9sence d&rsquo;accoudoirs int\u00e9gr\u00e9s. Les c\u00f4t\u00e9s des meubles sont \u00e9quip\u00e9s de <strong>tablettes rabattables en bois de teck<\/strong>, offrant ainsi des supports pratiques pour vos effets personnels. Cette option exclusive \u00e0 la gamme \u00ab\u00a0York\u00a0\u00bb ajoute une touche de fonctionnalit\u00e9 suppl\u00e9mentaire et souligne la qualit\u00e9 de nos produits.<\/p>\n<p>En parlant de qualit\u00e9, nous nous assurons d&rsquo;utiliser uniquement les meilleurs mat\u00e9riaux pour nos meubles. <strong>Le bois de teck<\/strong>, r\u00e9put\u00e9 pour sa <strong>durabilit\u00e9<\/strong> et sa <strong>r\u00e9sistance<\/strong> aux \u00e9l\u00e9ments ext\u00e9rieurs, est utilis\u00e9 dans la fabrication de nos produits. Il n\u00e9cessite peu d&rsquo;entretien et conserve sa beaut\u00e9 naturelle au fil du temps. Avec une simple couche d&rsquo;huile de teck massif appliqu\u00e9e deux fois par an, vous pourrez pr\u00e9server la splendeur de votre mobilier.<\/p>\n<p>Pour la structure et les plateaux de table, nous utilisons de l&rsquo;<strong>aluminium<\/strong>, un mat\u00e9riau r\u00e9put\u00e9 pour sa <strong>solidit\u00e9<\/strong>, sa <strong>l\u00e9g\u00e8ret\u00e9<\/strong>, sa durabilit\u00e9 et son <strong>esth\u00e9tisme.<\/strong> R\u00e9sistant \u00e0 la pluie, \u00e0 l&rsquo;humidit\u00e9 et \u00e0 la corrosion, l&rsquo;aluminium conserve son \u00e9clat m\u00eame en plein soleil, ce qui en fait le choix id\u00e9al pour les meubles d&rsquo;ext\u00e9rieur.<\/p>\n<p>Enfin, les assises et les dossiers sont rev\u00eatus d&rsquo;une <strong>toile en textil\u00e8ne<\/strong> de qualit\u00e9 sup\u00e9rieure. Cette fibre synth\u00e9tique, enduite de PVC, offre une <strong>r\u00e9sistance exceptionnelle<\/strong> aux intemp\u00e9ries, aux rayons UV et aux taches. Vous pourrez ainsi profiter de votre ensemble salon de jardin York tout au long de la belle saison sans vous soucier des d\u00e9gradations caus\u00e9es par les conditions ext\u00e9rieures.<\/p>\n<p>Cet ensemble de jardin allie \u00e0 la fois un <strong>design \u00e9l\u00e9gant et une qualit\u00e9 exceptionnelle<\/strong>. Il est con\u00e7u pour conserver sa beaut\u00e9 et sa robustesse pendant de nombreuses ann\u00e9es, n\u00e9cessitant peu d&rsquo;entretien.<\/p>\n<p>Ne manquez pas cette opportunit\u00e9 de transformer votre espace ext\u00e9rieur en un v\u00e9ritable havre de paix avec notre salon de jardin bas Aluminium York. Sa raret\u00e9, son design exceptionnel et sa qualit\u00e9 incomparable en font un choix s\u00fbr pour cr\u00e9er un espace ext\u00e9rieur \u00e9l\u00e9gant et confortable. D\u00e9tendez-vous et profitez pleinement de votre espace ext\u00e9rieur avec notre ensemble de jardin York. Commandez d\u00e8s maintenant !<\/p>\n<p>&nbsp;<\/p>\n<h3 style=\"text-align: center;\">Points forts:<\/h3>\n<ul>\n<li><span style=\"color: #333333;\">Structure en <strong>aluminium massif<\/strong> : L\u00e9g\u00e8re, r\u00e9sistante aux intemp\u00e9ries, durable.<\/span><\/li>\n<li><span style=\"color: #333333;\">Toile en <strong>Textil\u00e8ne<\/strong>: grande stabilit\u00e9 \u00e0 la lumi\u00e8re, r\u00e9sistant \u00e0 l&rsquo;humidit\u00e9.<\/span><\/li>\n<li><span style=\"color: #333333;\">Tablette escamotable en teck int\u00e9gr\u00e9e aux c\u00f4t\u00e9s: original et tr\u00e8s pratique!<\/span><\/li>\n<li><span style=\"color: #333333;\">Table basse ing\u00e9nieuse en <strong>Teck<\/strong>: un bac \u00e0 glace y est int\u00e9gr\u00e9.<\/span><\/li>\n<\/ul>\n<p>&nbsp;<\/p>\n<h3 style=\"text-align: center;\">Composition du salon de jardin bas aluminium et textil\u00e8ne:<\/h3>\n<ul>\n<li><span style=\"color: #333333;\"><strong>Un canap\u00e9 trois places:<\/strong><br \/>\nL: 220 cm \/ l: 81.5 cm \/ H: 61 cm<br \/>\n<\/span><\/li>\n<li><span style=\"color: #333333;\"><strong>Deux fauteuils avec accoudoirs:<\/strong><br \/>\nL: 84 cm \/ l: 81.5 cm \/ H: 61 cm<br \/>\n<\/span><\/li>\n<li><span style=\"color: #333333;\"><strong>Une table basse avec bac \u00e0 glace int\u00e9gr\u00e9:<\/strong><br \/>\nL: 110 cm \/ l: 75 cm \/ H: 41 cm<br \/>\n<\/span><\/li>\n<li><span style=\"color: #333333;\"><strong>Une table d&rsquo;appoint:<\/strong><br \/>\nL: 60 cm \/ l: 50 cm \/ H: 41 cm<\/span><\/li>\n<\/ul>\n<p>&nbsp;<\/p>\n<p><img fetchpriority=\"high\" decoding=\"async\" class=\"wp-image-2899 size-full aligncenter\" src=\"https:\/\/maisonbelloeil.fr\/wp-content\/uploads\/2023\/06\/Chaise-et-tables-11.jpg\" alt=\"icone salon exterieur\" width=\"500\" height=\"100\" title=\"\" srcset=\"https:\/\/maisonbelloeil.fr\/wp-content\/uploads\/2023\/06\/Chaise-et-tables-11.jpg 500w, https:\/\/maisonbelloeil.fr\/wp-content\/uploads\/2023\/06\/Chaise-et-tables-11-300x60.jpg 300w\" sizes=\"(max-width: 500px) 100vw, 500px\" \/><\/p>\n<p>&nbsp;<\/p>\n<p>&nbsp;<\/p>\n<p>Pour toute<strong> demande de renseignement<\/strong> ou pour <strong>finaliser votre achat<\/strong>, nous vous invitons \u00e0 <strong><em><a href=\"https:\/\/maisonbelloeil.fr\/en\/contactez-nous\/\">nous contacter<\/a>.<\/em><\/strong><br \/>\nNotre \u00e9quipe se tient \u00e0 votre \u00e9coute pour vous offrir un <strong>service sur-mesure<\/strong><\/p>\n<p>&nbsp;<\/p>\n<p>&nbsp;<\/p>\n<h3 style=\"text-align: center;\">Produits compl\u00e9mentaires:<\/h3>\n<p>Notre gamme <span style=\"color: #346f7f;\"><a style=\"color: #346f7f;\" href=\"https:\/\/maisonbelloeil.fr\/en\/product-tag\/york\/\"><strong>YORK<\/strong><\/a><\/span> offre une large s\u00e9lection de meubles pour r\u00e9pondre \u00e0 tous les besoins. Que vous recherchiez un <a href=\"https:\/\/maisonbelloeil.fr\/en\/product\/bains-de-soleil-aluminium-blanc-york\/\"><span style=\"color: #346f7f;\"><strong>transat<\/strong><\/span><\/a>\u00a0ou un <span style=\"color: #333333;\"><span style=\"color: #346f7f;\"><a style=\"color: #346f7f;\" href=\"https:\/\/maisonbelloeil.fr\/en\/product\/salon-de-jardin-dangle-aluminium-york\/\"><strong>salon de jardin d&rsquo;angle<\/strong><\/a><\/span><\/span>, vous trouverez certainement le produit id\u00e9al pour compl\u00e9ter votre espace ext\u00e9rieur.<\/p>\n<p>&nbsp;<\/p>\n<hr \/>\n<h3 style=\"text-align: center;\"><span style=\"color: #333333;\">Mat\u00e9riaux et instructions d&rsquo;entretien:<\/span><\/h3>\n<p><span style=\"color: #333333;\">La toile en <strong>Textil\u00e8ne<\/strong> est un tissu \u00e0 haute technologie: utilis\u00e9 en construction navale, le Textil\u00e8ne est un mat\u00e9riau connu pour son confort et sa r\u00e9sistance aux t\u00e2ches ainsi qu\u2019aux intemp\u00e9ries.<\/span><\/p>\n<p><span style=\"color: #333333;\">L\u2019<strong>aluminium<\/strong>\u00a0est tr\u00e8s r\u00e9pandu dans le domaine de la construction en raison de ses nombreuses qualit\u00e9s. Solide, l\u00e9ger, durable, pratique et esth\u00e9tique, il r\u00e9siste \u00e0 la pluie, \u00e0 l\u2019humidit\u00e9 et ne rouille pas. Il ne craint pas le soleil non plus et ne perd pas son \u00e9clat.<\/span><\/p>\n<p><span style=\"color: #333333;\">Le\u00a0<strong>bois de teck<\/strong> r\u00e9siste aux \u00e9l\u00e9ments ext\u00e9rieurs, sa haute teneur en huile, sa grande r\u00e9sistance \u00e0 la traction, son grain serr\u00e9 le rendent particuli\u00e8rement appropri\u00e9 pour une utilisation en ext\u00e9rieur. <\/span><span style=\"color: #333333;\">L\u2019application bisannuelle d\u2019une couche d\u2019huile pour teck est recommand\u00e9e.<\/span><\/p>\n<p>&nbsp;<\/p>\n<hr \/>\n<p style=\"text-align: center;\"><img decoding=\"async\" class=\"aligncenter wp-image-14012 size-medium\" src=\"https:\/\/maisonbelloeil.fr\/wp-content\/uploads\/2023\/06\/logo-revendeurofficiel-higold-300x54.png\" alt=\"Logo revendeur officiel Higold.\" width=\"300\" height=\"54\" title=\"\" srcset=\"https:\/\/maisonbelloeil.fr\/wp-content\/uploads\/2023\/06\/logo-revendeurofficiel-higold-300x54.png 300w, https:\/\/maisonbelloeil.fr\/wp-content\/uploads\/2023\/06\/logo-revendeurofficiel-higold-700x126.png 700w, https:\/\/maisonbelloeil.fr\/wp-content\/uploads\/2023\/06\/logo-revendeurofficiel-higold-1024x184.png 1024w, https:\/\/maisonbelloeil.fr\/wp-content\/uploads\/2023\/06\/logo-revendeurofficiel-higold-768x138.png 768w, https:\/\/maisonbelloeil.fr\/wp-content\/uploads\/2023\/06\/logo-revendeurofficiel-higold-1536x276.png 1536w, https:\/\/maisonbelloeil.fr\/wp-content\/uploads\/2023\/06\/logo-revendeurofficiel-higold.png 1847w\" sizes=\"(max-width: 300px) 100vw, 300px\" \/><br \/>\n<img decoding=\"async\" class=\"aligncenter wp-image-14042 size-full\" src=\"https:\/\/maisonbelloeil.fr\/wp-content\/uploads\/2023\/06\/sl_higold-excellent-life_rgb-300x45-1.png\" alt=\"excellent life\" width=\"300\" height=\"45\" title=\"\"><\/p>\n<p style=\"text-align: center;\"><img loading=\"lazy\" decoding=\"async\" class=\"aligncenter wp-image-14043\" src=\"https:\/\/maisonbelloeil.fr\/wp-content\/uploads\/2023\/06\/ukas-300x225.jpg\" alt=\"Logo UKAS\" width=\"133\" height=\"100\" title=\"\" srcset=\"https:\/\/maisonbelloeil.fr\/wp-content\/uploads\/2023\/06\/ukas-300x225.jpg 300w, https:\/\/maisonbelloeil.fr\/wp-content\/uploads\/2023\/06\/ukas-700x525.jpg 700w, https:\/\/maisonbelloeil.fr\/wp-content\/uploads\/2023\/06\/ukas-768x576.jpg 768w, https:\/\/maisonbelloeil.fr\/wp-content\/uploads\/2023\/06\/ukas.jpg 866w\" sizes=\"(max-width: 133px) 100vw, 133px\" \/><img loading=\"lazy\" decoding=\"async\" class=\"aligncenter wp-image-14045\" src=\"https:\/\/maisonbelloeil.fr\/wp-content\/uploads\/2023\/06\/bsci.jpg\" alt=\"logo BSCI\" width=\"142\" height=\"100\" title=\"\"><\/p>\n<p>&nbsp;<\/p>\n<p>&nbsp;<\/p>\n<p>&nbsp;<\/p>","protected":false},"excerpt":{"rendered":"<p><span style=\"color: #333333;\"><strong>Ensemble salon de jardin bas:<\/strong><\/span><\/p>\n<ul>\n<li><span style=\"color: #333333;\">Un canap\u00e9 3 places<\/span><\/li>\n<li><span style=\"color: #333333;\">Une table basse<\/span><\/li>\n<li><span style=\"color: #333333;\">Deux fauteuils<\/span><\/li>\n<li><span style=\"color: #333333;\">Une table d&rsquo;appoint<\/span><\/li>\n<\/ul>\n<hr \/>\n<p><span style=\"color: #333333;\"><span style=\"color: #346f7f;\">Bois de Teck de grade A<\/span> | <span style=\"color: #346f7f;\">Aluminium massif <span style=\"color: #333333;\">|<\/span> Textil\u00e8ne<\/span><\/span><\/p>\n<p><img loading=\"lazy\" decoding=\"async\" class=\"wp-image-14040 alignleft\" src=\"https:\/\/maisonbelloeil.fr\/wp-content\/uploads\/2023\/06\/logo-quick-dry-150x50-1.jpg\" alt=\"Quickdry\" width=\"120\" height=\"40\" \/><\/p>\n<hr \/>\n<p><em><span style=\"color: #ff6600;\"><strong><span style=\"color: #bf4d00;\"><span style=\"color: #800080;\"><img loading=\"lazy\" decoding=\"async\" class=\"alignleft wp-image-15282\" src=\"https:\/\/maisonbelloeil.fr\/wp-content\/uploads\/2023\/09\/Logo-livraison-offerte.png\" alt=\"\" width=\"75\" height=\"30\" \/> Frais de port offerts<\/span><\/span><\/strong><\/span><\/em><\/p>\n<hr \/>\n<p><span style=\"color: #333333;\">Pour toute\u00a0<strong>demande de renseignement<\/strong>\u00a0ou pour\u00a0<strong>finaliser votre achat<\/strong>, nous vous invitons \u00e0<a href=\"https:\/\/maisonbelloeil.fr\/en\/contactez-nous\/\"><em><strong>\u00a0nous contacter<\/strong><\/em><\/a>.\u00a0 \u00a0 \u00a0 \u00a0 \u00a0 \u00a0 \u00a0 \u00a0 \u00a0 \u00a0 \u00a0 \u00a0 \u00a0 \u00a0 \u00a0 \u00a0 \u00a0 \u00a0 \u00a0 \u00a0 \u00a0 \u00a0 \u00a0 \u00a0 \u00a0 \u00a0 \u00a0 \u00a0 \u00a0 \u00a0 \u00a0 \u00a0 \u00a0 \u00a0 \u00a0 \u00a0 \u00a0 \u00a0 \u00a0 \u00a0 Notre \u00e9quipe se tient \u00e0 votre \u00e9coute pour vous offrir un\u00a0<strong>service sur-mesure\u00a0 \u00a0 \u00a0 \u00a0 \u00a0 \u00a0 \u00a0 \u00a0 \u00a0 \u00a0 \u00a0 \u00a0 \u00a0 \u00a0 \u00a0 \u00a0 \u00a0 \u00a0 \u00a0 \u00a0 \u00a0 \u00a0 \u00a0 \u00a0 \u00a0 \u00a0 \u00a0 \u00a0 \u00a0 \u00a0 <\/strong>MOBILIER DE JARDIN HAUT DE GAMME<\/span><\/p>","protected":false},"featured_media":2896,"comment_status":"open","ping_status":"closed","template":"","meta":{"ocean_post_layout":"","ocean_both_sidebars_style":"","ocean_both_sidebars_content_width":0,"ocean_both_sidebars_sidebars_width":0,"ocean_sidebar":"0","ocean_second_sidebar":"0","ocean_disable_margins":"enable","ocean_add_body_class":"","ocean_shortcode_before_top_bar":"","ocean_shortcode_after_top_bar":"","ocean_shortcode_before_header":"","ocean_shortcode_after_header":"","ocean_has_shortcode":"","ocean_shortcode_after_title":"","ocean_shortcode_before_footer_widgets":"","ocean_shortcode_after_footer_widgets":"","ocean_shortcode_before_footer_bottom":"","ocean_shortcode_after_footer_bottom":"","ocean_display_top_bar":"default","ocean_display_header":"default","ocean_header_style":"","ocean_center_header_left_menu":"0","ocean_custom_header_template":"0","ocean_custom_logo":0,"ocean_custom_retina_logo":0,"ocean_custom_logo_max_width":0,"ocean_custom_logo_tablet_max_width":0,"ocean_custom_logo_mobile_max_width":0,"ocean_custom_logo_max_height":0,"ocean_custom_logo_tablet_max_height":0,"ocean_custom_logo_mobile_max_height":0,"ocean_header_custom_menu":"0","ocean_menu_typo_font_family":"0","ocean_menu_typo_font_subset":"","ocean_menu_typo_font_size":0,"ocean_menu_typo_font_size_tablet":0,"ocean_menu_typo_font_size_mobile":0,"ocean_menu_typo_font_size_unit":"px","ocean_menu_typo_font_weight":"","ocean_menu_typo_font_weight_tablet":"","ocean_menu_typo_font_weight_mobile":"","ocean_menu_typo_transform":"","ocean_menu_typo_transform_tablet":"","ocean_menu_typo_transform_mobile":"","ocean_menu_typo_line_height":0,"ocean_menu_typo_line_height_tablet":0,"ocean_menu_typo_line_height_mobile":0,"ocean_menu_typo_line_height_unit":"","ocean_menu_typo_spacing":0,"ocean_menu_typo_spacing_tablet":0,"ocean_menu_typo_spacing_mobile":0,"ocean_menu_typo_spacing_unit":"","ocean_menu_link_color":"","ocean_menu_link_color_hover":"","ocean_menu_link_color_active":"","ocean_menu_link_background":"","ocean_menu_link_hover_background":"","ocean_menu_link_active_background":"","ocean_menu_social_links_bg":"","ocean_menu_social_hover_links_bg":"","ocean_menu_social_links_color":"","ocean_menu_social_hover_links_color":"","ocean_disable_title":"default","ocean_disable_heading":"default","ocean_post_title":"","ocean_post_subheading":"","ocean_post_title_style":"centered-minimal","ocean_post_title_background_color":"","ocean_post_title_background":0,"ocean_post_title_bg_image_position":"","ocean_post_title_bg_image_attachment":"","ocean_post_title_bg_image_repeat":"","ocean_post_title_bg_image_size":"","ocean_post_title_height":0,"ocean_post_title_bg_overlay":0.5,"ocean_post_title_bg_overlay_color":"","ocean_disable_breadcrumbs":"default","ocean_breadcrumbs_color":"","ocean_breadcrumbs_separator_color":"","ocean_breadcrumbs_links_color":"","ocean_breadcrumbs_links_hover_color":"","ocean_display_footer_widgets":"default","ocean_display_footer_bottom":"default","ocean_custom_footer_template":"0"},"product_brand":[135],"product_cat":[53],"product_tag":[141,61],"class_list":{"0":"post-2895","1":"product","2":"type-product","3":"status-publish","4":"has-post-thumbnail","6":"product_brand-higold","7":"product_cat-salon-de-jardin","8":"product_tag-higold","9":"product_tag-york","11":"entry","12":"has-media","14":"first","15":"instock","16":"taxable","17":"shipping-taxable","18":"purchasable","19":"product-type-simple","20":"has-rating","21":"col","22":"span_1_of_3","23":"owp-content-center","24":"item-entry","25":"owp-thumbs-layout-horizontal","26":"owp-btn-very-big","27":"owp-tabs-layout-horizontal"},"_links":{"self":[{"href":"https:\/\/maisonbelloeil.fr\/en\/wp-json\/wp\/v2\/product\/2895","targetHints":{"allow":["GET"]}}],"collection":[{"href":"https:\/\/maisonbelloeil.fr\/en\/wp-json\/wp\/v2\/product"}],"about":[{"href":"https:\/\/maisonbelloeil.fr\/en\/wp-json\/wp\/v2\/types\/product"}],"replies":[{"embeddable":true,"href":"https:\/\/maisonbelloeil.fr\/en\/wp-json\/wp\/v2\/comments?post=2895"}],"wp:featuredmedia":[{"embeddable":true,"href":"https:\/\/maisonbelloeil.fr\/en\/wp-json\/wp\/v2\/media\/2896"}],"wp:attachment":[{"href":"https:\/\/maisonbelloeil.fr\/en\/wp-json\/wp\/v2\/media?parent=2895"}],"wp:term":[{"taxonomy":"product_brand","embeddable":true,"href":"https:\/\/maisonbelloeil.fr\/en\/wp-json\/wp\/v2\/product_brand?post=2895"},{"taxonomy":"product_cat","embeddable":true,"href":"https:\/\/maisonbelloeil.fr\/en\/wp-json\/wp\/v2\/product_cat?post=2895"},{"taxonomy":"product_tag","embeddable":true,"href":"https:\/\/maisonbelloeil.fr\/en\/wp-json\/wp\/v2\/product_tag?post=2895"}],"curies":[{"name":"wp","href":"https:\/\/api.w.org\/{rel}","templated":true}]}}