{"id":2891,"date":"2023-06-11T19:21:05","date_gmt":"2023-06-11T17:21:05","guid":{"rendered":"https:\/\/maisonbelloeil.fr\/?post_type=product&#038;p=2891"},"modified":"2025-06-17T15:06:54","modified_gmt":"2025-06-17T13:06:54","slug":"table-et-chaises-de-jardin-new-york","status":"publish","type":"product","link":"https:\/\/maisonbelloeil.fr\/en\/product\/table-et-chaises-de-jardin-new-york\/","title":{"rendered":"Table et chaises de jardin 6 personnes NEW-YORK"},"content":{"rendered":"<h2 style=\"text-align: center;\"><span style=\"color: #333333;\"><strong>Ensemble table et chaises de jardin 6 personnes NEW YORK<\/strong><\/span><\/h2>\n<p><span style=\"color: #333333;\">D\u00e9couvrez notre <strong>ensemble repas de jardin<\/strong> au <strong>design <\/strong>moderne et \u00e0 la qualit\u00e9 exceptionnelle. Fabriqu\u00e9 avec du bois de teck naturel et de l&rsquo;aluminium de haute qualit\u00e9, cet ensemble table et chaises de<\/span> jardin 6 personnes <span style=\"color: #333333;\">offre confort, durabilit\u00e9 et <strong>esth\u00e9tique contemporaine<\/strong>. <\/span><\/p>\n<p><span style=\"color: #333333;\">Les <strong>coussins de chaises<\/strong> sont dot\u00e9es d&rsquo;un tissu r\u00e9sistant \u00e0 l&rsquo;humidit\u00e9, id\u00e9al pour les environnements humides. Notre s\u00e9lection minutieuse de mat\u00e9riaux garantit une satisfaction totale et une <strong>longue dur\u00e9e<\/strong> de vie, m\u00eame en conditions m\u00e9t\u00e9orologiques difficiles.<\/span><\/p>\n<p><span style=\"color: #333333;\">Offrez-vous la ville lumi\u00e8re avec cet ensemble <strong>table et chaises de jardin<\/strong> de la collection <strong><a href=\"https:\/\/maisonbelloeil.fr\/en\/product-tag\/new-york\/\"><span style=\"color: #346f7f;\">NEW YORK<\/span><\/a><\/strong>.<\/span><\/p>\n<p>Convivialit\u00e9 et\u00a0design raffin\u00e9 : l&rsquo;alliance parfaite pour vos <strong>d\u00eeners en plein air <\/strong>!<\/p>\n<p>&nbsp;<\/p>\n<h2 style=\"text-align: center;\">Points forts de l&rsquo;ensemble repas jardin<\/h2>\n<h3><span style=\"color: #333333;\"><img decoding=\"async\" class=\"aligncenter wp-image-14013\" src=\"https:\/\/maisonbelloeil.fr\/wp-content\/uploads\/2023\/06\/logo_akzonobel-300x183.png\" alt=\"Logo Akzonobel\" width=\"115\" height=\"70\" title=\"\" srcset=\"https:\/\/maisonbelloeil.fr\/wp-content\/uploads\/2023\/06\/logo_akzonobel-300x183.png 300w, https:\/\/maisonbelloeil.fr\/wp-content\/uploads\/2023\/06\/logo_akzonobel-700x426.png 700w, https:\/\/maisonbelloeil.fr\/wp-content\/uploads\/2023\/06\/logo_akzonobel-1024x623.png 1024w, https:\/\/maisonbelloeil.fr\/wp-content\/uploads\/2023\/06\/logo_akzonobel-768x467.png 768w, https:\/\/maisonbelloeil.fr\/wp-content\/uploads\/2023\/06\/logo_akzonobel.png 1280w\" sizes=\"(max-width: 115px) 100vw, 115px\" \/><\/span><\/h3>\n<h3><span style=\"color: #333333;\"><img decoding=\"async\" class=\"aligncenter wp-image-14040 size-full\" src=\"https:\/\/maisonbelloeil.fr\/wp-content\/uploads\/2023\/06\/logo-quick-dry-150x50-1.jpg\" alt=\"Quickdry\" width=\"150\" height=\"50\" title=\"\"><\/span><\/h3>\n<ul>\n<li><span style=\"color: #333333;\"><strong>Table d&rsquo;ext\u00e9rieur<\/strong> et fauteuils dot\u00e9s d&rsquo;une structure en <strong>aluminium massif<\/strong> avec rev\u00eatement <strong>Akzonobel<\/strong>: L\u00e9g\u00e8re, r\u00e9sistante aux intemp\u00e9ries, durable.<\/span><\/li>\n<li><strong>Coussins d&rsquo;assise<\/strong> en mousse <strong>Quickdry<\/strong>.<\/li>\n<li><span style=\"color: #333333;\">Tissu en <strong>Ol\u00e9fine<\/strong>: doux, r\u00e9sistant et simple \u00e0 nettoyer.<\/span><\/li>\n<li><span style=\"color: #333333;\">Chaises avec accoudoirs et cot\u00e9s <strong>ajour\u00e9s<\/strong> en teck.<\/span><\/li>\n<li><span style=\"color: #333333;\"><span style=\"color: #333333;\">Grande table \u00e0 manger, dot\u00e9e d&rsquo;un plateau en <strong>teck<\/strong>: la beaut\u00e9 du bois et la facilit\u00e9 d&rsquo;entretien.<\/span><\/span><\/li>\n<\/ul>\n<p>&nbsp;<\/p>\n<h2 style=\"text-align: center;\">Ensemble table de jardin en aluminium<\/h2>\n<ul>\n<li><span style=\"color: #333333;\"><strong>Une grande table rectangulaire :<\/strong><br \/>\nL: 200 cm \/ l: 100 cm \/ H: 75 cm<br \/>\n<\/span><\/li>\n<li><span style=\"color: #333333;\"><strong>Six chaises avec accoudoirs :<\/strong><br \/>\nL: 62,5 cm \/ l: 56 cm \/ H: 65 cm<br \/>\n<\/span><\/li>\n<\/ul>\n<ul>\n<li><span style=\"color: #333333;\"><strong>Couleur tissu et structure<\/strong>: Noir<\/span><\/li>\n<\/ul>\n<p><img fetchpriority=\"high\" decoding=\"async\" class=\"wp-image-2667 size-full aligncenter\" src=\"https:\/\/maisonbelloeil.fr\/wp-content\/uploads\/2023\/06\/Chaise-et-tables-7.jpg\" alt=\"Ensemble repas jardin compos\u00e9 d&#039;une table et 6 chaises\" width=\"500\" height=\"100\" title=\"\" srcset=\"https:\/\/maisonbelloeil.fr\/wp-content\/uploads\/2023\/06\/Chaise-et-tables-7.jpg 500w, https:\/\/maisonbelloeil.fr\/wp-content\/uploads\/2023\/06\/Chaise-et-tables-7-300x60.jpg 300w\" sizes=\"(max-width: 500px) 100vw, 500px\" \/><\/p>\n<p>&nbsp;<\/p>\n<p>&nbsp;<\/p>\n<p>Pour toute\u00a0<strong>demande de renseignement<\/strong>\u00a0ou pour\u00a0<strong>finaliser votre achat<\/strong>, nous vous invitons \u00e0<a href=\"https:\/\/maisonbelloeil.fr\/en\/contactez-nous\/\"><em><strong>\u00a0nous contacter<\/strong><\/em><\/a>.\u00a0 \u00a0 \u00a0 \u00a0 \u00a0 \u00a0 \u00a0 \u00a0 \u00a0 \u00a0 \u00a0 \u00a0 \u00a0 \u00a0 \u00a0 \u00a0 \u00a0 \u00a0 \u00a0 \u00a0 \u00a0 \u00a0 \u00a0 \u00a0 \u00a0 \u00a0 \u00a0 \u00a0 \u00a0 \u00a0 \u00a0 \u00a0 \u00a0 \u00a0 \u00a0 \u00a0 \u00a0 \u00a0 \u00a0 \u00a0 \u00a0 \u00a0 \u00a0 \u00a0 \u00a0 \u00a0 \u00a0 \u00a0 \u00a0 \u00a0 \u00a0 \u00a0 \u00a0 \u00a0 \u00a0 \u00a0 \u00a0 \u00a0 \u00a0 \u00a0 \u00a0 \u00a0 \u00a0 \u00a0 \u00a0 \u00a0 \u00a0 \u00a0 \u00a0 \u00a0 Notre \u00e9quipe se tient \u00e0 votre \u00e9coute pour vous offrir un <strong>service sur-mesure<\/strong><\/p>\n<hr \/>\n<h3 style=\"text-align: center;\">Produits compl\u00e9mentaires:<\/h3>\n<p>Pourquoi ne pas compl\u00e9ter votre ensemble de jardin avec les <strong><a href=\"https:\/\/maisonbelloeil.fr\/en\/product\/bain-de-soleil-design-italien-new-york\/\"><span style=\"color: #346f7f;\">bains de soleil<\/span><\/a> <\/strong>ou encore le<a href=\"https:\/\/maisonbelloeil.fr\/en\/product\/salon-de-jardin-aluminium-bois-new-york\/\"><strong><span style=\"color: #346f7f;\"> salon de jardin 5 places<\/span><\/strong><\/a> de la m\u00eame collection?<\/p>\n<p>Transformez vos d\u00e9jeuners en de v\u00e9ritables moments de partage gr\u00e2ce \u00e0 nos <a href=\"https:\/\/maisonbelloeil.fr\/en\/product-category\/ensemble-table-et-chaises\/6-personnes\/\"><strong><span style=\"color: #346f7f;\">ensembles table et chaise de jardin 6 personnes<\/span><\/strong><\/a> haut de gamme.<\/p>\n<p>Consultez notre collection compl\u00e8te de <a href=\"https:\/\/maisonbelloeil.fr\/en\/product-category\/ensemble-table-et-chaises\/\"><strong><span style=\"color: #346f7f;\">tables de jardin haut de gamme <\/span><\/strong><\/a>: quel que soit le nombre de <strong>convives<\/strong>, trouvez la table parfaite pour vos <strong>repas en ext\u00e9rieur <\/strong>!<\/p>\n<p>&nbsp;<\/p>\n<hr \/>\n<p>&nbsp;<\/p>\n<h3 style=\"text-align: center;\"><span style=\"color: #333333;\">Mat\u00e9riaux et instructions d&rsquo;entretien:<\/span><\/h3>\n<p><span style=\"color: #333333;\">Le tissu en <strong>Ol\u00e9fine<\/strong> est un tissu \u00e0 haute performance: l\u00e9ger et doux au toucher, l&rsquo;Ol\u00e9fine est aussi r\u00e9sistant, imperm\u00e9able, \u00e9vacue l&rsquo;humidit\u00e9, r\u00e9sistant aux taches et s\u00e8che rapidement.<\/span><\/p>\n<p><span style=\"color: #333333;\">L\u2019<strong>aluminium<\/strong>\u00a0est tr\u00e8s r\u00e9pandu dans le domaine de la construction en raison de ses nombreuses qualit\u00e9s. Solide, l\u00e9ger, durable, pratique et esth\u00e9tique, il r\u00e9siste \u00e0 la pluie, \u00e0 l\u2019humidit\u00e9 et ne rouille pas. Il ne craint pas le soleil non plus et ne perd pas son \u00e9clat.<\/span><\/p>\n<p><span style=\"color: #333333;\">Le\u00a0<strong>bois de teck<\/strong> massif r\u00e9siste aux \u00e9l\u00e9ments ext\u00e9rieurs, sa haute teneur en huile, sa grande r\u00e9sistance \u00e0 la traction, son grain serr\u00e9 le rendent particuli\u00e8rement appropri\u00e9 pour une utilisation en ext\u00e9rieur. <\/span><span style=\"color: #333333;\">L\u2019application bisannuelle d\u2019une couche d\u2019huile pour teck est recommand\u00e9e pour le maintenir beau.<\/span><\/p>\n<p>&nbsp;<\/p>\n<hr \/>\n<p>&nbsp;<\/p>\n<p style=\"text-align: center;\"><img loading=\"lazy\" decoding=\"async\" class=\"aligncenter wp-image-14012 size-medium\" src=\"https:\/\/maisonbelloeil.fr\/wp-content\/uploads\/2023\/06\/logo-revendeurofficiel-higold-300x54.png\" alt=\"Logo revendeur officiel Higold.\" width=\"300\" height=\"54\" title=\"\" srcset=\"https:\/\/maisonbelloeil.fr\/wp-content\/uploads\/2023\/06\/logo-revendeurofficiel-higold-300x54.png 300w, https:\/\/maisonbelloeil.fr\/wp-content\/uploads\/2023\/06\/logo-revendeurofficiel-higold-700x126.png 700w, https:\/\/maisonbelloeil.fr\/wp-content\/uploads\/2023\/06\/logo-revendeurofficiel-higold-1024x184.png 1024w, https:\/\/maisonbelloeil.fr\/wp-content\/uploads\/2023\/06\/logo-revendeurofficiel-higold-768x138.png 768w, https:\/\/maisonbelloeil.fr\/wp-content\/uploads\/2023\/06\/logo-revendeurofficiel-higold-1536x276.png 1536w, https:\/\/maisonbelloeil.fr\/wp-content\/uploads\/2023\/06\/logo-revendeurofficiel-higold.png 1847w\" sizes=\"(max-width: 300px) 100vw, 300px\" \/><br \/>\n<img loading=\"lazy\" decoding=\"async\" class=\"aligncenter wp-image-14042 size-full\" src=\"https:\/\/maisonbelloeil.fr\/wp-content\/uploads\/2023\/06\/sl_higold-excellent-life_rgb-300x45-1.png\" alt=\"excellent life\" width=\"300\" height=\"45\" title=\"\"><\/p>\n<p style=\"text-align: center;\"><img loading=\"lazy\" decoding=\"async\" class=\"aligncenter wp-image-14043\" src=\"https:\/\/maisonbelloeil.fr\/wp-content\/uploads\/2023\/06\/ukas-300x225.jpg\" alt=\"Logo UKAS\" width=\"133\" height=\"100\" title=\"\" srcset=\"https:\/\/maisonbelloeil.fr\/wp-content\/uploads\/2023\/06\/ukas-300x225.jpg 300w, https:\/\/maisonbelloeil.fr\/wp-content\/uploads\/2023\/06\/ukas-700x525.jpg 700w, https:\/\/maisonbelloeil.fr\/wp-content\/uploads\/2023\/06\/ukas-768x576.jpg 768w, https:\/\/maisonbelloeil.fr\/wp-content\/uploads\/2023\/06\/ukas.jpg 866w\" sizes=\"(max-width: 133px) 100vw, 133px\" \/><img loading=\"lazy\" decoding=\"async\" class=\"aligncenter wp-image-14045\" src=\"https:\/\/maisonbelloeil.fr\/wp-content\/uploads\/2023\/06\/bsci.jpg\" alt=\"logo BSCI\" width=\"142\" height=\"100\" title=\"\"><\/p>\n<p>&nbsp;<\/p>\n<p>&nbsp;<\/p>","protected":false},"excerpt":{"rendered":"<h3><span style=\"color: #333333;\"><strong>Ensemble table et chaises de jardin 6 personnes :<\/strong><\/span><\/h3>\n<ul>\n<li><span style=\"color: #333333;\">Une grande table<\/span><\/li>\n<li><span style=\"color: #333333;\">Six chaises avec accoudoirs<\/span><\/li>\n<\/ul>\n<hr \/>\n<p><span style=\"color: #333333;\"><span style=\"color: #346f7f;\">Bois de Teck de grade A<\/span> | <span style=\"color: #346f7f;\">Aluminium massif\u00a0| Ol\u00e9fine<\/span><\/span><\/p>\n<p><img loading=\"lazy\" decoding=\"async\" class=\"alignleft wp-image-14041\" src=\"https:\/\/maisonbelloeil.fr\/wp-content\/uploads\/2023\/06\/logo-akzonobel-150x50-1.jpg\" alt=\"Akzonobel\" width=\"120\" height=\"40\" \/><img loading=\"lazy\" decoding=\"async\" class=\"alignleft wp-image-14040\" src=\"https:\/\/maisonbelloeil.fr\/wp-content\/uploads\/2023\/06\/logo-quick-dry-150x50-1.jpg\" alt=\"Quickdry\" width=\"120\" height=\"40\" \/><\/p>\n<p>&nbsp;<\/p>\n<hr \/>\n<p><em><span style=\"color: #ff6600;\"><strong><span style=\"color: #bf4d00;\"><span style=\"color: #800080;\"><img loading=\"lazy\" decoding=\"async\" class=\"alignleft wp-image-15282\" src=\"https:\/\/maisonbelloeil.fr\/wp-content\/uploads\/2023\/09\/Logo-livraison-offerte.png\" alt=\"\" width=\"75\" height=\"30\" \/> Frais de port offerts<\/span><\/span><\/strong><\/span><\/em><\/p>\n<hr \/>\n<p><span style=\"color: #333333;\">Pour toute\u00a0<strong>demande de renseignement<\/strong>\u00a0ou pour\u00a0<strong>finaliser votre achat<\/strong>, nous vous invitons \u00e0<a href=\"https:\/\/maisonbelloeil.fr\/en\/contactez-nous\/\"><em><strong>\u00a0nous contacter<\/strong><\/em><\/a>.\u00a0 \u00a0 \u00a0 \u00a0 \u00a0 \u00a0 \u00a0 \u00a0 \u00a0 \u00a0 \u00a0 \u00a0 \u00a0 \u00a0 \u00a0 \u00a0 \u00a0 \u00a0 \u00a0 \u00a0 \u00a0 \u00a0 \u00a0 \u00a0 \u00a0 \u00a0 \u00a0 \u00a0 \u00a0 \u00a0 \u00a0 \u00a0 \u00a0 \u00a0 \u00a0 \u00a0 \u00a0 \u00a0 \u00a0 \u00a0 Notre \u00e9quipe se tient \u00e0 votre \u00e9coute pour vous offrir un\u00a0<strong>service sur-mesure\u00a0 \u00a0 \u00a0 \u00a0 \u00a0 \u00a0 \u00a0 \u00a0 \u00a0 \u00a0 \u00a0 \u00a0 \u00a0 \u00a0 \u00a0 \u00a0 \u00a0 \u00a0 \u00a0 \u00a0 \u00a0 \u00a0 \u00a0 \u00a0 \u00a0 \u00a0 \u00a0 \u00a0 \u00a0 \u00a0 <\/strong>MOBILIER DE JARDIN DESIGN HAUT DE GAMME<\/span><\/p>","protected":false},"featured_media":2892,"comment_status":"open","ping_status":"closed","template":"","meta":{"ocean_post_layout":"","ocean_both_sidebars_style":"","ocean_both_sidebars_content_width":0,"ocean_both_sidebars_sidebars_width":0,"ocean_sidebar":"0","ocean_second_sidebar":"0","ocean_disable_margins":"enable","ocean_add_body_class":"","ocean_shortcode_before_top_bar":"","ocean_shortcode_after_top_bar":"","ocean_shortcode_before_header":"","ocean_shortcode_after_header":"","ocean_has_shortcode":"","ocean_shortcode_after_title":"","ocean_shortcode_before_footer_widgets":"","ocean_shortcode_after_footer_widgets":"","ocean_shortcode_before_footer_bottom":"","ocean_shortcode_after_footer_bottom":"","ocean_display_top_bar":"default","ocean_display_header":"default","ocean_header_style":"","ocean_center_header_left_menu":"0","ocean_custom_header_template":"0","ocean_custom_logo":0,"ocean_custom_retina_logo":0,"ocean_custom_logo_max_width":0,"ocean_custom_logo_tablet_max_width":0,"ocean_custom_logo_mobile_max_width":0,"ocean_custom_logo_max_height":0,"ocean_custom_logo_tablet_max_height":0,"ocean_custom_logo_mobile_max_height":0,"ocean_header_custom_menu":"0","ocean_menu_typo_font_family":"0","ocean_menu_typo_font_subset":"","ocean_menu_typo_font_size":0,"ocean_menu_typo_font_size_tablet":0,"ocean_menu_typo_font_size_mobile":0,"ocean_menu_typo_font_size_unit":"px","ocean_menu_typo_font_weight":"","ocean_menu_typo_font_weight_tablet":"","ocean_menu_typo_font_weight_mobile":"","ocean_menu_typo_transform":"","ocean_menu_typo_transform_tablet":"","ocean_menu_typo_transform_mobile":"","ocean_menu_typo_line_height":0,"ocean_menu_typo_line_height_tablet":0,"ocean_menu_typo_line_height_mobile":0,"ocean_menu_typo_line_height_unit":"","ocean_menu_typo_spacing":0,"ocean_menu_typo_spacing_tablet":0,"ocean_menu_typo_spacing_mobile":0,"ocean_menu_typo_spacing_unit":"","ocean_menu_link_color":"","ocean_menu_link_color_hover":"","ocean_menu_link_color_active":"","ocean_menu_link_background":"","ocean_menu_link_hover_background":"","ocean_menu_link_active_background":"","ocean_menu_social_links_bg":"","ocean_menu_social_hover_links_bg":"","ocean_menu_social_links_color":"","ocean_menu_social_hover_links_color":"","ocean_disable_title":"default","ocean_disable_heading":"default","ocean_post_title":"","ocean_post_subheading":"","ocean_post_title_style":"centered-minimal","ocean_post_title_background_color":"","ocean_post_title_background":0,"ocean_post_title_bg_image_position":"","ocean_post_title_bg_image_attachment":"","ocean_post_title_bg_image_repeat":"","ocean_post_title_bg_image_size":"","ocean_post_title_height":0,"ocean_post_title_bg_overlay":0.5,"ocean_post_title_bg_overlay_color":"","ocean_disable_breadcrumbs":"default","ocean_breadcrumbs_color":"","ocean_breadcrumbs_separator_color":"","ocean_breadcrumbs_links_color":"","ocean_breadcrumbs_links_hover_color":"","ocean_display_footer_widgets":"default","ocean_display_footer_bottom":"default","ocean_custom_footer_template":"0"},"product_brand":[135],"product_cat":[54,127],"product_tag":[141,62],"class_list":{"0":"post-2891","1":"product","2":"type-product","3":"status-publish","4":"has-post-thumbnail","6":"product_brand-higold","7":"product_cat-ensemble-table-et-chaises","8":"product_cat-6-personnes","9":"product_tag-higold","10":"product_tag-new-york","12":"entry","13":"has-media","15":"first","16":"instock","17":"taxable","18":"shipping-taxable","19":"purchasable","20":"product-type-simple","21":"has-rating","22":"col","23":"span_1_of_3","24":"owp-content-center","25":"item-entry","26":"owp-thumbs-layout-horizontal","27":"owp-btn-very-big","28":"owp-tabs-layout-horizontal"},"_links":{"self":[{"href":"https:\/\/maisonbelloeil.fr\/en\/wp-json\/wp\/v2\/product\/2891","targetHints":{"allow":["GET"]}}],"collection":[{"href":"https:\/\/maisonbelloeil.fr\/en\/wp-json\/wp\/v2\/product"}],"about":[{"href":"https:\/\/maisonbelloeil.fr\/en\/wp-json\/wp\/v2\/types\/product"}],"replies":[{"embeddable":true,"href":"https:\/\/maisonbelloeil.fr\/en\/wp-json\/wp\/v2\/comments?post=2891"}],"wp:featuredmedia":[{"embeddable":true,"href":"https:\/\/maisonbelloeil.fr\/en\/wp-json\/wp\/v2\/media\/2892"}],"wp:attachment":[{"href":"https:\/\/maisonbelloeil.fr\/en\/wp-json\/wp\/v2\/media?parent=2891"}],"wp:term":[{"taxonomy":"product_brand","embeddable":true,"href":"https:\/\/maisonbelloeil.fr\/en\/wp-json\/wp\/v2\/product_brand?post=2891"},{"taxonomy":"product_cat","embeddable":true,"href":"https:\/\/maisonbelloeil.fr\/en\/wp-json\/wp\/v2\/product_cat?post=2891"},{"taxonomy":"product_tag","embeddable":true,"href":"https:\/\/maisonbelloeil.fr\/en\/wp-json\/wp\/v2\/product_tag?post=2891"}],"curies":[{"name":"wp","href":"https:\/\/api.w.org\/{rel}","templated":true}]}}