{"id":2713,"date":"2023-06-10T19:01:15","date_gmt":"2023-06-10T17:01:15","guid":{"rendered":"https:\/\/maisonbelloeil.fr\/?post_type=product&#038;p=2713"},"modified":"2025-06-17T15:07:08","modified_gmt":"2025-06-17T13:07:08","slug":"bain-de-soleil-design-italien-new-york","status":"publish","type":"product","link":"https:\/\/maisonbelloeil.fr\/en\/product\/bain-de-soleil-design-italien-new-york\/","title":{"rendered":"Bain de soleil design italien NEW-YORK"},"content":{"rendered":"<h2 style=\"text-align: center;\"><span style=\"color: #333333;\"><strong>Bain de soleil design italien de la gamme NEW YORK<\/strong><\/span><\/h2>\n<p><span style=\"color: #000000;\">D\u00e9couvrez notre chaise longue de jardin, qui allie <strong>design audacieux et qualit\u00e9 exceptionnelle<\/strong>. Ce <strong>bain de soleil design<\/strong>\u00a0vous offre non seulement un confort ultime, mais aussi une esth\u00e9tique moderne qui s&rsquo;int\u00e8grera parfaitement \u00e0 votre espace ext\u00e9rieur.<\/span><\/p>\n<p><span style=\"color: #000000;\">Le transat\u00a0de jardin de la gamme<\/span> <strong><a style=\"color: #13aff0; text-decoration-skip-ink: none;\" href=\"https:\/\/maisonbelloeil.fr\/en\/product-tag\/new-york\/\"><span style=\"color: #346f7f;\">NEW YORK<\/span><\/a><\/strong> <span style=\"color: #000000;\">est con\u00e7u avec une utilisation optimale du bois de teck naturel et des cadres en aluminium recouverts d&rsquo;une <strong>peinture haut de gamme<\/strong>. Cette combinaison offre une sensation dynamique et une durabilit\u00e9 remarquable. Les <strong>panneaux lat\u00e9raux en teck ouverts<\/strong> permettent une circulation d&rsquo;air compl\u00e8te, offrant ainsi une exp\u00e9rience de d\u00e9tente agr\u00e9able o\u00f9 votre corps peut <strong>respirer<\/strong>.<\/span><\/p>\n<p><span style=\"color: #000000;\">L&rsquo;ensemble est rev\u00eatu d&rsquo;un tissu d&rsquo;int\u00e9rieur\/ext\u00e9rieur \u00e0 haute performance, tiss\u00e9 \u00e0 partir de fils d&rsquo;<strong>ol\u00e9fine<\/strong> r\u00e9sistants mais doux. Ce tissu associe la durabilit\u00e9 des mat\u00e9riaux d&rsquo;ext\u00e9rieur traditionnels \u00e0 la beaut\u00e9 et au raffinement des tissus d&rsquo;ameublement haut de gamme. Il est <strong>l\u00e9ger, doux au toucher et offre un drap\u00e9 \u00e9l\u00e9gant<\/strong>. De plus, il est imperm\u00e9able, \u00e9vacue l&rsquo;humidit\u00e9 et s\u00e8che rapidement, ce qui en fait le choix id\u00e9al pour les environnements humides, comme pr\u00e8s d&rsquo;une piscine.<\/span><\/p>\n<p><span style=\"color: #000000;\">Notre bain de soleil\u00a0de la gamme New York se distingue \u00e9galement par son design inspir\u00e9 de la ville qui lui donne une pr\u00e9sence naturelle et <strong>contemporaine<\/strong>. Les touches de bois de teck sur le mobilier cr\u00e9ent un <strong>contraste visuel<\/strong> saisissant avec les couleurs du tissu. Vous pourrez ainsi recr\u00e9er chez vous l&rsquo;<strong>atmosph\u00e8re unique<\/strong> et moderne de la ville qui ne dort jamais.<\/span><\/p>\n<p><span style=\"color: #000000;\">Nous s\u00e9lectionnons avec soin des <strong>mat\u00e9riaux de grande qualit\u00e9<\/strong> pour nos<\/span> <a href=\"https:\/\/maisonbelloeil.fr\/en\/product-category\/bains-de-soleil\/\"><strong><span style=\"color: #346f7f;\">bains de soleil haut de gamme<\/span><\/strong><\/a><span style=\"color: #000000;\">, ce qui garantit votre enti\u00e8re satisfaction. Les pi\u00e8ces en bois de teck utilis\u00e9es dans notre chaises longue sont r\u00e9put\u00e9es pour leur durabilit\u00e9 et leur r\u00e9sistance aux \u00e9l\u00e9ments ext\u00e9rieurs. Gr\u00e2ce \u00e0 sa haute teneur en huile et \u00e0 sa r\u00e9sistance \u00e0 la traction, <strong>le teck<\/strong> ne se d\u00e9forme pas et conserve sa beaut\u00e9 naturelle avec un entretien minimal.<\/span><\/p>\n<p><span style=\"color: #000000;\">De plus, l&rsquo;<strong>aluminium<\/strong> utilis\u00e9 est <strong>solide, l\u00e9ger, durable<\/strong> et r\u00e9sistant \u00e0 la rouille, offrant ainsi une long\u00e9vit\u00e9 exceptionnelle m\u00eame dans des conditions m\u00e9t\u00e9orologiques difficiles.<\/span><\/p>\n<p><span style=\"color: #000000;\">Notre transat d&rsquo;ext\u00e9rieur est disponible dans des coloris \u00e9l\u00e9gants, avec un ch\u00e2ssis gris et des matelas de couleur <strong>noire ou en version marron taupe<\/strong>.<\/span><\/p>\n<p><span style=\"color: #000000;\">Ne manquez pas cette occasion d&rsquo;apporter une <strong>touche de luxe et de confort<\/strong> \u00e0 votre espace ext\u00e9rieur avec notre bain de soleil design italien. Profitez du <strong>raffinement<\/strong>, de la qualit\u00e9 exceptionnelle et de la raret\u00e9 de ces produits qui vous garantiront des moments de <strong>d\u00e9tente<\/strong> inoubliables.<\/span><\/p>\n<p>&nbsp;<\/p>\n<h3 style=\"text-align: center;\">Points forts du bain de soleil design<\/h3>\n<h3><span style=\"color: #333333;\"><img decoding=\"async\" class=\"aligncenter wp-image-14013\" src=\"https:\/\/maisonbelloeil.fr\/wp-content\/uploads\/2023\/06\/logo_akzonobel-300x183.png\" alt=\"Logo Akzonobel\" width=\"115\" height=\"70\" title=\"\" srcset=\"https:\/\/maisonbelloeil.fr\/wp-content\/uploads\/2023\/06\/logo_akzonobel-300x183.png 300w, https:\/\/maisonbelloeil.fr\/wp-content\/uploads\/2023\/06\/logo_akzonobel-700x426.png 700w, https:\/\/maisonbelloeil.fr\/wp-content\/uploads\/2023\/06\/logo_akzonobel-1024x623.png 1024w, https:\/\/maisonbelloeil.fr\/wp-content\/uploads\/2023\/06\/logo_akzonobel-768x467.png 768w, https:\/\/maisonbelloeil.fr\/wp-content\/uploads\/2023\/06\/logo_akzonobel.png 1280w\" sizes=\"(max-width: 115px) 100vw, 115px\" \/><\/span><\/h3>\n<h3><span style=\"color: #333333;\"><img decoding=\"async\" class=\"aligncenter wp-image-14040 size-full\" src=\"https:\/\/maisonbelloeil.fr\/wp-content\/uploads\/2023\/06\/logo-quick-dry-150x50-1.jpg\" alt=\"Quickdry\" width=\"150\" height=\"50\" title=\"\"><\/span><\/h3>\n<ul>\n<li><span style=\"color: #333333;\">Structure en <strong>aluminium massif<\/strong> avec rev\u00eatement <strong>Akzonobel <\/strong>: L\u00e9g\u00e8re, r\u00e9sistante aux intemp\u00e9ries, durable.<\/span><\/li>\n<li>Mousse <strong>Quickdry<\/strong>.<\/li>\n<li><span style=\"color: #333333;\">Tissu en <strong>Ol\u00e9fine <\/strong>: doux, r\u00e9sistant et simple \u00e0 nettoyer.<\/span><\/li>\n<li><span style=\"color: #333333;\">Accoudoirs et cot\u00e9s <strong>ajour\u00e9s<\/strong> en teck : raffinement et respiration.<\/span><\/li>\n<li><span style=\"color: #333333;\"><span style=\"color: #333333;\">Plateau en <strong>teck<\/strong> pour la table basse : la beaut\u00e9 du bois et la facilit\u00e9 d&rsquo;entretien.<\/span><\/span><\/li>\n<\/ul>\n<p>&nbsp;<\/p>\n<h3 style=\"text-align: center;\">Composition de l&rsquo;ensemble de jardin :<\/h3>\n<ul>\n<li><span style=\"color: #333333;\"><strong>Un Bain de soleil<\/strong><br \/>\nL : 200 cm \/ l : 80 cm \/ H : 88 cm<br \/>\n<\/span><\/li>\n<li><span style=\"color: #333333;\"><strong>Couleur matelas et structure <\/strong>: Noir<\/span><\/li>\n<\/ul>\n<p>&nbsp;<\/p>\n<p><img decoding=\"async\" class=\"wp-image-2810 size-full aligncenter\" src=\"https:\/\/maisonbelloeil.fr\/wp-content\/uploads\/2023\/06\/Bain-de-soleil-1-e1687536900390.jpg\" alt=\"\" width=\"161\" height=\"92\" title=\"\"><\/p>\n<p>&nbsp;<\/p>\n<p>Pour toute\u00a0<strong>demande de renseignement<\/strong>\u00a0ou pour\u00a0<strong>finaliser votre achat<\/strong>, nous vous invitons \u00e0<a href=\"https:\/\/maisonbelloeil.fr\/en\/contactez-nous\/\"><em><strong> nous contacter<\/strong><\/em><\/a>.\u00a0 \u00a0 \u00a0 \u00a0 \u00a0 \u00a0 \u00a0 \u00a0 \u00a0 \u00a0 \u00a0 \u00a0 \u00a0 \u00a0 \u00a0 \u00a0 \u00a0 \u00a0 \u00a0 \u00a0 \u00a0 \u00a0 \u00a0 \u00a0 \u00a0 \u00a0 \u00a0 \u00a0 \u00a0 \u00a0 \u00a0 \u00a0 \u00a0 \u00a0 \u00a0 \u00a0 \u00a0 \u00a0 \u00a0 \u00a0 \u00a0 \u00a0 \u00a0 \u00a0 \u00a0 \u00a0 \u00a0 \u00a0 \u00a0 \u00a0 \u00a0 \u00a0 \u00a0 \u00a0 \u00a0 \u00a0 \u00a0 \u00a0 \u00a0 \u00a0 \u00a0 \u00a0 \u00a0 \u00a0 \u00a0 \u00a0 \u00a0 \u00a0 \u00a0 \u00a0 Notre \u00e9quipe se tient \u00e0 votre \u00e9coute pour vous offrir un <strong>service sur-mesure<\/strong><\/p>\n<hr \/>\n<h3 style=\"text-align: center;\">Produits compl\u00e9mentaires<\/h3>\n<p>Pourquoi ne pas compl\u00e9ter votre ensemble de jardin avec le <span style=\"color: #346f7f;\"><a style=\"color: #346f7f;\" href=\"https:\/\/maisonbelloeil.fr\/en\/product\/salon-de-jardin-aluminium-bois-new-york\/\"><strong>salon de jardin 5 places<\/strong><\/a><\/span> ou l&rsquo;<a href=\"https:\/\/maisonbelloeil.fr\/en\/product\/table-et-chaises-de-jardin-new-york\/\"><span style=\"color: #346f7f;\"><strong>ensemble table et chaises<\/strong><\/span><\/a> de la m\u00eame collection ?<\/p>\n<p>&nbsp;<\/p>\n<hr \/>\n<h3 style=\"text-align: center;\"><span style=\"color: #333333;\">Mat\u00e9riaux et instructions d&rsquo;entretien<\/span><\/h3>\n<p><span style=\"color: #333333;\">Le tissu en <strong>Ol\u00e9fine<\/strong> est un tissu \u00e0 haute performance: l\u00e9ger et doux au toucher, l&rsquo;Ol\u00e9fine est aussi r\u00e9sistant, imperm\u00e9able, \u00e9vacue l&rsquo;humidit\u00e9, r\u00e9sistant aux taches et s\u00e8che rapidement.<\/span><\/p>\n<p><span style=\"color: #333333;\">L\u2019<strong>aluminium<\/strong>\u00a0est tr\u00e8s r\u00e9pandu dans le domaine de la construction en raison de ses nombreuses qualit\u00e9s. Solide, l\u00e9ger, durable, pratique et esth\u00e9tique, il r\u00e9siste \u00e0 la pluie, \u00e0 l\u2019humidit\u00e9 et ne rouille pas. Il ne craint pas le soleil non plus et ne perd pas son \u00e9clat.<\/span><\/p>\n<p><span style=\"color: #333333;\">Le\u00a0<strong>bois de teck<\/strong> r\u00e9siste aux \u00e9l\u00e9ments ext\u00e9rieurs, sa haute teneur en huile, sa grande r\u00e9sistance \u00e0 la traction, son grain serr\u00e9 le rendent particuli\u00e8rement appropri\u00e9 pour une utilisation en ext\u00e9rieur. <\/span><span style=\"color: #333333;\">L\u2019application bisannuelle d\u2019une couche d\u2019huile pour teck est recommand\u00e9e pour le maintenir beau.<\/span><\/p>\n<p>&nbsp;<\/p>\n<hr \/>\n<p>&nbsp;<\/p>\n<p style=\"text-align: center;\"><img loading=\"lazy\" decoding=\"async\" class=\"aligncenter wp-image-14012 size-medium\" src=\"https:\/\/maisonbelloeil.fr\/wp-content\/uploads\/2023\/06\/logo-revendeurofficiel-higold-300x54.png\" alt=\"Logo revendeur officiel Higold.\" width=\"300\" height=\"54\" title=\"\" srcset=\"https:\/\/maisonbelloeil.fr\/wp-content\/uploads\/2023\/06\/logo-revendeurofficiel-higold-300x54.png 300w, https:\/\/maisonbelloeil.fr\/wp-content\/uploads\/2023\/06\/logo-revendeurofficiel-higold-700x126.png 700w, https:\/\/maisonbelloeil.fr\/wp-content\/uploads\/2023\/06\/logo-revendeurofficiel-higold-1024x184.png 1024w, https:\/\/maisonbelloeil.fr\/wp-content\/uploads\/2023\/06\/logo-revendeurofficiel-higold-768x138.png 768w, https:\/\/maisonbelloeil.fr\/wp-content\/uploads\/2023\/06\/logo-revendeurofficiel-higold-1536x276.png 1536w, https:\/\/maisonbelloeil.fr\/wp-content\/uploads\/2023\/06\/logo-revendeurofficiel-higold.png 1847w\" sizes=\"(max-width: 300px) 100vw, 300px\" \/><br \/>\n<img loading=\"lazy\" decoding=\"async\" class=\"aligncenter wp-image-14042 size-full\" src=\"https:\/\/maisonbelloeil.fr\/wp-content\/uploads\/2023\/06\/sl_higold-excellent-life_rgb-300x45-1.png\" alt=\"excellent life\" width=\"300\" height=\"45\" title=\"\"><\/p>\n<p style=\"text-align: center;\"><img loading=\"lazy\" decoding=\"async\" class=\"aligncenter wp-image-14043\" src=\"https:\/\/maisonbelloeil.fr\/wp-content\/uploads\/2023\/06\/ukas-300x225.jpg\" alt=\"Logo UKAS\" width=\"133\" height=\"100\" title=\"\" srcset=\"https:\/\/maisonbelloeil.fr\/wp-content\/uploads\/2023\/06\/ukas-300x225.jpg 300w, https:\/\/maisonbelloeil.fr\/wp-content\/uploads\/2023\/06\/ukas-700x525.jpg 700w, https:\/\/maisonbelloeil.fr\/wp-content\/uploads\/2023\/06\/ukas-768x576.jpg 768w, https:\/\/maisonbelloeil.fr\/wp-content\/uploads\/2023\/06\/ukas.jpg 866w\" sizes=\"(max-width: 133px) 100vw, 133px\" \/><img loading=\"lazy\" decoding=\"async\" class=\"aligncenter wp-image-14045\" src=\"https:\/\/maisonbelloeil.fr\/wp-content\/uploads\/2023\/06\/bsci.jpg\" alt=\"logo BSCI\" width=\"142\" height=\"100\" title=\"\"><\/p>\n<p>&nbsp;<\/p>\n<p>&nbsp;<\/p>","protected":false},"excerpt":{"rendered":"<h3><span style=\"color: #333333;\"><strong>Mobilier de jardin comportant<\/strong><\/span><\/h3>\n<ul>\n<li><span style=\"color: #333333;\">Un Bain de soleil Design<\/span><\/li>\n<\/ul>\n<hr \/>\n<p><span style=\"color: #333333;\"><span style=\"color: #346f7f;\">Bois de Teck de grade A<\/span> | <span style=\"color: #346f7f;\">Aluminium massif\u00a0| Ol\u00e9fine<\/span><\/span><\/p>\n<p><img loading=\"lazy\" decoding=\"async\" class=\"alignleft wp-image-14041\" src=\"https:\/\/maisonbelloeil.fr\/wp-content\/uploads\/2023\/06\/logo-akzonobel-150x50-1.jpg\" alt=\"Akzonobel\" width=\"120\" height=\"40\" \/><img loading=\"lazy\" decoding=\"async\" class=\"alignleft wp-image-14040\" src=\"https:\/\/maisonbelloeil.fr\/wp-content\/uploads\/2023\/06\/logo-quick-dry-150x50-1.jpg\" alt=\"Quickdry\" width=\"120\" height=\"40\" \/><\/p>\n<p>&nbsp;<\/p>\n<hr \/>\n<p><em><span style=\"color: #ff6600;\"><strong><span style=\"color: #bf4d00;\"><span style=\"color: #800080;\"><img loading=\"lazy\" decoding=\"async\" class=\"alignleft wp-image-15282\" src=\"https:\/\/maisonbelloeil.fr\/wp-content\/uploads\/2023\/09\/Logo-livraison-offerte.png\" alt=\"\" width=\"75\" height=\"30\" \/> Frais de port offerts<\/span><\/span><\/strong><\/span><\/em><\/p>\n<hr \/>\n<p><span style=\"color: #333333;\">Pour toute\u00a0<strong>demande de renseignement<\/strong>\u00a0ou pour\u00a0<strong>finaliser votre achat<\/strong>, nous vous invitons \u00e0<a href=\"https:\/\/maisonbelloeil.fr\/en\/contactez-nous\/\"><em><strong>\u00a0nous contacter<\/strong><\/em><\/a>.\u00a0 \u00a0 \u00a0 \u00a0 \u00a0 \u00a0 \u00a0 \u00a0 \u00a0 \u00a0 \u00a0 \u00a0 \u00a0 \u00a0 \u00a0 \u00a0 \u00a0 \u00a0 \u00a0 \u00a0 \u00a0 \u00a0 \u00a0 \u00a0 \u00a0 \u00a0 \u00a0 \u00a0 \u00a0 \u00a0 \u00a0 \u00a0 \u00a0 \u00a0 \u00a0 \u00a0 \u00a0 \u00a0 \u00a0 \u00a0 Notre \u00e9quipe se tient \u00e0 votre \u00e9coute pour vous offrir un\u00a0<strong>service sur-mesure\u00a0 \u00a0 \u00a0 \u00a0 \u00a0 \u00a0 \u00a0 \u00a0 \u00a0 \u00a0 \u00a0 \u00a0 \u00a0 \u00a0 \u00a0 \u00a0 \u00a0 \u00a0 \u00a0 \u00a0 \u00a0 \u00a0 \u00a0 \u00a0 \u00a0 \u00a0 \u00a0 \u00a0 \u00a0 <\/strong>MOBILIER DE JARDIN DESIGN HAUT DE GAMME<\/span><\/p>","protected":false},"featured_media":2805,"comment_status":"open","ping_status":"closed","template":"","meta":{"ocean_post_layout":"","ocean_both_sidebars_style":"","ocean_both_sidebars_content_width":0,"ocean_both_sidebars_sidebars_width":0,"ocean_sidebar":"0","ocean_second_sidebar":"0","ocean_disable_margins":"enable","ocean_add_body_class":"","ocean_shortcode_before_top_bar":"","ocean_shortcode_after_top_bar":"","ocean_shortcode_before_header":"","ocean_shortcode_after_header":"","ocean_has_shortcode":"","ocean_shortcode_after_title":"","ocean_shortcode_before_footer_widgets":"","ocean_shortcode_after_footer_widgets":"","ocean_shortcode_before_footer_bottom":"","ocean_shortcode_after_footer_bottom":"","ocean_display_top_bar":"default","ocean_display_header":"default","ocean_header_style":"","ocean_center_header_left_menu":"0","ocean_custom_header_template":"0","ocean_custom_logo":0,"ocean_custom_retina_logo":0,"ocean_custom_logo_max_width":0,"ocean_custom_logo_tablet_max_width":0,"ocean_custom_logo_mobile_max_width":0,"ocean_custom_logo_max_height":0,"ocean_custom_logo_tablet_max_height":0,"ocean_custom_logo_mobile_max_height":0,"ocean_header_custom_menu":"0","ocean_menu_typo_font_family":"0","ocean_menu_typo_font_subset":"","ocean_menu_typo_font_size":0,"ocean_menu_typo_font_size_tablet":0,"ocean_menu_typo_font_size_mobile":0,"ocean_menu_typo_font_size_unit":"px","ocean_menu_typo_font_weight":"","ocean_menu_typo_font_weight_tablet":"","ocean_menu_typo_font_weight_mobile":"","ocean_menu_typo_transform":"","ocean_menu_typo_transform_tablet":"","ocean_menu_typo_transform_mobile":"","ocean_menu_typo_line_height":0,"ocean_menu_typo_line_height_tablet":0,"ocean_menu_typo_line_height_mobile":0,"ocean_menu_typo_line_height_unit":"","ocean_menu_typo_spacing":0,"ocean_menu_typo_spacing_tablet":0,"ocean_menu_typo_spacing_mobile":0,"ocean_menu_typo_spacing_unit":"","ocean_menu_link_color":"","ocean_menu_link_color_hover":"","ocean_menu_link_color_active":"","ocean_menu_link_background":"","ocean_menu_link_hover_background":"","ocean_menu_link_active_background":"","ocean_menu_social_links_bg":"","ocean_menu_social_hover_links_bg":"","ocean_menu_social_links_color":"","ocean_menu_social_hover_links_color":"","ocean_disable_title":"default","ocean_disable_heading":"default","ocean_post_title":"","ocean_post_subheading":"","ocean_post_title_style":"centered-minimal","ocean_post_title_background_color":"","ocean_post_title_background":0,"ocean_post_title_bg_image_position":"","ocean_post_title_bg_image_attachment":"","ocean_post_title_bg_image_repeat":"","ocean_post_title_bg_image_size":"","ocean_post_title_height":0,"ocean_post_title_bg_overlay":0.5,"ocean_post_title_bg_overlay_color":"","ocean_disable_breadcrumbs":"default","ocean_breadcrumbs_color":"","ocean_breadcrumbs_separator_color":"","ocean_breadcrumbs_links_color":"","ocean_breadcrumbs_links_hover_color":"","ocean_display_footer_widgets":"default","ocean_display_footer_bottom":"default","ocean_custom_footer_template":"0"},"product_brand":[135],"product_cat":[67],"product_tag":[141,62],"class_list":{"0":"post-2713","1":"product","2":"type-product","3":"status-publish","4":"has-post-thumbnail","6":"product_brand-higold","7":"product_cat-bains-de-soleil","8":"product_tag-higold","9":"product_tag-new-york","11":"entry","12":"has-media","14":"first","15":"instock","16":"taxable","17":"shipping-taxable","18":"purchasable","19":"product-type-simple","20":"has-rating","21":"col","22":"span_1_of_3","23":"owp-content-center","24":"item-entry","25":"owp-thumbs-layout-horizontal","26":"owp-btn-very-big","27":"owp-tabs-layout-horizontal"},"_links":{"self":[{"href":"https:\/\/maisonbelloeil.fr\/en\/wp-json\/wp\/v2\/product\/2713","targetHints":{"allow":["GET"]}}],"collection":[{"href":"https:\/\/maisonbelloeil.fr\/en\/wp-json\/wp\/v2\/product"}],"about":[{"href":"https:\/\/maisonbelloeil.fr\/en\/wp-json\/wp\/v2\/types\/product"}],"replies":[{"embeddable":true,"href":"https:\/\/maisonbelloeil.fr\/en\/wp-json\/wp\/v2\/comments?post=2713"}],"wp:featuredmedia":[{"embeddable":true,"href":"https:\/\/maisonbelloeil.fr\/en\/wp-json\/wp\/v2\/media\/2805"}],"wp:attachment":[{"href":"https:\/\/maisonbelloeil.fr\/en\/wp-json\/wp\/v2\/media?parent=2713"}],"wp:term":[{"taxonomy":"product_brand","embeddable":true,"href":"https:\/\/maisonbelloeil.fr\/en\/wp-json\/wp\/v2\/product_brand?post=2713"},{"taxonomy":"product_cat","embeddable":true,"href":"https:\/\/maisonbelloeil.fr\/en\/wp-json\/wp\/v2\/product_cat?post=2713"},{"taxonomy":"product_tag","embeddable":true,"href":"https:\/\/maisonbelloeil.fr\/en\/wp-json\/wp\/v2\/product_tag?post=2713"}],"curies":[{"name":"wp","href":"https:\/\/api.w.org\/{rel}","templated":true}]}}