{"id":2218,"date":"2023-04-18T14:38:37","date_gmt":"2023-04-18T12:38:37","guid":{"rendered":"https:\/\/maisonbelloeil.fr\/?post_type=product&#038;p=2218"},"modified":"2025-08-05T21:34:41","modified_gmt":"2025-08-05T19:34:41","slug":"salon-de-jardin-5-places-visconti","status":"publish","type":"product","link":"https:\/\/maisonbelloeil.fr\/en\/product\/salon-de-jardin-5-places-visconti\/","title":{"rendered":"Salon de jardin canap\u00e9 3 places gris VISCONTI"},"content":{"rendered":"<h2>Salon de jardin 5 places de la gamme VISCONTI<\/h2>\n<p>D\u00e9couvrez l&rsquo;\u00e9l\u00e9gance intemporelle de notre <strong>salon de jardin complet<\/strong> issu de la collection <a href=\"https:\/\/maisonbelloeil.fr\/en\/product-tag\/visconti\/\"><span style=\"color: #346f7f;\">VISCONTI<\/span><\/a>, de HIGOLD, con\u00e7ue par le renomm\u00e9 designer <strong>CLAUDIO BELLINI\u00ae<\/strong>. Compos\u00e9 d&rsquo;un <strong>canap\u00e9 3 places, de deux fauteuils et de tables basses assorties,<\/strong> cet ensemble incarne la fusion parfaite entre simplicit\u00e9 et raffinement.<\/p>\n<p>La structure sobre du mobilier est subtilement rehauss\u00e9e par les <strong>d\u00e9tails de la maille de corde<\/strong>, cr\u00e9ant un contraste visuellement captivant. \u00c0 l&rsquo;arri\u00e8re, le cordage tress\u00e9 ajoute une touche de sophistication, tandis que les<strong> inserts en bois de teck<\/strong> apportent une note chaleureuse et <strong>naturelle<\/strong>.<\/p>\n<p>Le confort n&rsquo;est pas en reste avec des coussins moelleux rev\u00eatus de <strong>tissu en Ol\u00e9fine<\/strong>, garantissant r\u00e9sistance et douceur au toucher. La qualit\u00e9 exceptionnelle de cet ensemble se manifeste \u00e0 travers sa conception minutieuse, les <strong>mat\u00e9riaux haut de gamme<\/strong> et le souci du d\u00e9tail, faisant de ce salon de jardin un investissement durable pour votre espace ext\u00e9rieur.<\/p>\n<p>&nbsp;<\/p>\n<h3>Points forts:<\/h3>\n<ul>\n<li><span style=\"color: #333333;\">Structure en\u00a0<strong>aluminium<\/strong>: L\u00e9g\u00e8re, r\u00e9sistante aux intemp\u00e9ries, durable.<\/span><\/li>\n<li><span style=\"color: #333333;\">Tissu <strong>Ol\u00e9fine<\/strong>: r\u00e9sistant, doux et simple \u00e0 nettoyer.<\/span><\/li>\n<li><span style=\"color: #333333;\">Cordage tress\u00e9: le charme du naturel.<\/span><\/li>\n<li><span style=\"color: #333333;\">Coussins \u00e9pais pour un <strong>confort<\/strong>\u00a0total.<\/span><\/li>\n<li><span style=\"color: #333333;\">Plateau en\u00a0<strong>teck<\/strong>\u00a0pour la table basse: la beaut\u00e9 du bois et la facilit\u00e9 d\u2019entretien.<\/span><\/li>\n<\/ul>\n<p>&nbsp;<\/p>\n<h3><span style=\"color: #333333;\">Composition du salon de jardin:<\/span><\/h3>\n<ul>\n<li><span style=\"color: #333333;\"><strong>Un canap\u00e9 trois places:<\/strong><br \/>\nL: 222 cm \/ l: 86 cm \/ H: 69,5 cm<br \/>\n<\/span><\/li>\n<li><span style=\"color: #333333;\"><strong>Deux fauteuils:<\/strong><br \/>\nL: 86 cm \/ l: 86 cm \/ H: 69,5 cm<br \/>\n<\/span><\/li>\n<li><span style=\"color: #333333;\"><strong>Une table basse:<\/strong><br \/>\nL: 123,5 cm \/ l: 70 cm \/ H: 38 cm<\/span><\/li>\n<li><span style=\"color: #333333;\"><strong>Une table d&rsquo;appoint:<\/strong><br \/>\n45,5 cm x 45,5 cm x 45,5 cm<br \/>\n<\/span><\/li>\n<\/ul>\n<p>&nbsp;<\/p>\n<p><img fetchpriority=\"high\" decoding=\"async\" class=\"alignnone wp-image-2899 size-full\" src=\"https:\/\/maisonbelloeil.fr\/wp-content\/uploads\/2023\/06\/Chaise-et-tables-11.jpg\" alt=\"icone salon exterieur 5 places\" width=\"500\" height=\"100\" title=\"\" srcset=\"https:\/\/maisonbelloeil.fr\/wp-content\/uploads\/2023\/06\/Chaise-et-tables-11.jpg 500w, https:\/\/maisonbelloeil.fr\/wp-content\/uploads\/2023\/06\/Chaise-et-tables-11-300x60.jpg 300w\" sizes=\"(max-width: 500px) 100vw, 500px\" \/><\/p>\n<h3><span style=\"color: #333333;\">Couleurs:<\/span><\/h3>\n<ul>\n<li><span style=\"color: #333333;\"><strong>Structure en aluminium<\/strong>: noir<\/span><\/li>\n<li><span style=\"color: #333333;\"><strong>Tissu Ol\u00e9fine<\/strong>: Gris<\/span><\/li>\n<\/ul>\n<p>&nbsp;<\/p>\n<p>Pour toute\u00a0<strong>demande de renseignement<\/strong>\u00a0ou pour\u00a0<strong>finaliser votre achat<\/strong>, nous vous invitons \u00e0<a href=\"https:\/\/maisonbelloeil.fr\/en\/contactez-nous\/\"><em><strong> nous contacter<\/strong><\/em><\/a>.\u00a0 \u00a0 \u00a0 \u00a0 \u00a0 \u00a0 \u00a0 \u00a0 \u00a0 \u00a0 \u00a0 \u00a0 \u00a0 \u00a0 \u00a0 \u00a0 \u00a0 \u00a0 \u00a0 \u00a0 \u00a0 \u00a0 \u00a0 \u00a0 \u00a0 \u00a0 \u00a0 \u00a0 \u00a0 \u00a0 \u00a0 \u00a0 \u00a0 \u00a0 \u00a0 \u00a0 \u00a0 \u00a0 \u00a0 \u00a0 \u00a0 \u00a0 \u00a0 \u00a0 \u00a0 \u00a0 \u00a0 \u00a0 \u00a0 \u00a0 \u00a0 \u00a0 \u00a0 \u00a0 \u00a0 \u00a0 \u00a0 \u00a0 \u00a0 \u00a0 \u00a0 \u00a0 \u00a0 \u00a0 \u00a0 \u00a0 \u00a0 \u00a0 \u00a0 \u00a0 Notre \u00e9quipe se tient \u00e0 votre \u00e9coute pour vous offrir un <strong>service sur-mesure<\/strong><\/p>\n<p>&nbsp;<\/p>\n<h3><span style=\"color: #333333;\">Produits compl\u00e9mentaires:<\/span><\/h3>\n<p><span style=\"color: #333333;\">Pourquoi ne pas compl\u00e9ter votre ensemble de jardin avec le <span style=\"color: #346f7f;\"><a style=\"color: #346f7f;\" href=\"https:\/\/maisonbelloeil.fr\/en\/product\/salon-de-jardin-dangle-visconti\/\">salon de jardin d&rsquo;angle<\/a><\/span> de la m\u00eame collection?<\/span><\/p>\n<p>&nbsp;<\/p>\n<h3><span style=\"color: #333333;\">Mat\u00e9riaux et instructions d&rsquo;entretien:<\/span><\/h3>\n<p><span style=\"color: #333333;\">L\u2019<strong>aluminium<\/strong>\u00a0est tr\u00e8s r\u00e9pandu dans le domaine de la construction en raison de ses nombreuses qualit\u00e9s. Solide, l\u00e9ger, durable, pratique et esth\u00e9tique, il r\u00e9siste \u00e0 la pluie, \u00e0 l\u2019humidit\u00e9 et ne rouille pas. Il ne craint pas le soleil non plus et ne perd pas son \u00e9clat.<\/span><\/p>\n<p>Le tissu en\u00a0<strong>Ol\u00e9fine<\/strong>\u00a0est un tissu \u00e0 haute performance: l\u00e9ger et doux au toucher, l\u2019Ol\u00e9fine est aussi r\u00e9sistant, imperm\u00e9able, \u00e9vacue l\u2019humidit\u00e9, r\u00e9sistant aux taches et s\u00e8che rapidement.<\/p>\n<p><span style=\"color: #333333;\">Le\u00a0<strong>bois de teck<\/strong> r\u00e9siste aux \u00e9l\u00e9ments ext\u00e9rieurs, sa haute teneur en huile, sa grande r\u00e9sistance \u00e0 la traction, son grain serr\u00e9 le rendent particuli\u00e8rement appropri\u00e9 pour une utilisation en ext\u00e9rieur. <\/span><span style=\"color: #333333;\">L\u2019application bisannuelle d\u2019une couche d\u2019huile pour teck est recommand\u00e9e pour le maintenir beau.<\/span><\/p>\n<p><span style=\"color: #346f7f;\">(\u00a9<a style=\"color: #346f7f;\" href=\"https:\/\/www.higoldeurope.eu\/\" rel=\"nofollow noopener\" target=\"_blank\">HIGOLD)<\/a><\/span><\/p>","protected":false},"excerpt":{"rendered":"<p><strong><span style=\"color: #333333;\">Ensemble Salon de jardin comportant:<\/span><\/strong><\/p>\n<ul>\n<li><span style=\"color: #333333;\">Un canap\u00e9 3 places<\/span><\/li>\n<li><span style=\"color: #333333;\">Deux Fauteuils<\/span><\/li>\n<li><span style=\"color: #333333;\">Une Table basse<\/span><\/li>\n<li><span style=\"color: #333333;\">Une Table d&rsquo;appoint<\/span><\/li>\n<\/ul>\n<hr \/>\n<p><span style=\"color: #346f7f;\">Bois de Teck <span style=\"color: #333333;\">|<\/span> Aluminium <span style=\"color: #333333;\">|<\/span> Cordage tress\u00e9<\/span><\/p>\n<p><span style=\"color: #333333;\"><span style=\"color: #346f7f;\"><img decoding=\"async\" class=\"alignleft wp-image-14040\" src=\"https:\/\/maisonbelloeil.fr\/wp-content\/uploads\/2023\/06\/logo-quick-dry-150x50-1.jpg\" alt=\"Quickdry\" width=\"120\" height=\"40\" \/><\/span><\/span><\/p>\n<p>&nbsp;<\/p>\n<hr \/>\n<p><em><span style=\"color: #ff6600;\"><strong><span style=\"color: #bf4d00;\"><span style=\"color: #800080;\"><img decoding=\"async\" class=\"alignleft wp-image-15282\" src=\"https:\/\/maisonbelloeil.fr\/wp-content\/uploads\/2023\/09\/Logo-livraison-offerte.png\" alt=\"\" width=\"75\" height=\"30\" \/> Frais de port offerts<\/span><\/span><\/strong><\/span><\/em><\/p>\n<hr \/>\n<p><span style=\"color: #333333;\">Pour toute\u00a0<strong>demande de renseignement<\/strong>\u00a0ou pour\u00a0<strong>finaliser votre achat<\/strong>, nous vous invitons \u00e0<a href=\"https:\/\/maisonbelloeil.fr\/en\/contactez-nous\/\"><em><strong>\u00a0nous contacter<\/strong><\/em><\/a>.\u00a0 \u00a0 \u00a0 \u00a0 \u00a0 \u00a0 \u00a0 \u00a0 \u00a0 \u00a0 \u00a0 \u00a0 \u00a0 \u00a0 \u00a0 \u00a0 \u00a0 \u00a0 \u00a0 \u00a0 \u00a0 \u00a0 \u00a0 \u00a0 \u00a0 \u00a0 \u00a0 \u00a0 \u00a0 \u00a0 \u00a0 \u00a0 \u00a0 \u00a0 \u00a0 \u00a0 \u00a0 \u00a0 \u00a0 \u00a0 Notre \u00e9quipe se tient \u00e0 votre \u00e9coute pour vous offrir un\u00a0<strong>service sur-mesure\u00a0 \u00a0 \u00a0 \u00a0 \u00a0 \u00a0 \u00a0 \u00a0 \u00a0 \u00a0 \u00a0 \u00a0 \u00a0 \u00a0 \u00a0 \u00a0 \u00a0 \u00a0 \u00a0 \u00a0 \u00a0 \u00a0 \u00a0 \u00a0 \u00a0 <\/strong>MOBILIER DE JARDIN HAUT DE GAMME<\/span><\/p>\n<p><img loading=\"lazy\" decoding=\"async\" class=\"alignleft wp-image-14101\" src=\"https:\/\/maisonbelloeil.fr\/wp-content\/uploads\/2023\/10\/by-bellini-h-30.jpg\" alt=\"Claudio bellini designer\" width=\"177\" height=\"20\" \/><\/p>\n<p>&nbsp;<\/p>","protected":false},"featured_media":4953,"comment_status":"open","ping_status":"closed","template":"","meta":{"ocean_post_layout":"","ocean_both_sidebars_style":"","ocean_both_sidebars_content_width":0,"ocean_both_sidebars_sidebars_width":0,"ocean_sidebar":"0","ocean_second_sidebar":"0","ocean_disable_margins":"enable","ocean_add_body_class":"","ocean_shortcode_before_top_bar":"","ocean_shortcode_after_top_bar":"","ocean_shortcode_before_header":"","ocean_shortcode_after_header":"","ocean_has_shortcode":"","ocean_shortcode_after_title":"","ocean_shortcode_before_footer_widgets":"","ocean_shortcode_after_footer_widgets":"","ocean_shortcode_before_footer_bottom":"","ocean_shortcode_after_footer_bottom":"","ocean_display_top_bar":"default","ocean_display_header":"default","ocean_header_style":"","ocean_center_header_left_menu":"0","ocean_custom_header_template":"0","ocean_custom_logo":0,"ocean_custom_retina_logo":0,"ocean_custom_logo_max_width":0,"ocean_custom_logo_tablet_max_width":0,"ocean_custom_logo_mobile_max_width":0,"ocean_custom_logo_max_height":0,"ocean_custom_logo_tablet_max_height":0,"ocean_custom_logo_mobile_max_height":0,"ocean_header_custom_menu":"0","ocean_menu_typo_font_family":"0","ocean_menu_typo_font_subset":"","ocean_menu_typo_font_size":0,"ocean_menu_typo_font_size_tablet":0,"ocean_menu_typo_font_size_mobile":0,"ocean_menu_typo_font_size_unit":"px","ocean_menu_typo_font_weight":"","ocean_menu_typo_font_weight_tablet":"","ocean_menu_typo_font_weight_mobile":"","ocean_menu_typo_transform":"","ocean_menu_typo_transform_tablet":"","ocean_menu_typo_transform_mobile":"","ocean_menu_typo_line_height":0,"ocean_menu_typo_line_height_tablet":0,"ocean_menu_typo_line_height_mobile":0,"ocean_menu_typo_line_height_unit":"","ocean_menu_typo_spacing":0,"ocean_menu_typo_spacing_tablet":0,"ocean_menu_typo_spacing_mobile":0,"ocean_menu_typo_spacing_unit":"","ocean_menu_link_color":"","ocean_menu_link_color_hover":"","ocean_menu_link_color_active":"","ocean_menu_link_background":"","ocean_menu_link_hover_background":"","ocean_menu_link_active_background":"","ocean_menu_social_links_bg":"","ocean_menu_social_hover_links_bg":"","ocean_menu_social_links_color":"","ocean_menu_social_hover_links_color":"","ocean_disable_title":"default","ocean_disable_heading":"default","ocean_post_title":"","ocean_post_subheading":"","ocean_post_title_style":"centered-minimal","ocean_post_title_background_color":"","ocean_post_title_background":0,"ocean_post_title_bg_image_position":"","ocean_post_title_bg_image_attachment":"","ocean_post_title_bg_image_repeat":"","ocean_post_title_bg_image_size":"","ocean_post_title_height":0,"ocean_post_title_bg_overlay":0.5,"ocean_post_title_bg_overlay_color":"","ocean_disable_breadcrumbs":"default","ocean_breadcrumbs_color":"","ocean_breadcrumbs_separator_color":"","ocean_breadcrumbs_links_color":"","ocean_breadcrumbs_links_hover_color":"","ocean_display_footer_widgets":"default","ocean_display_footer_bottom":"default","ocean_custom_footer_template":"0"},"product_brand":[135],"product_cat":[53],"product_tag":[141,60],"class_list":{"0":"post-2218","1":"product","2":"type-product","3":"status-publish","4":"has-post-thumbnail","6":"product_brand-higold","7":"product_cat-salon-de-jardin","8":"product_tag-higold","9":"product_tag-visconti","11":"entry","12":"has-media","14":"first","15":"instock","16":"taxable","17":"shipping-taxable","18":"purchasable","19":"product-type-simple","20":"has-rating","21":"col","22":"span_1_of_3","23":"owp-content-center","24":"item-entry","25":"owp-thumbs-layout-horizontal","26":"owp-btn-very-big","27":"owp-tabs-layout-horizontal"},"_links":{"self":[{"href":"https:\/\/maisonbelloeil.fr\/en\/wp-json\/wp\/v2\/product\/2218","targetHints":{"allow":["GET"]}}],"collection":[{"href":"https:\/\/maisonbelloeil.fr\/en\/wp-json\/wp\/v2\/product"}],"about":[{"href":"https:\/\/maisonbelloeil.fr\/en\/wp-json\/wp\/v2\/types\/product"}],"replies":[{"embeddable":true,"href":"https:\/\/maisonbelloeil.fr\/en\/wp-json\/wp\/v2\/comments?post=2218"}],"wp:featuredmedia":[{"embeddable":true,"href":"https:\/\/maisonbelloeil.fr\/en\/wp-json\/wp\/v2\/media\/4953"}],"wp:attachment":[{"href":"https:\/\/maisonbelloeil.fr\/en\/wp-json\/wp\/v2\/media?parent=2218"}],"wp:term":[{"taxonomy":"product_brand","embeddable":true,"href":"https:\/\/maisonbelloeil.fr\/en\/wp-json\/wp\/v2\/product_brand?post=2218"},{"taxonomy":"product_cat","embeddable":true,"href":"https:\/\/maisonbelloeil.fr\/en\/wp-json\/wp\/v2\/product_cat?post=2218"},{"taxonomy":"product_tag","embeddable":true,"href":"https:\/\/maisonbelloeil.fr\/en\/wp-json\/wp\/v2\/product_tag?post=2218"}],"curies":[{"name":"wp","href":"https:\/\/api.w.org\/{rel}","templated":true}]}}