{"id":1572,"date":"2023-04-15T18:02:16","date_gmt":"2023-04-15T16:02:16","guid":{"rendered":"https:\/\/maisonbelloeil.fr\/?post_type=product&#038;p=1572"},"modified":"2025-06-17T15:09:28","modified_gmt":"2025-06-17T13:09:28","slug":"salon-de-jardin-dangle-cambusa","status":"publish","type":"product","link":"https:\/\/maisonbelloeil.fr\/en\/product\/salon-de-jardin-dangle-cambusa\/","title":{"rendered":"Salon de jardin d&rsquo;Angle gris clair CAMBUSA"},"content":{"rendered":"<h2 style=\"text-align: center;\">Ensemble salon de jardin d&rsquo;angle design<\/h2>\n<p>Imaginez-vous, allong\u00e9 confortablement sur les coussins moelleux de ce <strong>canap\u00e9 d&rsquo;angle<\/strong> tout en profitant des doux rayons du soleil.<\/p>\n<p>La collection <span style=\"color: #333333;\"><a href=\"https:\/\/maisonbelloeil.fr\/en\/product-tag\/cambusa\/\"><strong><span style=\"color: #346f7f;\">Cambusa<\/span><\/strong><\/a><\/span>, cr\u00e9\u00e9e avec le designer <strong>CLAUDIO BELLINI\u00ae<\/strong>, tire son inspiration de l&rsquo;Italie et de la splendeur de la mer M\u00e9diterran\u00e9e.<br \/>\nCette gamme de mobilier d&rsquo;ext\u00e9rieur pr\u00e9sente un <strong>design \u00e9l\u00e9gant<\/strong> et des <strong>lignes g\u00e9om\u00e9triques remarquables<\/strong>.<\/p>\n<p>Transformez votre <strong>jardin<\/strong> ou <strong>patio<\/strong> en un v\u00e9ritable <strong>lounge<\/strong> en plein air.<\/p>\n<p>Ce canap\u00e9 d&rsquo;angle est l&rsquo;endroit id\u00e9al pour se lover et se d\u00e9tendre dans une ambiance <strong>cosy<\/strong>.<\/p>\n<p>Cet ensemble de mobilier de jardin se distingue par un solide cadre en aluminium de 10 cm de large, <strong>fa\u00e7onn\u00e9 avec pr\u00e9cision<\/strong> gr\u00e2ce \u00e0 une technologie de d\u00e9coupe au laser, d\u00e9montrant ainsi la <strong>qualit\u00e9 exceptionnelle<\/strong> de sa fabrication.<\/p>\n<p>&nbsp;<\/p>\n<h2 style=\"text-align: center;\" data-sourcepos=\"11:1-11:44\"><strong>Pourquoi choisir ce canap\u00e9 d&rsquo;ext\u00e9rieur ?<\/strong><\/h2>\n<h3><span style=\"color: #333333;\"><img decoding=\"async\" class=\"aligncenter wp-image-14013\" src=\"https:\/\/maisonbelloeil.fr\/wp-content\/uploads\/2023\/06\/logo_akzonobel-300x183.png\" alt=\"Logo Akzonobel\" width=\"115\" height=\"70\" title=\"\" srcset=\"https:\/\/maisonbelloeil.fr\/wp-content\/uploads\/2023\/06\/logo_akzonobel-300x183.png 300w, https:\/\/maisonbelloeil.fr\/wp-content\/uploads\/2023\/06\/logo_akzonobel-700x426.png 700w, https:\/\/maisonbelloeil.fr\/wp-content\/uploads\/2023\/06\/logo_akzonobel-1024x623.png 1024w, https:\/\/maisonbelloeil.fr\/wp-content\/uploads\/2023\/06\/logo_akzonobel-768x467.png 768w, https:\/\/maisonbelloeil.fr\/wp-content\/uploads\/2023\/06\/logo_akzonobel.png 1280w\" sizes=\"(max-width: 115px) 100vw, 115px\" \/><\/span><\/h3>\n<h3><span style=\"color: #333333;\"><img decoding=\"async\" class=\"aligncenter wp-image-14040 size-full\" src=\"https:\/\/maisonbelloeil.fr\/wp-content\/uploads\/2023\/06\/logo-quick-dry-150x50-1.jpg\" alt=\"Quickdry\" width=\"150\" height=\"50\" title=\"\"><\/span><\/h3>\n<ul>\n<li>D\u00e9sign\u00e9 par <strong>Claudio Bellini<\/strong>.<\/li>\n<li><span style=\"color: #333333;\">Structure en <strong>aluminium massif<\/strong> d&rsquo;une largeur de 10 cm : L\u00e9g\u00e8re, r\u00e9sistante aux intemp\u00e9ries et \u00e0 la corrosion, durable (rev\u00eatement en poudre <strong>Akzonobel<\/strong>). Couleur: Anthracite mat.<\/span><\/li>\n<li><span style=\"color: #333333;\">Plateau de table en <strong>teck massif<\/strong> de grade A : Chaleureux, naturel, r\u00e9sistant aux conditions ext\u00e9rieures.<\/span><\/li>\n<li><span style=\"color: #333333;\"><strong>Accoudoirs en teck<\/strong> de grade A : Finition \u00e9l\u00e9gante, confort suppl\u00e9mentaire.<\/span><\/li>\n<li><span style=\"color: #333333;\">Coussins dorsaux <strong>ergonomiques<\/strong> et \u00e9pais de 15 cm en <strong>mousse de haute densit\u00e9<\/strong> <strong>Quickdry<\/strong> pour un confort optimal : une invitation \u00e0 la <strong>sieste<\/strong> ou \u00e0 la d\u00e9tente entre amis.<\/span><\/li>\n<li><span style=\"color: #333333;\">Tissu acrylique <strong>anti-UV<\/strong> r\u00e9sistant \u00e0 l&rsquo;eau et aux moisissures.<\/span><\/li>\n<li><span style=\"color: #333333;\">Tissu r\u00e9sistant \u00e0 la d\u00e9coloration du soleil.<\/span><\/li>\n<li><span style=\"color: #333333;\">Couche int\u00e9rieure <strong>imperm\u00e9able<\/strong> pour un entretien facile.<\/span><\/li>\n<\/ul>\n<p>&nbsp;<\/p>\n<h2 style=\"text-align: center;\">Composition du salon de jardin d&rsquo;angle<\/h2>\n<ul>\n<li><span style=\"color: #333333;\"><strong>Un canap\u00e9 d&rsquo;angle compos\u00e9 de 4 modules:<\/strong><br \/>\n&#8211; 1 module 2 places\u00a0 c\u00f4t\u00e9 gauche (P: 84 cm \/ l: 143 cm \/ H: 60 cm)<br \/>\n&#8211; 1 module 2 places c\u00f4t\u00e9 droit (P: 84 cm \/ l: 143 cm \/ H: 60 cm)<\/span><br \/>\n<span style=\"color: #333333;\">&#8211; 1 module d&rsquo;angle (P: 84 cm \/ l: 84 cm \/ H: 60 cm)<\/span><br \/>\n<span style=\"color: #333333;\">&#8211; 1 module milieu (P: 84 cm \/ l: 66 cm \/ H: 60 cm)<\/span><\/li>\n<li><span style=\"color: #333333;\"><strong>Une table basse:<\/strong><br \/>\nL: 135,5 cm \/ l: 85 cm \/ H: 31,5 cm<\/span><\/li>\n<\/ul>\n<p>&nbsp;<\/p>\n<p><img decoding=\"async\" class=\"wp-image-2911 aligncenter\" src=\"https:\/\/maisonbelloeil.fr\/wp-content\/uploads\/2023\/06\/Chaise-et-tables-12.jpg\" alt=\"Icone angle\" width=\"485\" height=\"97\" title=\"\"><\/p>\n<p>&nbsp;<\/p>\n<h3>Couleurs:<\/h3>\n<ul>\n<li>Structure aluminium: Anthracite.<\/li>\n<li>Coloris tissu: Gris clair.<\/li>\n<\/ul>\n<p>Pour toute\u00a0<strong>demande de renseignement<\/strong>\u00a0ou pour\u00a0<strong>finaliser votre achat<\/strong>, nous vous invitons \u00e0<a href=\"https:\/\/maisonbelloeil.fr\/en\/contactez-nous\/\"><em><strong> nous contacter<\/strong><\/em><\/a>.\u00a0 \u00a0 \u00a0 \u00a0 \u00a0 \u00a0 \u00a0 \u00a0 \u00a0 \u00a0 \u00a0 \u00a0 \u00a0 \u00a0 \u00a0 \u00a0 \u00a0 \u00a0 \u00a0 \u00a0 \u00a0 \u00a0 \u00a0 \u00a0 \u00a0 \u00a0 \u00a0 \u00a0 \u00a0 \u00a0 \u00a0 \u00a0 \u00a0 \u00a0 \u00a0 \u00a0 \u00a0 \u00a0 \u00a0 \u00a0 \u00a0 \u00a0 \u00a0 \u00a0 \u00a0 \u00a0 \u00a0 \u00a0 \u00a0 \u00a0 \u00a0 \u00a0 \u00a0 \u00a0 \u00a0 \u00a0 \u00a0 \u00a0 \u00a0 \u00a0 \u00a0 \u00a0 \u00a0 \u00a0 \u00a0 \u00a0 \u00a0 \u00a0 \u00a0 \u00a0 Notre \u00e9quipe se tient \u00e0 votre \u00e9coute pour vous offrir un <strong>service sur-mesure<\/strong><\/p>\n<hr \/>\n<h3 style=\"text-align: center;\">Produits compl\u00e9mentaires:<\/h3>\n<p>Pourquoi ne pas compl\u00e9ter votre ensemble de jardin avec l&rsquo;<span style=\"color: #346f7f;\"><a style=\"color: #346f7f;\" href=\"https:\/\/maisonbelloeil.fr\/en\/product\/ensemble-table-et-chaises-jardin-cambusa\/\">ensemble table et chaises<\/a> <\/span>\u00a0de la m\u00eame collection?<\/p>\n<p>&nbsp;<\/p>\n<hr \/>\n<h3 style=\"text-align: center;\">Instructions d&rsquo;entretien:<\/h3>\n<p>L&rsquo;<strong>aluminium<\/strong> est tr\u00e8s r\u00e9pandu dans le domaine de la construction en raison de ses nombreuses qualit\u00e9s. Solide, l\u00e9ger, durable, pratique et esth\u00e9tique, il r\u00e9siste \u00e0 la pluie, \u00e0 l\u2019humidit\u00e9 et ne rouille pas. Il ne craint pas le soleil non plus et ne perd pas son \u00e9clat.<\/p>\n<p>Le <strong>bois de teck<\/strong> r\u00e9siste aux \u00e9l\u00e9ments ext\u00e9rieurs, sa haute teneur en huile, sa grande r\u00e9sistance \u00e0 la traction, son grain serr\u00e9 le rendent particuli\u00e8rement appropri\u00e9 pour une utilisation en ext\u00e9rieur.<br \/>\nL&rsquo;application bisannuelle d&rsquo;une couche d&rsquo;huile pour teck est recommand\u00e9e pour le maintenir beau.<\/p>\n<p>&nbsp;<\/p>\n<hr \/>\n<p>&nbsp;<\/p>\n<p style=\"text-align: center;\"><img loading=\"lazy\" decoding=\"async\" class=\"aligncenter wp-image-14012 size-medium\" src=\"https:\/\/maisonbelloeil.fr\/wp-content\/uploads\/2023\/06\/logo-revendeurofficiel-higold-300x54.png\" alt=\"Logo revendeur officiel Higold.\" width=\"300\" height=\"54\" title=\"\" srcset=\"https:\/\/maisonbelloeil.fr\/wp-content\/uploads\/2023\/06\/logo-revendeurofficiel-higold-300x54.png 300w, https:\/\/maisonbelloeil.fr\/wp-content\/uploads\/2023\/06\/logo-revendeurofficiel-higold-700x126.png 700w, https:\/\/maisonbelloeil.fr\/wp-content\/uploads\/2023\/06\/logo-revendeurofficiel-higold-1024x184.png 1024w, https:\/\/maisonbelloeil.fr\/wp-content\/uploads\/2023\/06\/logo-revendeurofficiel-higold-768x138.png 768w, https:\/\/maisonbelloeil.fr\/wp-content\/uploads\/2023\/06\/logo-revendeurofficiel-higold-1536x276.png 1536w, https:\/\/maisonbelloeil.fr\/wp-content\/uploads\/2023\/06\/logo-revendeurofficiel-higold.png 1847w\" sizes=\"(max-width: 300px) 100vw, 300px\" \/><br \/>\n<img loading=\"lazy\" decoding=\"async\" class=\"aligncenter wp-image-14042 size-full\" src=\"https:\/\/maisonbelloeil.fr\/wp-content\/uploads\/2023\/06\/sl_higold-excellent-life_rgb-300x45-1.png\" alt=\"excellent life\" width=\"300\" height=\"45\" title=\"\"><\/p>\n<p style=\"text-align: center;\"><img loading=\"lazy\" decoding=\"async\" class=\"aligncenter wp-image-14043\" src=\"https:\/\/maisonbelloeil.fr\/wp-content\/uploads\/2023\/06\/ukas-300x225.jpg\" alt=\"\" width=\"133\" height=\"100\" title=\"\" srcset=\"https:\/\/maisonbelloeil.fr\/wp-content\/uploads\/2023\/06\/ukas-300x225.jpg 300w, https:\/\/maisonbelloeil.fr\/wp-content\/uploads\/2023\/06\/ukas-700x525.jpg 700w, https:\/\/maisonbelloeil.fr\/wp-content\/uploads\/2023\/06\/ukas-768x576.jpg 768w, https:\/\/maisonbelloeil.fr\/wp-content\/uploads\/2023\/06\/ukas.jpg 866w\" sizes=\"(max-width: 133px) 100vw, 133px\" \/><img loading=\"lazy\" decoding=\"async\" class=\"aligncenter wp-image-14045\" src=\"https:\/\/maisonbelloeil.fr\/wp-content\/uploads\/2023\/06\/bsci.jpg\" alt=\"\" width=\"142\" height=\"100\" title=\"\"><\/p>\n<p>&nbsp;<\/p>","protected":false},"excerpt":{"rendered":"<h3><span style=\"color: #333333;\"><strong>Ensemble Salon de jardin d\u2019angle comportant:<\/strong><\/span><\/h3>\n<ul>\n<li><span style=\"color: #333333;\">Un Canap\u00e9 d\u2019angle 5 places<\/span><\/li>\n<li><span style=\"color: #333333;\">Une Table basse de jardin<\/span><\/li>\n<\/ul>\n<hr \/>\n<p><span style=\"color: #346f7f;\">Bois de Teck de grade A<\/span> | <span style=\"color: #346f7f;\">Aluminium massif<\/span><\/p>\n<p><img loading=\"lazy\" decoding=\"async\" class=\"alignleft wp-image-14041\" src=\"https:\/\/maisonbelloeil.fr\/wp-content\/uploads\/2023\/06\/logo-akzonobel-150x50-1.jpg\" alt=\"Akzonobel\" width=\"120\" height=\"40\" \/><img loading=\"lazy\" decoding=\"async\" class=\"alignleft wp-image-14040\" src=\"https:\/\/maisonbelloeil.fr\/wp-content\/uploads\/2023\/06\/logo-quick-dry-150x50-1.jpg\" alt=\"Quickdry\" width=\"120\" height=\"40\" \/><\/p>\n<p>&nbsp;<\/p>\n<hr \/>\n<p><em><span style=\"color: #ff6600;\"><strong><span style=\"color: #bf4d00;\"><span style=\"color: #800080;\"><img loading=\"lazy\" decoding=\"async\" class=\"alignleft wp-image-15282\" src=\"https:\/\/maisonbelloeil.fr\/wp-content\/uploads\/2023\/09\/Logo-livraison-offerte.png\" alt=\"\" width=\"75\" height=\"30\" \/> Frais de port offerts<\/span><\/span><\/strong><\/span><\/em><\/p>\n<hr \/>\n<p><span style=\"color: #333333;\">Pour toute\u00a0<strong>demande de renseignement<\/strong>\u00a0ou pour\u00a0<strong>finaliser votre achat<\/strong>, nous vous invitons \u00e0<a href=\"https:\/\/maisonbelloeil.fr\/en\/contactez-nous\/\"><em><strong>\u00a0nous contacter<\/strong><\/em><\/a>.\u00a0 \u00a0 \u00a0 \u00a0 \u00a0 \u00a0 \u00a0 \u00a0 \u00a0 \u00a0 \u00a0 \u00a0 \u00a0 \u00a0 \u00a0 \u00a0 \u00a0 \u00a0 \u00a0 \u00a0 \u00a0 \u00a0 \u00a0 \u00a0 \u00a0 \u00a0 \u00a0 \u00a0 \u00a0 \u00a0 \u00a0 \u00a0 \u00a0 \u00a0 \u00a0 \u00a0 \u00a0 \u00a0 \u00a0 \u00a0 Notre \u00e9quipe se tient \u00e0 votre \u00e9coute pour vous offrir un\u00a0<strong>service sur-mesure\u00a0 \u00a0 \u00a0 \u00a0 \u00a0 \u00a0 \u00a0 \u00a0 \u00a0 \u00a0 \u00a0 \u00a0 \u00a0 \u00a0 \u00a0 \u00a0 \u00a0 \u00a0 \u00a0 \u00a0 \u00a0 \u00a0 \u00a0 \u00a0 \u00a0 <\/strong>MOBILIER DE JARDIN DESIGN<\/span><\/p>\n<p><img loading=\"lazy\" decoding=\"async\" class=\"alignnone wp-image-14101\" src=\"https:\/\/maisonbelloeil.fr\/wp-content\/uploads\/2023\/10\/by-bellini-h-30.jpg\" alt=\"\" width=\"177\" height=\"20\" \/><\/p>","protected":false},"featured_media":4924,"comment_status":"open","ping_status":"closed","template":"","meta":{"ocean_post_layout":"","ocean_both_sidebars_style":"","ocean_both_sidebars_content_width":0,"ocean_both_sidebars_sidebars_width":0,"ocean_sidebar":"0","ocean_second_sidebar":"0","ocean_disable_margins":"enable","ocean_add_body_class":"","ocean_shortcode_before_top_bar":"","ocean_shortcode_after_top_bar":"","ocean_shortcode_before_header":"","ocean_shortcode_after_header":"","ocean_has_shortcode":"","ocean_shortcode_after_title":"","ocean_shortcode_before_footer_widgets":"","ocean_shortcode_after_footer_widgets":"","ocean_shortcode_before_footer_bottom":"","ocean_shortcode_after_footer_bottom":"","ocean_display_top_bar":"default","ocean_display_header":"default","ocean_header_style":"","ocean_center_header_left_menu":"0","ocean_custom_header_template":"0","ocean_custom_logo":0,"ocean_custom_retina_logo":0,"ocean_custom_logo_max_width":0,"ocean_custom_logo_tablet_max_width":0,"ocean_custom_logo_mobile_max_width":0,"ocean_custom_logo_max_height":0,"ocean_custom_logo_tablet_max_height":0,"ocean_custom_logo_mobile_max_height":0,"ocean_header_custom_menu":"0","ocean_menu_typo_font_family":"0","ocean_menu_typo_font_subset":"","ocean_menu_typo_font_size":0,"ocean_menu_typo_font_size_tablet":0,"ocean_menu_typo_font_size_mobile":0,"ocean_menu_typo_font_size_unit":"px","ocean_menu_typo_font_weight":"","ocean_menu_typo_font_weight_tablet":"","ocean_menu_typo_font_weight_mobile":"","ocean_menu_typo_transform":"","ocean_menu_typo_transform_tablet":"","ocean_menu_typo_transform_mobile":"","ocean_menu_typo_line_height":0,"ocean_menu_typo_line_height_tablet":0,"ocean_menu_typo_line_height_mobile":0,"ocean_menu_typo_line_height_unit":"","ocean_menu_typo_spacing":0,"ocean_menu_typo_spacing_tablet":0,"ocean_menu_typo_spacing_mobile":0,"ocean_menu_typo_spacing_unit":"","ocean_menu_link_color":"","ocean_menu_link_color_hover":"","ocean_menu_link_color_active":"","ocean_menu_link_background":"","ocean_menu_link_hover_background":"","ocean_menu_link_active_background":"","ocean_menu_social_links_bg":"","ocean_menu_social_hover_links_bg":"","ocean_menu_social_links_color":"","ocean_menu_social_hover_links_color":"","ocean_disable_title":"default","ocean_disable_heading":"default","ocean_post_title":"","ocean_post_subheading":"","ocean_post_title_style":"centered-minimal","ocean_post_title_background_color":"","ocean_post_title_background":0,"ocean_post_title_bg_image_position":"","ocean_post_title_bg_image_attachment":"","ocean_post_title_bg_image_repeat":"","ocean_post_title_bg_image_size":"","ocean_post_title_height":0,"ocean_post_title_bg_overlay":0.5,"ocean_post_title_bg_overlay_color":"","ocean_disable_breadcrumbs":"default","ocean_breadcrumbs_color":"","ocean_breadcrumbs_separator_color":"","ocean_breadcrumbs_links_color":"","ocean_breadcrumbs_links_hover_color":"","ocean_display_footer_widgets":"default","ocean_display_footer_bottom":"default","ocean_custom_footer_template":"0"},"product_brand":[135],"product_cat":[68],"product_tag":[64,141],"class_list":{"0":"post-1572","1":"product","2":"type-product","3":"status-publish","4":"has-post-thumbnail","6":"product_brand-higold","7":"product_cat-salons-de-jardin-dangle","8":"product_tag-cambusa","9":"product_tag-higold","11":"entry","12":"has-media","14":"first","15":"instock","16":"taxable","17":"shipping-taxable","18":"purchasable","19":"product-type-simple","20":"col","21":"span_1_of_3","22":"owp-content-center","23":"item-entry","24":"owp-thumbs-layout-horizontal","25":"owp-btn-very-big","26":"owp-tabs-layout-horizontal"},"_links":{"self":[{"href":"https:\/\/maisonbelloeil.fr\/en\/wp-json\/wp\/v2\/product\/1572","targetHints":{"allow":["GET"]}}],"collection":[{"href":"https:\/\/maisonbelloeil.fr\/en\/wp-json\/wp\/v2\/product"}],"about":[{"href":"https:\/\/maisonbelloeil.fr\/en\/wp-json\/wp\/v2\/types\/product"}],"replies":[{"embeddable":true,"href":"https:\/\/maisonbelloeil.fr\/en\/wp-json\/wp\/v2\/comments?post=1572"}],"wp:featuredmedia":[{"embeddable":true,"href":"https:\/\/maisonbelloeil.fr\/en\/wp-json\/wp\/v2\/media\/4924"}],"wp:attachment":[{"href":"https:\/\/maisonbelloeil.fr\/en\/wp-json\/wp\/v2\/media?parent=1572"}],"wp:term":[{"taxonomy":"product_brand","embeddable":true,"href":"https:\/\/maisonbelloeil.fr\/en\/wp-json\/wp\/v2\/product_brand?post=1572"},{"taxonomy":"product_cat","embeddable":true,"href":"https:\/\/maisonbelloeil.fr\/en\/wp-json\/wp\/v2\/product_cat?post=1572"},{"taxonomy":"product_tag","embeddable":true,"href":"https:\/\/maisonbelloeil.fr\/en\/wp-json\/wp\/v2\/product_tag?post=1572"}],"curies":[{"name":"wp","href":"https:\/\/api.w.org\/{rel}","templated":true}]}}