{"id":14709,"date":"2024-03-28T08:26:51","date_gmt":"2024-03-28T07:26:51","guid":{"rendered":"https:\/\/maisonbelloeil.fr\/?post_type=product&#038;p=14709"},"modified":"2025-06-17T14:51:25","modified_gmt":"2025-06-17T12:51:25","slug":"table-haute-de-jardin-bar-6-pers-nofi","status":"publish","type":"product","link":"https:\/\/maisonbelloeil.fr\/en\/product\/table-haute-de-jardin-bar-6-pers-nofi\/","title":{"rendered":"Table haute de jardin 6 personnes Bar NOFI"},"content":{"rendered":"<h2 style=\"text-align: center;\">Ensemble table haute de jardin 6 personnes fa\u00e7on bar NOFI:<\/h2>\n<p><span style=\"color: #333333;\"><strong>Cr\u00e9ez un coin repas \u00e9l\u00e9gant et convivial dans votre jardin avec l&rsquo;ensemble table haute et chaises hautes NOFI 6 personnes.<\/strong> Cet ensemble, disponible en blanc ou en noir, allie design moderne, mat\u00e9riaux nobles et confort optimal pour une exp\u00e9rience inoubliable.<\/span><\/p>\n<p><span style=\"color: #333333;\"><strong>Succombez au charme du design minimaliste<\/strong> et des contrastes saisissants entre l&rsquo;aluminium blanc ou noir et le teck chaleureux. Cette esth\u00e9tique moderne et raffin\u00e9e s&rsquo;int\u00e9grera parfaitement \u00e0 votre espace ext\u00e9rieur et lui apportera une touche d&rsquo;\u00e9l\u00e9gance.<\/span><\/p>\n<p><span style=\"color: #333333;\"><strong>R\u00e9unissez vos proches autour de la table haute spacieuse<\/strong>, id\u00e9ale pour partager des repas gourmands et des moments de convivialit\u00e9 inoubliables. Sa hauteur est parfaitement adapt\u00e9e aux chaises hautes, offrant une position confortable pour tous vos invit\u00e9s.<\/span><\/p>\n<p><span style=\"color: #333333;\"><strong><span style=\"color: #333333;\">L&rsquo;ensemble<\/span> <a href=\"https:\/\/maisonbelloeil.fr\/en\/product-tag\/nofi\/\"><span style=\"color: #346f7f;\">NOFI<\/span><\/a> <span style=\"color: #333333;\">est con\u00e7u pour vous simplifier la vie<\/span><\/strong> : facile \u00e0 entretenir, il vous accompagnera ann\u00e9e apr\u00e8s ann\u00e9e sans perdre de son \u00e9clat.<\/span><\/p>\n<p>&nbsp;<\/p>\n<h3 style=\"text-align: center;\">Points forts de l&rsquo;ensemble bar ext\u00e9rieur NOFI :<\/h3>\n<ul>\n<li><span style=\"color: #333333;\"><strong>Design moderne et minimaliste:<\/strong>\u00a0L&rsquo;ensemble NOFI se distingue par ses lignes \u00e9pur\u00e9es et son <strong>contraste saisissant entre l&rsquo;aluminium et le teck<\/strong>. Cette esth\u00e9tique moderne et raffin\u00e9e apportera une touche d&rsquo;\u00e9l\u00e9gance \u00e0 votre jardin.<\/span><\/li>\n<li><span style=\"color: #333333;\"><strong>Robuste et durable:<\/strong>\u00a0Fabriqu\u00e9 en <strong>aluminium massif rev\u00eatu de poudre Akzonobel<\/strong> <strong>blanche<\/strong> ou <strong>noire<\/strong>, l&rsquo;ensemble NOFI est con\u00e7u pour r\u00e9sister aux intemp\u00e9ries les plus extr\u00eames. Vous profitez ainsi d&rsquo;un mobilier d&rsquo;ext\u00e9rieur d&rsquo;une <strong>long\u00e9vit\u00e9 exceptionnelle<\/strong>.<\/span><\/li>\n<li><span style=\"color: #333333;\"><strong>Mat\u00e9riaux nobles et chaleureux:<\/strong>\u00a0Le <strong>plateau de la table en teck<\/strong> et les accoudoirs des chaises apportent une touche de modernit\u00e9 naturelle \u00e0 l&rsquo;ensemble. Ce bois pr\u00e9cieux, r\u00e9sistant aux intemp\u00e9ries et au vieillissement, conf\u00e8re \u00e0 l&rsquo;ensemble une \u00e9l\u00e9gance intemporelle.<\/span><span style=\"color: #333333;\"><strong>Confort optimal et r\u00e9sistance:<\/strong> Le tissu en <strong>textil\u00e8ne<\/strong> blanc ou noir des chaises est hautement <strong>r\u00e9sistant aux rayons UV<\/strong> et \u00e0 l&rsquo;abrasion. Il vous assure un confort optimal et une assise durable.<\/span><\/li>\n<li style=\"list-style-type: none;\"><\/li>\n<li><span style=\"color: #333333;\"><strong>Table haute spacieuse:<\/strong> La table haute de jardin est id\u00e9ale pour partager des repas gourmands et des moments de convivialit\u00e9 inoubliables. Sa hauteur est parfaitement adapt\u00e9e aux chaises de bar, offrant une position <strong>confortable<\/strong> pour tous vos invit\u00e9s.<\/span><\/li>\n<li><span style=\"color: #333333;\"><strong>Chaises hautes avec accoudoirs:<\/strong> Les chaises sont dot\u00e9es d&rsquo;accoudoirs en teck pour un confort optimal et une relaxation totale.<\/span><\/li>\n<li><span style=\"color: #333333;\"><strong>Finitions haut de gamme:<\/strong>\u00a0Des accessoires en acier inoxydable compl\u00e8tent l&rsquo;ensemble, renfor\u00e7ant sa qualit\u00e9 et son raffinement.<\/span><\/li>\n<li><span style=\"color: #333333;\"><strong>Entretien facile:<\/strong>\u00a0L&rsquo;ensemble NOFI est con\u00e7u pour vous simplifier la vie. Sa structure robuste et ses <strong>mat\u00e9riaux r\u00e9sistants<\/strong> tel que la mousse <strong>Quickdry<\/strong> n\u00e9cessitent un entretien minimal.<\/span><\/li>\n<\/ul>\n<p>&nbsp;<\/p>\n<p>&nbsp;<\/p>\n<p><span style=\"color: #333333;\"><strong>En r\u00e9sum\u00e9, l&rsquo;ensemble table haute de jardin et chaises hautes NOFI 6 personnes est un v\u00e9ritable investissement pour votre jardin.<\/strong> Il vous offre un design moderne et \u00e9l\u00e9gant, une robustesse \u00e0 toute \u00e9preuve, un confort optimal et une grande convivialit\u00e9.<\/span><\/p>\n<p>&nbsp;<\/p>\n<hr \/>\n<h3 style=\"text-align: center;\"><span style=\"color: #333333;\">Caract\u00e9ristiques du salon de jardin haut:<\/span><\/h3>\n<ul>\n<li><span style=\"color: #333333;\"><span style=\"color: #333333;\"><strong>1 grande table bar:<\/strong><br \/>\nL: 180 cm \/ l: 82 cm \/ H: 106,5 cm<\/span><\/span><\/li>\n<li><span style=\"color: #333333;\"><strong>6 chaises hautes de jardin avec accoudoirs:<\/strong><br \/>\nP: 69,5 cm \/ l: 56 cm \/ H: 112 cm<\/span><span style=\"color: #333333;\"><br \/>\n<\/span><\/li>\n<\/ul>\n<p>&nbsp;<\/p>\n<p><img fetchpriority=\"high\" decoding=\"async\" class=\"wp-image-2667 size-full aligncenter\" src=\"https:\/\/maisonbelloeil.fr\/wp-content\/uploads\/2023\/06\/Chaise-et-tables-7.jpg\" alt=\"Icono ensemble repas jardin compos\u00e9 d&#039;une table et 6 chaises\" width=\"500\" height=\"100\" title=\"\" srcset=\"https:\/\/maisonbelloeil.fr\/wp-content\/uploads\/2023\/06\/Chaise-et-tables-7.jpg 500w, https:\/\/maisonbelloeil.fr\/wp-content\/uploads\/2023\/06\/Chaise-et-tables-7-300x60.jpg 300w\" sizes=\"(max-width: 500px) 100vw, 500px\" \/><\/p>\n<p>&nbsp;<\/p>\n<hr \/>\n<h2 style=\"text-align: center;\">Mangez dehors, vivez l&rsquo;exp\u00e9rience NOFI avec la table haute 6 personnes<\/h2>\n<p><strong>Profiter d&rsquo;un repas en plein air est un plaisir simple qui ne cesse de nous ravir.<\/strong> Le soleil sur la peau, le chant des oiseaux et la douce brise caressant nos visages contribuent \u00e0 cr\u00e9er une ambiance conviviale et relaxante.<\/p>\n<p><strong>Manger en hauteur offre une perspective in\u00e9dite et un sentiment de libert\u00e9 incomparable.<\/strong> La vue d\u00e9gag\u00e9e sur le jardin, la terrasse ou le paysage environnant sublime chaque repas et en fait une exp\u00e9rience unique.<\/p>\n<p><strong>Install\u00e9s sur des chaises hautes, nous partageons un moment privil\u00e9gi\u00e9 avec nos proches.<\/strong> La proximit\u00e9 et l&rsquo;\u00e9l\u00e9vation favorisent la communication et les \u00e9changes, cr\u00e9ant une atmosph\u00e8re de complicit\u00e9 et de joie.<\/p>\n<p><strong>L&rsquo;ensemble table haute et chaises de bar NOFI est l&rsquo;incarnation parfaite de cette exp\u00e9rience unique.<\/strong> Son design \u00e9l\u00e9gant et raffin\u00e9, ses mat\u00e9riaux nobles et sa configuration conviviale vous invitent \u00e0 savourer chaque instant pass\u00e9 en plein air.<\/p>\n<p><strong>N&rsquo;attendez plus et offrez-vous le plaisir de manger dehors, install\u00e9s en hauteur, avec l&rsquo;ensemble NOFI.<\/strong><\/p>\n<p>Pour toute\u00a0<strong>demande de renseignement<\/strong>\u00a0ou pour\u00a0<strong>finaliser votre achat<\/strong>, nous vous invitons \u00e0<a href=\"https:\/\/maisonbelloeil.fr\/en\/contactez-nous\/\"><em><strong> nous contacter<\/strong><\/em><\/a>.\u00a0 \u00a0 \u00a0 \u00a0 \u00a0 \u00a0 \u00a0 \u00a0 \u00a0 \u00a0 \u00a0 \u00a0 \u00a0 \u00a0 \u00a0 \u00a0 \u00a0 \u00a0 \u00a0 \u00a0 \u00a0 \u00a0 \u00a0 \u00a0 \u00a0 \u00a0 \u00a0 \u00a0 \u00a0 \u00a0 \u00a0 \u00a0 \u00a0 \u00a0 \u00a0 \u00a0 \u00a0 \u00a0 \u00a0 \u00a0 \u00a0 \u00a0 \u00a0 \u00a0 \u00a0 \u00a0 \u00a0 \u00a0 \u00a0 \u00a0 \u00a0 \u00a0 \u00a0 \u00a0 \u00a0 \u00a0 \u00a0 \u00a0 \u00a0 \u00a0 \u00a0 \u00a0 \u00a0 \u00a0 \u00a0 \u00a0 \u00a0 \u00a0 \u00a0 \u00a0 Notre \u00e9quipe se tient \u00e0 votre \u00e9coute pour vous offrir un <strong>service sur-mesure<\/strong><\/p>\n<p>&nbsp;<\/p>\n<hr \/>\n<h3 style=\"text-align: center;\">Produits compl\u00e9mentaires:<\/h3>\n<p>Pourquoi ne pas compl\u00e9ter votre ensemble de table et chaises de jardin blanches 6 personnes avec les <a href=\"https:\/\/maisonbelloeil.fr\/en\/product\/bains-soleil-transats-blancs-design-nofi\/\"><strong><span style=\"color: #346f7f;\">bains de soleil<\/span><\/strong><\/a> ou le <a href=\"https:\/\/maisonbelloeil.fr\/en\/product\/salon-de-jardin-blanc-design-5-p-nofi\/\"><strong><span style=\"color: #346f7f;\">salon de jardin blanc design<\/span><\/strong><\/a>\u00a0de la m\u00eame collection?<\/p>\n<p>&nbsp;<\/p>\n<hr \/>\n<h3 style=\"text-align: center;\"><span style=\"color: #333333;\">Mat\u00e9riaux et instructions d&rsquo;entretien:<\/span><\/h3>\n<p><span style=\"color: #333333;\">L\u2019<strong>aluminium<\/strong>\u00a0est tr\u00e8s r\u00e9pandu dans le domaine de la construction en raison de ses nombreuses qualit\u00e9s. Solide, l\u00e9ger, durable, pratique et esth\u00e9tique, il r\u00e9siste \u00e0 la pluie, \u00e0 l\u2019humidit\u00e9 et ne rouille pas. Il ne craint pas le soleil non plus et ne perd pas son \u00e9clat.<\/span><\/p>\n<p><span style=\"color: #333333;\">La toile en\u00a0<strong>Textil\u00e8ne<\/strong>\u00a0est un tissu \u00e0 haute technologie: utilis\u00e9 en construction navale, le Textil\u00e8ne est un mat\u00e9riau connu pour son confort et sa r\u00e9sistance aux t\u00e2ches ainsi qu\u2019aux intemp\u00e9ries.<\/span><\/p>\n<p><span style=\"color: #333333;\">Le\u00a0<strong>bois de teck<\/strong> r\u00e9siste aux \u00e9l\u00e9ments ext\u00e9rieurs, sa haute teneur en huile, sa grande r\u00e9sistance \u00e0 la traction, son grain serr\u00e9 le rendent particuli\u00e8rement appropri\u00e9 pour une utilisation en ext\u00e9rieur. L\u2019application bisannuelle d\u2019une couche d\u2019huile pour teck est recommand\u00e9e pour le maintenir beau.<\/span><\/p>\n<p>&nbsp;<\/p>\n<hr \/>\n<p>&nbsp;<\/p>\n<p style=\"text-align: center;\"><img decoding=\"async\" class=\"aligncenter wp-image-14012 size-medium\" src=\"https:\/\/maisonbelloeil.fr\/wp-content\/uploads\/2023\/06\/logo-revendeurofficiel-higold-300x54.png\" alt=\"Logo revendeur officiel Higold.\" width=\"300\" height=\"54\" title=\"\" srcset=\"https:\/\/maisonbelloeil.fr\/wp-content\/uploads\/2023\/06\/logo-revendeurofficiel-higold-300x54.png 300w, https:\/\/maisonbelloeil.fr\/wp-content\/uploads\/2023\/06\/logo-revendeurofficiel-higold-700x126.png 700w, https:\/\/maisonbelloeil.fr\/wp-content\/uploads\/2023\/06\/logo-revendeurofficiel-higold-1024x184.png 1024w, https:\/\/maisonbelloeil.fr\/wp-content\/uploads\/2023\/06\/logo-revendeurofficiel-higold-768x138.png 768w, https:\/\/maisonbelloeil.fr\/wp-content\/uploads\/2023\/06\/logo-revendeurofficiel-higold-1536x276.png 1536w, https:\/\/maisonbelloeil.fr\/wp-content\/uploads\/2023\/06\/logo-revendeurofficiel-higold.png 1847w\" sizes=\"(max-width: 300px) 100vw, 300px\" \/><br \/>\n<img decoding=\"async\" class=\"aligncenter wp-image-14042 size-full\" src=\"https:\/\/maisonbelloeil.fr\/wp-content\/uploads\/2023\/06\/sl_higold-excellent-life_rgb-300x45-1.png\" alt=\"excellent life\" width=\"300\" height=\"45\" title=\"\"><\/p>\n<p style=\"text-align: center;\"><img loading=\"lazy\" decoding=\"async\" class=\"aligncenter wp-image-14043\" src=\"https:\/\/maisonbelloeil.fr\/wp-content\/uploads\/2023\/06\/ukas-300x225.jpg\" alt=\"Logo UKAS\" width=\"133\" height=\"100\" title=\"\" srcset=\"https:\/\/maisonbelloeil.fr\/wp-content\/uploads\/2023\/06\/ukas-300x225.jpg 300w, https:\/\/maisonbelloeil.fr\/wp-content\/uploads\/2023\/06\/ukas-700x525.jpg 700w, https:\/\/maisonbelloeil.fr\/wp-content\/uploads\/2023\/06\/ukas-768x576.jpg 768w, https:\/\/maisonbelloeil.fr\/wp-content\/uploads\/2023\/06\/ukas.jpg 866w\" sizes=\"(max-width: 133px) 100vw, 133px\" \/><img loading=\"lazy\" decoding=\"async\" class=\"aligncenter wp-image-14045\" src=\"https:\/\/maisonbelloeil.fr\/wp-content\/uploads\/2023\/06\/bsci.jpg\" alt=\"logo BSCI\" width=\"142\" height=\"100\" title=\"\"><\/p>","protected":false},"excerpt":{"rendered":"<h3><span style=\"color: #333333;\"><strong>Ensemble table haute et chaises de jardin 6 personnes:<\/strong><\/span><\/h3>\n<ul>\n<li><span style=\"color: #333333;\">Une table de bar 180 x 82 cm<br \/>\nHauteur: 106,5 cm<\/span><\/li>\n<li><span style=\"color: #333333;\">Six chaises hautes avec accoudoirs<\/span><\/li>\n<li><span style=\"color: #333333;\">Couleurs: <strong>Blanc<\/strong> ou <strong>noir<\/strong><\/span><\/li>\n<\/ul>\n<hr \/>\n<p><span style=\"color: #333333;\"><span style=\"color: #346f7f;\">Aluminium massif | Bois de Teck de grade A<\/span> |<span style=\"color: #346f7f;\"> Textil\u00e8ne\u00a0<\/span><\/span><\/p>\n<p><img loading=\"lazy\" decoding=\"async\" class=\"alignleft wp-image-14040\" src=\"https:\/\/maisonbelloeil.fr\/wp-content\/uploads\/2023\/06\/logo-quick-dry-150x50-1.jpg\" alt=\"Quickdry\" width=\"120\" height=\"40\" \/><\/p>\n<hr \/>\n<p><em><span style=\"color: #ff6600;\"><strong><span style=\"color: #bf4d00;\"><span style=\"color: #800080;\"><img loading=\"lazy\" decoding=\"async\" class=\"alignleft wp-image-15282\" src=\"https:\/\/maisonbelloeil.fr\/wp-content\/uploads\/2023\/09\/Logo-livraison-offerte.png\" alt=\"\" width=\"75\" height=\"30\" \/> Frais de port offerts<\/span><\/span><\/strong><\/span><\/em><\/p>\n<p>Pour toute\u00a0<strong>demande de renseignement<\/strong>\u00a0ou pour\u00a0<strong>finaliser votre achat<\/strong>, nous vous invitons \u00e0<a href=\"https:\/\/maisonbelloeil.fr\/en\/contactez-nous\/\"><em><strong> nous contacter<\/strong><\/em><\/a>. Notre \u00e9quipe se tient \u00e0 votre \u00e9coute pour vous offrir un <strong>service sur-mesure.\u00a0 \u00a0 \u00a0 \u00a0 \u00a0 \u00a0 \u00a0 \u00a0 \u00a0 \u00a0 \u00a0 \u00a0 \u00a0 \u00a0 \u00a0 \u00a0 \u00a0 \u00a0 \u00a0 \u00a0 \u00a0 \u00a0 \u00a0 \u00a0 \u00a0 \u00a0 \u00a0 \u00a0 \u00a0 \u00a0 \u00a0<\/strong><span style=\"color: #333333;\">MOBILIER DE JARDIN HAUT DE GAMME<\/span><\/p>","protected":false},"featured_media":14712,"comment_status":"open","ping_status":"closed","template":"","meta":{"ocean_post_layout":"","ocean_both_sidebars_style":"","ocean_both_sidebars_content_width":0,"ocean_both_sidebars_sidebars_width":0,"ocean_sidebar":"0","ocean_second_sidebar":"0","ocean_disable_margins":"enable","ocean_add_body_class":"","ocean_shortcode_before_top_bar":"","ocean_shortcode_after_top_bar":"","ocean_shortcode_before_header":"","ocean_shortcode_after_header":"","ocean_has_shortcode":"","ocean_shortcode_after_title":"","ocean_shortcode_before_footer_widgets":"","ocean_shortcode_after_footer_widgets":"","ocean_shortcode_before_footer_bottom":"","ocean_shortcode_after_footer_bottom":"","ocean_display_top_bar":"default","ocean_display_header":"default","ocean_header_style":"","ocean_center_header_left_menu":"0","ocean_custom_header_template":"0","ocean_custom_logo":0,"ocean_custom_retina_logo":0,"ocean_custom_logo_max_width":0,"ocean_custom_logo_tablet_max_width":0,"ocean_custom_logo_mobile_max_width":0,"ocean_custom_logo_max_height":0,"ocean_custom_logo_tablet_max_height":0,"ocean_custom_logo_mobile_max_height":0,"ocean_header_custom_menu":"0","ocean_menu_typo_font_family":"0","ocean_menu_typo_font_subset":"","ocean_menu_typo_font_size":0,"ocean_menu_typo_font_size_tablet":0,"ocean_menu_typo_font_size_mobile":0,"ocean_menu_typo_font_size_unit":"px","ocean_menu_typo_font_weight":"","ocean_menu_typo_font_weight_tablet":"","ocean_menu_typo_font_weight_mobile":"","ocean_menu_typo_transform":"","ocean_menu_typo_transform_tablet":"","ocean_menu_typo_transform_mobile":"","ocean_menu_typo_line_height":0,"ocean_menu_typo_line_height_tablet":0,"ocean_menu_typo_line_height_mobile":0,"ocean_menu_typo_line_height_unit":"","ocean_menu_typo_spacing":0,"ocean_menu_typo_spacing_tablet":0,"ocean_menu_typo_spacing_mobile":0,"ocean_menu_typo_spacing_unit":"","ocean_menu_link_color":"","ocean_menu_link_color_hover":"","ocean_menu_link_color_active":"","ocean_menu_link_background":"","ocean_menu_link_hover_background":"","ocean_menu_link_active_background":"","ocean_menu_social_links_bg":"","ocean_menu_social_hover_links_bg":"","ocean_menu_social_links_color":"","ocean_menu_social_hover_links_color":"","ocean_disable_title":"default","ocean_disable_heading":"default","ocean_post_title":"","ocean_post_subheading":"","ocean_post_title_style":"centered-minimal","ocean_post_title_background_color":"","ocean_post_title_background":0,"ocean_post_title_bg_image_position":"","ocean_post_title_bg_image_attachment":"","ocean_post_title_bg_image_repeat":"","ocean_post_title_bg_image_size":"","ocean_post_title_height":0,"ocean_post_title_bg_overlay":0.5,"ocean_post_title_bg_overlay_color":"","ocean_disable_breadcrumbs":"default","ocean_breadcrumbs_color":"","ocean_breadcrumbs_separator_color":"","ocean_breadcrumbs_links_color":"","ocean_breadcrumbs_links_hover_color":"","ocean_display_footer_widgets":"default","ocean_display_footer_bottom":"default","ocean_custom_footer_template":"0"},"product_brand":[135],"product_cat":[54,127],"product_tag":[141,71],"class_list":{"0":"post-14709","1":"product","2":"type-product","3":"status-publish","4":"has-post-thumbnail","6":"product_brand-higold","7":"product_cat-ensemble-table-et-chaises","8":"product_cat-6-personnes","9":"product_tag-higold","10":"product_tag-nofi","12":"entry","13":"has-media","15":"first","16":"instock","17":"featured","18":"taxable","19":"shipping-taxable","20":"purchasable","21":"product-type-variable","22":"has-rating","23":"col","24":"span_1_of_3","25":"owp-content-center","26":"item-entry","27":"owp-thumbs-layout-horizontal","28":"owp-btn-very-big","29":"owp-tabs-layout-horizontal"},"_links":{"self":[{"href":"https:\/\/maisonbelloeil.fr\/en\/wp-json\/wp\/v2\/product\/14709","targetHints":{"allow":["GET"]}}],"collection":[{"href":"https:\/\/maisonbelloeil.fr\/en\/wp-json\/wp\/v2\/product"}],"about":[{"href":"https:\/\/maisonbelloeil.fr\/en\/wp-json\/wp\/v2\/types\/product"}],"replies":[{"embeddable":true,"href":"https:\/\/maisonbelloeil.fr\/en\/wp-json\/wp\/v2\/comments?post=14709"}],"wp:featuredmedia":[{"embeddable":true,"href":"https:\/\/maisonbelloeil.fr\/en\/wp-json\/wp\/v2\/media\/14712"}],"wp:attachment":[{"href":"https:\/\/maisonbelloeil.fr\/en\/wp-json\/wp\/v2\/media?parent=14709"}],"wp:term":[{"taxonomy":"product_brand","embeddable":true,"href":"https:\/\/maisonbelloeil.fr\/en\/wp-json\/wp\/v2\/product_brand?post=14709"},{"taxonomy":"product_cat","embeddable":true,"href":"https:\/\/maisonbelloeil.fr\/en\/wp-json\/wp\/v2\/product_cat?post=14709"},{"taxonomy":"product_tag","embeddable":true,"href":"https:\/\/maisonbelloeil.fr\/en\/wp-json\/wp\/v2\/product_tag?post=14709"}],"curies":[{"name":"wp","href":"https:\/\/api.w.org\/{rel}","templated":true}]}}