{"id":14695,"date":"2024-03-27T15:13:22","date_gmt":"2024-03-27T14:13:22","guid":{"rendered":"https:\/\/maisonbelloeil.fr\/?post_type=product&#038;p=14695"},"modified":"2025-06-17T14:51:48","modified_gmt":"2025-06-17T12:51:48","slug":"grande-table-de-jardin-extensible-nofi","status":"publish","type":"product","link":"https:\/\/maisonbelloeil.fr\/en\/product\/grande-table-de-jardin-extensible-nofi\/","title":{"rendered":"Grande table de jardin extensible 10 personnes et chaises Alu NOFI"},"content":{"rendered":"<h2 style=\"text-align: center;\">Ensemble Table de jardin extensible et chaises pour 10 personnes<\/h2>\n<p>Cr\u00e9ez un havre de paix ext\u00e9rieur raffin\u00e9 avec l&rsquo;ensemble <strong>haut de gamme<\/strong> NOFI<strong> 10 personnes.<\/strong> Cet ensemble blanc ou noir, compos\u00e9 d&rsquo;une <strong>grande table extensible<\/strong> et de <strong>chaises<\/strong>, allie design \u00e9l\u00e9gant et durabilit\u00e9 exceptionnelle pour cr\u00e9er une exp\u00e9rience inoubliable.<\/p>\n<p>Succombez au charme<strong> intemporel <\/strong>du design minimaliste et des mat\u00e9riaux nobles : <strong>aluminium<\/strong> blanc ou noir r\u00e9sistant aux intemp\u00e9ries, <strong>teck<\/strong> chaleureux pour une touche naturelle de <strong>bois exotique<\/strong> et d\u00e9tails raffin\u00e9s en acier inoxydable.<\/p>\n<p>R\u00e9unissez vos proches autour de la <strong>table extensible<\/strong>, id\u00e9ale pour partager des repas gourmands et des moments de convivialit\u00e9 inoubliables. Sa capacit\u00e9 \u00e0 s&rsquo;agrandir vous permet de recevoir confortablement de nombreux <strong>convives<\/strong>, parfaite pour recevoir agr\u00e9ablement vos proches, en famille comme entre amis.<\/p>\n<p>L&rsquo;ensemble <strong><a href=\"https:\/\/maisonbelloeil.fr\/en\/product-tag\/nofi\/\"><span style=\"color: #346f7f;\">NOFI <\/span><\/a><\/strong>est con\u00e7u pour vous simplifier la vie : facile \u00e0 entretenir, il vous accompagnera ann\u00e9e apr\u00e8s ann\u00e9e sans perdre de son \u00e9clat.<\/p>\n<p>&nbsp;<\/p>\n<h2 style=\"text-align: center;\">Points forts de la grande table de jardin 10 personnes<\/h2>\n<ul>\n<li><span style=\"color: #333333;\">Capacit\u00e9: <strong>10\u00a0personnes<\/strong><\/span><\/li>\n<li><span style=\"color: #333333;\"><strong>Grande Table extensible<\/strong><\/span><\/li>\n<li><span style=\"color: #333333;\"><strong>Design <\/strong>raffin\u00e9 et<strong> intemporel<\/strong><\/span><\/li>\n<li><span style=\"color: #333333;\"><strong>Confort <\/strong>optimal et<strong> r\u00e9sistance<\/strong><\/span><\/li>\n<li><span style=\"color: #333333;\"><strong>Finitions haut de gamme<\/strong><\/span><\/li>\n<li><span style=\"color: #333333;\"><strong>Aluminium<\/strong> blanc ou noir <strong>100% inoxydable<\/strong><\/span><\/li>\n<li><span style=\"color: #333333;\">Rev\u00eatement en poudre <strong>Akzonobel<\/strong><\/span><\/li>\n<li><strong>Table de jardin rectangulaire<\/strong><\/li>\n<li><strong>Teck massif<\/strong><\/li>\n<li><span style=\"color: #333333;\">Tissu en <strong>Textil\u00e8ne<\/strong><\/span><\/li>\n<li>Mousse <strong>Quickdry<\/strong><\/li>\n<li><span style=\"color: #333333;\"><strong>Entretien facile<\/strong><\/span><\/li>\n<li><span style=\"color: #333333;\">Robuste et durable<\/span><\/li>\n<li><span style=\"color: #333333;\">Disponible en <strong>2 coloris<\/strong><\/span><\/li>\n<\/ul>\n<p>&nbsp;<\/p>\n<h2 style=\"text-align: center;\"><span style=\"color: #333333;\">Composition du salon de jardin repas haut de gamme<\/span><\/h2>\n<ul>\n<li><span style=\"color: #333333;\"><strong>1 grande table extensible:<\/strong><br \/>\nL: 280 \u00e0 340 cm \/ l: 100 cm \/ H: 77 cm<\/span><\/li>\n<li><span style=\"color: #333333;\"><strong>10 chaises blanches ou noires avec accoudoirs:<\/strong><br \/>\nP: 64 cm \/ l: 59,5 cm \/ H: 87 cm<br \/>\n<\/span><\/li>\n<\/ul>\n<p>&nbsp;<\/p>\n<p><img decoding=\"async\" class=\"wp-image-2624 size-full aligncenter\" src=\"https:\/\/maisonbelloeil.fr\/wp-content\/uploads\/2023\/05\/ICONO-Table.jpg\" alt=\"icono table\" width=\"200\" height=\"100\" title=\"\"><\/p>\n<p><img fetchpriority=\"high\" decoding=\"async\" class=\"wp-image-14323 size-full aligncenter\" src=\"https:\/\/maisonbelloeil.fr\/wp-content\/uploads\/2024\/03\/10-chaises.jpg\" alt=\"Icono 10 chaises\" width=\"500\" height=\"100\" title=\"\" srcset=\"https:\/\/maisonbelloeil.fr\/wp-content\/uploads\/2024\/03\/10-chaises.jpg 500w, https:\/\/maisonbelloeil.fr\/wp-content\/uploads\/2024\/03\/10-chaises-300x60.jpg 300w\" sizes=\"(max-width: 500px) 100vw, 500px\" \/><\/p>\n<p>&nbsp;<\/p>\n<hr \/>\n<h2 style=\"text-align: center;\"><span style=\"color: #333333;\">Offrez-vous le meilleur avec l&rsquo;ensemble table et chaises de jardin NOFI<\/span><\/h2>\n<p><span style=\"color: #333333;\">L&rsquo;ensemble NOFI est bien plus qu&rsquo;un simple<strong> ensemble table et chaises de jardin: <\/strong>C&rsquo;est une invitation \u00e0 la d\u00e9tente et au raffinement, un v\u00e9ritable investissement pour votre espace ext\u00e9rieur.<\/span><\/p>\n<p><span style=\"color: #333333;\"><strong>En choisissant NOFI pour vos repas en ext\u00e9rieur, vous optez pour :<\/strong><\/span><\/p>\n<ul>\n<li><span style=\"color: #333333;\">Un design \u00e9l\u00e9gant et intemporel qui ne se d\u00e9modera jamais<\/span><\/li>\n<li><span style=\"color: #333333;\">Une robustesse \u00e0 toute \u00e9preuve pour profiter de votre ensemble pendant de nombreuses ann\u00e9es<\/span><\/li>\n<li><span style=\"color: #333333;\">Des mat\u00e9riaux nobles et chaleureux pour une ambiance conviviale et raffin\u00e9e<\/span><\/li>\n<li><span style=\"color: #333333;\">Un confort optimal pour des moments de d\u00e9tente inoubliables<\/span><\/li>\n<li><span style=\"color: #333333;\">Syst\u00e8me\u00a0 modulable pour s&rsquo;adapter \u00e0 toutes vos envies<\/span><\/li>\n<li><span style=\"color: #333333;\">Un entretien facile pour vous simplifier la vie<\/span><\/li>\n<\/ul>\n<p>&nbsp;<\/p>\n<p>Pour toute\u00a0<strong>demande de renseignement<\/strong>\u00a0ou pour\u00a0<strong>finaliser votre achat<\/strong>, nous vous invitons \u00e0<a href=\"https:\/\/maisonbelloeil.fr\/en\/contactez-nous\/\"><em><strong> nous contacter<\/strong><\/em><\/a>.\u00a0 \u00a0 \u00a0 \u00a0 \u00a0 \u00a0 \u00a0 \u00a0 \u00a0 \u00a0 \u00a0 \u00a0 \u00a0 \u00a0 \u00a0 \u00a0 \u00a0 \u00a0 \u00a0 \u00a0 \u00a0 \u00a0 \u00a0 \u00a0 \u00a0 \u00a0 \u00a0 \u00a0 \u00a0 \u00a0 \u00a0 \u00a0 \u00a0 \u00a0 \u00a0 \u00a0 \u00a0 \u00a0 \u00a0 \u00a0 \u00a0 \u00a0 \u00a0 \u00a0 \u00a0 \u00a0 \u00a0 \u00a0 \u00a0 \u00a0 \u00a0 \u00a0 \u00a0 \u00a0 \u00a0 \u00a0 \u00a0 \u00a0 \u00a0 \u00a0 \u00a0 \u00a0 \u00a0 \u00a0 \u00a0 \u00a0 \u00a0 \u00a0 \u00a0 \u00a0 Notre \u00e9quipe se tient \u00e0 votre \u00e9coute pour vous offrir un <strong>service sur-mesure<\/strong><\/p>\n<p>&nbsp;<\/p>\n<hr \/>\n<h2 style=\"text-align: center;\">Produits compl\u00e9mentaires:<\/h2>\n<p>Pourquoi ne pas compl\u00e9ter votre ensemble de table et chaises de jardin avec les <a href=\"https:\/\/maisonbelloeil.fr\/en\/product\/salon-de-jardin-blanc-et-bois-4-pl-nofi\/\"><span style=\"color: #346f7f;\"><strong>bains de soleil<\/strong><\/span><\/a>\u00a0de la m\u00eame collection?<\/p>\n<p>&nbsp;<\/p>\n<hr \/>\n<h2 style=\"text-align: center;\"><span style=\"color: #333333;\">Mat\u00e9riaux et instructions d&rsquo;entretien:<\/span><\/h2>\n<p><span style=\"color: #333333;\">L\u2019<strong>aluminium<\/strong> est tr\u00e8s r\u00e9pandu dans le domaine du mobilier d&rsquo;ext\u00e9rieur de ses nombreuses qualit\u00e9s. Solide, l\u00e9ger, durable, pratique et esth\u00e9tique, il r\u00e9siste \u00e0 la pluie, \u00e0 l\u2019humidit\u00e9 et ne rouille pas. Il ne craint pas le soleil non plus et ne perd pas son \u00e9clat.<\/span><\/p>\n<p><span style=\"color: #333333;\">La toile en\u00a0<strong>Textil\u00e8ne<\/strong>\u00a0est un tissu \u00e0 haute technologie: utilis\u00e9 en construction navale, le Textil\u00e8ne est un mat\u00e9riau connu pour son confort et sa r\u00e9sistance aux t\u00e2ches ainsi qu\u2019aux intemp\u00e9ries.<\/span><\/p>\n<p><span style=\"color: #333333;\">Le\u00a0<strong>bois de teck<\/strong> r\u00e9siste aux \u00e9l\u00e9ments ext\u00e9rieurs, sa haute teneur en huile, sa haute r\u00e9sistance \u00e0 la traction, son grain serr\u00e9 le rendent particuli\u00e8rement appropri\u00e9 pour une utilisation en ext\u00e9rieur. L\u2019application bisannuelle d\u2019une couche d\u2019huile pour teck est recommand\u00e9e pour le maintenir beau.<\/span><\/p>\n<p>&nbsp;<\/p>\n<hr \/>\n<p style=\"text-align: center;\"><img decoding=\"async\" class=\"aligncenter wp-image-14012 size-medium\" src=\"https:\/\/maisonbelloeil.fr\/wp-content\/uploads\/2023\/06\/logo-revendeurofficiel-higold-300x54.png\" alt=\"Logo revendeur officiel Higold.\" width=\"300\" height=\"54\" title=\"\" srcset=\"https:\/\/maisonbelloeil.fr\/wp-content\/uploads\/2023\/06\/logo-revendeurofficiel-higold-300x54.png 300w, https:\/\/maisonbelloeil.fr\/wp-content\/uploads\/2023\/06\/logo-revendeurofficiel-higold-700x126.png 700w, https:\/\/maisonbelloeil.fr\/wp-content\/uploads\/2023\/06\/logo-revendeurofficiel-higold-1024x184.png 1024w, https:\/\/maisonbelloeil.fr\/wp-content\/uploads\/2023\/06\/logo-revendeurofficiel-higold-768x138.png 768w, https:\/\/maisonbelloeil.fr\/wp-content\/uploads\/2023\/06\/logo-revendeurofficiel-higold-1536x276.png 1536w, https:\/\/maisonbelloeil.fr\/wp-content\/uploads\/2023\/06\/logo-revendeurofficiel-higold.png 1847w\" sizes=\"(max-width: 300px) 100vw, 300px\" \/><br \/>\n<img loading=\"lazy\" decoding=\"async\" class=\"aligncenter wp-image-14042 size-full\" src=\"https:\/\/maisonbelloeil.fr\/wp-content\/uploads\/2023\/06\/sl_higold-excellent-life_rgb-300x45-1.png\" alt=\"excellent life\" width=\"300\" height=\"45\" title=\"\"><\/p>\n<p style=\"text-align: center;\" data-wp-editing=\"1\"><a href=\"https:\/\/certcheck.ukas.com\/\" target=\"_blank\" rel=\"noopener nofollow\"><img loading=\"lazy\" decoding=\"async\" class=\"aligncenter wp-image-14043\" src=\"https:\/\/maisonbelloeil.fr\/wp-content\/uploads\/2023\/06\/ukas-300x225.jpg\" alt=\"Logo UKAS\" width=\"133\" height=\"100\" title=\"\" srcset=\"https:\/\/maisonbelloeil.fr\/wp-content\/uploads\/2023\/06\/ukas-300x225.jpg 300w, https:\/\/maisonbelloeil.fr\/wp-content\/uploads\/2023\/06\/ukas-700x525.jpg 700w, https:\/\/maisonbelloeil.fr\/wp-content\/uploads\/2023\/06\/ukas-768x576.jpg 768w, https:\/\/maisonbelloeil.fr\/wp-content\/uploads\/2023\/06\/ukas.jpg 866w\" sizes=\"(max-width: 133px) 100vw, 133px\" \/><\/a><img loading=\"lazy\" decoding=\"async\" class=\"aligncenter wp-image-14045\" src=\"https:\/\/maisonbelloeil.fr\/wp-content\/uploads\/2023\/06\/bsci.jpg\" alt=\"logo BSCI\" width=\"142\" height=\"100\" title=\"\"><\/p>\n<p style=\"text-align: center;\">","protected":false},"excerpt":{"rendered":"<h2><span style=\"color: #333333;\"><strong>Grande table ext\u00e9rieur 10 personnes:<\/strong><\/span><\/h2>\n<ul>\n<li><span style=\"color: #333333;\">Une grande <strong>table extensible<\/strong><br \/>\n<\/span><span style=\"color: #333333;\">(280-340 x 100 cm)<\/span><\/li>\n<li><span style=\"color: #333333;\"><strong>Dix chaises<\/strong> avec accoudoirs<\/span><\/li>\n<li><span style=\"color: #333333;\">Couleurs: <strong>Blanc<\/strong> ou <strong>noir<\/strong><\/span><\/li>\n<\/ul>\n<hr \/>\n<p><span style=\"color: #333333;\"><span style=\"color: #346f7f;\">Aluminium massif | Bois de Teck de grade A<\/span> |<span style=\"color: #346f7f;\"> Textil\u00e8ne\u00a0<\/span><\/span><\/p>\n<p><img loading=\"lazy\" decoding=\"async\" class=\"alignleft wp-image-14040\" src=\"https:\/\/maisonbelloeil.fr\/wp-content\/uploads\/2023\/06\/logo-quick-dry-150x50-1.jpg\" alt=\"Quickdry\" width=\"120\" height=\"40\" \/><\/p>\n<hr \/>\n<p><em><span style=\"color: #ff6600;\"><strong><span style=\"color: #bf4d00;\"><span style=\"color: #800080;\"><img loading=\"lazy\" decoding=\"async\" class=\"alignleft wp-image-15282\" src=\"https:\/\/maisonbelloeil.fr\/wp-content\/uploads\/2023\/09\/Logo-livraison-offerte.png\" alt=\"\" width=\"75\" height=\"30\" \/> Frais de port offerts<\/span><\/span><\/strong><\/span><\/em><\/p>\n<p>Pour toute\u00a0<strong>demande de renseignement<\/strong>\u00a0ou pour\u00a0<strong>finaliser votre achat<\/strong>, nous vous invitons \u00e0<a href=\"https:\/\/maisonbelloeil.fr\/en\/contactez-nous\/\"><em><strong> nous contacter<\/strong><\/em><\/a>. Notre \u00e9quipe se tient \u00e0 votre \u00e9coute pour vous offrir un <strong>service sur-mesure.\u00a0 \u00a0 \u00a0 \u00a0 \u00a0 \u00a0 \u00a0 \u00a0 \u00a0 \u00a0 \u00a0 \u00a0 \u00a0 \u00a0 \u00a0 \u00a0 \u00a0 \u00a0 \u00a0 \u00a0 \u00a0 \u00a0 \u00a0 \u00a0 <\/strong><span style=\"color: #333333;\">MOBILIER DE JARDIN HAUT DE GAMME<\/span><span style=\"color: #333333;\"><span style=\"color: #346f7f;\">\u00a0<\/span><\/span><\/p>","protected":false},"featured_media":14698,"comment_status":"open","ping_status":"closed","template":"","meta":{"ocean_post_layout":"","ocean_both_sidebars_style":"","ocean_both_sidebars_content_width":0,"ocean_both_sidebars_sidebars_width":0,"ocean_sidebar":"0","ocean_second_sidebar":"0","ocean_disable_margins":"enable","ocean_add_body_class":"","ocean_shortcode_before_top_bar":"","ocean_shortcode_after_top_bar":"","ocean_shortcode_before_header":"","ocean_shortcode_after_header":"","ocean_has_shortcode":"","ocean_shortcode_after_title":"","ocean_shortcode_before_footer_widgets":"","ocean_shortcode_after_footer_widgets":"","ocean_shortcode_before_footer_bottom":"","ocean_shortcode_after_footer_bottom":"","ocean_display_top_bar":"default","ocean_display_header":"default","ocean_header_style":"","ocean_center_header_left_menu":"0","ocean_custom_header_template":"0","ocean_custom_logo":0,"ocean_custom_retina_logo":0,"ocean_custom_logo_max_width":0,"ocean_custom_logo_tablet_max_width":0,"ocean_custom_logo_mobile_max_width":0,"ocean_custom_logo_max_height":0,"ocean_custom_logo_tablet_max_height":0,"ocean_custom_logo_mobile_max_height":0,"ocean_header_custom_menu":"0","ocean_menu_typo_font_family":"0","ocean_menu_typo_font_subset":"","ocean_menu_typo_font_size":0,"ocean_menu_typo_font_size_tablet":0,"ocean_menu_typo_font_size_mobile":0,"ocean_menu_typo_font_size_unit":"px","ocean_menu_typo_font_weight":"","ocean_menu_typo_font_weight_tablet":"","ocean_menu_typo_font_weight_mobile":"","ocean_menu_typo_transform":"","ocean_menu_typo_transform_tablet":"","ocean_menu_typo_transform_mobile":"","ocean_menu_typo_line_height":0,"ocean_menu_typo_line_height_tablet":0,"ocean_menu_typo_line_height_mobile":0,"ocean_menu_typo_line_height_unit":"","ocean_menu_typo_spacing":0,"ocean_menu_typo_spacing_tablet":0,"ocean_menu_typo_spacing_mobile":0,"ocean_menu_typo_spacing_unit":"","ocean_menu_link_color":"","ocean_menu_link_color_hover":"","ocean_menu_link_color_active":"","ocean_menu_link_background":"","ocean_menu_link_hover_background":"","ocean_menu_link_active_background":"","ocean_menu_social_links_bg":"","ocean_menu_social_hover_links_bg":"","ocean_menu_social_links_color":"","ocean_menu_social_hover_links_color":"","ocean_disable_title":"default","ocean_disable_heading":"default","ocean_post_title":"","ocean_post_subheading":"","ocean_post_title_style":"centered-minimal","ocean_post_title_background_color":"","ocean_post_title_background":0,"ocean_post_title_bg_image_position":"","ocean_post_title_bg_image_attachment":"","ocean_post_title_bg_image_repeat":"","ocean_post_title_bg_image_size":"","ocean_post_title_height":0,"ocean_post_title_bg_overlay":0.5,"ocean_post_title_bg_overlay_color":"","ocean_disable_breadcrumbs":"default","ocean_breadcrumbs_color":"","ocean_breadcrumbs_separator_color":"","ocean_breadcrumbs_links_color":"","ocean_breadcrumbs_links_hover_color":"","ocean_display_footer_widgets":"default","ocean_display_footer_bottom":"default","ocean_custom_footer_template":"0"},"product_brand":[135],"product_cat":[54,129],"product_tag":[141,71],"class_list":{"0":"post-14695","1":"product","2":"type-product","3":"status-publish","4":"has-post-thumbnail","6":"product_brand-higold","7":"product_cat-ensemble-table-et-chaises","8":"product_cat-10-personnes","9":"product_tag-higold","10":"product_tag-nofi","12":"entry","13":"has-media","15":"first","16":"instock","17":"taxable","18":"shipping-taxable","19":"purchasable","20":"product-type-variable","21":"col","22":"span_1_of_3","23":"owp-content-center","24":"item-entry","25":"owp-thumbs-layout-horizontal","26":"owp-btn-very-big","27":"owp-tabs-layout-horizontal"},"_links":{"self":[{"href":"https:\/\/maisonbelloeil.fr\/en\/wp-json\/wp\/v2\/product\/14695","targetHints":{"allow":["GET"]}}],"collection":[{"href":"https:\/\/maisonbelloeil.fr\/en\/wp-json\/wp\/v2\/product"}],"about":[{"href":"https:\/\/maisonbelloeil.fr\/en\/wp-json\/wp\/v2\/types\/product"}],"replies":[{"embeddable":true,"href":"https:\/\/maisonbelloeil.fr\/en\/wp-json\/wp\/v2\/comments?post=14695"}],"wp:featuredmedia":[{"embeddable":true,"href":"https:\/\/maisonbelloeil.fr\/en\/wp-json\/wp\/v2\/media\/14698"}],"wp:attachment":[{"href":"https:\/\/maisonbelloeil.fr\/en\/wp-json\/wp\/v2\/media?parent=14695"}],"wp:term":[{"taxonomy":"product_brand","embeddable":true,"href":"https:\/\/maisonbelloeil.fr\/en\/wp-json\/wp\/v2\/product_brand?post=14695"},{"taxonomy":"product_cat","embeddable":true,"href":"https:\/\/maisonbelloeil.fr\/en\/wp-json\/wp\/v2\/product_cat?post=14695"},{"taxonomy":"product_tag","embeddable":true,"href":"https:\/\/maisonbelloeil.fr\/en\/wp-json\/wp\/v2\/product_tag?post=14695"}],"curies":[{"name":"wp","href":"https:\/\/api.w.org\/{rel}","templated":true}]}}