{"id":14670,"date":"2024-03-26T17:04:20","date_gmt":"2024-03-26T16:04:20","guid":{"rendered":"https:\/\/maisonbelloeil.fr\/?post_type=product&#038;p=14670"},"modified":"2025-08-05T20:06:19","modified_gmt":"2025-08-05T18:06:19","slug":"table-de-jardin-carree-blanche-nofi","status":"publish","type":"product","link":"https:\/\/maisonbelloeil.fr\/en\/product\/table-de-jardin-carree-blanche-nofi\/","title":{"rendered":"Ensemble table de jardin carr\u00e9e et chaises de jardin blanches NOFI"},"content":{"rendered":"<h2 style=\"text-align: center;\">Ensemble table de jardin carr\u00e9e et chaises de jardin blanches 4 personnes NOFI:<\/h2>\n<p><span style=\"color: #333333;\"><strong>Offrez-vous un havre de paix ext\u00e9rieur raffin\u00e9 avec l&rsquo;ensemble table et chaises de jardin NOFI pour 4 personnes.<\/strong> Cet ensemble blanc, compos\u00e9 d&rsquo;une <strong>table de jardin carr\u00e9e<\/strong> et de <strong>chaises blanches<\/strong>, allie design \u00e9l\u00e9gant et durabilit\u00e9 exceptionnelle pour cr\u00e9er une exp\u00e9rience inoubliable.<\/span><\/p>\n<p><span style=\"color: #333333;\"><strong>La qualit\u00e9 et la durabilit\u00e9<\/strong> sont au c\u0153ur de la collection NOFI. La structure en aluminium massif, rev\u00eatue de poudre blanche, offre une r\u00e9sistance exceptionnelle aux intemp\u00e9ries, garantissant une robustesse \u00e0 toute \u00e9preuve. <\/span><\/p>\n<p><span style=\"color: #333333;\">Le <strong>plateau en teck<\/strong> de la table apporte une touche de modernit\u00e9 naturelle \u00e0 l&rsquo;ensemble, tandis que les d\u00e9tails en teck sur les accoudoirs et l&rsquo;assise des chaises ajoutent une dimension graphique \u00e9l\u00e9gante.<\/span><\/p>\n<p><span style=\"color: #333333;\"><strong>Le textil\u00e8ne blanc<\/strong> des chaises est hautement r\u00e9sistant aux rayons UV, pr\u00e9servant ainsi la beaut\u00e9 des meubles au fil du temps. Des <strong>accessoires en acier inoxydable<\/strong> compl\u00e8tent l&rsquo;ensemble, renfor\u00e7ant sa qualit\u00e9 et son raffinement.<\/span><\/p>\n<p><strong><span style=\"color: #333333;\">L&rsquo;ensemble<\/span> <a href=\"https:\/\/maisonbelloeil.fr\/en\/product-tag\/nofi\/\"><span style=\"color: #346f7f;\">NOFI<\/span><\/a> <span style=\"color: #333333;\">a \u00e9t\u00e9 con\u00e7u pour offrir un maximum de plaisir avec un minimum d&rsquo;entretien.<\/span><\/strong><span style=\"color: #333333;\"> Profitez de repas en famille ou entre amis et de moments de d\u00e9tente inoubliables dans votre espace ext\u00e9rieur, transform\u00e9 en un lieu de raffinement et de convivialit\u00e9.<\/span><\/p>\n<p>&nbsp;<\/p>\n<h3 style=\"text-align: center;\">Points forts de l&rsquo;ensemble NOFI 4 personnes :<\/h3>\n<ul>\n<li><span style=\"color: #333333;\"><strong>Design \u00e9l\u00e9gant<\/strong> et moderne<\/span><\/li>\n<li><span style=\"color: #333333;\"><strong>Structure en aluminium massif<\/strong>, rev\u00eatue de poudre <strong>Akzonobel <\/strong>blanche, pour une r\u00e9sistance exceptionnelle aux intemp\u00e9ries<\/span><\/li>\n<li><span style=\"color: #333333;\"><strong>Plateau en teck<\/strong> et d\u00e9tails en teck sur les chaises pour une touche de modernit\u00e9 naturelle<\/span><\/li>\n<li><span style=\"color: #333333;\"><strong>Tissu en Textil\u00e8ne<\/strong> hautement r\u00e9sistant aux rayons UV<\/span><\/li>\n<li>Mousse <strong>Quickdry<\/strong>.<\/li>\n<li><span style=\"color: #333333;\">Accessoires en <strong>acier inoxydable<\/strong><\/span><\/li>\n<li><span style=\"color: #333333;\">Qualit\u00e9 sup\u00e9rieure et durabilit\u00e9<\/span><\/li>\n<li><span style=\"color: #333333;\">Minimum d&rsquo;entretien<\/span><\/li>\n<\/ul>\n<p>&nbsp;<\/p>\n<hr \/>\n<h3 style=\"text-align: center;\"><span style=\"color: #333333;\">Composition du salon de jardin repas:<\/span><\/h3>\n<ul>\n<li><span style=\"color: #333333;\"><span style=\"color: #333333;\"><strong>1 table carr\u00e9e:<\/strong><br \/>\nL: 90 cm \/ l: 90 cm \/ H: 75 cm<\/span><\/span><\/li>\n<li><span style=\"color: #333333;\"><strong>4 chaises blanches avec accoudoirs:<\/strong><br \/>\nP: 70 cm \/ l: 56 cm \/ H: 80 cm<\/span><span style=\"color: #333333;\"><br \/>\n<\/span><\/li>\n<\/ul>\n<p>&nbsp;<\/p>\n<p>&nbsp;<\/p>\n<p><img fetchpriority=\"high\" decoding=\"async\" class=\"wp-image-14217 size-full aligncenter\" src=\"https:\/\/maisonbelloeil.fr\/wp-content\/uploads\/2024\/02\/icono-table-4-chaises.jpg\" alt=\"Iconographie Table et 4 chaises.\" width=\"500\" height=\"100\" title=\"\" srcset=\"https:\/\/maisonbelloeil.fr\/wp-content\/uploads\/2024\/02\/icono-table-4-chaises.jpg 500w, https:\/\/maisonbelloeil.fr\/wp-content\/uploads\/2024\/02\/icono-table-4-chaises-300x60.jpg 300w\" sizes=\"(max-width: 500px) 100vw, 500px\" \/><\/p>\n<p>&nbsp;<\/p>\n<hr \/>\n<h2 style=\"text-align: center;\">Offrez-vous une oasis de d\u00e9tente avec l&rsquo;ensemble NOFI :<\/h2>\n<p><strong>L&rsquo;ensemble table et chaises de jardin blanches NOFI 4 personnes est bien plus qu&rsquo;un simple mobilier d&rsquo;ext\u00e9rieur.<\/strong> C&rsquo;est une invitation \u00e0 la d\u00e9tente et au raffinement, un havre de paix \u00e9l\u00e9gant et durable qui transformera votre espace ext\u00e9rieur en un v\u00e9ritable lieu de vie.<\/p>\n<p><strong>Succombez au charme intemporel du design minimaliste<\/strong> et des mat\u00e9riaux nobles : aluminium blanc r\u00e9sistant aux intemp\u00e9ries, teck chaleureux pour une touche naturelle et d\u00e9tails raffin\u00e9s en acier inoxydable.<\/p>\n<p><strong>Cr\u00e9ez une ambiance conviviale et accueillante<\/strong> autour de la table de jardin carr\u00e9e, id\u00e9ale pour partager des repas gourmands et des moments de d\u00e9tente inoubliables avec vos proches.<\/p>\n<p><strong>L&rsquo;ensemble NOFI est con\u00e7u pour vous simplifier la vie<\/strong> : facile \u00e0 entretenir, il vous accompagnera ann\u00e9e apr\u00e8s ann\u00e9e sans perdre de son \u00e9clat.<\/p>\n<p><strong>Choisissez NOFI et offrez-vous le plaisir d&rsquo;un jardin \u00e9l\u00e9gant et fonctionnel.<\/strong><\/p>\n<p><strong>Ne manquez pas l&rsquo;occasion de cr\u00e9er un espace ext\u00e9rieur \u00e0 votre image, un lieu de d\u00e9tente et de convivialit\u00e9 qui vous ressemble.<\/strong><\/p>\n<p>&nbsp;<\/p>\n<p>Pour toute <strong>demande de renseignement<\/strong> ou pour <strong>finaliser votre achat<\/strong>, nous vous invitons \u00e0 nous contacter.<br \/>\nNotre \u00e9quipe se tient \u00e0 votre \u00e9coute pour vous offrir un <strong>service sur-mesure<\/strong><\/p>\n<p>&nbsp;<\/p>\n<hr \/>\n<h3 style=\"text-align: center;\">Produits compl\u00e9mentaires:<\/h3>\n<p>Pourquoi ne pas compl\u00e9ter votre ensemble de table et chaises de jardin blanches 4 personnes avec le <a href=\"https:\/\/maisonbelloeil.fr\/en\/product\/salon-de-jardin-blanc-et-bois-4-pl-nofi\/\"><span style=\"color: #346f7f;\">salon de jardin blanc et bois 4 places<\/span><\/a>\u00a0de la m\u00eame collection?<\/p>\n<p>&nbsp;<\/p>\n<hr \/>\n<h3 style=\"text-align: center;\"><span style=\"color: #333333;\">Mat\u00e9riaux et instructions d&rsquo;entretien:<\/span><\/h3>\n<p><span style=\"color: #333333;\">L\u2019<strong>aluminium<\/strong>\u00a0est tr\u00e8s r\u00e9pandu dans le domaine de la construction en raison de ses nombreuses qualit\u00e9s. Solide, l\u00e9ger, durable, pratique et esth\u00e9tique, il r\u00e9siste \u00e0 la pluie, \u00e0 l\u2019humidit\u00e9 et ne rouille pas. Il ne craint pas le soleil non plus et ne perd pas son \u00e9clat.<\/span><\/p>\n<p><span style=\"color: #333333;\">La toile en\u00a0<strong>Textil\u00e8ne<\/strong>\u00a0est un tissu \u00e0 haute technologie: utilis\u00e9 en construction navale, le Textil\u00e8ne est un mat\u00e9riau connu pour son confort et sa r\u00e9sistance aux t\u00e2ches ainsi qu\u2019aux intemp\u00e9ries.<\/span><\/p>\n<p><span style=\"color: #333333;\">Le\u00a0<strong>bois de teck<\/strong> r\u00e9siste aux \u00e9l\u00e9ments ext\u00e9rieurs, sa haute teneur en huile, sa grande r\u00e9sistance \u00e0 la traction, son grain serr\u00e9 le rendent particuli\u00e8rement appropri\u00e9 pour une utilisation en ext\u00e9rieur. L\u2019application bisannuelle d\u2019une couche d\u2019huile pour teck est recommand\u00e9e pour le maintenir beau.<\/span><\/p>\n<p>&nbsp;<\/p>\n<hr \/>\n<p>&nbsp;<\/p>\n<p style=\"text-align: center;\"><img decoding=\"async\" class=\"aligncenter wp-image-14012 size-medium\" src=\"https:\/\/maisonbelloeil.fr\/wp-content\/uploads\/2023\/06\/logo-revendeurofficiel-higold-300x54.png\" alt=\"Logo revendeur officiel Higold.\" width=\"300\" height=\"54\" title=\"\" srcset=\"https:\/\/maisonbelloeil.fr\/wp-content\/uploads\/2023\/06\/logo-revendeurofficiel-higold-300x54.png 300w, https:\/\/maisonbelloeil.fr\/wp-content\/uploads\/2023\/06\/logo-revendeurofficiel-higold-700x126.png 700w, https:\/\/maisonbelloeil.fr\/wp-content\/uploads\/2023\/06\/logo-revendeurofficiel-higold-1024x184.png 1024w, https:\/\/maisonbelloeil.fr\/wp-content\/uploads\/2023\/06\/logo-revendeurofficiel-higold-768x138.png 768w, https:\/\/maisonbelloeil.fr\/wp-content\/uploads\/2023\/06\/logo-revendeurofficiel-higold-1536x276.png 1536w, https:\/\/maisonbelloeil.fr\/wp-content\/uploads\/2023\/06\/logo-revendeurofficiel-higold.png 1847w\" sizes=\"(max-width: 300px) 100vw, 300px\" \/><br \/>\n<img decoding=\"async\" class=\"aligncenter wp-image-14042 size-full\" src=\"https:\/\/maisonbelloeil.fr\/wp-content\/uploads\/2023\/06\/sl_higold-excellent-life_rgb-300x45-1.png\" alt=\"excellent life\" width=\"300\" height=\"45\" title=\"\"><\/p>\n<p style=\"text-align: center;\"><img loading=\"lazy\" decoding=\"async\" class=\"aligncenter wp-image-14043\" src=\"https:\/\/maisonbelloeil.fr\/wp-content\/uploads\/2023\/06\/ukas-300x225.jpg\" alt=\"Logo UKAS\" width=\"133\" height=\"100\" title=\"\" srcset=\"https:\/\/maisonbelloeil.fr\/wp-content\/uploads\/2023\/06\/ukas-300x225.jpg 300w, https:\/\/maisonbelloeil.fr\/wp-content\/uploads\/2023\/06\/ukas-700x525.jpg 700w, https:\/\/maisonbelloeil.fr\/wp-content\/uploads\/2023\/06\/ukas-768x576.jpg 768w, https:\/\/maisonbelloeil.fr\/wp-content\/uploads\/2023\/06\/ukas.jpg 866w\" sizes=\"(max-width: 133px) 100vw, 133px\" \/><img loading=\"lazy\" decoding=\"async\" class=\"aligncenter wp-image-14045\" src=\"https:\/\/maisonbelloeil.fr\/wp-content\/uploads\/2023\/06\/bsci.jpg\" alt=\"logo BSCI\" width=\"142\" height=\"100\" title=\"\"><\/p>\n<p>&nbsp;<\/p>","protected":false},"excerpt":{"rendered":"<p><span style=\"color: #333333;\"><strong>Ensemble repas de jardin 4 personnes:<\/strong><\/span><\/p>\n<ul>\n<li><span style=\"color: #333333;\">Une table carr\u00e9e 90 X 90<\/span><\/li>\n<li><span style=\"color: #333333;\">4 chaises avec accoudoirs<\/span><\/li>\n<\/ul>\n<hr \/>\n<p><span style=\"color: #333333;\"><span style=\"color: #346f7f;\">Aluminium massif <span style=\"color: #333333;\">| <\/span>Bois de Teck de grade A<\/span> |<span style=\"color: #346f7f;\"> Textil\u00e8ne\u00a0<\/span><\/span><\/p>\n<p><img loading=\"lazy\" decoding=\"async\" class=\"alignleft wp-image-14040\" src=\"https:\/\/maisonbelloeil.fr\/wp-content\/uploads\/2023\/06\/logo-quick-dry-150x50-1.jpg\" alt=\"Quickdry\" width=\"120\" height=\"40\" \/><\/p>\n<hr \/>\n<p><em><span style=\"color: #ff6600;\"><strong><span style=\"color: #bf4d00;\"><span style=\"color: #800080;\"><img loading=\"lazy\" decoding=\"async\" class=\"alignleft wp-image-15282\" src=\"https:\/\/maisonbelloeil.fr\/wp-content\/uploads\/2023\/09\/Logo-livraison-offerte.png\" alt=\"\" width=\"75\" height=\"30\" \/> Frais de port offerts<\/span><\/span><\/strong><\/span><\/em><\/p>\n<p>Pour toute\u00a0<strong>demande de renseignement<\/strong>\u00a0ou pour\u00a0<strong>finaliser votre achat<\/strong>, nous vous invitons \u00e0<a href=\"https:\/\/maisonbelloeil.fr\/en\/contactez-nous\/\"><em><strong> nous contacter<\/strong><\/em><\/a>. Notre \u00e9quipe se tient \u00e0 votre \u00e9coute pour vous offrir un <strong>service sur-mesure\u00a0 \u00a0 \u00a0 \u00a0 \u00a0 \u00a0 \u00a0 \u00a0 \u00a0 \u00a0 \u00a0 \u00a0 \u00a0 \u00a0 \u00a0 \u00a0 \u00a0 \u00a0 \u00a0 \u00a0 \u00a0 \u00a0 \u00a0 \u00a0 \u00a0 \u00a0 \u00a0 \u00a0<\/strong><span style=\"color: #333333;\">MOBILIER DE JARDIN DESIGN<\/span><\/p>","protected":false},"featured_media":14671,"comment_status":"open","ping_status":"closed","template":"","meta":{"ocean_post_layout":"","ocean_both_sidebars_style":"","ocean_both_sidebars_content_width":0,"ocean_both_sidebars_sidebars_width":0,"ocean_sidebar":"0","ocean_second_sidebar":"0","ocean_disable_margins":"enable","ocean_add_body_class":"","ocean_shortcode_before_top_bar":"","ocean_shortcode_after_top_bar":"","ocean_shortcode_before_header":"","ocean_shortcode_after_header":"","ocean_has_shortcode":"","ocean_shortcode_after_title":"","ocean_shortcode_before_footer_widgets":"","ocean_shortcode_after_footer_widgets":"","ocean_shortcode_before_footer_bottom":"","ocean_shortcode_after_footer_bottom":"","ocean_display_top_bar":"default","ocean_display_header":"default","ocean_header_style":"","ocean_center_header_left_menu":"0","ocean_custom_header_template":"0","ocean_custom_logo":0,"ocean_custom_retina_logo":0,"ocean_custom_logo_max_width":0,"ocean_custom_logo_tablet_max_width":0,"ocean_custom_logo_mobile_max_width":0,"ocean_custom_logo_max_height":0,"ocean_custom_logo_tablet_max_height":0,"ocean_custom_logo_mobile_max_height":0,"ocean_header_custom_menu":"0","ocean_menu_typo_font_family":"0","ocean_menu_typo_font_subset":"","ocean_menu_typo_font_size":0,"ocean_menu_typo_font_size_tablet":0,"ocean_menu_typo_font_size_mobile":0,"ocean_menu_typo_font_size_unit":"px","ocean_menu_typo_font_weight":"","ocean_menu_typo_font_weight_tablet":"","ocean_menu_typo_font_weight_mobile":"","ocean_menu_typo_transform":"","ocean_menu_typo_transform_tablet":"","ocean_menu_typo_transform_mobile":"","ocean_menu_typo_line_height":0,"ocean_menu_typo_line_height_tablet":0,"ocean_menu_typo_line_height_mobile":0,"ocean_menu_typo_line_height_unit":"","ocean_menu_typo_spacing":0,"ocean_menu_typo_spacing_tablet":0,"ocean_menu_typo_spacing_mobile":0,"ocean_menu_typo_spacing_unit":"","ocean_menu_link_color":"","ocean_menu_link_color_hover":"","ocean_menu_link_color_active":"","ocean_menu_link_background":"","ocean_menu_link_hover_background":"","ocean_menu_link_active_background":"","ocean_menu_social_links_bg":"","ocean_menu_social_hover_links_bg":"","ocean_menu_social_links_color":"","ocean_menu_social_hover_links_color":"","ocean_disable_title":"default","ocean_disable_heading":"default","ocean_post_title":"","ocean_post_subheading":"","ocean_post_title_style":"centered-minimal","ocean_post_title_background_color":"","ocean_post_title_background":0,"ocean_post_title_bg_image_position":"","ocean_post_title_bg_image_attachment":"","ocean_post_title_bg_image_repeat":"","ocean_post_title_bg_image_size":"","ocean_post_title_height":0,"ocean_post_title_bg_overlay":0.5,"ocean_post_title_bg_overlay_color":"","ocean_disable_breadcrumbs":"default","ocean_breadcrumbs_color":"","ocean_breadcrumbs_separator_color":"","ocean_breadcrumbs_links_color":"","ocean_breadcrumbs_links_hover_color":"","ocean_display_footer_widgets":"default","ocean_display_footer_bottom":"default","ocean_custom_footer_template":"0"},"product_brand":[135],"product_cat":[54,126],"product_tag":[141,71],"class_list":{"0":"post-14670","1":"product","2":"type-product","3":"status-publish","4":"has-post-thumbnail","6":"product_brand-higold","7":"product_cat-ensemble-table-et-chaises","8":"product_cat-4-personnes","9":"product_tag-higold","10":"product_tag-nofi","12":"entry","13":"has-media","15":"first","16":"instock","17":"taxable","18":"shipping-taxable","19":"purchasable","20":"product-type-simple","21":"has-rating","22":"col","23":"span_1_of_3","24":"owp-content-center","25":"item-entry","26":"owp-thumbs-layout-horizontal","27":"owp-btn-very-big","28":"owp-tabs-layout-horizontal"},"_links":{"self":[{"href":"https:\/\/maisonbelloeil.fr\/en\/wp-json\/wp\/v2\/product\/14670","targetHints":{"allow":["GET"]}}],"collection":[{"href":"https:\/\/maisonbelloeil.fr\/en\/wp-json\/wp\/v2\/product"}],"about":[{"href":"https:\/\/maisonbelloeil.fr\/en\/wp-json\/wp\/v2\/types\/product"}],"replies":[{"embeddable":true,"href":"https:\/\/maisonbelloeil.fr\/en\/wp-json\/wp\/v2\/comments?post=14670"}],"wp:featuredmedia":[{"embeddable":true,"href":"https:\/\/maisonbelloeil.fr\/en\/wp-json\/wp\/v2\/media\/14671"}],"wp:attachment":[{"href":"https:\/\/maisonbelloeil.fr\/en\/wp-json\/wp\/v2\/media?parent=14670"}],"wp:term":[{"taxonomy":"product_brand","embeddable":true,"href":"https:\/\/maisonbelloeil.fr\/en\/wp-json\/wp\/v2\/product_brand?post=14670"},{"taxonomy":"product_cat","embeddable":true,"href":"https:\/\/maisonbelloeil.fr\/en\/wp-json\/wp\/v2\/product_cat?post=14670"},{"taxonomy":"product_tag","embeddable":true,"href":"https:\/\/maisonbelloeil.fr\/en\/wp-json\/wp\/v2\/product_tag?post=14670"}],"curies":[{"name":"wp","href":"https:\/\/api.w.org\/{rel}","templated":true}]}}