{"id":14422,"date":"2025-06-16T17:25:43","date_gmt":"2025-06-16T15:25:43","guid":{"rendered":"https:\/\/maisonbelloeil.fr\/?post_type=product&#038;p=14422"},"modified":"2025-07-14T12:43:31","modified_gmt":"2025-07-14T10:43:31","slug":"parasols-paraflex-ux","status":"publish","type":"product","link":"https:\/\/maisonbelloeil.fr\/en\/product\/parasols-paraflex-ux\/","title":{"rendered":"Parasols Mural Paraflex UX"},"content":{"rendered":"<h2>PARASOL PARAFLEX FULL BLACK<\/h2>\n<p>Toile : au choix, 2 x 2 M ou 2,30 x 2,30 M<br \/>\nTissu : Colorum black 260 g\/m2<br \/>\nCh\u00e2ssis : Bras de parasol en aluminium et pied mural en noir RAL 9005<br \/>\nHousse de protection incluse : flanelle respirante COLORUM<\/p>\n<p>&nbsp;<\/p>\n<h3><img decoding=\"async\" class=\"alignnone size-full wp-image-22349\" style=\"font-size: 16px;\" src=\"https:\/\/maisonbelloeil.fr\/wp-content\/uploads\/2025\/06\/Sunbrella-desktop-logo-udated.pn-2.webp\" alt=\"logo sunbrella petit\" width=\"94\" height=\"30\" title=\"\"><\/h3>\n<h3>Mat\u00e9riaux &amp; Entretien<\/h3>\n<p>Toile : Colorum du Sunbrella<br \/>\nacrylique teint dans la masse (100%)<br \/>\n260 gr\/m\u00b2<br \/>\nTissu d\u00e9perlant<br \/>\nR\u00e9sistance de couleur 7\/8 (max = 8)<br \/>\nGaranti: 5 ans<\/p>\n<p><img decoding=\"async\" class=\"alignnone size-medium wp-image-22357\" src=\"https:\/\/maisonbelloeil.fr\/wp-content\/uploads\/2025\/06\/Capture-decran-2025-06-18-a-09.35.44-300x66.png\" alt=\"instruction d&#039;entretien de la toile Colorum de Sunbrella\" width=\"300\" height=\"66\" title=\"\" srcset=\"https:\/\/maisonbelloeil.fr\/wp-content\/uploads\/2025\/06\/Capture-decran-2025-06-18-a-09.35.44-300x66.png 300w, https:\/\/maisonbelloeil.fr\/wp-content\/uploads\/2025\/06\/Capture-decran-2025-06-18-a-09.35.44.png 324w\" sizes=\"(max-width: 300px) 100vw, 300px\" \/><br \/>\n&nbsp;<br \/>\n&nbsp;<\/p>\n<h3>Vid\u00e9os<\/h3>\n<p><a href=\"https:\/\/youtu.be\/6tW_EwLL9yg\" rel=\"nofollow noopener\" target=\"_blank\">Pr\u00e9sentation du paraflex UX<\/a><br \/>\n<a href=\"https:\/\/youtu.be\/uhXFLJ5Btb0\" rel=\"nofollow noopener\" target=\"_blank\">Installation du paraflex UX<\/a><br \/>\n&nbsp;<\/p>\n<h3>Les documents \u00e0 t\u00e9l\u00e9charger<\/h3>\n<p><a href=\"https:\/\/maisonbelloeil.fr\/wp-content\/uploads\/2025\/06\/Manual-Paraflex.pdf\">notice de tous les produits Umbrosa<\/a><br \/>\n<a href=\"https:\/\/maisonbelloeil.fr\/wp-content\/uploads\/2025\/06\/colorum-et-solidum-fiche-technique.pdf\">Fiche technique de la toile<\/a><br \/>\n<a href=\"https:\/\/maisonbelloeil.fr\/wp-content\/uploads\/2025\/06\/Manual-Paraflex.pdf.pdf\">Notice de pose<\/a><br \/>\n<a href=\"https:\/\/maisonbelloeil.fr\/wp-content\/uploads\/2025\/06\/Umbrosa-Maintenance.pdf.pdf\">Umbrosa Maintenance.pdf<\/a><br \/>\n<a href=\"https:\/\/maisonbelloeil.fr\/wp-content\/uploads\/2025\/06\/Beaufort-wind-scores.pdf.pdf\">Beaufort wind scores.pdf<\/a><\/p>\n<h2>CONCEPTEUR PETER LELEU<\/h2>\n<p>En 1999 <strong>Peter Leleu<\/strong> a con\u00e7u Paraflex comme la solution pour un probl\u00e8me qu&rsquo;il rencontrait lui-m\u00eame tous les jours. Des parasols qui s&rsquo;envolent dans le vent. Alors, il a d\u00e9velopp\u00e9 le parasol flexible <strong>PARAFLEX<\/strong>. Un design simple, pratique et utile qui conna\u00eet du succ\u00e8s au march\u00e9 des particuliers et des professionnels. Depuis plus de 10 ans, Peter est commercial chez Umbrosa.<\/p>\n<p>&nbsp;<\/p>\n<p>&nbsp;<\/p>\n<p><a href=\"https:\/\/maisonbelloeil.fr\/en\/?s=Umbrosa&amp;post_type=product\"><img decoding=\"async\" class=\"wp-image-14498 aligncenter\" src=\"https:\/\/maisonbelloeil.fr\/wp-content\/uploads\/2024\/03\/logo-umbrosa-300x109.jpg\" alt=\"logo umbrosa\" width=\"250\" height=\"91\" title=\"\" srcset=\"https:\/\/maisonbelloeil.fr\/wp-content\/uploads\/2024\/03\/logo-umbrosa-300x109.jpg 300w, https:\/\/maisonbelloeil.fr\/wp-content\/uploads\/2024\/03\/logo-umbrosa.jpg 400w\" sizes=\"(max-width: 250px) 100vw, 250px\" \/><\/a><br \/>\n<a href=\"https:\/\/maisonbelloeil.fr\/en\/?s=Sunbrella&amp;post_type=product\"><img loading=\"lazy\" decoding=\"async\" class=\"wp-image-22349 aligncenter size-full\" src=\"https:\/\/maisonbelloeil.fr\/wp-content\/uploads\/2025\/06\/Sunbrella-desktop-logo-udated.pn-2.webp\" alt=\"logo sunbrella petit\" width=\"94\" height=\"30\" title=\"\"><\/a><\/p>","protected":false},"excerpt":{"rendered":"<p><a href=\"https:\/\/maisonbelloeil.fr\/en\/?s=Umbrosa&amp;post_type=product\"><img loading=\"lazy\" decoding=\"async\" class=\"wp-image-14498 aligncenter\" src=\"https:\/\/maisonbelloeil.fr\/wp-content\/uploads\/2024\/03\/logo-umbrosa-300x109.jpg\" alt=\"logo umbrosa\" width=\"250\" height=\"91\" srcset=\"https:\/\/maisonbelloeil.fr\/wp-content\/uploads\/2024\/03\/logo-umbrosa-300x109.jpg 300w, https:\/\/maisonbelloeil.fr\/wp-content\/uploads\/2024\/03\/logo-umbrosa.jpg 400w\" sizes=\"(max-width: 250px) 100vw, 250px\" \/><\/a><br \/>\n<a href=\"https:\/\/maisonbelloeil.fr\/en\/?s=Sunbrella&amp;post_type=product\"><img loading=\"lazy\" decoding=\"async\" class=\"wp-image-22349 aligncenter size-full\" src=\"https:\/\/maisonbelloeil.fr\/wp-content\/uploads\/2025\/06\/Sunbrella-desktop-logo-udated.pn-2.webp\" alt=\"logo sunbrella petit\" width=\"94\" height=\"30\" \/><\/a><\/p>\n<h2><\/h2>\n<p><strong>Umbrosa a lanc\u00e9 la collection Paraflex il y a 15 ans.<\/strong><\/p>\n<h2><strong>Un parasol mural facile et design<\/strong><\/h2>\n<p>Le premier parasol mural a \u00e9t\u00e9 d\u00e9velopp\u00e9 d&rsquo;un point de vue purement pratique :<strong> perdre le moins d&rsquo;espace possible<\/strong> et assurer une <strong>r\u00e9sistance optimale au vent<\/strong>. Entre-temps, le <strong>parasol Paraflex<\/strong> s&rsquo;est impos\u00e9 tant sur le march\u00e9 r\u00e9sidentiel que dans le secteur de la restauration. Afin de r\u00e9pondre encore mieux aux besoins des consommateurs d&rsquo;aujourd&rsquo;hui, Umbrosa a d\u00e9cid\u00e9 de <strong>lancer un Paraflex UX Full Black<\/strong>, pour que le parasol se combine encore mieux avec le noir des fen\u00eatres, des meubles, des balustrades, etc&#8230;<\/p>\n<p>Extr\u00eamement maniable, il est inspir\u00e9 par les <strong>rotations et translations du bras humain<\/strong>.<\/p>","protected":false},"featured_media":22343,"comment_status":"closed","ping_status":"closed","template":"","meta":{"ocean_post_layout":"","ocean_both_sidebars_style":"","ocean_both_sidebars_content_width":0,"ocean_both_sidebars_sidebars_width":0,"ocean_sidebar":"0","ocean_second_sidebar":"0","ocean_disable_margins":"enable","ocean_add_body_class":"","ocean_shortcode_before_top_bar":"","ocean_shortcode_after_top_bar":"","ocean_shortcode_before_header":"","ocean_shortcode_after_header":"","ocean_has_shortcode":"","ocean_shortcode_after_title":"","ocean_shortcode_before_footer_widgets":"","ocean_shortcode_after_footer_widgets":"","ocean_shortcode_before_footer_bottom":"","ocean_shortcode_after_footer_bottom":"","ocean_display_top_bar":"default","ocean_display_header":"default","ocean_header_style":"","ocean_center_header_left_menu":"0","ocean_custom_header_template":"0","ocean_custom_logo":0,"ocean_custom_retina_logo":0,"ocean_custom_logo_max_width":0,"ocean_custom_logo_tablet_max_width":0,"ocean_custom_logo_mobile_max_width":0,"ocean_custom_logo_max_height":0,"ocean_custom_logo_tablet_max_height":0,"ocean_custom_logo_mobile_max_height":0,"ocean_header_custom_menu":"0","ocean_menu_typo_font_family":"0","ocean_menu_typo_font_subset":"","ocean_menu_typo_font_size":0,"ocean_menu_typo_font_size_tablet":0,"ocean_menu_typo_font_size_mobile":0,"ocean_menu_typo_font_size_unit":"px","ocean_menu_typo_font_weight":"","ocean_menu_typo_font_weight_tablet":"","ocean_menu_typo_font_weight_mobile":"","ocean_menu_typo_transform":"","ocean_menu_typo_transform_tablet":"","ocean_menu_typo_transform_mobile":"","ocean_menu_typo_line_height":0,"ocean_menu_typo_line_height_tablet":0,"ocean_menu_typo_line_height_mobile":0,"ocean_menu_typo_line_height_unit":"","ocean_menu_typo_spacing":0,"ocean_menu_typo_spacing_tablet":0,"ocean_menu_typo_spacing_mobile":0,"ocean_menu_typo_spacing_unit":"","ocean_menu_link_color":"","ocean_menu_link_color_hover":"","ocean_menu_link_color_active":"","ocean_menu_link_background":"","ocean_menu_link_hover_background":"","ocean_menu_link_active_background":"","ocean_menu_social_links_bg":"","ocean_menu_social_hover_links_bg":"","ocean_menu_social_links_color":"","ocean_menu_social_hover_links_color":"","ocean_disable_title":"default","ocean_disable_heading":"default","ocean_post_title":"","ocean_post_subheading":"","ocean_post_title_style":"","ocean_post_title_background_color":"","ocean_post_title_background":0,"ocean_post_title_bg_image_position":"","ocean_post_title_bg_image_attachment":"","ocean_post_title_bg_image_repeat":"","ocean_post_title_bg_image_size":"","ocean_post_title_height":0,"ocean_post_title_bg_overlay":0.5,"ocean_post_title_bg_overlay_color":"","ocean_disable_breadcrumbs":"default","ocean_breadcrumbs_color":"","ocean_breadcrumbs_separator_color":"","ocean_breadcrumbs_links_color":"","ocean_breadcrumbs_links_hover_color":"","ocean_display_footer_widgets":"default","ocean_display_footer_bottom":"default","ocean_custom_footer_template":"0"},"product_brand":[138],"product_cat":[69],"product_tag":[],"class_list":{"0":"post-14422","1":"product","2":"type-product","3":"status-publish","4":"has-post-thumbnail","6":"product_brand-umbrosa","7":"product_cat-parasol","9":"entry","10":"has-media","12":"first","13":"instock","14":"taxable","15":"shipping-taxable","16":"purchasable","17":"product-type-variable","18":"has-default-attributes","19":"col","20":"span_1_of_3","21":"owp-content-center","22":"item-entry","23":"owp-thumbs-layout-horizontal","24":"owp-btn-very-big","25":"owp-tabs-layout-horizontal"},"_links":{"self":[{"href":"https:\/\/maisonbelloeil.fr\/en\/wp-json\/wp\/v2\/product\/14422","targetHints":{"allow":["GET"]}}],"collection":[{"href":"https:\/\/maisonbelloeil.fr\/en\/wp-json\/wp\/v2\/product"}],"about":[{"href":"https:\/\/maisonbelloeil.fr\/en\/wp-json\/wp\/v2\/types\/product"}],"replies":[{"embeddable":true,"href":"https:\/\/maisonbelloeil.fr\/en\/wp-json\/wp\/v2\/comments?post=14422"}],"wp:featuredmedia":[{"embeddable":true,"href":"https:\/\/maisonbelloeil.fr\/en\/wp-json\/wp\/v2\/media\/22343"}],"wp:attachment":[{"href":"https:\/\/maisonbelloeil.fr\/en\/wp-json\/wp\/v2\/media?parent=14422"}],"wp:term":[{"taxonomy":"product_brand","embeddable":true,"href":"https:\/\/maisonbelloeil.fr\/en\/wp-json\/wp\/v2\/product_brand?post=14422"},{"taxonomy":"product_cat","embeddable":true,"href":"https:\/\/maisonbelloeil.fr\/en\/wp-json\/wp\/v2\/product_cat?post=14422"},{"taxonomy":"product_tag","embeddable":true,"href":"https:\/\/maisonbelloeil.fr\/en\/wp-json\/wp\/v2\/product_tag?post=14422"}],"curies":[{"name":"wp","href":"https:\/\/api.w.org\/{rel}","templated":true}]}}