{"id":14409,"date":"2024-03-18T18:12:39","date_gmt":"2024-03-18T17:12:39","guid":{"rendered":"https:\/\/maisonbelloeil.fr\/?post_type=product&#038;p=14409"},"modified":"2025-06-17T14:52:14","modified_gmt":"2025-06-17T12:52:14","slug":"table-dexterieur-8-personnes-bois-emoti","status":"publish","type":"product","link":"https:\/\/maisonbelloeil.fr\/en\/product\/table-dexterieur-8-personnes-bois-emoti\/","title":{"rendered":"Ensemble table de jardin Haut de gamme 8 personnes bois EMOTI"},"content":{"rendered":"<h2 style=\"text-align: center;\">Ensemble table de jardin haut de gamme avec chaises 8 personnes<\/h2>\n<p><span style=\"color: #000000;\">R\u00e9unissez vos proches autour de l&rsquo;ensemble <strong>table de jardin haut de gamme<\/strong> EMOTI pour <strong>8 personnes<\/strong> et partagez des moments de convivialit\u00e9 inoubliables.<\/span><\/p>\n<p><span style=\"color: #000000;\">Robuste et durable, cet <strong>ensemble repas<\/strong> est dot\u00e9 d&rsquo;une structure en <strong>aluminium massif<\/strong> avec rev\u00eatement <strong>Akzonobel<\/strong>, lui garantissant une l\u00e9g\u00e8ret\u00e9 exceptionnelle, une r\u00e9sistance \u00e0 toute \u00e9preuve et une long\u00e9vit\u00e9 incomparable.<\/span><\/p>\n<p><span style=\"color: #000000;\">Offrez \u00e0 vos <strong>convives<\/strong> un <strong>confort optimal<\/strong> gr\u00e2ce aux <strong>dossiers ergonomiques<\/strong> inclin\u00e9s \u00e0 95\u00b0 et aux <strong>accoudoirs<\/strong> en <strong>teck massif<\/strong>, qui ajoutent une touche d&rsquo;\u00e9l\u00e9gance naturelle \u00e0 l&rsquo;ensemble.<\/span><\/p>\n<p><span style=\"color: #000000;\">Le <strong>plateau<\/strong> de la <strong>table<\/strong> de repas est en <strong>teck massif<\/strong>, un bois \u00e9galement pr\u00e9sent sur les accoudoirs, et qui souligne l&rsquo;harmonie de cet ensemble et apporte une touche de chaleur \u00e0 votre <strong>espace ext\u00e9rieur<\/strong>.<\/span><\/p>\n<p><span style=\"color: #000000;\">Les <strong>textiles<\/strong> en <strong>Ol\u00e9fine<\/strong> de <strong>couleur beige<\/strong>, r\u00e9sistants au s\u00e9chage rapide et \u00e0 la d\u00e9coloration du soleil, vous procurent une exp\u00e9rience d&rsquo;utilisation haut de gamme.<\/span><\/p>\n<p><span style=\"color: #000000;\"><strong>Am\u00e9nagez <\/strong>un <strong>espace ext\u00e9rieur<\/strong> accueillant et chaleureux avec cet <strong>ensemble table et chaises de jardin<\/strong><\/span> <strong><a href=\"https:\/\/maisonbelloeil.fr\/en\/product-tag\/emoti\/\"><span style=\"color: #346f7f;\">EMOTI<\/span><\/a><\/strong>\u00a0<span style=\"color: #000000;\">, qui saura vous s\u00e9duire par son <strong>design \u00e9l\u00e9gant<\/strong> et ses mat\u00e9riaux de haute qualit\u00e9.<\/span><\/p>\n<p>&nbsp;<\/p>\n<h2 style=\"text-align: center;\">Points forts de la table de jardin haut de gamme bois et alu<\/h2>\n<p><span style=\"color: #333333;\"><img decoding=\"async\" class=\"aligncenter wp-image-14013\" src=\"https:\/\/maisonbelloeil.fr\/wp-content\/uploads\/2023\/06\/logo_akzonobel-300x183.png\" alt=\"Logo Akzonobel\" width=\"115\" height=\"70\" title=\"\" srcset=\"https:\/\/maisonbelloeil.fr\/wp-content\/uploads\/2023\/06\/logo_akzonobel-300x183.png 300w, https:\/\/maisonbelloeil.fr\/wp-content\/uploads\/2023\/06\/logo_akzonobel-700x426.png 700w, https:\/\/maisonbelloeil.fr\/wp-content\/uploads\/2023\/06\/logo_akzonobel-1024x623.png 1024w, https:\/\/maisonbelloeil.fr\/wp-content\/uploads\/2023\/06\/logo_akzonobel-768x467.png 768w, https:\/\/maisonbelloeil.fr\/wp-content\/uploads\/2023\/06\/logo_akzonobel.png 1280w\" sizes=\"(max-width: 115px) 100vw, 115px\" \/><\/span><\/p>\n<p><span style=\"color: #333333;\"><img decoding=\"async\" class=\"aligncenter wp-image-14040 size-full\" src=\"https:\/\/maisonbelloeil.fr\/wp-content\/uploads\/2023\/06\/logo-quick-dry-150x50-1.jpg\" alt=\"Quickdry\" width=\"150\" height=\"50\" title=\"\"><\/span><\/p>\n<ul>\n<li><span style=\"color: #333333;\">Structure en\u00a0<strong>aluminium massif<\/strong>\u00a0 avec rev\u00eatement <strong>Akzonobel <\/strong>: l\u00e9g\u00e8ret\u00e9, r\u00e9sistance et durabilit\u00e9.<\/span><\/li>\n<li><span style=\"color: #333333;\"><strong>8 chaises avec dossiers ergonomiques<\/strong> avec inclinaison \u00e0 95\u00b0et <strong>accoudoirs<\/strong> en teck massif : confort optimal pour vos invit\u00e9s.<\/span><\/li>\n<li><span style=\"color: #333333;\"><strong>Plateau de table en teck massif<\/strong> : beaut\u00e9 du bois exotique, design \u00e9l\u00e9gant et chaleureux.<\/span><\/li>\n<li><span style=\"color: #333333;\"><strong>Textiles en Ol\u00e9fine<\/strong> : r\u00e9sistance au s\u00e9chage rapide et \u00e0 la d\u00e9coloration du soleil.<\/span><\/li>\n<li><strong>Assises<\/strong> en mousse <strong>Quickdry<\/strong> : confortables, durables et faciles \u00e0 entretenir.<\/li>\n<li><span style=\"color: #333333;\"><strong>Fabrication de haute qualit\u00e9.<\/strong><\/span><\/li>\n<li><strong>Coloris<\/strong> : noir et beige.<\/li>\n<\/ul>\n<p>&nbsp;<\/p>\n<h2 style=\"text-align: center;\"><span style=\"color: #333333;\">Composition de l&rsquo;e<strong>nsemble repas jardin table et chaises<\/strong><\/span><\/h2>\n<ul>\n<li><span style=\"color: #333333;\"><strong>Une grande table d&rsquo;ext\u00e9rieur 8 personnes:<\/strong><br \/>\nL: 220 cm \/ l: 90cm \/ H: 75 cm<br \/>\n<\/span><\/li>\n<li><span style=\"color: #333333;\"><strong>Huit chaises avec accoudoirs:<\/strong><br \/>\nP: 69 cm \/ l: 56 cm \/ H: 80 cm<br \/>\n<\/span><\/li>\n<\/ul>\n<p>&nbsp;<\/p>\n<p>&nbsp;<\/p>\n<p><img decoding=\"async\" class=\"aligncenter wp-image-2628\" src=\"https:\/\/maisonbelloeil.fr\/wp-content\/uploads\/2023\/05\/Chaise-et-tables-3.jpg\" alt=\"iconographie\" width=\"400\" height=\"80\" title=\"\" srcset=\"https:\/\/maisonbelloeil.fr\/wp-content\/uploads\/2023\/05\/Chaise-et-tables-3.jpg 500w, https:\/\/maisonbelloeil.fr\/wp-content\/uploads\/2023\/05\/Chaise-et-tables-3-300x60.jpg 300w\" sizes=\"(max-width: 400px) 100vw, 400px\" \/><\/p>\n<p><img loading=\"lazy\" decoding=\"async\" class=\"wp-image-2624 size-full aligncenter\" src=\"https:\/\/maisonbelloeil.fr\/wp-content\/uploads\/2023\/05\/ICONO-Table.jpg\" alt=\"icono table\" width=\"200\" height=\"100\" title=\"\"><\/p>\n<p>&nbsp;<\/p>\n<p><strong>Offrez-vous l&rsquo;ensemble jardin EMOTI 8 personnes et vivez l&rsquo;exp\u00e9rience du design et de la qualit\u00e9 !<\/strong><\/p>\n<p>&nbsp;<\/p>\n<hr \/>\n<h2 style=\"text-align: center;\">Am\u00e9nagez un espace ext\u00e9rieur cosy et design pour vos repas<\/h2>\n<p>Besoin d&rsquo;une autre capacit\u00e9 pour vos d\u00eeners en plein-air? Retrouvez la version <a href=\"https:\/\/maisonbelloeil.fr\/en\/product\/chaises-et-table-dexterieur-bois-emoti\/\"><strong><span style=\"color: #346f7f;\">pour 4<\/span><\/strong><\/a> ou <a href=\"https:\/\/maisonbelloeil.fr\/en\/product\/ensemble-jardin-table-et-chaises-emoti\/\"><strong><span style=\"color: #346f7f;\">6 personnes<\/span><\/strong><\/a>.<br \/>\nPourquoi ne pas compl\u00e9ter votre ensemble jardin table et chaises avec les <a href=\"https:\/\/maisonbelloeil.fr\/en\/product\/chaises-longues-aluminium-noir-emoti\/\"><strong><span style=\"color: #346f7f;\">chaises longues<\/span><\/strong>\u00a0<\/a>de la m\u00eame collection ou bien encore avec le <a href=\"https:\/\/maisonbelloeil.fr\/en\/product\/canape-dangle-exterieur-aluminium-emoti\/\"><span style=\"color: #346f7f;\"><strong>canap\u00e9 d&rsquo;angle<\/strong><\/span><\/a> assorti?<\/p>\n<p>&nbsp;<\/p>\n<p>Pour toute\u00a0<strong>demande de renseignement<\/strong>\u00a0ou pour\u00a0<strong>finaliser votre achat<\/strong>, nous vous invitons \u00e0<a href=\"https:\/\/maisonbelloeil.fr\/en\/contactez-nous\/\"><em><strong>\u00a0nous contacter<\/strong><\/em><\/a>.\u00a0 \u00a0 \u00a0 \u00a0 \u00a0 \u00a0 \u00a0 \u00a0 \u00a0 \u00a0 \u00a0 \u00a0 \u00a0 \u00a0 \u00a0 \u00a0 \u00a0 \u00a0 \u00a0 \u00a0 \u00a0 \u00a0 \u00a0 \u00a0 \u00a0 \u00a0 \u00a0 \u00a0 \u00a0 \u00a0 \u00a0 \u00a0 \u00a0 \u00a0 \u00a0 \u00a0 \u00a0 \u00a0 \u00a0 \u00a0 \u00a0 \u00a0 \u00a0 \u00a0 \u00a0 \u00a0 \u00a0 \u00a0 \u00a0 \u00a0 \u00a0 \u00a0 \u00a0 \u00a0 \u00a0 \u00a0 \u00a0 \u00a0 \u00a0 \u00a0 \u00a0 \u00a0 \u00a0 \u00a0 \u00a0 \u00a0 \u00a0 \u00a0 \u00a0 \u00a0 Notre \u00e9quipe se tient \u00e0 votre \u00e9coute pour vous offrir un <strong>service sur-mesure<\/strong><\/p>\n<p>&nbsp;<\/p>\n<hr \/>\n<h2 style=\"text-align: center;\">Entretien et mat\u00e9riaux de nos salons de jardin haut de gamme<\/h2>\n<p>Le tissu en\u00a0<strong>Ol\u00e9fine<\/strong> est un tissu \u00e0 haute performance: l\u00e9ger et doux au toucher, l\u2019Ol\u00e9fine est aussi r\u00e9sistant aux UV, imperm\u00e9able, \u00e9vacue l\u2019humidit\u00e9, r\u00e9sistant aux taches et s\u00e8che rapidement.<\/p>\n<p>L\u2019<strong>aluminium<\/strong>\u00a0est tr\u00e8s r\u00e9pandu dans le domaine de la construction en raison de ses nombreuses qualit\u00e9s. Solide, l\u00e9ger, durable, pratique et esth\u00e9tique, il r\u00e9siste \u00e0 la pluie, \u00e0 l\u2019humidit\u00e9 et ne rouille pas. Il ne craint pas le soleil non plus et ne perd pas son \u00e9clat.<\/p>\n<p>Le\u00a0<strong>bois de teck<\/strong>, naturellement <strong>imputrescible<\/strong>, r\u00e9siste aux \u00e9l\u00e9ments ext\u00e9rieurs gr\u00e2ce \u00e0 sa haute teneur en huile, sa grande r\u00e9sistance \u00e0 la traction et son grain serr\u00e9. Ces propri\u00e9t\u00e9s le rendent particuli\u00e8rement appropri\u00e9 pour une utilisation en ext\u00e9rieur. L&rsquo;application bisannuelle d&rsquo;une couche d&rsquo;huile pour teck est conseill\u00e9e afin de pr\u00e9server sa beaut\u00e9.<\/p>\n<p>&nbsp;<\/p>\n<hr \/>\n<p>&nbsp;<\/p>\n<p style=\"text-align: center;\"><img loading=\"lazy\" decoding=\"async\" class=\"aligncenter wp-image-14012 size-medium\" src=\"https:\/\/maisonbelloeil.fr\/wp-content\/uploads\/2023\/06\/logo-revendeurofficiel-higold-300x54.png\" alt=\"Logo revendeur officiel Higold.\" width=\"300\" height=\"54\" title=\"\" srcset=\"https:\/\/maisonbelloeil.fr\/wp-content\/uploads\/2023\/06\/logo-revendeurofficiel-higold-300x54.png 300w, https:\/\/maisonbelloeil.fr\/wp-content\/uploads\/2023\/06\/logo-revendeurofficiel-higold-700x126.png 700w, https:\/\/maisonbelloeil.fr\/wp-content\/uploads\/2023\/06\/logo-revendeurofficiel-higold-1024x184.png 1024w, https:\/\/maisonbelloeil.fr\/wp-content\/uploads\/2023\/06\/logo-revendeurofficiel-higold-768x138.png 768w, https:\/\/maisonbelloeil.fr\/wp-content\/uploads\/2023\/06\/logo-revendeurofficiel-higold-1536x276.png 1536w, https:\/\/maisonbelloeil.fr\/wp-content\/uploads\/2023\/06\/logo-revendeurofficiel-higold.png 1847w\" sizes=\"(max-width: 300px) 100vw, 300px\" \/><br \/>\n<img loading=\"lazy\" decoding=\"async\" class=\"aligncenter wp-image-14042 size-full\" src=\"https:\/\/maisonbelloeil.fr\/wp-content\/uploads\/2023\/06\/sl_higold-excellent-life_rgb-300x45-1.png\" alt=\"excellent life\" width=\"300\" height=\"45\" title=\"\"><\/p>\n<p style=\"text-align: center;\"><img loading=\"lazy\" decoding=\"async\" class=\"aligncenter wp-image-14043\" src=\"https:\/\/maisonbelloeil.fr\/wp-content\/uploads\/2023\/06\/ukas-300x225.jpg\" alt=\"Logo UKAS\" width=\"133\" height=\"100\" title=\"\" srcset=\"https:\/\/maisonbelloeil.fr\/wp-content\/uploads\/2023\/06\/ukas-300x225.jpg 300w, https:\/\/maisonbelloeil.fr\/wp-content\/uploads\/2023\/06\/ukas-700x525.jpg 700w, https:\/\/maisonbelloeil.fr\/wp-content\/uploads\/2023\/06\/ukas-768x576.jpg 768w, https:\/\/maisonbelloeil.fr\/wp-content\/uploads\/2023\/06\/ukas.jpg 866w\" sizes=\"(max-width: 133px) 100vw, 133px\" \/><img loading=\"lazy\" decoding=\"async\" class=\"aligncenter wp-image-14045\" src=\"https:\/\/maisonbelloeil.fr\/wp-content\/uploads\/2023\/06\/bsci.jpg\" alt=\"logo BSCI\" width=\"142\" height=\"100\" title=\"\"><\/p>\n<p>&nbsp;<\/p>","protected":false},"excerpt":{"rendered":"<p><span style=\"color: #333333;\"><strong>Ensemble table et chaises de jardin comportant:<\/strong><\/span><\/p>\n<ul>\n<li><span style=\"color: #333333;\">Une grande table de jardin 220 cm x 90 cm<\/span><\/li>\n<li><span style=\"color: #333333;\">Huit chaises avec accoudoirs<\/span><\/li>\n<\/ul>\n<hr \/>\n<p><span style=\"color: #333333;\"><span style=\"color: #346f7f;\">Bois de Teck de grade A<\/span> | <span style=\"color: #346f7f;\">Aluminium massif\u00a0<span style=\"color: #333333;\">|<\/span> Ol\u00e9fine<\/span><\/span><\/p>\n<p><img loading=\"lazy\" decoding=\"async\" class=\"alignleft wp-image-14041\" src=\"https:\/\/maisonbelloeil.fr\/wp-content\/uploads\/2023\/06\/logo-akzonobel-150x50-1.jpg\" alt=\"Akzonobel\" width=\"120\" height=\"40\" \/><img loading=\"lazy\" decoding=\"async\" class=\"alignleft wp-image-14040\" src=\"https:\/\/maisonbelloeil.fr\/wp-content\/uploads\/2023\/06\/logo-quick-dry-150x50-1.jpg\" alt=\"Quickdry\" width=\"120\" height=\"40\" \/><\/p>\n<p>&nbsp;<\/p>\n<hr \/>\n<p><em><span style=\"color: #ff6600;\"><strong><span style=\"color: #bf4d00;\"><span style=\"color: #800080;\"><img loading=\"lazy\" decoding=\"async\" class=\"alignleft wp-image-15282\" src=\"https:\/\/maisonbelloeil.fr\/wp-content\/uploads\/2023\/09\/Logo-livraison-offerte.png\" alt=\"\" width=\"75\" height=\"30\" \/> Frais de port offerts<\/span><\/span><\/strong><\/span><\/em><\/p>\n<hr \/>\n<p><span style=\"color: #333333;\">Pour toute\u00a0<strong>demande de renseignement<\/strong>\u00a0ou pour\u00a0<strong>finaliser votre achat<\/strong>, nous vous invitons \u00e0<a href=\"https:\/\/maisonbelloeil.fr\/en\/contactez-nous\/\"><em><strong> nous contacter<\/strong><\/em><\/a>.\u00a0 Notre \u00e9quipe se tient \u00e0 votre \u00e9coute pour vous offrir un <strong>service sur-mesure\u00a0 \u00a0 \u00a0 \u00a0 \u00a0 \u00a0 \u00a0 \u00a0 \u00a0 \u00a0 \u00a0 \u00a0 \u00a0 \u00a0 \u00a0 \u00a0 \u00a0 \u00a0 \u00a0 \u00a0 \u00a0 \u00a0 \u00a0 \u00a0 \u00a0 <\/strong>MOBILIER DE JARDIN HAUT DE GAMME<\/span><\/p>","protected":false},"featured_media":14410,"comment_status":"open","ping_status":"closed","template":"","meta":{"ocean_post_layout":"","ocean_both_sidebars_style":"","ocean_both_sidebars_content_width":0,"ocean_both_sidebars_sidebars_width":0,"ocean_sidebar":"0","ocean_second_sidebar":"0","ocean_disable_margins":"enable","ocean_add_body_class":"","ocean_shortcode_before_top_bar":"","ocean_shortcode_after_top_bar":"","ocean_shortcode_before_header":"","ocean_shortcode_after_header":"","ocean_has_shortcode":"","ocean_shortcode_after_title":"","ocean_shortcode_before_footer_widgets":"","ocean_shortcode_after_footer_widgets":"","ocean_shortcode_before_footer_bottom":"","ocean_shortcode_after_footer_bottom":"","ocean_display_top_bar":"default","ocean_display_header":"default","ocean_header_style":"","ocean_center_header_left_menu":"0","ocean_custom_header_template":"0","ocean_custom_logo":0,"ocean_custom_retina_logo":0,"ocean_custom_logo_max_width":0,"ocean_custom_logo_tablet_max_width":0,"ocean_custom_logo_mobile_max_width":0,"ocean_custom_logo_max_height":0,"ocean_custom_logo_tablet_max_height":0,"ocean_custom_logo_mobile_max_height":0,"ocean_header_custom_menu":"0","ocean_menu_typo_font_family":"0","ocean_menu_typo_font_subset":"","ocean_menu_typo_font_size":0,"ocean_menu_typo_font_size_tablet":0,"ocean_menu_typo_font_size_mobile":0,"ocean_menu_typo_font_size_unit":"px","ocean_menu_typo_font_weight":"","ocean_menu_typo_font_weight_tablet":"","ocean_menu_typo_font_weight_mobile":"","ocean_menu_typo_transform":"","ocean_menu_typo_transform_tablet":"","ocean_menu_typo_transform_mobile":"","ocean_menu_typo_line_height":0,"ocean_menu_typo_line_height_tablet":0,"ocean_menu_typo_line_height_mobile":0,"ocean_menu_typo_line_height_unit":"","ocean_menu_typo_spacing":0,"ocean_menu_typo_spacing_tablet":0,"ocean_menu_typo_spacing_mobile":0,"ocean_menu_typo_spacing_unit":"","ocean_menu_link_color":"","ocean_menu_link_color_hover":"","ocean_menu_link_color_active":"","ocean_menu_link_background":"","ocean_menu_link_hover_background":"","ocean_menu_link_active_background":"","ocean_menu_social_links_bg":"","ocean_menu_social_hover_links_bg":"","ocean_menu_social_links_color":"","ocean_menu_social_hover_links_color":"","ocean_disable_title":"default","ocean_disable_heading":"default","ocean_post_title":"","ocean_post_subheading":"","ocean_post_title_style":"centered-minimal","ocean_post_title_background_color":"","ocean_post_title_background":0,"ocean_post_title_bg_image_position":"","ocean_post_title_bg_image_attachment":"","ocean_post_title_bg_image_repeat":"","ocean_post_title_bg_image_size":"","ocean_post_title_height":0,"ocean_post_title_bg_overlay":0.5,"ocean_post_title_bg_overlay_color":"","ocean_disable_breadcrumbs":"default","ocean_breadcrumbs_color":"","ocean_breadcrumbs_separator_color":"","ocean_breadcrumbs_links_color":"","ocean_breadcrumbs_links_hover_color":"","ocean_display_footer_widgets":"default","ocean_display_footer_bottom":"default","ocean_custom_footer_template":"0"},"product_brand":[135],"product_cat":[54,128],"product_tag":[70,141],"class_list":{"0":"post-14409","1":"product","2":"type-product","3":"status-publish","4":"has-post-thumbnail","6":"product_brand-higold","7":"product_cat-ensemble-table-et-chaises","8":"product_cat-8-personnes","9":"product_tag-emoti","10":"product_tag-higold","12":"entry","13":"has-media","15":"first","16":"instock","17":"taxable","18":"shipping-taxable","19":"purchasable","20":"product-type-simple","21":"has-rating","22":"col","23":"span_1_of_3","24":"owp-content-center","25":"item-entry","26":"owp-thumbs-layout-horizontal","27":"owp-btn-very-big","28":"owp-tabs-layout-horizontal"},"_links":{"self":[{"href":"https:\/\/maisonbelloeil.fr\/en\/wp-json\/wp\/v2\/product\/14409","targetHints":{"allow":["GET"]}}],"collection":[{"href":"https:\/\/maisonbelloeil.fr\/en\/wp-json\/wp\/v2\/product"}],"about":[{"href":"https:\/\/maisonbelloeil.fr\/en\/wp-json\/wp\/v2\/types\/product"}],"replies":[{"embeddable":true,"href":"https:\/\/maisonbelloeil.fr\/en\/wp-json\/wp\/v2\/comments?post=14409"}],"wp:featuredmedia":[{"embeddable":true,"href":"https:\/\/maisonbelloeil.fr\/en\/wp-json\/wp\/v2\/media\/14410"}],"wp:attachment":[{"href":"https:\/\/maisonbelloeil.fr\/en\/wp-json\/wp\/v2\/media?parent=14409"}],"wp:term":[{"taxonomy":"product_brand","embeddable":true,"href":"https:\/\/maisonbelloeil.fr\/en\/wp-json\/wp\/v2\/product_brand?post=14409"},{"taxonomy":"product_cat","embeddable":true,"href":"https:\/\/maisonbelloeil.fr\/en\/wp-json\/wp\/v2\/product_cat?post=14409"},{"taxonomy":"product_tag","embeddable":true,"href":"https:\/\/maisonbelloeil.fr\/en\/wp-json\/wp\/v2\/product_tag?post=14409"}],"curies":[{"name":"wp","href":"https:\/\/api.w.org\/{rel}","templated":true}]}}