{"id":14385,"date":"2025-06-14T23:35:21","date_gmt":"2025-06-14T21:35:21","guid":{"rendered":"https:\/\/maisonbelloeil.fr\/?post_type=product&#038;p=14385"},"modified":"2025-06-18T16:07:22","modified_gmt":"2025-06-18T14:07:22","slug":"parasols-icarus-ux","status":"publish","type":"product","link":"https:\/\/maisonbelloeil.fr\/en\/product\/parasols-icarus-ux\/","title":{"rendered":"Parasols Icarus UX"},"content":{"rendered":"<p><a href=\"https:\/\/maisonbelloeil.fr\/en\/?s=Umbrosa&amp;post_type=product\"><img decoding=\"async\" class=\"wp-image-14498 aligncenter\" src=\"https:\/\/maisonbelloeil.fr\/wp-content\/uploads\/2024\/03\/logo-umbrosa-300x109.jpg\" alt=\"logo umbrosa\" width=\"250\" height=\"91\" title=\"\" srcset=\"https:\/\/maisonbelloeil.fr\/wp-content\/uploads\/2024\/03\/logo-umbrosa-300x109.jpg 300w, https:\/\/maisonbelloeil.fr\/wp-content\/uploads\/2024\/03\/logo-umbrosa.jpg 400w\" sizes=\"(max-width: 250px) 100vw, 250px\" \/><\/a><a href=\"https:\/\/maisonbelloeil.fr\/en\/?s=Sunbrella&amp;post_type=product\"><img decoding=\"async\" class=\"wp-image-22349 aligncenter size-full\" src=\"https:\/\/maisonbelloeil.fr\/wp-content\/uploads\/2025\/06\/Sunbrella-desktop-logo-udated.pn-2.webp\" alt=\"logo sunbrella petit\" width=\"94\" height=\"30\" title=\"\"><\/a><\/p>\n<h2>PARASOL FEUILLE ICARUS UX<\/h2>\n<h3>D\u00c9TAILS<\/h3>\n<h4><strong>Sand<\/strong><\/h4>\n<p>Toile : 3m rond<br \/>\nTissu : Colorum Sand 260 g\/m2<br \/>\nCh\u00e2ssis : lacqu\u00e9 en RAL 1013 Limestone Beige<br \/>\nHousse de protection incluse : flanelle respirante COLORUM<br \/>\nBase assortie : (B) 912 x (L) 912 x (H) 19 cm &#8211; avec jeu de roues. Remplie de dalles (non fournie, avec option), elle fera 200 kg.<br \/>\n<em>La version Sand comporte un cache en bois qui recouvre la base.<\/em><\/p>\n<p>&nbsp;<\/p>\n<h4>Full Black<\/h4>\n<p>Toile diam\u00e8tre: 3m<br \/>\nTissu : Colorum Black 260 g\/m2<br \/>\nCh\u00e2ssis : lacqu\u00e9 en RAL 9005<br \/>\nHousse de protection incluse : flanelle respirante COLORUM<br \/>\nBase assortie : (B) 912 x (L) 912 x (H) 19 cm &#8211; avec jeu de roues ; Remplie de dalles (non fournie, avec option), elle fera 200 kg.<br \/>\n<em>La version Sand comporte un cache en bois qui recouvre la base.<\/em><\/p>\n<h3>Mat\u00e9riaux &amp; Entretien<\/h3>\n<p><strong>Toile en tissu \u00a0Colorum &#8211; tissu acrylique teint dans la masse (100%)<\/strong><br \/>\nColorum 260 gr\/m\u00b2<br \/>\nLavage \u00e0 main 30\u00b0C<br \/>\nTissu d\u00e9perlant<br \/>\nR\u00e9sistance de couleur 7\/8 (max = 8)<br \/>\nGaranti: 5 ans<\/p>\n<p><img decoding=\"async\" class=\"alignnone size-medium wp-image-22357\" src=\"https:\/\/maisonbelloeil.fr\/wp-content\/uploads\/2025\/06\/Capture-decran-2025-06-18-a-09.35.44-300x66.png\" alt=\"instruction d&#039;entretien de la toile Colorum de Sunbrella\" width=\"300\" height=\"66\" title=\"\" srcset=\"https:\/\/maisonbelloeil.fr\/wp-content\/uploads\/2025\/06\/Capture-decran-2025-06-18-a-09.35.44-300x66.png 300w, https:\/\/maisonbelloeil.fr\/wp-content\/uploads\/2025\/06\/Capture-decran-2025-06-18-a-09.35.44.png 324w\" sizes=\"(max-width: 300px) 100vw, 300px\" \/><\/p>\n<h3>Vid\u00e9os<\/h3>\n<p><a href=\"https:\/\/www.youtube.com\/watch?v=JDsnIs0ahk8\" rel=\"nofollow noopener\" target=\"_blank\">Pr\u00e9sentation de l&rsquo;ICARUS UX<\/a><br \/>\n<a href=\"https:\/\/www.youtube.com\/watch?v=QqzhxjsOuKs\" rel=\"nofollow noopener\" target=\"_blank\">Installation l&rsquo;ICARUS UX<\/a><\/p>\n<h3>Les documents \u00e0 t\u00e9l\u00e9charger<\/h3>\n<p><a href=\"https:\/\/maisonbelloeil.fr\/wp-content\/uploads\/2025\/06\/Umbrosa-technical-sheet-Icarus-UX.pdf.pdf\">Umbrosa technical sheet Icarus UX.pdf<\/a><br \/>\n<a href=\"https:\/\/maisonbelloeil.fr\/wp-content\/uploads\/2025\/06\/Umbrosa-Maintenance.pdf.pdf\">Umbrosa Maintenance.pdf<\/a><br \/>\n<a href=\"https:\/\/maisonbelloeil.fr\/wp-content\/uploads\/2025\/06\/Beaufort-wind-scores.pdf.pdf\">Beaufort wind scores.pdf<\/a><br \/>\n<a href=\"https:\/\/maisonbelloeil.fr\/wp-content\/uploads\/2025\/06\/Manual-Paraflex.pdf\">notice de tous les produits Umbrosa<\/a><br \/>\n<a href=\"https:\/\/maisonbelloeil.fr\/wp-content\/uploads\/2025\/06\/colorum-et-solidum-fiche-technique.pdf\">Fiche technique de la toile<\/a><br \/>\n<a href=\"https:\/\/maisonbelloeil.fr\/wp-content\/uploads\/2025\/06\/Manual-Paraflex.pdf.pdf\">Notice de pose<\/a><\/p>\n<h3>Garantie<\/h3>\n<p>La toile est garantie 5 ans, l&rsquo;armature et le pieds sont garantie 2 ans.<\/p>\n<h3>CONCEPTEUR DESIGNER<\/h3>\n<p>Atelier BUNDL<\/p>\n<p><a href=\"https:\/\/maisonbelloeil.fr\/en\/?s=Umbrosa&amp;post_type=product\"><img decoding=\"async\" class=\"wp-image-14498 aligncenter\" src=\"https:\/\/maisonbelloeil.fr\/wp-content\/uploads\/2024\/03\/logo-umbrosa-300x109.jpg\" alt=\"logo umbrosa\" width=\"250\" height=\"91\" title=\"\" srcset=\"https:\/\/maisonbelloeil.fr\/wp-content\/uploads\/2024\/03\/logo-umbrosa-300x109.jpg 300w, https:\/\/maisonbelloeil.fr\/wp-content\/uploads\/2024\/03\/logo-umbrosa.jpg 400w\" sizes=\"(max-width: 250px) 100vw, 250px\" \/><\/a><br \/>\n<a href=\"https:\/\/maisonbelloeil.fr\/en\/?s=Sunbrella&amp;post_type=product\"><img decoding=\"async\" class=\"wp-image-22349 aligncenter size-full\" src=\"https:\/\/maisonbelloeil.fr\/wp-content\/uploads\/2025\/06\/Sunbrella-desktop-logo-udated.pn-2.webp\" alt=\"logo sunbrella petit\" width=\"94\" height=\"30\" title=\"\"><\/a><\/p>\n<p>&nbsp;<\/p>","protected":false},"excerpt":{"rendered":"<p><em><span style=\"color: #ff6600;\">(\u00a0livraison sous 3 \u00e0 4 semaines)<\/span><\/em><\/p>\n<h2><span style=\"color: #333333;\"><strong>Les parasols Icarus UX d&rsquo;Umbrosa :<\/strong><\/span><\/h2>\n<p>Inspir\u00e9 de la nature, Umbrosa a con\u00e7u un parasol qui reprend la forme d&rsquo;une \u00ab\u00a0grande feuille\u00a0\u00bb pos\u00e9e sur sa tige. L&rsquo;Icarus UX, de part sa forme, enveloppe et prot\u00e8ge non seulement du soleil mais sert \u00e9galement d\u2019\u00e9cran anti-vent. Il cr\u00e9e l\u2019intimit\u00e9 rassurante d\u2019un cocon, tout en vous permettant de profiter pleinement du beau temps.<\/p>\n<ul>\n<li>Facilit\u00e9 d&rsquo;utilisation<\/li>\n<li>Parasol et paravent deux-en-un<\/li>\n<li>L\u2019Icarus peut pivoter 360\u00b0 gr\u00e2ce au pied rotatif.<\/li>\n<\/ul>","protected":false},"featured_media":14416,"comment_status":"closed","ping_status":"closed","template":"","meta":{"ocean_post_layout":"","ocean_both_sidebars_style":"","ocean_both_sidebars_content_width":0,"ocean_both_sidebars_sidebars_width":0,"ocean_sidebar":"0","ocean_second_sidebar":"0","ocean_disable_margins":"enable","ocean_add_body_class":"","ocean_shortcode_before_top_bar":"","ocean_shortcode_after_top_bar":"","ocean_shortcode_before_header":"","ocean_shortcode_after_header":"","ocean_has_shortcode":"","ocean_shortcode_after_title":"","ocean_shortcode_before_footer_widgets":"","ocean_shortcode_after_footer_widgets":"","ocean_shortcode_before_footer_bottom":"","ocean_shortcode_after_footer_bottom":"","ocean_display_top_bar":"default","ocean_display_header":"default","ocean_header_style":"","ocean_center_header_left_menu":"0","ocean_custom_header_template":"0","ocean_custom_logo":0,"ocean_custom_retina_logo":0,"ocean_custom_logo_max_width":0,"ocean_custom_logo_tablet_max_width":0,"ocean_custom_logo_mobile_max_width":0,"ocean_custom_logo_max_height":0,"ocean_custom_logo_tablet_max_height":0,"ocean_custom_logo_mobile_max_height":0,"ocean_header_custom_menu":"0","ocean_menu_typo_font_family":"0","ocean_menu_typo_font_subset":"","ocean_menu_typo_font_size":0,"ocean_menu_typo_font_size_tablet":0,"ocean_menu_typo_font_size_mobile":0,"ocean_menu_typo_font_size_unit":"px","ocean_menu_typo_font_weight":"","ocean_menu_typo_font_weight_tablet":"","ocean_menu_typo_font_weight_mobile":"","ocean_menu_typo_transform":"","ocean_menu_typo_transform_tablet":"","ocean_menu_typo_transform_mobile":"","ocean_menu_typo_line_height":0,"ocean_menu_typo_line_height_tablet":0,"ocean_menu_typo_line_height_mobile":0,"ocean_menu_typo_line_height_unit":"","ocean_menu_typo_spacing":0,"ocean_menu_typo_spacing_tablet":0,"ocean_menu_typo_spacing_mobile":0,"ocean_menu_typo_spacing_unit":"","ocean_menu_link_color":"","ocean_menu_link_color_hover":"","ocean_menu_link_color_active":"","ocean_menu_link_background":"","ocean_menu_link_hover_background":"","ocean_menu_link_active_background":"","ocean_menu_social_links_bg":"","ocean_menu_social_hover_links_bg":"","ocean_menu_social_links_color":"","ocean_menu_social_hover_links_color":"","ocean_disable_title":"default","ocean_disable_heading":"default","ocean_post_title":"","ocean_post_subheading":"","ocean_post_title_style":"","ocean_post_title_background_color":"","ocean_post_title_background":0,"ocean_post_title_bg_image_position":"","ocean_post_title_bg_image_attachment":"","ocean_post_title_bg_image_repeat":"","ocean_post_title_bg_image_size":"","ocean_post_title_height":0,"ocean_post_title_bg_overlay":0.5,"ocean_post_title_bg_overlay_color":"","ocean_disable_breadcrumbs":"default","ocean_breadcrumbs_color":"","ocean_breadcrumbs_separator_color":"","ocean_breadcrumbs_links_color":"","ocean_breadcrumbs_links_hover_color":"","ocean_display_footer_widgets":"default","ocean_display_footer_bottom":"default","ocean_custom_footer_template":"0"},"product_brand":[138],"product_cat":[69],"product_tag":[142,130],"class_list":{"0":"post-14385","1":"product","2":"type-product","3":"status-publish","4":"has-post-thumbnail","6":"product_brand-umbrosa","7":"product_cat-parasol","8":"product_tag-parasols","9":"product_tag-umbrosa","11":"entry","12":"has-media","14":"first","15":"instock","16":"taxable","17":"shipping-taxable","18":"purchasable","19":"product-type-variable","20":"col","21":"span_1_of_3","22":"owp-content-center","23":"item-entry","24":"owp-thumbs-layout-horizontal","25":"owp-btn-very-big","26":"owp-tabs-layout-horizontal"},"_links":{"self":[{"href":"https:\/\/maisonbelloeil.fr\/en\/wp-json\/wp\/v2\/product\/14385","targetHints":{"allow":["GET"]}}],"collection":[{"href":"https:\/\/maisonbelloeil.fr\/en\/wp-json\/wp\/v2\/product"}],"about":[{"href":"https:\/\/maisonbelloeil.fr\/en\/wp-json\/wp\/v2\/types\/product"}],"replies":[{"embeddable":true,"href":"https:\/\/maisonbelloeil.fr\/en\/wp-json\/wp\/v2\/comments?post=14385"}],"wp:featuredmedia":[{"embeddable":true,"href":"https:\/\/maisonbelloeil.fr\/en\/wp-json\/wp\/v2\/media\/14416"}],"wp:attachment":[{"href":"https:\/\/maisonbelloeil.fr\/en\/wp-json\/wp\/v2\/media?parent=14385"}],"wp:term":[{"taxonomy":"product_brand","embeddable":true,"href":"https:\/\/maisonbelloeil.fr\/en\/wp-json\/wp\/v2\/product_brand?post=14385"},{"taxonomy":"product_cat","embeddable":true,"href":"https:\/\/maisonbelloeil.fr\/en\/wp-json\/wp\/v2\/product_cat?post=14385"},{"taxonomy":"product_tag","embeddable":true,"href":"https:\/\/maisonbelloeil.fr\/en\/wp-json\/wp\/v2\/product_tag?post=14385"}],"curies":[{"name":"wp","href":"https:\/\/api.w.org\/{rel}","templated":true}]}}