{"id":14364,"date":"2025-06-10T19:11:22","date_gmt":"2025-06-10T17:11:22","guid":{"rendered":"https:\/\/maisonbelloeil.fr\/?post_type=product&#038;p=14364"},"modified":"2025-06-18T17:02:35","modified_gmt":"2025-06-18T15:02:35","slug":"parasol-deporte-versa-ux","status":"publish","type":"product","link":"https:\/\/maisonbelloeil.fr\/en\/product\/parasol-deporte-versa-ux\/","title":{"rendered":"Parasol d\u00e9port\u00e9 Versa UX"},"content":{"rendered":"<h3>Les petits plus du parasol d\u00e9port\u00e9 Versa UX :<\/h3>\n<ul>\n<li>Solide et r\u00e9sistant au vent gr\u00e2ce \u00e0 son design et la qualit\u00e9 de ses mat\u00e9riaux<\/li>\n<li>Technologie en \u00e9ventail facile d&rsquo;installation<\/li>\n<li>socle de base assurant une stabilit\u00e9 hors pair<\/li>\n<li>mobile : mont\u00e9 sur roulettes<\/li>\n<li>Housse de protection incluse : flanelle respirante COLORUM<\/li>\n<li>Base assortie : (B) 912 x (L) 912 x (H) 19 cm &#8211; avec jeu de roues. Remplie de dalles (non fournie, avec option), elle fera 200 kg.<br \/>\nLes version Sand, Safari&amp;Latte comportent un cache en bois qui recouvre la base.<\/li>\n<\/ul>\n<p>&nbsp;<\/p>\n<h2>Informations techniques du parasol d\u00e9port\u00e9 VERSA UX :<\/h2>\n<h3>Architecture<\/h3>\n<p>Toile : 3 x 3 m<br \/>\nTissu : Colorum Marble 260 gr\/m\u00b2<br \/>\nCh\u00e2ssis : peinture en poudre RAL 9018<br \/>\nBase assortie : (B) 912 x (L) 912 x (H) 190 mm &#8211; avec jeu de roues<\/p>\n<h3>Full Black<\/h3>\n<p>Toile : 3 x 3 m<br \/>\nTissu : Colorum Black 260 gr\/m\u00b2<br \/>\nCh\u00e2ssis : peinture en poudre RAL 9005<br \/>\nBase assortie : (B) 912 x (L) 912 x (H) 190 mm &#8211; avec jeu de roues<\/p>\n<h3>Sand<\/h3>\n<p>Toile : 3 x 3 m<br \/>\nTissu : Colorum Sand 260 gr\/m\u00b2<br \/>\nCh\u00e2ssis : laqu\u00e9 RAL 1013<br \/>\nBase assortie:(B) 888 x (L) 888 x (H) 240 mm \u2013 Set de roues inclus, couvercle en (bois) Thermo Poplar \u2013 dalles pas inclus (12 dalles (30 x 30 cm)<\/p>\n<h3>Safari<\/h3>\n<p>Toile : 3,5 m rond<br \/>\nTissu : Colorum Sand 260 gr\/m\u00b2<br \/>\nCh\u00e2ssis : laqu\u00e9 Earth ClayRAL 1013<br \/>\nBase assortie:(B) 888 x (L) 888 x (H) 240 mm \u2013 Set de roues inclus, couvercle en (bois) Thermo Poplar \u2013 dalles pas inclus (12 dalles (30 x 30 cm)<\/p>\n<h3>Latte<\/h3>\n<p>Toile : 3,5 m rond<br \/>\nTissu : Solidum Canvas 250 gr\/m\u00b2<br \/>\nCh\u00e2ssis : lacqu\u00e9 Grey Beige<br \/>\nBase assortie:(B) 888 x (L) 888 x (H) 240 mm \u2013 Set de roues inclus, couvercle en (bois) Thermo Poplar \u2013 dalles pas inclus (12 dalles (30 x 30 cm)<\/p>\n<p>&nbsp;<\/p>\n<h3>Mat\u00e9riaux &amp; Entretien<\/h3>\n<p><strong>Toile en tissu \u00a0Colorum &#8211; tissu acrylique teint dans la masse (100%)<\/strong><br \/>\nColorum 260 gr\/m\u00b2<br \/>\nLavage \u00e0 main 30\u00b0C<br \/>\nTissu d\u00e9perlant<br \/>\nR\u00e9sistance de couleur 7\/8 (max = 8)<br \/>\nGaranti: 5 ans<\/p>\n<p><img decoding=\"async\" class=\"alignnone size-medium wp-image-22357\" src=\"https:\/\/maisonbelloeil.fr\/wp-content\/uploads\/2025\/06\/Capture-decran-2025-06-18-a-09.35.44-300x66.png\" alt=\"instruction d&#039;entretien de la toile Colorum de Sunbrella\" width=\"300\" height=\"66\" title=\"\" srcset=\"https:\/\/maisonbelloeil.fr\/wp-content\/uploads\/2025\/06\/Capture-decran-2025-06-18-a-09.35.44-300x66.png 300w, https:\/\/maisonbelloeil.fr\/wp-content\/uploads\/2025\/06\/Capture-decran-2025-06-18-a-09.35.44.png 324w\" sizes=\"(max-width: 300px) 100vw, 300px\" \/><\/p>\n<h3>Vid\u00e9os<\/h3>\n<p><span style=\"color: #346f7f;\"><a style=\"color: #346f7f;\" href=\"https:\/\/www.youtube.com\/watch?v=RaVeMWLPVR8\" rel=\"nofollow noopener\" target=\"_blank\">Pr\u00e9sentation du parasol d\u00e9port\u00e9 Versa UX<\/a><\/span><br \/>\n<span style=\"color: #346f7f;\"><a style=\"color: #346f7f;\" href=\"https:\/\/www.youtube.com\/watch?v=bv6FV9TpQE4\" rel=\"nofollow noopener\" target=\"_blank\">Installation du parasol d\u00e9port\u00e9 Versa UX<\/a><\/span><\/p>\n<h3>Les documents \u00e0 t\u00e9l\u00e9charger<\/h3>\n<p><a href=\"https:\/\/maisonbelloeil.fr\/wp-content\/uploads\/2025\/06\/Umbrosa-technical-sheet-Versa-UX.pdf.pdf\">Umbrosa technical sheet Versa UX.pdf<\/a><br \/>\n<a href=\"https:\/\/maisonbelloeil.fr\/wp-content\/uploads\/2025\/06\/Umbrosa-Maintenance.pdf.pdf\">Umbrosa Maintenance.pdf<\/a><br \/>\n<a href=\"https:\/\/maisonbelloeil.fr\/wp-content\/uploads\/2025\/06\/Beaufort-wind-scores.pdf.pdf\">Beaufort wind scores.pdf<\/a><br \/>\n<a href=\"https:\/\/maisonbelloeil.fr\/wp-content\/uploads\/2025\/06\/Manual-Paraflex.pdf\">notice de tous les produits Umbrosa<\/a><br \/>\n<a href=\"https:\/\/maisonbelloeil.fr\/wp-content\/uploads\/2025\/06\/colorum-et-solidum-fiche-technique.pdf\">Fiche technique de la toile<\/a><br \/>\n<a href=\"https:\/\/maisonbelloeil.fr\/wp-content\/uploads\/2025\/06\/Manual-Paraflex.pdf.pdf\">Notice de pose<\/a><\/p>\n<h3>Garantie<\/h3>\n<p>La toile est garantie 5 ans, l&rsquo;armature et le pied sont garantie 2 ans.<\/p>\n<h3>CONCEPTEUR DESIGNER<\/h3>\n<p><a title=\"Designer de la gamme :\" href=\"https:\/\/maisonbelloeil.fr\/en\/les-designers\/\">DYRK WYNANTS<\/a><\/p>\n<p><a href=\"https:\/\/maisonbelloeil.fr\/en\/?s=Umbrosa&amp;post_type=product\"><img decoding=\"async\" class=\"wp-image-14498 aligncenter\" src=\"https:\/\/maisonbelloeil.fr\/wp-content\/uploads\/2024\/03\/logo-umbrosa-300x109.jpg\" alt=\"logo umbrosa\" width=\"250\" height=\"91\" title=\"\" srcset=\"https:\/\/maisonbelloeil.fr\/wp-content\/uploads\/2024\/03\/logo-umbrosa-300x109.jpg 300w, https:\/\/maisonbelloeil.fr\/wp-content\/uploads\/2024\/03\/logo-umbrosa.jpg 400w\" sizes=\"(max-width: 250px) 100vw, 250px\" \/><\/a><br \/>\n<a href=\"https:\/\/maisonbelloeil.fr\/en\/?s=Sunbrella&amp;post_type=product\"><img decoding=\"async\" class=\"wp-image-22349 aligncenter size-full\" src=\"https:\/\/maisonbelloeil.fr\/wp-content\/uploads\/2025\/06\/Sunbrella-desktop-logo-udated.pn-2.webp\" alt=\"logo sunbrella petit\" width=\"94\" height=\"30\" title=\"\"><\/a><\/p>\n<p>&nbsp;<\/p>","protected":false},"excerpt":{"rendered":"<p><a href=\"https:\/\/maisonbelloeil.fr\/en\/?s=Umbrosa&amp;post_type=product\"><img loading=\"lazy\" decoding=\"async\" class=\"wp-image-14498 aligncenter\" src=\"https:\/\/maisonbelloeil.fr\/wp-content\/uploads\/2024\/03\/logo-umbrosa-300x109.jpg\" alt=\"logo umbrosa\" width=\"250\" height=\"91\" srcset=\"https:\/\/maisonbelloeil.fr\/wp-content\/uploads\/2024\/03\/logo-umbrosa-300x109.jpg 300w, https:\/\/maisonbelloeil.fr\/wp-content\/uploads\/2024\/03\/logo-umbrosa.jpg 400w\" sizes=\"(max-width: 250px) 100vw, 250px\" \/><\/a><br \/>\n<a href=\"https:\/\/maisonbelloeil.fr\/en\/?s=Sunbrella&amp;post_type=product\"><img loading=\"lazy\" decoding=\"async\" class=\"wp-image-22349 aligncenter size-full\" src=\"https:\/\/maisonbelloeil.fr\/wp-content\/uploads\/2025\/06\/Sunbrella-desktop-logo-udated.pn-2.webp\" alt=\"logo sunbrella petit\" width=\"94\" height=\"30\" \/><\/a><\/p>\n<p><em><span style=\"color: #ff6600;\">(livraison sous 3 \u00e0 4 semaines)<\/span><\/em><\/p>\n<p><span style=\"color: #333333;\">Inspir\u00e9 par l&rsquo;impr\u00e9visibilit\u00e9 de la <strong>nature<\/strong> et de l&rsquo;atmosph\u00e8re chaleureuse de la m\u00e9diterran\u00e9enne, <strong>Umbrosa<\/strong> a d\u00e9velopp\u00e9 <strong>5 combinaisons uniques<\/strong> de parasols d\u00e9port\u00e9s Versa UX. \u00a0Chaque mod\u00e8le offre un design et une ergonomie optimales adapt\u00e9es au <strong>jardin contemporain et \u00e0 la terrasse intemporelle.<\/strong><\/span><\/p>\n<p><span style=\"color: #333333;\"><strong>Chaque mod\u00e8le comprend :<\/strong><\/span><\/p>\n<ul>\n<li>Le parasol avec sa toile et son armature<\/li>\n<li><span style=\"color: #333333;\">Une base \u00a0mont\u00e9e sur roulettes \u00e0 lester avec de la brique (voir notice) poids total obtenu : 200 kg environ<\/span><\/li>\n<li><span style=\"color: #333333;\">Une housse de protection<\/span><\/li>\n<\/ul>\n<p>&nbsp;<\/p>","protected":false},"featured_media":14372,"comment_status":"closed","ping_status":"closed","template":"","meta":{"ocean_post_layout":"","ocean_both_sidebars_style":"","ocean_both_sidebars_content_width":0,"ocean_both_sidebars_sidebars_width":0,"ocean_sidebar":"0","ocean_second_sidebar":"0","ocean_disable_margins":"enable","ocean_add_body_class":"","ocean_shortcode_before_top_bar":"","ocean_shortcode_after_top_bar":"","ocean_shortcode_before_header":"","ocean_shortcode_after_header":"","ocean_has_shortcode":"","ocean_shortcode_after_title":"","ocean_shortcode_before_footer_widgets":"","ocean_shortcode_after_footer_widgets":"","ocean_shortcode_before_footer_bottom":"","ocean_shortcode_after_footer_bottom":"","ocean_display_top_bar":"default","ocean_display_header":"default","ocean_header_style":"","ocean_center_header_left_menu":"0","ocean_custom_header_template":"0","ocean_custom_logo":0,"ocean_custom_retina_logo":0,"ocean_custom_logo_max_width":0,"ocean_custom_logo_tablet_max_width":0,"ocean_custom_logo_mobile_max_width":0,"ocean_custom_logo_max_height":0,"ocean_custom_logo_tablet_max_height":0,"ocean_custom_logo_mobile_max_height":0,"ocean_header_custom_menu":"0","ocean_menu_typo_font_family":"0","ocean_menu_typo_font_subset":"","ocean_menu_typo_font_size":0,"ocean_menu_typo_font_size_tablet":0,"ocean_menu_typo_font_size_mobile":0,"ocean_menu_typo_font_size_unit":"px","ocean_menu_typo_font_weight":"","ocean_menu_typo_font_weight_tablet":"","ocean_menu_typo_font_weight_mobile":"","ocean_menu_typo_transform":"","ocean_menu_typo_transform_tablet":"","ocean_menu_typo_transform_mobile":"","ocean_menu_typo_line_height":0,"ocean_menu_typo_line_height_tablet":0,"ocean_menu_typo_line_height_mobile":0,"ocean_menu_typo_line_height_unit":"","ocean_menu_typo_spacing":0,"ocean_menu_typo_spacing_tablet":0,"ocean_menu_typo_spacing_mobile":0,"ocean_menu_typo_spacing_unit":"","ocean_menu_link_color":"","ocean_menu_link_color_hover":"","ocean_menu_link_color_active":"","ocean_menu_link_background":"","ocean_menu_link_hover_background":"","ocean_menu_link_active_background":"","ocean_menu_social_links_bg":"","ocean_menu_social_hover_links_bg":"","ocean_menu_social_links_color":"","ocean_menu_social_hover_links_color":"","ocean_disable_title":"default","ocean_disable_heading":"default","ocean_post_title":"","ocean_post_subheading":"","ocean_post_title_style":"","ocean_post_title_background_color":"","ocean_post_title_background":0,"ocean_post_title_bg_image_position":"","ocean_post_title_bg_image_attachment":"","ocean_post_title_bg_image_repeat":"","ocean_post_title_bg_image_size":"","ocean_post_title_height":0,"ocean_post_title_bg_overlay":0.5,"ocean_post_title_bg_overlay_color":"","ocean_disable_breadcrumbs":"default","ocean_breadcrumbs_color":"","ocean_breadcrumbs_separator_color":"","ocean_breadcrumbs_links_color":"","ocean_breadcrumbs_links_hover_color":"","ocean_display_footer_widgets":"default","ocean_display_footer_bottom":"default","ocean_custom_footer_template":"0"},"product_brand":[138],"product_cat":[69],"product_tag":[142,130],"class_list":{"0":"post-14364","1":"product","2":"type-product","3":"status-publish","4":"has-post-thumbnail","6":"product_brand-umbrosa","7":"product_cat-parasol","8":"product_tag-parasols","9":"product_tag-umbrosa","11":"entry","12":"has-media","14":"first","15":"instock","16":"taxable","17":"shipping-taxable","18":"purchasable","19":"product-type-variable","20":"col","21":"span_1_of_3","22":"owp-content-center","23":"item-entry","24":"owp-thumbs-layout-horizontal","25":"owp-btn-very-big","26":"owp-tabs-layout-horizontal"},"_links":{"self":[{"href":"https:\/\/maisonbelloeil.fr\/en\/wp-json\/wp\/v2\/product\/14364","targetHints":{"allow":["GET"]}}],"collection":[{"href":"https:\/\/maisonbelloeil.fr\/en\/wp-json\/wp\/v2\/product"}],"about":[{"href":"https:\/\/maisonbelloeil.fr\/en\/wp-json\/wp\/v2\/types\/product"}],"replies":[{"embeddable":true,"href":"https:\/\/maisonbelloeil.fr\/en\/wp-json\/wp\/v2\/comments?post=14364"}],"wp:featuredmedia":[{"embeddable":true,"href":"https:\/\/maisonbelloeil.fr\/en\/wp-json\/wp\/v2\/media\/14372"}],"wp:attachment":[{"href":"https:\/\/maisonbelloeil.fr\/en\/wp-json\/wp\/v2\/media?parent=14364"}],"wp:term":[{"taxonomy":"product_brand","embeddable":true,"href":"https:\/\/maisonbelloeil.fr\/en\/wp-json\/wp\/v2\/product_brand?post=14364"},{"taxonomy":"product_cat","embeddable":true,"href":"https:\/\/maisonbelloeil.fr\/en\/wp-json\/wp\/v2\/product_cat?post=14364"},{"taxonomy":"product_tag","embeddable":true,"href":"https:\/\/maisonbelloeil.fr\/en\/wp-json\/wp\/v2\/product_tag?post=14364"}],"curies":[{"name":"wp","href":"https:\/\/api.w.org\/{rel}","templated":true}]}}