{"id":14228,"date":"2024-02-27T18:20:35","date_gmt":"2024-02-27T17:20:35","guid":{"rendered":"https:\/\/maisonbelloeil.fr\/?post_type=product&#038;p=14228"},"modified":"2025-06-17T14:54:59","modified_gmt":"2025-06-17T12:54:59","slug":"salon-de-jardin-table-haute-6-places-york","status":"publish","type":"product","link":"https:\/\/maisonbelloeil.fr\/en\/product\/salon-de-jardin-table-haute-6-places-york\/","title":{"rendered":"Salon de jardin table haute 6 places YORK"},"content":{"rendered":"<h2 style=\"text-align: center;\">Salon de jardin table haute 6 places YORK en aluminium et teck<\/h2>\n<p style=\"text-align: left;\"><span style=\"color: #333333;\">Con\u00e7u avec des mat\u00e9riaux <strong>haut de gamme<\/strong> et un <strong>design contemporain<\/strong>, l&rsquo;ensemble <strong>bar d&rsquo;ext\u00e9rieur<\/strong><\/span> <a href=\"https:\/\/maisonbelloeil.fr\/en\/product-tag\/york\/\"><strong><span style=\"color: #346f7f;\">YORK<\/span><\/strong><\/a> <span style=\"color: #333333;\">est l&rsquo;option id\u00e9ale pour d\u00e9jeuner en <strong>plein-air<\/strong> en famille ou entre amis.<\/span><\/p>\n<p><span style=\"color: #333333;\"><strong>El\u00e9gant<\/strong> et r\u00e9sistant aux intemp\u00e9ries, cet <strong>ensemble repas<\/strong> est fabriqu\u00e9 en <strong>aluminium massif<\/strong> et en teck de grade A. La structure en aluminium<strong> blanc ou noir<\/strong> lui conf\u00e8re une allure <strong>moderne<\/strong> et \u00e9pur\u00e9e, tandis que le <strong>plateau de table<\/strong>, les <strong>dossiers et accoudoirs<\/strong> des <strong>chaises en teck<\/strong> apportent une touche de chaleur naturelle.<\/span><\/p>\n<p><span style=\"color: #333333;\">Le salon de jardin est compos\u00e9 d&rsquo;une grande <strong>table haute 6 places<\/strong> et de <strong>six chaises hautes <\/strong>d&rsquo;ext\u00e9rieur, dont deux <strong>pivotantes<\/strong> pour plus de commodit\u00e9<\/span><\/p>\n<p><span style=\"color: #333333;\">Cet ensemble est \u00e9galement <strong>disponible en aluminium noir<\/strong> pour s&rsquo;adapter \u00e0 tous les styles.<\/span><\/p>\n<p>&nbsp;<\/p>\n<h2 style=\"text-align: center;\">Points forts de l&rsquo;ensemble table haute 6 places<\/h2>\n<ul>\n<li><span style=\"color: #333333;\"><strong>Confort optimal<\/strong> et <strong>style<\/strong> affirm\u00e9.<\/span><\/li>\n<li><span style=\"color: #333333;\">Structure en <strong>aluminium massif<\/strong> : L\u00e9g\u00e8re, r\u00e9sistante aux intemp\u00e9ries, durable.<\/span><\/li>\n<li><span style=\"color: #333333;\">Toile en <strong>Textil\u00e8ne<\/strong>: grande stabilit\u00e9 \u00e0 la lumi\u00e8re, r\u00e9sistant \u00e0 l&rsquo;humidit\u00e9.<\/span><\/li>\n<li><span style=\"color: #333333;\">Plateau de la table en <strong>teck<\/strong> <strong>de grade A<\/strong>.<\/span><\/li>\n<li><span style=\"color: #333333;\">Les chaises hautes sont dot\u00e9es d&rsquo;un <strong>dossier<\/strong> et d&rsquo;<strong>accoudoirs en teck<\/strong> pour un confort optimal pendant vos repas en plein air.<\/span><\/li>\n<li><span style=\"color: #333333;\"><strong>Disponible en aluminium noir<\/strong>.<\/span><\/li>\n<li>Capacit\u00e9: 6 <strong>convives<\/strong>.<\/li>\n<\/ul>\n<p>&nbsp;<\/p>\n<h2 style=\"text-align: center;\">Composition de l&rsquo;ensemble table et chaises hautes de jardin<\/h2>\n<ul>\n<li><span style=\"color: #333333;\"><strong>1 grande table haute teck et aluminium:<\/strong><\/span><br \/>\nL: 180 cm \/ l: 82 cm \/ H: 106,5 cm<\/li>\n<li><span style=\"color: #333333;\"><strong>2 fauteuils pivotants:<\/strong><\/span><br \/>\nP: 60 cm \/ l: 60 cm \/ H: 110 cm<\/li>\n<li><span style=\"color: #333333;\"><strong>4 chaises de bar:<\/strong><\/span><br \/>\nP: 60 cm \/ l: 62 cm \/ H: 110 cm<\/li>\n<\/ul>\n<p>&nbsp;<\/p>\n<h3><img fetchpriority=\"high\" decoding=\"async\" class=\"wp-image-2667 size-full aligncenter\" src=\"https:\/\/maisonbelloeil.fr\/wp-content\/uploads\/2023\/06\/Chaise-et-tables-7.jpg\" alt=\"Icono Ensemble repas jardin compos\u00e9 d&#039;une table et 6 chaises\" width=\"500\" height=\"100\" title=\"\" srcset=\"https:\/\/maisonbelloeil.fr\/wp-content\/uploads\/2023\/06\/Chaise-et-tables-7.jpg 500w, https:\/\/maisonbelloeil.fr\/wp-content\/uploads\/2023\/06\/Chaise-et-tables-7-300x60.jpg 300w\" sizes=\"(max-width: 500px) 100vw, 500px\" \/><\/h3>\n<p>&nbsp;<\/p>\n<h2 style=\"text-align: center;\"><strong>L&rsquo;ensemble bar d&rsquo;ext\u00e9rieur YORK est parfait pour:<\/strong><\/h2>\n<ul>\n<li><span style=\"color: #333333;\">Profiter d&rsquo;un ap\u00e9ritif ou d&rsquo;un repas sur votre terrasse ou balcon<\/span><\/li>\n<li><span style=\"color: #333333;\">Am\u00e9nager un coin repas convivial dans votre jardin<\/span><\/li>\n<li><span style=\"color: #333333;\">Recevoir vos amis et votre famille en toute d\u00e9contraction<\/span><\/li>\n<\/ul>\n<p>&nbsp;<\/p>\n<p><strong>Facile d&rsquo;entretien<\/strong>, ce salon de jardin ne n\u00e9cessite que peu de soins pour conserver son aspect d&rsquo;origine. Il est conseill\u00e9 de nettoyer la structure en aluminium avec un chiffon humide et de l&rsquo;eau savonneuse. Le teck peut \u00eatre prot\u00e9g\u00e9 avec une huile hydrofuge pour prolonger sa dur\u00e9e de vie.<\/p>\n<p>&nbsp;<\/p>\n<p>Pour toute\u00a0<strong>demande de renseignement<\/strong>\u00a0ou pour\u00a0<strong>finaliser votre achat<\/strong>, nous vous invitons \u00e0<a href=\"https:\/\/maisonbelloeil.fr\/en\/contactez-nous\/\"><em><strong> nous contacter<\/strong><\/em><\/a>.\u00a0 \u00a0 \u00a0 \u00a0 \u00a0 \u00a0 \u00a0 \u00a0 \u00a0 \u00a0 \u00a0 \u00a0 \u00a0 \u00a0 \u00a0 \u00a0 \u00a0 \u00a0 \u00a0 \u00a0 \u00a0 \u00a0 \u00a0 \u00a0 \u00a0 \u00a0 \u00a0 \u00a0 \u00a0 \u00a0 \u00a0 \u00a0 \u00a0 \u00a0 \u00a0 \u00a0 \u00a0 \u00a0 \u00a0 \u00a0 \u00a0 \u00a0 \u00a0 \u00a0 \u00a0 \u00a0 \u00a0 \u00a0 \u00a0 \u00a0 \u00a0 \u00a0 \u00a0 \u00a0 \u00a0 \u00a0 \u00a0 \u00a0 \u00a0 \u00a0 \u00a0 \u00a0 \u00a0 \u00a0 \u00a0 \u00a0 \u00a0 \u00a0 \u00a0 \u00a0 Notre \u00e9quipe se tient \u00e0 votre \u00e9coute pour vous offrir un <strong>service sur-mesure<\/strong><\/p>\n<h3 style=\"text-align: center;\">Produits compl\u00e9mentaires:<\/h3>\n<p>Pourquoi ne pas compl\u00e9ter votre <strong>ensemble repas<\/strong> jardin 6 personnes avec le <strong><a href=\"https:\/\/maisonbelloeil.fr\/en\/product\/salon-de-jardin-bas-aluminium-york\/\"><span style=\"color: #333333;\"><span style=\"color: #346f7f;\">salon de jardin bas<\/span><\/span><\/a>\u00a0<\/strong>de la m\u00eame collection?<\/p>\n<p>Vous pouvez \u00e9galement d\u00e9couvrir l&rsquo;int\u00e9gralit\u00e9 de nos <a href=\"https:\/\/maisonbelloeil.fr\/en\/product-category\/ensemble-table-et-chaises\/\"><strong><span style=\"color: #346f7f;\">tables d&rsquo;ext\u00e9rieurs haut de gamme et leurs chaises de jardin<\/span><\/strong><\/a>.<\/p>\n<p>&nbsp;<\/p>\n<hr \/>\n<h3 style=\"text-align: center;\"><span style=\"color: #333333;\">Mat\u00e9riaux et instructions d&rsquo;entretien:<\/span><\/h3>\n<p><span style=\"color: #333333;\">La toile en <strong>Textil\u00e8ne<\/strong> est un tissu \u00e0 haute technologie: utilis\u00e9 en construction navale, le Textil\u00e8ne est un mat\u00e9riau connu pour son confort et sa r\u00e9sistance aux t\u00e2ches ainsi qu\u2019aux intemp\u00e9ries.<\/span><\/p>\n<p><span style=\"color: #333333;\">L\u2019<strong>aluminium<\/strong>\u00a0est tr\u00e8s r\u00e9pandu dans le domaine de la construction en raison de ses nombreuses qualit\u00e9s. Solide, l\u00e9ger, durable, pratique et esth\u00e9tique, il r\u00e9siste \u00e0 la pluie, \u00e0 l\u2019humidit\u00e9 et ne rouille pas. Il ne craint pas le soleil non plus et ne perd pas son \u00e9clat.<\/span><\/p>\n<p><span style=\"color: #333333;\">Le\u00a0<strong>bois de teck<\/strong> r\u00e9siste aux \u00e9l\u00e9ments ext\u00e9rieurs, sa haute teneur en huile, sa grande r\u00e9sistance \u00e0 la traction, son grain serr\u00e9 le rendent particuli\u00e8rement appropri\u00e9 pour une utilisation en ext\u00e9rieur. <\/span><span style=\"color: #333333;\">L\u2019application bisannuelle d\u2019une couche d\u2019huile pour teck est recommand\u00e9e pour le maintenir beau.<\/span><\/p>\n<hr \/>\n<p>&nbsp;<\/p>\n<p style=\"text-align: center;\"><img decoding=\"async\" class=\"aligncenter wp-image-14012 size-medium\" src=\"https:\/\/maisonbelloeil.fr\/wp-content\/uploads\/2023\/06\/logo-revendeurofficiel-higold-300x54.png\" alt=\"Logo revendeur officiel Higold.\" width=\"300\" height=\"54\" title=\"\" srcset=\"https:\/\/maisonbelloeil.fr\/wp-content\/uploads\/2023\/06\/logo-revendeurofficiel-higold-300x54.png 300w, https:\/\/maisonbelloeil.fr\/wp-content\/uploads\/2023\/06\/logo-revendeurofficiel-higold-700x126.png 700w, https:\/\/maisonbelloeil.fr\/wp-content\/uploads\/2023\/06\/logo-revendeurofficiel-higold-1024x184.png 1024w, https:\/\/maisonbelloeil.fr\/wp-content\/uploads\/2023\/06\/logo-revendeurofficiel-higold-768x138.png 768w, https:\/\/maisonbelloeil.fr\/wp-content\/uploads\/2023\/06\/logo-revendeurofficiel-higold-1536x276.png 1536w, https:\/\/maisonbelloeil.fr\/wp-content\/uploads\/2023\/06\/logo-revendeurofficiel-higold.png 1847w\" sizes=\"(max-width: 300px) 100vw, 300px\" \/><br \/>\n<img decoding=\"async\" class=\"aligncenter wp-image-14042 size-full\" src=\"https:\/\/maisonbelloeil.fr\/wp-content\/uploads\/2023\/06\/sl_higold-excellent-life_rgb-300x45-1.png\" alt=\"excellent life\" width=\"300\" height=\"45\" title=\"\"><\/p>\n<p style=\"text-align: center;\"><img loading=\"lazy\" decoding=\"async\" class=\"aligncenter wp-image-14043\" src=\"https:\/\/maisonbelloeil.fr\/wp-content\/uploads\/2023\/06\/ukas-300x225.jpg\" alt=\"Logo UKAS\" width=\"133\" height=\"100\" title=\"\" srcset=\"https:\/\/maisonbelloeil.fr\/wp-content\/uploads\/2023\/06\/ukas-300x225.jpg 300w, https:\/\/maisonbelloeil.fr\/wp-content\/uploads\/2023\/06\/ukas-700x525.jpg 700w, https:\/\/maisonbelloeil.fr\/wp-content\/uploads\/2023\/06\/ukas-768x576.jpg 768w, https:\/\/maisonbelloeil.fr\/wp-content\/uploads\/2023\/06\/ukas.jpg 866w\" sizes=\"(max-width: 133px) 100vw, 133px\" \/><img loading=\"lazy\" decoding=\"async\" class=\"aligncenter wp-image-14045\" src=\"https:\/\/maisonbelloeil.fr\/wp-content\/uploads\/2023\/06\/bsci.jpg\" alt=\"logo BSCI\" width=\"142\" height=\"100\" title=\"\"><\/p>\n<p>&nbsp;<\/p>","protected":false},"excerpt":{"rendered":"<p><span style=\"color: #333333;\"><strong>Ensemble table haute de jardin 6 places:<\/strong><\/span><\/p>\n<ul>\n<li><span style=\"color: #333333;\">Une table haute pour 6 personnes<\/span><\/li>\n<li><span style=\"color: #333333;\">Six chaises hautes dont deux pivotantes<\/span><\/li>\n<li><span style=\"color: #333333;\">Blanc ou noir<\/span><\/li>\n<\/ul>\n<hr \/>\n<p><span style=\"color: #333333;\"><span style=\"color: #346f7f;\">Bois de Teck de grade A<\/span> | <span style=\"color: #346f7f;\">Aluminium massif | Textil\u00e8ne<\/span><\/span><\/p>\n<p><img loading=\"lazy\" decoding=\"async\" class=\"alignleft wp-image-14040\" src=\"https:\/\/maisonbelloeil.fr\/wp-content\/uploads\/2023\/06\/logo-quick-dry-150x50-1.jpg\" alt=\"Quickdry\" width=\"120\" height=\"40\" \/><\/p>\n<hr \/>\n<p><em><span style=\"color: #ff6600;\"><strong><span style=\"color: #bf4d00;\"><span style=\"color: #800080;\"><img loading=\"lazy\" decoding=\"async\" class=\"alignleft wp-image-15282\" src=\"https:\/\/maisonbelloeil.fr\/wp-content\/uploads\/2023\/09\/Logo-livraison-offerte.png\" alt=\"\" width=\"75\" height=\"30\" \/> Frais de port offerts<\/span><\/span><\/strong><\/span><\/em><\/p>\n<hr \/>\n<p><span style=\"color: #333333;\">Pour toute\u00a0<strong>demande de renseignement<\/strong>\u00a0ou pour\u00a0<strong>finaliser votre achat<\/strong>, nous vous invitons \u00e0<a href=\"https:\/\/maisonbelloeil.fr\/en\/contactez-nous\/\"><em><strong> nous contacter<\/strong><\/em><\/a>.\u00a0 Notre \u00e9quipe se tient \u00e0 votre \u00e9coute pour vous offrir un <strong>service sur-mesure.\u00a0 \u00a0 \u00a0 \u00a0 \u00a0 \u00a0 \u00a0 \u00a0 \u00a0 \u00a0 \u00a0 \u00a0 \u00a0 \u00a0 \u00a0 \u00a0 \u00a0 \u00a0 \u00a0 \u00a0 \u00a0 \u00a0 \u00a0 \u00a0 <\/strong>MOBILIER DE JARDIN HAUT DE GAMME<\/span><\/p>","protected":false},"featured_media":14229,"comment_status":"open","ping_status":"closed","template":"","meta":{"ocean_post_layout":"","ocean_both_sidebars_style":"","ocean_both_sidebars_content_width":0,"ocean_both_sidebars_sidebars_width":0,"ocean_sidebar":"0","ocean_second_sidebar":"0","ocean_disable_margins":"enable","ocean_add_body_class":"","ocean_shortcode_before_top_bar":"","ocean_shortcode_after_top_bar":"","ocean_shortcode_before_header":"","ocean_shortcode_after_header":"","ocean_has_shortcode":"","ocean_shortcode_after_title":"","ocean_shortcode_before_footer_widgets":"","ocean_shortcode_after_footer_widgets":"","ocean_shortcode_before_footer_bottom":"","ocean_shortcode_after_footer_bottom":"","ocean_display_top_bar":"default","ocean_display_header":"default","ocean_header_style":"","ocean_center_header_left_menu":"0","ocean_custom_header_template":"0","ocean_custom_logo":0,"ocean_custom_retina_logo":0,"ocean_custom_logo_max_width":0,"ocean_custom_logo_tablet_max_width":0,"ocean_custom_logo_mobile_max_width":0,"ocean_custom_logo_max_height":0,"ocean_custom_logo_tablet_max_height":0,"ocean_custom_logo_mobile_max_height":0,"ocean_header_custom_menu":"0","ocean_menu_typo_font_family":"0","ocean_menu_typo_font_subset":"","ocean_menu_typo_font_size":0,"ocean_menu_typo_font_size_tablet":0,"ocean_menu_typo_font_size_mobile":0,"ocean_menu_typo_font_size_unit":"px","ocean_menu_typo_font_weight":"","ocean_menu_typo_font_weight_tablet":"","ocean_menu_typo_font_weight_mobile":"","ocean_menu_typo_transform":"","ocean_menu_typo_transform_tablet":"","ocean_menu_typo_transform_mobile":"","ocean_menu_typo_line_height":0,"ocean_menu_typo_line_height_tablet":0,"ocean_menu_typo_line_height_mobile":0,"ocean_menu_typo_line_height_unit":"","ocean_menu_typo_spacing":0,"ocean_menu_typo_spacing_tablet":0,"ocean_menu_typo_spacing_mobile":0,"ocean_menu_typo_spacing_unit":"","ocean_menu_link_color":"","ocean_menu_link_color_hover":"","ocean_menu_link_color_active":"","ocean_menu_link_background":"","ocean_menu_link_hover_background":"","ocean_menu_link_active_background":"","ocean_menu_social_links_bg":"","ocean_menu_social_hover_links_bg":"","ocean_menu_social_links_color":"","ocean_menu_social_hover_links_color":"","ocean_disable_title":"default","ocean_disable_heading":"default","ocean_post_title":"","ocean_post_subheading":"","ocean_post_title_style":"","ocean_post_title_background_color":"","ocean_post_title_background":0,"ocean_post_title_bg_image_position":"","ocean_post_title_bg_image_attachment":"","ocean_post_title_bg_image_repeat":"","ocean_post_title_bg_image_size":"","ocean_post_title_height":0,"ocean_post_title_bg_overlay":0.5,"ocean_post_title_bg_overlay_color":"","ocean_disable_breadcrumbs":"default","ocean_breadcrumbs_color":"","ocean_breadcrumbs_separator_color":"","ocean_breadcrumbs_links_color":"","ocean_breadcrumbs_links_hover_color":"","ocean_display_footer_widgets":"default","ocean_display_footer_bottom":"default","ocean_custom_footer_template":"0"},"product_brand":[135],"product_cat":[54,127],"product_tag":[141,61],"class_list":{"0":"post-14228","1":"product","2":"type-product","3":"status-publish","4":"has-post-thumbnail","6":"product_brand-higold","7":"product_cat-ensemble-table-et-chaises","8":"product_cat-6-personnes","9":"product_tag-higold","10":"product_tag-york","12":"entry","13":"has-media","15":"first","16":"instock","17":"taxable","18":"shipping-taxable","19":"purchasable","20":"product-type-variable","21":"col","22":"span_1_of_3","23":"owp-content-center","24":"item-entry","25":"owp-thumbs-layout-horizontal","26":"owp-btn-very-big","27":"owp-tabs-layout-horizontal"},"_links":{"self":[{"href":"https:\/\/maisonbelloeil.fr\/en\/wp-json\/wp\/v2\/product\/14228","targetHints":{"allow":["GET"]}}],"collection":[{"href":"https:\/\/maisonbelloeil.fr\/en\/wp-json\/wp\/v2\/product"}],"about":[{"href":"https:\/\/maisonbelloeil.fr\/en\/wp-json\/wp\/v2\/types\/product"}],"replies":[{"embeddable":true,"href":"https:\/\/maisonbelloeil.fr\/en\/wp-json\/wp\/v2\/comments?post=14228"}],"wp:featuredmedia":[{"embeddable":true,"href":"https:\/\/maisonbelloeil.fr\/en\/wp-json\/wp\/v2\/media\/14229"}],"wp:attachment":[{"href":"https:\/\/maisonbelloeil.fr\/en\/wp-json\/wp\/v2\/media?parent=14228"}],"wp:term":[{"taxonomy":"product_brand","embeddable":true,"href":"https:\/\/maisonbelloeil.fr\/en\/wp-json\/wp\/v2\/product_brand?post=14228"},{"taxonomy":"product_cat","embeddable":true,"href":"https:\/\/maisonbelloeil.fr\/en\/wp-json\/wp\/v2\/product_cat?post=14228"},{"taxonomy":"product_tag","embeddable":true,"href":"https:\/\/maisonbelloeil.fr\/en\/wp-json\/wp\/v2\/product_tag?post=14228"}],"curies":[{"name":"wp","href":"https:\/\/api.w.org\/{rel}","templated":true}]}}