{"id":14169,"date":"2024-02-19T11:24:26","date_gmt":"2024-02-19T10:24:26","guid":{"rendered":"https:\/\/maisonbelloeil.fr\/?post_type=product&#038;p=14169"},"modified":"2025-06-17T14:56:25","modified_gmt":"2025-06-17T12:56:25","slug":"table-et-chaises-dexterieur-borromeo","status":"publish","type":"product","link":"https:\/\/maisonbelloeil.fr\/en\/product\/table-et-chaises-dexterieur-borromeo\/","title":{"rendered":"Table et chaises d&rsquo;ext\u00e9rieur en r\u00e9sine tress\u00e9e gris BORROMEO"},"content":{"rendered":"<h2 style=\"text-align: center;\"><span style=\"color: #333333;\"><strong>Table et chaises d&rsquo;ext\u00e9rieur en r\u00e9sine tress\u00e9e gris BORROMEO<\/strong><\/span><\/h2>\n<p>&nbsp;<\/p>\n<div class=\"markdown markdown-main-panel ui-v2-enabled\" dir=\"ltr\">\n<p><span style=\"color: #333333;\"><strong>Cr\u00e9ez un havre de paix raffin\u00e9 pour vos repas en ext\u00e9rieur avec l&rsquo;ensemble Borromeo.<\/strong> Cet ensemble table et chaises d&rsquo;ext\u00e9rieur \u00e9l\u00e9gant et fonctionnel vous invite \u00e0 partager des moments de convivialit\u00e9 inoubliables avec vos proches.<\/span><\/p>\n<p><span style=\"color: #333333;\"><strong>La table spacieuse<\/strong>, issue de la collection<\/span> <strong><a href=\"https:\/\/maisonbelloeil.fr\/en\/product-tag\/borromeo\/\"><span style=\"color: #346f7f;\">BORROMEO<\/span><\/a><\/strong>, <span style=\"color: #333333;\">se distingue par son plateau en teck. Ce mat\u00e9riau noble, naturellement r\u00e9sistant aux intemp\u00e9ries, offre une beaut\u00e9 intemporelle et une durabilit\u00e9 exceptionnelle. Son allure chaleureuse et sophistiqu\u00e9e conf\u00e8re \u00e0 vos repas une atmosph\u00e8re unique.<\/span><\/p>\n<p><span style=\"color: #333333;\"><strong>Les chaises assorties<\/strong>, fabriqu\u00e9es en polyrotin, arborent un design moderne et \u00e9l\u00e9gant. Ce mat\u00e9riau r\u00e9sistant aux intemp\u00e9ries et facile \u00e0 entretenir garantit une robustesse \u00e0 toute \u00e9preuve. Leur structure en aluminium assure une l\u00e9g\u00e8ret\u00e9 bienvenue pour une manipulation ais\u00e9e.<\/span><\/p>\n<p><span style=\"color: #333333;\"><strong>Pour un confort optimal<\/strong>, les chaises sont dot\u00e9es de coussins d&rsquo;assise en olefine. Doux et r\u00e9sistants aux UV, ces coussins moelleux vous procurent une assise des plus confortables avec leur <strong>mousse <em>quick dry foam <\/em><\/strong>d&rsquo;une<strong> \u00e9paisseur de 15 cm<\/strong>, vous permettant de profiter pleinement de vos repas en plein air.<\/span><\/p>\n<p><span style=\"color: #333333;\"><strong>L&rsquo;ensemble repas jardin Borromeo est con\u00e7u pour durer.<\/strong> Les mat\u00e9riaux de haute qualit\u00e9 s\u00e9lectionn\u00e9s, tels que le teck, le polyrotin et l&rsquo;aluminium, garantissent une r\u00e9sistance optimale aux intemp\u00e9ries et une long\u00e9vit\u00e9 exceptionnelle. Vous n&rsquo;aurez qu&rsquo;\u00e0 savourer vos repas en toute tranquillit\u00e9, saison apr\u00e8s saison.<\/span><\/p>\n<\/div>\n<p>&nbsp;<\/p>\n<h3 style=\"text-align: center;\">Points forts de l&rsquo;ensemble table et chaises d&rsquo;ext\u00e9rieur:<\/h3>\n<p><img decoding=\"async\" class=\"aligncenter wp-image-14040 size-full\" src=\"https:\/\/maisonbelloeil.fr\/wp-content\/uploads\/2023\/06\/logo-quick-dry-150x50-1.jpg\" alt=\"Quickdry\" width=\"150\" height=\"50\" title=\"\"><\/p>\n<ul>\n<li>D\u00e9sign\u00e9 par <strong>Claudio Bellini<\/strong>.<\/li>\n<li><span style=\"color: #333333;\">Structure en <strong>aluminium massif<\/strong> : L\u00e9g\u00e8re, r\u00e9sistante aux intemp\u00e9ries, durable.<\/span><\/li>\n<li><span style=\"color: #333333;\">Tissu en <strong>Ol\u00e9fine<\/strong>: doux, r\u00e9sistant et simple \u00e0 nettoyer.<\/span><\/li>\n<li><span style=\"color: #333333;\">R\u00e9sine tress\u00e9e en <strong>Polyrotin<\/strong>: charme et r\u00e9sistance.<\/span><\/li>\n<li><span style=\"color: #333333;\"><strong>Coussins \u00e9pais<\/strong> <strong><em>quick dry foam <\/em><\/strong>pour un confort total.<\/span><\/li>\n<li><span style=\"color: #333333;\">Plateau en <strong>teck<\/strong> : beau et r\u00e9sistant.<\/span><\/li>\n<li><span style=\"color: #333333;\">Ensemble repas jardin pouvant accueillir <strong>6 personnes.<\/strong><\/span><\/li>\n<li><span style=\"color: #333333;\">Disponible en <strong>anthracite et<\/strong><strong> beige<\/strong>.<\/span><\/li>\n<\/ul>\n<p>&nbsp;<\/p>\n<h3 style=\"text-align: center;\">Composition de l&rsquo;ensemble repas jardin<\/h3>\n<ul>\n<li><span style=\"color: #333333;\"><strong>Une grande table:<\/strong><br \/>\nL: 213 cm \/ l: 100 cm \/ H: 76,5 cm<\/span><\/li>\n<li><span style=\"color: #333333;\"><span style=\"color: #333333;\"><strong>Six chaises avec accoudoirs:<\/strong><br \/>\nL: 61 cm \/ l: 61 cm \/ 63,5 cm<\/span><\/span><\/li>\n<li><span style=\"color: #333333;\"><strong>Plus de couleurs en option:<br \/>\n<\/strong>Couleurs: anthracite ou beige.<\/span><\/li>\n<\/ul>\n<p>&nbsp;<\/p>\n<p><img fetchpriority=\"high\" decoding=\"async\" class=\"wp-image-2667 size-full aligncenter\" src=\"https:\/\/maisonbelloeil.fr\/wp-content\/uploads\/2023\/06\/Chaise-et-tables-7.jpg\" alt=\"Ensemble repas jardin compos\u00e9 d&#039;une table et 6 chaises\" width=\"500\" height=\"100\" title=\"\" srcset=\"https:\/\/maisonbelloeil.fr\/wp-content\/uploads\/2023\/06\/Chaise-et-tables-7.jpg 500w, https:\/\/maisonbelloeil.fr\/wp-content\/uploads\/2023\/06\/Chaise-et-tables-7-300x60.jpg 300w\" sizes=\"(max-width: 500px) 100vw, 500px\" \/><\/p>\n<p>&nbsp;<\/p>\n<p><strong>Que ce soit sur votre terrasse, dans votre jardin ou au bord de la piscine, l&rsquo;ensemble d&rsquo;ext\u00e9rieur Borromeo s&rsquo;int\u00e8gre harmonieusement \u00e0 votre espace ext\u00e9rieur. Son design raffin\u00e9 et sa qualit\u00e9 sup\u00e9rieure en font un v\u00e9ritable atout pour sublimer vos d\u00e9jeuners et d\u00eeners en plein air. <\/strong><\/p>\n<p><strong>R\u00e9unissez vos proches, partagez des moments de bonheur et cr\u00e9ez des souvenirs imp\u00e9rissables autour de cet ensemble d&rsquo;exception. <\/strong><strong>Offrez-vous l&rsquo;ensemble repas jardin Borromeo et vivez l&rsquo;exp\u00e9rience du raffinement en plein air !<\/strong><\/p>\n<p>&nbsp;<\/p>\n<p>Pour toute\u00a0<strong>demande de renseignement<\/strong>\u00a0ou pour\u00a0<strong>finaliser votre achat<\/strong>, nous vous invitons \u00e0<a href=\"https:\/\/maisonbelloeil.fr\/en\/contactez-nous\/\"><em><strong> nous contacter<\/strong><\/em><\/a>.\u00a0 \u00a0 \u00a0 \u00a0 \u00a0 \u00a0 \u00a0 \u00a0 \u00a0 \u00a0 \u00a0 \u00a0 \u00a0 \u00a0 \u00a0 \u00a0 \u00a0 \u00a0 \u00a0 \u00a0 \u00a0 \u00a0 \u00a0 \u00a0 \u00a0 \u00a0 \u00a0 \u00a0 \u00a0 \u00a0 \u00a0 \u00a0 \u00a0 \u00a0 \u00a0 \u00a0 \u00a0 \u00a0 \u00a0 \u00a0 \u00a0 \u00a0 \u00a0 \u00a0 \u00a0 \u00a0 \u00a0 \u00a0 \u00a0 \u00a0 \u00a0 \u00a0 \u00a0 \u00a0 \u00a0 \u00a0 \u00a0 \u00a0 \u00a0 \u00a0 \u00a0 \u00a0 \u00a0 \u00a0 \u00a0 \u00a0 \u00a0 \u00a0 \u00a0 \u00a0 Notre \u00e9quipe se tient \u00e0 votre \u00e9coute pour vous offrir un <strong>service sur-mesure<\/strong><\/p>\n<hr \/>\n<h3 style=\"text-align: center;\">Produits compl\u00e9mentaires<\/h3>\n<p>Pourquoi ne pas compl\u00e9ter votre ensemble table et chaises de jardin avec <strong><span style=\"color: #346f7f;\"><a style=\"color: #346f7f;\" href=\"https:\/\/maisonbelloeil.fr\/en\/product\/bains-de-soleil-borromeo\/\">les bains de soleil<\/a><\/span> <\/strong>ou le <strong><a title=\"Salon de jardin aluminium gris anthracite BORROMEO\" href=\"https:\/\/maisonbelloeil.fr\/en\/product\/salon-de-jardin-aluminium-gris-borromeo\/\"><span style=\"color: #346f7f;\">salon de jardin<\/span><\/a><\/strong> de la m\u00eame collection?<\/p>\n<p>&nbsp;<\/p>\n<hr \/>\n<h3 style=\"text-align: center;\"><span style=\"color: #333333;\">Mat\u00e9riaux et instructions d&rsquo;entretien<\/span><\/h3>\n<p><span style=\"color: #333333;\">Le Tressage en<b> Polyrotin,<\/b> apportant un aspect naturel aux meubles tr\u00e8s tendances, est un mat\u00e9riau reconnu pour ces grandes qualit\u00e9s: durabilit\u00e9 de la couleur et de la forme, r\u00e9sistance aux intemp\u00e9ries. Le cordage est assembl\u00e9 \u00e0 la main.<\/span><\/p>\n<p><span style=\"color: #333333;\">Le tissu en <strong>Ol\u00e9fine<\/strong> est un tissu\u00a0\u00e0 haute performance:\u00a0l\u00e9ger et doux au toucher, l&rsquo;Ol\u00e9fine est aussi r\u00e9sistant, imperm\u00e9able, \u00e9vacue l&rsquo;humidit\u00e9 et s\u00e8che rapidement.<\/span><\/p>\n<p><span style=\"color: #333333;\">L\u2019<strong>aluminium<\/strong>\u00a0est tr\u00e8s r\u00e9pandu dans le domaine de la construction en raison de ses nombreuses qualit\u00e9s. Solide, l\u00e9ger, durable, pratique et esth\u00e9tique, il r\u00e9siste \u00e0 la pluie, \u00e0 l\u2019humidit\u00e9 et ne rouille pas. Il ne craint pas le soleil non plus et ne perd pas son \u00e9clat.<\/span><\/p>\n<p><span style=\"color: #333333;\">Le\u00a0<strong>bois de teck<\/strong> r\u00e9siste aux \u00e9l\u00e9ments ext\u00e9rieurs, sa haute teneur en huile, sa grande r\u00e9sistance \u00e0 la traction, son grain serr\u00e9 le rendent particuli\u00e8rement appropri\u00e9 pour une utilisation en ext\u00e9rieur. <\/span><span style=\"color: #333333;\">L\u2019application bisannuelle d\u2019une couche d\u2019huile pour teck est recommand\u00e9e pour le maintenir beau.<\/span><\/p>\n<p>&nbsp;<\/p>\n<hr \/>\n<p>&nbsp;<\/p>\n<p><img decoding=\"async\" class=\"aligncenter wp-image-14042\" src=\"https:\/\/maisonbelloeil.fr\/wp-content\/uploads\/2023\/06\/sl_higold-excellent-life_rgb-300x45-1.png\" alt=\"excellent life\" width=\"140\" height=\"21\" title=\"\"><\/p>\n<p><img loading=\"lazy\" decoding=\"async\" class=\"aligncenter wp-image-14012 size-medium\" src=\"https:\/\/maisonbelloeil.fr\/wp-content\/uploads\/2023\/06\/logo-revendeurofficiel-higold-300x54.png\" alt=\"Logo revendeur officiel Higold.\" width=\"300\" height=\"54\" title=\"\" srcset=\"https:\/\/maisonbelloeil.fr\/wp-content\/uploads\/2023\/06\/logo-revendeurofficiel-higold-300x54.png 300w, https:\/\/maisonbelloeil.fr\/wp-content\/uploads\/2023\/06\/logo-revendeurofficiel-higold-700x126.png 700w, https:\/\/maisonbelloeil.fr\/wp-content\/uploads\/2023\/06\/logo-revendeurofficiel-higold-1024x184.png 1024w, https:\/\/maisonbelloeil.fr\/wp-content\/uploads\/2023\/06\/logo-revendeurofficiel-higold-768x138.png 768w, https:\/\/maisonbelloeil.fr\/wp-content\/uploads\/2023\/06\/logo-revendeurofficiel-higold-1536x276.png 1536w, https:\/\/maisonbelloeil.fr\/wp-content\/uploads\/2023\/06\/logo-revendeurofficiel-higold.png 1847w\" sizes=\"(max-width: 300px) 100vw, 300px\" \/><\/p>\n<p><img loading=\"lazy\" decoding=\"async\" class=\"aligncenter wp-image-14045\" src=\"https:\/\/maisonbelloeil.fr\/wp-content\/uploads\/2023\/06\/bsci.jpg\" alt=\"logo Bsci\" width=\"113\" height=\"80\" title=\"\"><\/p>\n<p><img loading=\"lazy\" decoding=\"async\" class=\"aligncenter wp-image-14043\" src=\"https:\/\/maisonbelloeil.fr\/wp-content\/uploads\/2023\/06\/ukas-300x225.jpg\" alt=\"logo ukas\" width=\"107\" height=\"80\" title=\"\" srcset=\"https:\/\/maisonbelloeil.fr\/wp-content\/uploads\/2023\/06\/ukas-300x225.jpg 300w, https:\/\/maisonbelloeil.fr\/wp-content\/uploads\/2023\/06\/ukas-700x525.jpg 700w, https:\/\/maisonbelloeil.fr\/wp-content\/uploads\/2023\/06\/ukas-768x576.jpg 768w, https:\/\/maisonbelloeil.fr\/wp-content\/uploads\/2023\/06\/ukas.jpg 866w\" sizes=\"(max-width: 107px) 100vw, 107px\" \/><\/p>\n<p>&nbsp;<\/p>","protected":false},"excerpt":{"rendered":"<h3><span style=\"color: #333333;\"><strong>Ensemble repas jardin comportant:<\/strong><\/span><\/h3>\n<ul>\n<li><span style=\"color: #333333;\">Une table 6 places<\/span><\/li>\n<li><span style=\"color: #333333;\">Six chaises avec accoudoirs<\/span><\/li>\n<li><span style=\"color: #333333;\">Plus de couleurs en option<\/span><\/li>\n<\/ul>\n<hr \/>\n<p><span style=\"color: #333333;\"><span style=\"color: #346f7f;\">Polyrotin | Bois de Teck de grade A<\/span> | <span style=\"color: #346f7f;\">Aluminium massif<br \/>\n<img loading=\"lazy\" decoding=\"async\" class=\"alignleft wp-image-14040\" src=\"https:\/\/maisonbelloeil.fr\/wp-content\/uploads\/2023\/06\/logo-quick-dry-150x50-1.jpg\" alt=\"Quickdry\" width=\"120\" height=\"40\" \/><\/span><\/span><\/p>\n<p>&nbsp;<\/p>\n<hr \/>\n<p><em><span style=\"color: #ff6600;\"><strong><span style=\"color: #bf4d00;\"><span style=\"color: #800080;\"><img loading=\"lazy\" decoding=\"async\" class=\"alignleft wp-image-15282\" src=\"https:\/\/maisonbelloeil.fr\/wp-content\/uploads\/2023\/09\/Logo-livraison-offerte.png\" alt=\"\" width=\"75\" height=\"30\" \/> Frais de port offerts<\/span><\/span><\/strong><\/span><\/em><\/p>\n<hr \/>\n<p><span style=\"color: #333333;\">Pour toute\u00a0<strong>demande de renseignement<\/strong>\u00a0ou pour\u00a0<strong>finaliser votre achat<\/strong>, nous vous invitons \u00e0<a href=\"https:\/\/maisonbelloeil.fr\/en\/contactez-nous\/\"><em><strong> nous contacter<\/strong><\/em><\/a>.\u00a0 Notre \u00e9quipe se tient \u00e0 votre \u00e9coute pour vous offrir un <strong>service sur-mesure.\u00a0 \u00a0 \u00a0 \u00a0 \u00a0 \u00a0 \u00a0 \u00a0 \u00a0 \u00a0 \u00a0 \u00a0 \u00a0 \u00a0 \u00a0 \u00a0 \u00a0 \u00a0 \u00a0 \u00a0 \u00a0 \u00a0 \u00a0 <\/strong>ENSEMBLE DE JARDIN DESIGN<\/span><\/p>\n<p><img loading=\"lazy\" decoding=\"async\" class=\"alignleft wp-image-14101\" src=\"https:\/\/maisonbelloeil.fr\/wp-content\/uploads\/2023\/10\/by-bellini-h-30.jpg\" alt=\"Claudio bellini designer\" width=\"177\" height=\"20\" \/><\/p>\n<p>&nbsp;<\/p>","protected":false},"featured_media":14176,"comment_status":"open","ping_status":"closed","template":"","meta":{"ocean_post_layout":"","ocean_both_sidebars_style":"","ocean_both_sidebars_content_width":0,"ocean_both_sidebars_sidebars_width":0,"ocean_sidebar":"0","ocean_second_sidebar":"0","ocean_disable_margins":"enable","ocean_add_body_class":"","ocean_shortcode_before_top_bar":"","ocean_shortcode_after_top_bar":"","ocean_shortcode_before_header":"","ocean_shortcode_after_header":"","ocean_has_shortcode":"","ocean_shortcode_after_title":"","ocean_shortcode_before_footer_widgets":"","ocean_shortcode_after_footer_widgets":"","ocean_shortcode_before_footer_bottom":"","ocean_shortcode_after_footer_bottom":"","ocean_display_top_bar":"default","ocean_display_header":"default","ocean_header_style":"","ocean_center_header_left_menu":"0","ocean_custom_header_template":"0","ocean_custom_logo":0,"ocean_custom_retina_logo":0,"ocean_custom_logo_max_width":0,"ocean_custom_logo_tablet_max_width":0,"ocean_custom_logo_mobile_max_width":0,"ocean_custom_logo_max_height":0,"ocean_custom_logo_tablet_max_height":0,"ocean_custom_logo_mobile_max_height":0,"ocean_header_custom_menu":"0","ocean_menu_typo_font_family":"0","ocean_menu_typo_font_subset":"","ocean_menu_typo_font_size":0,"ocean_menu_typo_font_size_tablet":0,"ocean_menu_typo_font_size_mobile":0,"ocean_menu_typo_font_size_unit":"px","ocean_menu_typo_font_weight":"","ocean_menu_typo_font_weight_tablet":"","ocean_menu_typo_font_weight_mobile":"","ocean_menu_typo_transform":"","ocean_menu_typo_transform_tablet":"","ocean_menu_typo_transform_mobile":"","ocean_menu_typo_line_height":0,"ocean_menu_typo_line_height_tablet":0,"ocean_menu_typo_line_height_mobile":0,"ocean_menu_typo_line_height_unit":"","ocean_menu_typo_spacing":0,"ocean_menu_typo_spacing_tablet":0,"ocean_menu_typo_spacing_mobile":0,"ocean_menu_typo_spacing_unit":"","ocean_menu_link_color":"","ocean_menu_link_color_hover":"","ocean_menu_link_color_active":"","ocean_menu_link_background":"","ocean_menu_link_hover_background":"","ocean_menu_link_active_background":"","ocean_menu_social_links_bg":"","ocean_menu_social_hover_links_bg":"","ocean_menu_social_links_color":"","ocean_menu_social_hover_links_color":"","ocean_disable_title":"default","ocean_disable_heading":"default","ocean_post_title":"","ocean_post_subheading":"","ocean_post_title_style":"centered-minimal","ocean_post_title_background_color":"","ocean_post_title_background":0,"ocean_post_title_bg_image_position":"","ocean_post_title_bg_image_attachment":"","ocean_post_title_bg_image_repeat":"","ocean_post_title_bg_image_size":"","ocean_post_title_height":0,"ocean_post_title_bg_overlay":0.5,"ocean_post_title_bg_overlay_color":"","ocean_disable_breadcrumbs":"default","ocean_breadcrumbs_color":"","ocean_breadcrumbs_separator_color":"","ocean_breadcrumbs_links_color":"","ocean_breadcrumbs_links_hover_color":"","ocean_display_footer_widgets":"default","ocean_display_footer_bottom":"default","ocean_custom_footer_template":"0"},"product_brand":[135],"product_cat":[54,127],"product_tag":[59,141],"class_list":{"0":"post-14169","1":"product","2":"type-product","3":"status-publish","4":"has-post-thumbnail","6":"product_brand-higold","7":"product_cat-ensemble-table-et-chaises","8":"product_cat-6-personnes","9":"product_tag-borromeo","10":"product_tag-higold","12":"entry","13":"has-media","15":"first","16":"instock","17":"taxable","18":"shipping-taxable","19":"purchasable","20":"product-type-variable","21":"has-default-attributes","22":"col","23":"span_1_of_3","24":"owp-content-center","25":"item-entry","26":"owp-thumbs-layout-horizontal","27":"owp-btn-very-big","28":"owp-tabs-layout-horizontal"},"_links":{"self":[{"href":"https:\/\/maisonbelloeil.fr\/en\/wp-json\/wp\/v2\/product\/14169","targetHints":{"allow":["GET"]}}],"collection":[{"href":"https:\/\/maisonbelloeil.fr\/en\/wp-json\/wp\/v2\/product"}],"about":[{"href":"https:\/\/maisonbelloeil.fr\/en\/wp-json\/wp\/v2\/types\/product"}],"replies":[{"embeddable":true,"href":"https:\/\/maisonbelloeil.fr\/en\/wp-json\/wp\/v2\/comments?post=14169"}],"wp:featuredmedia":[{"embeddable":true,"href":"https:\/\/maisonbelloeil.fr\/en\/wp-json\/wp\/v2\/media\/14176"}],"wp:attachment":[{"href":"https:\/\/maisonbelloeil.fr\/en\/wp-json\/wp\/v2\/media?parent=14169"}],"wp:term":[{"taxonomy":"product_brand","embeddable":true,"href":"https:\/\/maisonbelloeil.fr\/en\/wp-json\/wp\/v2\/product_brand?post=14169"},{"taxonomy":"product_cat","embeddable":true,"href":"https:\/\/maisonbelloeil.fr\/en\/wp-json\/wp\/v2\/product_cat?post=14169"},{"taxonomy":"product_tag","embeddable":true,"href":"https:\/\/maisonbelloeil.fr\/en\/wp-json\/wp\/v2\/product_tag?post=14169"}],"curies":[{"name":"wp","href":"https:\/\/api.w.org\/{rel}","templated":true}]}}