{"id":14047,"date":"2024-02-02T16:51:17","date_gmt":"2024-02-02T15:51:17","guid":{"rendered":"https:\/\/maisonbelloeil.fr\/?post_type=product&#038;p=14047"},"modified":"2025-07-26T14:01:23","modified_gmt":"2025-07-26T12:01:23","slug":"salon-de-jardin-resine-tressee-borromeo","status":"publish","type":"product","link":"https:\/\/maisonbelloeil.fr\/en\/product\/salon-de-jardin-resine-tressee-borromeo\/","title":{"rendered":"Salon de jardin r\u00e9sine tress\u00e9e anthracite Haut de gamme 4 p BORROMEO"},"content":{"rendered":"<h2 style=\"text-align: center;\"><span style=\"color: #333333;\"><strong>Salon de jardin Haut de gamme r\u00e9sine tress\u00e9e anthracite 4 places<\/strong><\/span><\/h2>\n<p><span style=\"color: #333333;\">Explorez le <strong>charme sophistiqu\u00e9<\/strong> de l&rsquo;ensemble de jardin Borromeo imagin\u00e9 par\u00a0 le designer <em><strong>Claudio Bellini<\/strong><\/em>, une option id\u00e9ale pour cr\u00e9er un espace ext\u00e9rieur <strong>accueillant et raffin\u00e9<\/strong>. Compos\u00e9 d&rsquo;un <strong>canap\u00e9 deux places confortable<\/strong>, de <strong>deux fauteuils assortis<\/strong> et d&rsquo;<strong>une table basse pratique<\/strong>, cet ensemble haut de gamme offre une solution parfaite pour <strong>quatre personnes<\/strong>, propice \u00e0 la d\u00e9tente en plein air.<\/span><\/p>\n<p><span style=\"color: #333333;\">Confectionn\u00e9s en <strong>polyrotin<\/strong>, ces meubles en r\u00e9sine tress\u00e9e <strong>r\u00e9sistent aux intemp\u00e9ries<\/strong> et se r\u00e9v\u00e8lent faciles \u00e0 entretenir. Le polyrotin ajoute une note naturelle, tandis que <strong>la structure en aluminium garantit l\u00e9g\u00e8ret\u00e9 et durabilit\u00e9<\/strong>.<\/span><\/p>\n<p><span style=\"color: #333333;\">Les si\u00e8ges sont \u00e9quip\u00e9s d&rsquo;une <strong>mousse d&rsquo;\u00e9paisseur 15 cm \u00ab\u00a0quick dry foam\u00a0\u00bb<\/strong>, pour un confort optimal. Les housses de coussins du canap\u00e9 et des fauteuils sont confectionn\u00e9s en <strong>polyester<\/strong>, un tissu <strong>doux et r\u00e9sistant aux rayons UV<\/strong>.<\/span><\/p>\n<p><span style=\"color: #333333;\">La <strong>table basse assortie<\/strong> compl\u00e8te parfaitement cet ensemble de mobilier de jardin en offrant un <strong>espace pratique<\/strong> pour vos boissons, collations ou \u00e9l\u00e9ments d\u00e9coratifs. Dot\u00e9e d&rsquo;un <strong>plateau en teck r\u00e9sistant aux intemp\u00e9ries<\/strong>, elle apporte une <strong>touche naturelle et chaleureuse<\/strong> \u00e0 l&rsquo;ensemble.<\/span><\/p>\n<p><span style=\"color: #333333;\">Chez <strong>Maison Belloeil<\/strong>, chaque mat\u00e9riau a \u00e9t\u00e9 <strong>s\u00e9lectionn\u00e9 avec soin<\/strong> pour garantir une exp\u00e9rience d&rsquo;utilisation exceptionnelle, avec une simplicit\u00e9 d&rsquo;entretien et de nettoyage remarquable. Profitez du plein air avec <strong>style et confort<\/strong> gr\u00e2ce \u00e0 cet <strong>ensemble de jardin de haute qualit\u00e9<\/strong>.<\/span><\/p>\n<p><span style=\"color: #333333;\">De plus, nous nous engageons envers des fournisseurs et <strong>fabricants soucieux des conditions de travail et de l&rsquo;environnement<\/strong>. Les produits de cette gamme sont labellis\u00e9s<\/span> <span style=\"color: #346f7f;\"><a style=\"color: #346f7f;\" href=\"https:\/\/fr.wikipedia.org\/wiki\/Business_Social_Compliance_Initiative\" rel=\"nofollow noopener\" target=\"_blank\"><strong>BSCI<\/strong><\/a><\/span> <span style=\"color: #333333;\">et<\/span> <a href=\"https:\/\/certcheck.ukas.com\/\" rel=\"nofollow noopener\" target=\"_blank\"><span style=\"color: #346f7f;\"><strong>UKAS<\/strong><\/span><\/a>.<\/p>\n<p>&nbsp;<\/p>\n<h2 style=\"text-align: center;\">Points forts du salon de jardin r\u00e9sine tress\u00e9e<\/h2>\n<p><img decoding=\"async\" class=\"aligncenter wp-image-14040 size-full\" src=\"https:\/\/maisonbelloeil.fr\/wp-content\/uploads\/2023\/06\/logo-quick-dry-150x50-1.jpg\" alt=\"Quickdry\" width=\"150\" height=\"50\" title=\"\"><\/p>\n<ul>\n<li><span style=\"color: #333333;\">Structure en <strong>aluminium massif<\/strong> (garantie 2 ans): L\u00e9g\u00e8re, r\u00e9sistante aux intemp\u00e9ries, durable.<\/span><\/li>\n<li><span style=\"color: #333333;\">Tissu en <strong>Polyester<\/strong>: doux, r\u00e9sistant et simple \u00e0 nettoyer.<\/span><\/li>\n<li><span style=\"color: #333333;\">R\u00e9sine tress\u00e9e en <strong>Poly rotin<\/strong>: charme et r\u00e9sistance.<\/span><\/li>\n<li><span style=\"color: #333333;\">Plateau en <strong>teck<\/strong> <strong>de grade A<\/strong> pour la table basse: la beaut\u00e9 du bois et la facilit\u00e9 d&rsquo;entretien.<\/span><\/li>\n<li><span style=\"color: #333333;\">Mousse <strong>Quick Dry Foam\u00ae<\/strong> de haute densit\u00e9 (anti-microbienne\/ s\u00e9chage rapide): coussins de 15 cm de hauteur pour un <strong>confort<\/strong> total.<\/span><\/li>\n<\/ul>\n<p>&nbsp;<\/p>\n<h2 style=\"text-align: center;\">Composition du salon de jardin haut de gamme 4 places<\/h2>\n<ul>\n<li><span style=\"color: #333333;\"><strong>Un canap\u00e9 deux places:<\/strong><br \/>\nL: 149 cm \/ l: 76,5 cm \/ H: 60 cm<br \/>\n<\/span><\/li>\n<li><span style=\"color: #333333;\"><strong>Deux fauteuils:<\/strong><br \/>\nL: 81 cm \/ l: 76,5 cm \/ H: 60 cm<\/span><span style=\"color: #333333;\"><br \/>\n<\/span><\/li>\n<li><span style=\"color: #333333;\"><span style=\"color: #333333;\"><strong>Une table basse:<\/strong><br \/>\nL: 122 cm \/ l: 70 cm \/ 35 cm<\/span><\/span><\/li>\n<li><span style=\"color: #333333;\"><strong>Plus de couleurs en option:<br \/>\n<\/strong>Couleurs: anthracite ou beige.<\/span><\/li>\n<\/ul>\n<p>&nbsp;<\/p>\n<p><img decoding=\"async\" class=\"wp-image-2684 size-full aligncenter\" src=\"https:\/\/maisonbelloeil.fr\/wp-content\/uploads\/2023\/04\/illu-alon-de-jardin-4-places-b.jpg\" alt=\"icones salon d&#039;ext\u00e9rieur 4 places\" width=\"388\" height=\"100\" title=\"\" srcset=\"https:\/\/maisonbelloeil.fr\/wp-content\/uploads\/2023\/04\/illu-alon-de-jardin-4-places-b.jpg 388w, https:\/\/maisonbelloeil.fr\/wp-content\/uploads\/2023\/04\/illu-alon-de-jardin-4-places-b-300x77.jpg 300w\" sizes=\"(max-width: 388px) 100vw, 388px\" \/><\/p>\n<p>&nbsp;<\/p>\n<p><span style=\"color: #333333;\"><strong>Profitez pleinement des journ\u00e9es ensoleill\u00e9es en famille ou entre amis avec cet ensemble de jardin haut de gamme, \u00e9l\u00e9gant et fonctionnel de la collection BORROMEO. Cr\u00e9ez votre propre havre de paix avec ce salon de jardin anthracite et savourez une atmosph\u00e8re relaxante dans votre espace ext\u00e9rieur.\u00a0<\/strong><\/span><\/p>\n<p>&nbsp;<\/p>\n<p>Pour toute\u00a0<strong>demande de renseignement<\/strong>\u00a0ou pour\u00a0<strong>finaliser votre achat<\/strong>, nous vous invitons \u00e0<a href=\"https:\/\/maisonbelloeil.fr\/en\/contactez-nous\/\"><em><strong> nous contacter<\/strong><\/em><\/a>.\u00a0 \u00a0 \u00a0 \u00a0 \u00a0 \u00a0 \u00a0 \u00a0 \u00a0 \u00a0 \u00a0 \u00a0 \u00a0 \u00a0 \u00a0 \u00a0 \u00a0 \u00a0 \u00a0 \u00a0 \u00a0 \u00a0 \u00a0 \u00a0 \u00a0 \u00a0 \u00a0 \u00a0 \u00a0 \u00a0 \u00a0 \u00a0 \u00a0 \u00a0 \u00a0 \u00a0 \u00a0 \u00a0 \u00a0 \u00a0 \u00a0 \u00a0 \u00a0 \u00a0 \u00a0 \u00a0 \u00a0 \u00a0 \u00a0 \u00a0 \u00a0 \u00a0 \u00a0 \u00a0 \u00a0 \u00a0 \u00a0 \u00a0 \u00a0 \u00a0 \u00a0 \u00a0 \u00a0 \u00a0 \u00a0 \u00a0 \u00a0 \u00a0 \u00a0 \u00a0 Notre \u00e9quipe se tient \u00e0 votre \u00e9coute pour vous offrir un <strong>service sur-mesure<\/strong><\/p>\n<hr \/>\n<h2 style=\"text-align: center;\">Produits compl\u00e9mentaires \u00e0 ce salon de jardin haut de gamme en r\u00e9sine<\/h2>\n<p>Pourquoi ne pas voir plus grand avec notre <a href=\"https:\/\/maisonbelloeil.fr\/en\/product\/salon-de-jardin-aluminium-gris-borromeo\/\"><strong><span style=\"color: #346f7f;\">salon de jardin en r\u00e9sine tress\u00e9e gris anthracite 5 places<\/span><\/strong><\/a> de la m\u00eame collection ?<\/p>\n<p>&nbsp;<\/p>\n<hr \/>\n<h2 style=\"text-align: center;\"><span style=\"color: #333333;\">Mat\u00e9riaux et instructions d&rsquo;entretien du salon de jardin<\/span><\/h2>\n<p><span style=\"color: #333333;\">Le Tressage en<b> Polyrotin,<\/b> apportant un aspect naturel aux meubles tr\u00e8s tendances, est un mat\u00e9riau reconnu pour ces grandes qualit\u00e9s: durabilit\u00e9 de la couleur et de la forme, r\u00e9sistance aux intemp\u00e9ries. Le cordage est tress\u00e9 \u00e0 la main.<\/span><\/p>\n<p><span style=\"color: #333333;\">L\u2019<strong>aluminium<\/strong>\u00a0est tr\u00e8s r\u00e9pandu dans le domaine de la construction en raison de ses nombreuses qualit\u00e9s. Solide, l\u00e9ger, durable, pratique et esth\u00e9tique, il r\u00e9siste \u00e0 la pluie, \u00e0 l\u2019humidit\u00e9 et ne rouille pas. Il ne craint pas le soleil non plus et ne perd pas son \u00e9clat.<\/span><\/p>\n<p><span style=\"color: #333333;\">Le\u00a0<strong>bois de teck<\/strong> r\u00e9siste aux \u00e9l\u00e9ments ext\u00e9rieurs, sa haute teneur en huile, sa grande r\u00e9sistance \u00e0 la traction, son grain serr\u00e9 le rendent particuli\u00e8rement appropri\u00e9 pour une utilisation en ext\u00e9rieur. <\/span><span style=\"color: #333333;\">L\u2019application bisannuelle d\u2019une couche d\u2019huile pour teck est recommand\u00e9e pour le maintenir beau.<\/span><\/p>\n<p>&nbsp;<\/p>\n<hr \/>\n<p>&nbsp;<\/p>\n<p><img decoding=\"async\" class=\"aligncenter wp-image-14042\" src=\"https:\/\/maisonbelloeil.fr\/wp-content\/uploads\/2023\/06\/sl_higold-excellent-life_rgb-300x45-1.png\" alt=\"excellent life\" width=\"220\" height=\"33\" title=\"\"><\/p>\n<p><img loading=\"lazy\" decoding=\"async\" class=\"aligncenter wp-image-14012 size-medium\" src=\"https:\/\/maisonbelloeil.fr\/wp-content\/uploads\/2023\/06\/logo-revendeurofficiel-higold-300x54.png\" alt=\"Logo revendeur officiel Higold.\" width=\"300\" height=\"54\" title=\"\" srcset=\"https:\/\/maisonbelloeil.fr\/wp-content\/uploads\/2023\/06\/logo-revendeurofficiel-higold-300x54.png 300w, https:\/\/maisonbelloeil.fr\/wp-content\/uploads\/2023\/06\/logo-revendeurofficiel-higold-700x126.png 700w, https:\/\/maisonbelloeil.fr\/wp-content\/uploads\/2023\/06\/logo-revendeurofficiel-higold-1024x184.png 1024w, https:\/\/maisonbelloeil.fr\/wp-content\/uploads\/2023\/06\/logo-revendeurofficiel-higold-768x138.png 768w, https:\/\/maisonbelloeil.fr\/wp-content\/uploads\/2023\/06\/logo-revendeurofficiel-higold-1536x276.png 1536w, https:\/\/maisonbelloeil.fr\/wp-content\/uploads\/2023\/06\/logo-revendeurofficiel-higold.png 1847w\" sizes=\"(max-width: 300px) 100vw, 300px\" \/><\/p>\n<p><img loading=\"lazy\" decoding=\"async\" class=\"aligncenter wp-image-14043\" src=\"https:\/\/maisonbelloeil.fr\/wp-content\/uploads\/2023\/06\/ukas-300x225.jpg\" alt=\"\" width=\"107\" height=\"80\" title=\"\" srcset=\"https:\/\/maisonbelloeil.fr\/wp-content\/uploads\/2023\/06\/ukas-300x225.jpg 300w, https:\/\/maisonbelloeil.fr\/wp-content\/uploads\/2023\/06\/ukas-700x525.jpg 700w, https:\/\/maisonbelloeil.fr\/wp-content\/uploads\/2023\/06\/ukas-768x576.jpg 768w, https:\/\/maisonbelloeil.fr\/wp-content\/uploads\/2023\/06\/ukas.jpg 866w\" sizes=\"(max-width: 107px) 100vw, 107px\" \/><\/p>\n<p><img loading=\"lazy\" decoding=\"async\" class=\"aligncenter wp-image-14045\" src=\"https:\/\/maisonbelloeil.fr\/wp-content\/uploads\/2023\/06\/bsci.jpg\" alt=\"\" width=\"99\" height=\"70\" title=\"\"><\/p>\n<p>&nbsp;<\/p>","protected":false},"excerpt":{"rendered":"<h2><span style=\"color: #333333;\"><strong>Ensemble salon de jardin 4 places comportant:<\/strong><\/span><\/h2>\n<ul>\n<li><span style=\"color: #333333;\">Un canap\u00e9 2 places<\/span><\/li>\n<li><span style=\"color: #333333;\">Une table basse<\/span><\/li>\n<li><span style=\"color: #333333;\">Deux fauteuils<\/span><\/li>\n<li><span style=\"color: #333333;\">Plus de couleurs en option<br \/>\n<\/span><\/li>\n<\/ul>\n<hr \/>\n<p><span style=\"color: #333333;\"><span style=\"color: #346f7f;\">Polyrotin | Bois de Teck de grade A<\/span> | <span style=\"color: #346f7f;\">Aluminium massif<\/span><\/span><\/p>\n<p><img loading=\"lazy\" decoding=\"async\" class=\"alignleft wp-image-14040\" src=\"https:\/\/maisonbelloeil.fr\/wp-content\/uploads\/2023\/06\/logo-quick-dry-150x50-1.jpg\" alt=\"Quickdry\" width=\"120\" height=\"40\" \/><\/p>\n<p>&nbsp;<\/p>\n<hr \/>\n<p><em><span style=\"color: #ff6600;\"><strong><span style=\"color: #bf4d00;\"><span style=\"color: #800080;\"><img loading=\"lazy\" decoding=\"async\" class=\"alignleft wp-image-15282\" src=\"https:\/\/maisonbelloeil.fr\/wp-content\/uploads\/2023\/09\/Logo-livraison-offerte.png\" alt=\"\" width=\"75\" height=\"30\" \/> Frais de port offerts<\/span><\/span><\/strong><\/span><\/em><\/p>\n<hr \/>\n<p><span style=\"color: #333333;\">Pour toute\u00a0<strong>demande de renseignement<\/strong>\u00a0ou pour\u00a0<strong>finaliser votre achat<\/strong>, nous vous invitons \u00e0<a href=\"https:\/\/maisonbelloeil.fr\/en\/contactez-nous\/\"><em><strong> nous contacter<\/strong><\/em><\/a>.\u00a0 Notre \u00e9quipe se tient \u00e0 votre \u00e9coute pour vous offrir un <strong>service sur-mesure.\u00a0 \u00a0 \u00a0 \u00a0 \u00a0 \u00a0 \u00a0 \u00a0 \u00a0 \u00a0 \u00a0 \u00a0 \u00a0 \u00a0 \u00a0 \u00a0 \u00a0 \u00a0 \u00a0 \u00a0 \u00a0 \u00a0 \u00a0 \u00a0 <\/strong>ENSEMBLE DE JARDIN DESIGN<\/span><\/p>\n<p><img loading=\"lazy\" decoding=\"async\" class=\"alignleft wp-image-14101\" src=\"https:\/\/maisonbelloeil.fr\/wp-content\/uploads\/2023\/10\/by-bellini-h-30.jpg\" alt=\"Claudio bellini designer\" width=\"177\" height=\"20\" \/><\/p>\n<p>&nbsp;<\/p>","protected":false},"featured_media":14058,"comment_status":"open","ping_status":"closed","template":"","meta":{"ocean_post_layout":"","ocean_both_sidebars_style":"","ocean_both_sidebars_content_width":0,"ocean_both_sidebars_sidebars_width":0,"ocean_sidebar":"0","ocean_second_sidebar":"0","ocean_disable_margins":"enable","ocean_add_body_class":"","ocean_shortcode_before_top_bar":"","ocean_shortcode_after_top_bar":"","ocean_shortcode_before_header":"","ocean_shortcode_after_header":"","ocean_has_shortcode":"","ocean_shortcode_after_title":"","ocean_shortcode_before_footer_widgets":"","ocean_shortcode_after_footer_widgets":"","ocean_shortcode_before_footer_bottom":"","ocean_shortcode_after_footer_bottom":"","ocean_display_top_bar":"default","ocean_display_header":"default","ocean_header_style":"","ocean_center_header_left_menu":"0","ocean_custom_header_template":"0","ocean_custom_logo":0,"ocean_custom_retina_logo":0,"ocean_custom_logo_max_width":0,"ocean_custom_logo_tablet_max_width":0,"ocean_custom_logo_mobile_max_width":0,"ocean_custom_logo_max_height":0,"ocean_custom_logo_tablet_max_height":0,"ocean_custom_logo_mobile_max_height":0,"ocean_header_custom_menu":"0","ocean_menu_typo_font_family":"0","ocean_menu_typo_font_subset":"","ocean_menu_typo_font_size":0,"ocean_menu_typo_font_size_tablet":0,"ocean_menu_typo_font_size_mobile":0,"ocean_menu_typo_font_size_unit":"px","ocean_menu_typo_font_weight":"","ocean_menu_typo_font_weight_tablet":"","ocean_menu_typo_font_weight_mobile":"","ocean_menu_typo_transform":"","ocean_menu_typo_transform_tablet":"","ocean_menu_typo_transform_mobile":"","ocean_menu_typo_line_height":0,"ocean_menu_typo_line_height_tablet":0,"ocean_menu_typo_line_height_mobile":0,"ocean_menu_typo_line_height_unit":"","ocean_menu_typo_spacing":0,"ocean_menu_typo_spacing_tablet":0,"ocean_menu_typo_spacing_mobile":0,"ocean_menu_typo_spacing_unit":"","ocean_menu_link_color":"","ocean_menu_link_color_hover":"","ocean_menu_link_color_active":"","ocean_menu_link_background":"","ocean_menu_link_hover_background":"","ocean_menu_link_active_background":"","ocean_menu_social_links_bg":"","ocean_menu_social_hover_links_bg":"","ocean_menu_social_links_color":"","ocean_menu_social_hover_links_color":"","ocean_disable_title":"default","ocean_disable_heading":"default","ocean_post_title":"","ocean_post_subheading":"","ocean_post_title_style":"centered-minimal","ocean_post_title_background_color":"","ocean_post_title_background":0,"ocean_post_title_bg_image_position":"","ocean_post_title_bg_image_attachment":"","ocean_post_title_bg_image_repeat":"","ocean_post_title_bg_image_size":"","ocean_post_title_height":0,"ocean_post_title_bg_overlay":0.5,"ocean_post_title_bg_overlay_color":"","ocean_disable_breadcrumbs":"default","ocean_breadcrumbs_color":"","ocean_breadcrumbs_separator_color":"","ocean_breadcrumbs_links_color":"","ocean_breadcrumbs_links_hover_color":"","ocean_display_footer_widgets":"default","ocean_display_footer_bottom":"default","ocean_custom_footer_template":"0"},"product_brand":[135],"product_cat":[53],"product_tag":[59,141],"class_list":{"0":"post-14047","1":"product","2":"type-product","3":"status-publish","4":"has-post-thumbnail","6":"product_brand-higold","7":"product_cat-salon-de-jardin","8":"product_tag-borromeo","9":"product_tag-higold","11":"entry","12":"has-media","14":"first","15":"instock","16":"taxable","17":"shipping-taxable","18":"purchasable","19":"product-type-variable","20":"has-default-attributes","21":"col","22":"span_1_of_3","23":"owp-content-center","24":"item-entry","25":"owp-thumbs-layout-horizontal","26":"owp-btn-very-big","27":"owp-tabs-layout-horizontal"},"_links":{"self":[{"href":"https:\/\/maisonbelloeil.fr\/en\/wp-json\/wp\/v2\/product\/14047","targetHints":{"allow":["GET"]}}],"collection":[{"href":"https:\/\/maisonbelloeil.fr\/en\/wp-json\/wp\/v2\/product"}],"about":[{"href":"https:\/\/maisonbelloeil.fr\/en\/wp-json\/wp\/v2\/types\/product"}],"replies":[{"embeddable":true,"href":"https:\/\/maisonbelloeil.fr\/en\/wp-json\/wp\/v2\/comments?post=14047"}],"wp:featuredmedia":[{"embeddable":true,"href":"https:\/\/maisonbelloeil.fr\/en\/wp-json\/wp\/v2\/media\/14058"}],"wp:attachment":[{"href":"https:\/\/maisonbelloeil.fr\/en\/wp-json\/wp\/v2\/media?parent=14047"}],"wp:term":[{"taxonomy":"product_brand","embeddable":true,"href":"https:\/\/maisonbelloeil.fr\/en\/wp-json\/wp\/v2\/product_brand?post=14047"},{"taxonomy":"product_cat","embeddable":true,"href":"https:\/\/maisonbelloeil.fr\/en\/wp-json\/wp\/v2\/product_cat?post=14047"},{"taxonomy":"product_tag","embeddable":true,"href":"https:\/\/maisonbelloeil.fr\/en\/wp-json\/wp\/v2\/product_tag?post=14047"}],"curies":[{"name":"wp","href":"https:\/\/api.w.org\/{rel}","templated":true}]}}