{"id":20686,"date":"2025-02-19T12:19:36","date_gmt":"2025-02-19T11:19:36","guid":{"rendered":"https:\/\/maisonbelloeil.fr\/?page_id=20686"},"modified":"2026-03-27T12:22:15","modified_gmt":"2026-03-27T11:22:15","slug":"catalogue-maison-belloeil","status":"publish","type":"page","link":"https:\/\/maisonbelloeil.fr\/en\/catalogue-maison-belloeil\/","title":{"rendered":"editions"},"content":{"rendered":"<div data-elementor-type=\"wp-page\" data-elementor-id=\"20686\" class=\"elementor elementor-20686\">\n\t\t\t\t\t\t<section class=\"elementor-section elementor-top-section elementor-element elementor-element-16e10a66 elementor-section-stretched elementor-hidden-desktop elementor-hidden-tablet elementor-section-boxed elementor-section-height-default elementor-section-height-default\" data-id=\"16e10a66\" data-element_type=\"section\" data-e-type=\"section\" data-settings=\"{&quot;stretch_section&quot;:&quot;section-stretched&quot;}\">\n\t\t\t\t\t\t<div class=\"elementor-container elementor-column-gap-default\">\n\t\t\t\t\t<div class=\"elementor-column elementor-col-100 elementor-top-column elementor-element elementor-element-23306a7b\" data-id=\"23306a7b\" data-element_type=\"column\" data-e-type=\"column\">\n\t\t\t<div class=\"elementor-widget-wrap elementor-element-populated\">\n\t\t\t\t<a class=\"eael-wrapper-link-c2e4faa --eael-wrapper-link-tag\" href=\"https:\/\/maisonbelloeil.fr\/wp-content\/uploads\/2025\/02\/Catalogue_Maison_Belloeil.pdf\" target=\"_blank\" rel=\"nofollow\"><\/a>\t\t<div data-eael-wrapper-link=\"eael-wrapper-link-c2e4faa\" class=\"elementor-element elementor-element-c2e4faa oew-cta-style-inside elementor-hidden-desktop elementor-hidden-tablet oew-cta-valign-top oew-animated-content oew-bg-transform oew-bg-transform-zoom-in elementor-widget elementor-widget-oew-call-to-action\" data-id=\"c2e4faa\" data-element_type=\"widget\" data-e-type=\"widget\" data-widget_type=\"oew-call-to-action.default\">\n\t\t\t\t<div class=\"elementor-widget-container\">\n\t\t\t\t\t\n\t\t<div class=\"oew-cta\">\n\n\t\t\t\t\t\t\t<div class=\"oew-cta-bg-wrapper\">\n\t\t\t\t\t<div class=\"oew-cta-bg\" style=\"background-image: url(https:\/\/maisonbelloeil.fr\/wp-content\/uploads\/2025\/03\/Airport-Table-Haute-6-place.jpg);\"><\/div>\n\t\t\t\t\t\t\t\t\t<\/div>\n\t\t\t\t\n\t\t\t<div class=\"oew-cta-inner\">\n\t\t\t\t\t\t\t\t\t<h2 class=\"oew-cta-title oew-cta-content oew-animated-grow\">\n\t\t\t\t\t\tNOTRE CATALOGUE\t\t\t\t\t<\/h2>\n\t\t\t\t\t\t\t\t\t\t<div class=\"oew-cta-description oew-cta-content oew-animated-grow\"> corner lounge, canap\u00e9s, tables, bar,  parasols, braseros<\/div>\n\t\t\t\t\t\t\t\t\t\t<div class=\"oew-cta-btn oew-cta-content oew-animated-grow\">\n\t\t\t\t\t\t<a class=\"button\" href=\"#\">\n\t\t\t\t\t\t\t\t\t\t\t\t\t\t<span>T\u00e9l\u00e9charger<\/span>\n\t\t\t\t\t\t\t\t\t\t\t\t\t<\/a>\n\n\t\t\t\t\t\t\t\t\t\t\t<\/div>\n\t\t\t\t\t\t\t\t<\/div>\n\t\t<\/div>\n\n\t\t\t\t\t\t<\/div>\n\t\t\t\t<\/div>\n\t\t\t\t\t<\/div>\n\t\t<\/div>\n\t\t\t\t\t<\/div>\n\t\t<\/section>\n\t\t\t\t<section class=\"elementor-section elementor-top-section elementor-element elementor-element-5527243 elementor-section-stretched elementor-section-boxed elementor-section-height-default elementor-section-height-default\" data-id=\"5527243\" data-element_type=\"section\" data-e-type=\"section\" data-settings=\"{&quot;stretch_section&quot;:&quot;section-stretched&quot;}\">\n\t\t\t\t\t\t<div class=\"elementor-container elementor-column-gap-default\">\n\t\t\t\t\t<div class=\"elementor-column elementor-col-100 elementor-top-column elementor-element elementor-element-b17c17b\" data-id=\"b17c17b\" data-element_type=\"column\" data-e-type=\"column\">\n\t\t\t<div class=\"elementor-widget-wrap elementor-element-populated\">\n\t\t\t\t<a class=\"eael-wrapper-link-a7c6d85 --eael-wrapper-link-tag\" href=\"https:\/\/maisonbelloeil.fr\/wp-content\/uploads\/2025\/02\/Catalogue_Maison_Belloeil.pdf\" target=\"_blank\" rel=\"nofollow\"><\/a>\t\t<div data-eael-wrapper-link=\"eael-wrapper-link-a7c6d85\" class=\"elementor-element elementor-element-a7c6d85 oew-cta-style-outside oew-cta--image-right elementor-hidden-mobile oew-bg-transform oew-bg-transform-zoom-in elementor-widget elementor-widget-oew-call-to-action\" data-id=\"a7c6d85\" data-element_type=\"widget\" data-e-type=\"widget\" data-widget_type=\"oew-call-to-action.default\">\n\t\t\t\t<div class=\"elementor-widget-container\">\n\t\t\t\t\t<style>.elementor-element-a7c6d85{display:none !important}<\/style>\t\t\t\t<\/div>\n\t\t\t\t<\/div>\n\t\t<a class=\"eael-wrapper-link-4a96288 --eael-wrapper-link-tag\" href=\"https:\/\/maisonbelloeil.fr\/wp-content\/uploads\/2025\/02\/Catalogue_Maison_Belloeil.pdf\" target=\"_blank\" rel=\"nofollow\"><\/a>\t\t<div data-eael-wrapper-link=\"eael-wrapper-link-4a96288\" class=\"elementor-element elementor-element-4a96288 oew-cta-style-outside oew-cta--image-right elementor-hidden-mobile elementor-widget elementor-widget-oew-call-to-action\" data-id=\"4a96288\" data-element_type=\"widget\" data-e-type=\"widget\" data-widget_type=\"oew-call-to-action.default\">\n\t\t\t\t<div class=\"elementor-widget-container\">\n\t\t\t\t\t\n\t\t<div class=\"oew-cta\">\n\n\t\t\t\t\t\t\t<div class=\"oew-cta-bg-wrapper\">\n\t\t\t\t\t<div class=\"oew-cta-bg\" style=\"background-image: url(https:\/\/maisonbelloeil.fr\/wp-content\/uploads\/2025\/03\/Catalogue_Maison_Belloeil_Page_103_Image_0001-1024x683.jpg);\"><\/div>\n\t\t\t\t\t\t\t\t\t<\/div>\n\t\t\t\t\n\t\t\t<div class=\"oew-cta-inner\">\n\t\t\t\t\t\t\t\t\t<h2 class=\"oew-cta-title oew-cta-content\">\n\t\t\t\t\t\tExplore more in our catalogue\t\t\t\t\t<\/h2>\n\t\t\t\t\t\t\t\t\t\t<div class=\"oew-cta-description oew-cta-content\"><b>Discover below<\/b><br>\nour selection of stunning garden furniture, fire pits, and parasols, also available for download<\/div>\n\t\t\t\t\t\t\t\t\t\t<div class=\"oew-cta-btn oew-cta-content\">\n\t\t\t\t\t\t<a class=\"button\" href=\"https:\/\/maisonbelloeil.fr\/wp-content\/uploads\/2026\/03\/Maison_Belloeil_Collection_2026.pdf.pdf\">\n\t\t\t\t\t\t\t<svg aria-hidden=\"true\" class=\"e-font-icon-svg e-fas-download\" viewbox=\"0 0 512 512\" xmlns=\"http:\/\/www.w3.org\/2000\/svg\"><path d=\"M216 0h80c13.3 0 24 10.7 24 24v168h87.7c17.8 0 26.7 21.5 14.1 34.1L269.7 378.3c-7.5 7.5-19.8 7.5-27.3 0L90.1 226.1c-12.6-12.6-3.7-34.1 14.1-34.1H192V24c0-13.3 10.7-24 24-24zm296 376v112c0 13.3-10.7 24-24 24H24c-13.3 0-24-10.7-24-24V376c0-13.3 10.7-24 24-24h146.7l49 49c20.1 20.1 52.5 20.1 72.6 0l49-49H488c13.3 0 24 10.7 24 24zm-124 88c0-11-9-20-20-20s-20 9-20 20 9 20 20 20 20-9 20-20zm64 0c0-11-9-20-20-20s-20 9-20 20 9 20 20 20 20-9 20-20z\"><\/path><\/svg>\t\t\t\t\t\t\t<span>Download the catalogue (45 MB)<\/span>\n\t\t\t\t\t\t\t\t\t\t\t\t\t<\/a>\n\n\t\t\t\t\t\t\t\t\t\t\t<\/div>\n\t\t\t\t\t\t\t\t<\/div>\n\t\t<\/div>\n\n\t\t\t\t\t\t<\/div>\n\t\t\t\t<\/div>\n\t\t\t\t\t<\/div>\n\t\t<\/div>\n\t\t\t\t\t<\/div>\n\t\t<\/section>\n\t\t<div class=\"elementor-element elementor-element-6e08768 e-flex e-con-boxed e-con e-parent\" data-id=\"6e08768\" data-element_type=\"container\" data-e-type=\"container\">\n\t\t\t\t\t<div class=\"e-con-inner\">\n\t\t\t\t<div class=\"elementor-element elementor-element-4e97db0 elementor-widget elementor-widget-text-editor\" data-id=\"4e97db0\" data-element_type=\"widget\" data-e-type=\"widget\" data-widget_type=\"text-editor.default\">\n\t\t\t\t\t<style>.elementor-element-4e97db0{display:none !important}<\/style>\t\t\t\t<\/div>\n\t\t\t\t\t<\/div>\n\t\t\t\t<\/div>\n\t\t<div class=\"elementor-element elementor-element-ab95c12 e-flex e-con-boxed e-con e-parent\" data-id=\"ab95c12\" data-element_type=\"container\" data-e-type=\"container\">\n\t\t\t\t\t<div class=\"e-con-inner\">\n\t\t\t\t<div class=\"elementor-element elementor-element-195cbd9 e-n-tabs-mobile elementor-widget elementor-widget-n-tabs\" data-id=\"195cbd9\" data-element_type=\"widget\" data-e-type=\"widget\" data-settings=\"{&quot;horizontal_scroll&quot;:&quot;disable&quot;}\" data-widget_type=\"nested-tabs.default\">\n\t\t\t\t\t<style>.elementor-element-195cbd9{display:none !important}<\/style>\t\t\t\t<\/div>\n\t\t\t\t\t<\/div>\n\t\t\t\t<\/div>\n\t\t<div class=\"elementor-element elementor-element-74ca748 e-flex e-con-boxed e-con e-parent\" data-id=\"74ca748\" data-element_type=\"container\" data-e-type=\"container\">\n\t\t\t\t\t<div class=\"e-con-inner\">\n\t\t\t\t<div class=\"elementor-element elementor-element-55a592b elementor-widget elementor-widget-text-editor\" data-id=\"55a592b\" data-element_type=\"widget\" data-e-type=\"widget\" data-widget_type=\"text-editor.default\">\n\t\t\t\t\t\t\t\t\t<p data-path-to-node=\"9,0\">Available for download:<\/p><ul data-path-to-node=\"9,1\"><li><p data-path-to-node=\"9,1,0,0\"><b data-path-to-node=\"9,1,0,0\" data-index-in-node=\"0\">Tab 1:<\/b> A brief overview of Maison Belloeil.<\/p><\/li><li><p data-path-to-node=\"9,1,1,0\"><b data-path-to-node=\"9,1,1,0\" data-index-in-node=\"0\">Tab 2:<\/b> Our Company Profile, showcasing how we work.<\/p><\/li><li><p data-path-to-node=\"9,1,2,0\"><b data-path-to-node=\"9,1,2,0\" data-index-in-node=\"0\">Tab 3:<\/b> Materials and their key benefits.<\/p><\/li><\/ul>\t\t\t\t\t\t\t\t<\/div>\n\t\t\t\t<div class=\"elementor-element elementor-element-c2a6186 e-n-tabs-mobile elementor-widget elementor-widget-n-tabs\" data-id=\"c2a6186\" data-element_type=\"widget\" data-e-type=\"widget\" data-settings=\"{&quot;horizontal_scroll&quot;:&quot;disable&quot;}\" data-widget_type=\"nested-tabs.default\">\n\t\t\t\t\t\t\t<div class=\"e-n-tabs\" data-widget-number=\"204104070\" aria-label=\"Tabs. Open items with Enter or Space, close with Escape and navigate using the Arrow keys.\">\n\t\t\t<div class=\"e-n-tabs-heading\" role=\"tablist\">\n\t\t\t\t\t<button id=\"e-n-tab-title-2041040701\" data-tab-title-id=\"e-n-tab-title-2041040701\" class=\"e-n-tab-title\" aria-selected=\"true\" data-tab-index=\"1\" role=\"tab\" tabindex=\"0\" aria-controls=\"e-n-tab-content-2041040701\" style=\"--n-tabs-title-order: 1;\">\n\t\t\t\t\t\t<span class=\"e-n-tab-title-text\">\n\t\t\t\tOverview\t\t\t<\/span>\n\t\t<\/button>\n\t\t\t\t<button id=\"e-n-tab-title-2041040702\" data-tab-title-id=\"e-n-tab-title-2041040702\" class=\"e-n-tab-title\" aria-selected=\"false\" data-tab-index=\"2\" role=\"tab\" tabindex=\"-1\" aria-controls=\"e-n-tab-content-2041040702\" style=\"--n-tabs-title-order: 2;\">\n\t\t\t\t\t\t<span class=\"e-n-tab-title-text\">\n\t\t\t\tCompany Profile\t\t\t<\/span>\n\t\t<\/button>\n\t\t\t\t<button id=\"e-n-tab-title-2041040703\" data-tab-title-id=\"e-n-tab-title-2041040703\" class=\"e-n-tab-title\" aria-selected=\"false\" data-tab-index=\"3\" role=\"tab\" tabindex=\"-1\" aria-controls=\"e-n-tab-content-2041040703\" style=\"--n-tabs-title-order: 3;\">\n\t\t\t\t\t\t<span class=\"e-n-tab-title-text\">\n\t\t\t\tMaterials\t\t\t<\/span>\n\t\t<\/button>\n\t\t\t\t\t<\/div>\n\t\t\t<div class=\"e-n-tabs-content\">\n\t\t\t\t<div id=\"e-n-tab-content-2041040701\" role=\"tabpanel\" aria-labelledby=\"e-n-tab-title-2041040701\" data-tab-index=\"1\" style=\"--n-tabs-title-order: 1;\" class=\"e-active elementor-element elementor-element-2b37c75 e-con-full e-flex e-con e-child\" data-id=\"2b37c75\" data-element_type=\"container\" data-e-type=\"container\">\n\t\t\t\t<div class=\"elementor-element elementor-element-c4c57bf elementor-align-center elementor-widget elementor-widget-button\" data-id=\"c4c57bf\" data-element_type=\"widget\" data-e-type=\"widget\" data-widget_type=\"button.default\">\n\t\t\t\t\t\t\t\t\t\t<a class=\"elementor-button elementor-button-link elementor-size-sm\" href=\"#\">\n\t\t\t\t\t\t<span class=\"elementor-button-content-wrapper\">\n\t\t\t\t\t\t\t\t\t<span class=\"elementor-button-text\">Download the Maison Belloeil Presentation<\/span>\n\t\t\t\t\t<\/span>\n\t\t\t\t\t<\/a>\n\t\t\t\t\t\t\t\t<\/div>\n\t\t\t\t<\/div>\n\t\t<div id=\"e-n-tab-content-2041040702\" role=\"tabpanel\" aria-labelledby=\"e-n-tab-title-2041040702\" data-tab-index=\"2\" style=\"--n-tabs-title-order: 2;\" class=\"elementor-element elementor-element-3934a99 e-con-full e-flex e-con e-child\" data-id=\"3934a99\" data-element_type=\"container\" data-e-type=\"container\">\n\t\t\t\t<div class=\"elementor-element elementor-element-46a6b14 elementor-align-center elementor-widget elementor-widget-button\" data-id=\"46a6b14\" data-element_type=\"widget\" data-e-type=\"widget\" data-widget_type=\"button.default\">\n\t\t\t\t\t\t\t\t\t\t<a class=\"elementor-button elementor-button-link elementor-size-sm\" href=\"#\">\n\t\t\t\t\t\t<span class=\"elementor-button-content-wrapper\">\n\t\t\t\t\t\t\t\t\t<span class=\"elementor-button-text\">Download the Company Profile<\/span>\n\t\t\t\t\t<\/span>\n\t\t\t\t\t<\/a>\n\t\t\t\t\t\t\t\t<\/div>\n\t\t\t\t<\/div>\n\t\t<div id=\"e-n-tab-content-2041040703\" role=\"tabpanel\" aria-labelledby=\"e-n-tab-title-2041040703\" data-tab-index=\"3\" style=\"--n-tabs-title-order: 3;\" class=\"elementor-element elementor-element-fa2e630 e-con-full e-flex e-con e-child\" data-id=\"fa2e630\" data-element_type=\"container\" data-e-type=\"container\">\n\t\t\t\t<div class=\"elementor-element elementor-element-b18d3c6 elementor-align-center elementor-widget elementor-widget-button\" data-id=\"b18d3c6\" data-element_type=\"widget\" data-e-type=\"widget\" data-widget_type=\"button.default\">\n\t\t\t\t\t\t\t\t\t\t<a class=\"elementor-button elementor-button-link elementor-size-sm\" href=\"#\">\n\t\t\t\t\t\t<span class=\"elementor-button-content-wrapper\">\n\t\t\t\t\t\t\t\t\t<span class=\"elementor-button-text\">Download our materials guide<\/span>\n\t\t\t\t\t<\/span>\n\t\t\t\t\t<\/a>\n\t\t\t\t\t\t\t\t<\/div>\n\t\t\t\t<\/div>\n\t\t\t\t\t<\/div>\n\t\t<\/div>\n\t\t\t\t\t\t<\/div>\n\t\t\t\t\t<\/div>\n\t\t\t\t<\/div>\n\t\t\t\t<section class=\"elementor-section elementor-top-section elementor-element elementor-element-804d7f0 elementor-section-content-top elementor-section-stretched elementor-section-boxed elementor-section-height-default elementor-section-height-default\" data-id=\"804d7f0\" data-element_type=\"section\" data-e-type=\"section\" data-settings=\"{&quot;stretch_section&quot;:&quot;section-stretched&quot;}\">\n\t\t\t\t\t\t<div class=\"elementor-container elementor-column-gap-default\">\n\t\t\t\t\t<div class=\"elementor-column elementor-col-100 elementor-top-column elementor-element elementor-element-14b9ff6\" data-id=\"14b9ff6\" data-element_type=\"column\" data-e-type=\"column\">\n\t\t\t<div class=\"elementor-widget-wrap elementor-element-populated\">\n\t\t\t\t\t\t<div class=\"elementor-element elementor-element-dac3e39 elementor-widget__width-initial elementor-widget elementor-widget-wp-widget-wc_brands_brand_thumbnails\" data-id=\"dac3e39\" data-element_type=\"widget\" data-e-type=\"widget\" data-widget_type=\"wp-widget-wc_brands_brand_thumbnails.default\">\n\t\t\t\t<div class=\"elementor-widget-container\">\n\t\t\t\t\t<ul class=\"brand-thumbnails columns-4\">\n\n\n\t<li class=\"first\">\n\t\t<a href=\"https:\/\/maisonbelloeil.fr\/en\/brand\/higold\/\" title=\"HIGOLD\">\n\t\t\t<img fetchpriority=\"high\" decoding=\"async\" src=\"https:\/\/maisonbelloeil.fr\/wp-content\/uploads\/2024\/05\/logo-higold-bleu.png\" alt=\"HIGOLD\" class=\"brand-thumbnail\" width=\"600\" height=\"600\" srcset=\"https:\/\/maisonbelloeil.fr\/wp-content\/uploads\/2024\/05\/logo-higold-bleu.png 624w, https:\/\/maisonbelloeil.fr\/wp-content\/uploads\/2024\/05\/logo-higold-bleu-300x64.png 300w\" sizes=\"(max-width: 624px) 100vw, 624px\" title=\"\">\t\t<\/a>\n\t<\/li>\n\n\n\t<li class=\"\">\n\t\t<a href=\"https:\/\/maisonbelloeil.fr\/en\/brand\/umbrosa\/\" title=\"UMBROSA\">\n\t\t\t<img decoding=\"async\" src=\"https:\/\/maisonbelloeil.fr\/wp-content\/uploads\/2024\/03\/logo-umbrosa.jpg\" alt=\"UMBROSA\" class=\"brand-thumbnail\" width=\"600\" height=\"600\" srcset=\"https:\/\/maisonbelloeil.fr\/wp-content\/uploads\/2024\/03\/logo-umbrosa.jpg 400w, https:\/\/maisonbelloeil.fr\/wp-content\/uploads\/2024\/03\/logo-umbrosa-300x109.jpg 300w\" sizes=\"(max-width: 400px) 100vw, 400px\" title=\"\">\t\t<\/a>\n\t<\/li>\n\n\n\t<li class=\"\">\n\t\t<a href=\"https:\/\/maisonbelloeil.fr\/en\/brand\/hevea\/\" title=\"HEVEA\">\n\t\t\t<img decoding=\"async\" src=\"https:\/\/maisonbelloeil.fr\/wp-content\/uploads\/2025\/02\/unnamed-1.png\" alt=\"HEVEA\" class=\"brand-thumbnail\" width=\"600\" height=\"600\" srcset=\"https:\/\/maisonbelloeil.fr\/wp-content\/uploads\/2025\/02\/unnamed-1.png 1200w, https:\/\/maisonbelloeil.fr\/wp-content\/uploads\/2025\/02\/unnamed-1-300x96.png 300w, https:\/\/maisonbelloeil.fr\/wp-content\/uploads\/2025\/02\/unnamed-1-700x224.png 700w, https:\/\/maisonbelloeil.fr\/wp-content\/uploads\/2025\/02\/unnamed-1-1024x328.png 1024w, https:\/\/maisonbelloeil.fr\/wp-content\/uploads\/2025\/02\/unnamed-1-768x246.png 768w\" sizes=\"(max-width: 1200px) 100vw, 1200px\" title=\"\">\t\t<\/a>\n\t<\/li>\n\n\n\t<li class=\"last\">\n\t\t<a href=\"https:\/\/maisonbelloeil.fr\/en\/brand\/elementi\/\" title=\"ELEMENTI\">\n\t\t\t<img loading=\"lazy\" decoding=\"async\" src=\"https:\/\/maisonbelloeil.fr\/wp-content\/uploads\/2025\/02\/Logo-Elementi.jpg\" alt=\"ELEMENTI\" class=\"brand-thumbnail\" width=\"600\" height=\"600\" title=\"\">\t\t<\/a>\n\t<\/li>\n\n\n<\/ul>\n\t\t\t\t<\/div>\n\t\t\t\t<\/div>\n\t\t\t\t<div class=\"elementor-element elementor-element-e166308 elementor-widget elementor-widget-spacer\" data-id=\"e166308\" data-element_type=\"widget\" data-e-type=\"widget\" data-widget_type=\"spacer.default\">\n\t\t\t\t\t\t\t<div class=\"elementor-spacer\">\n\t\t\t<div class=\"elementor-spacer-inner\"><\/div>\n\t\t<\/div>\n\t\t\t\t\t\t<\/div>\n\t\t\t\t\t<\/div>\n\t\t<\/div>\n\t\t\t\t\t<\/div>\n\t\t<\/section>\n\t\t\t\t<\/div>","protected":false},"excerpt":{"rendered":"<p>NOTRE CATALOGUE corner lounge, canap\u00e9s, tables, bar, parasols, braseros T\u00e9l\u00e9charger Plus de choix dans notre catalogue D\u00e9couvrez ci-dessous notre selection de magnifiques salons de jardin, brazero, parasols, que vous pouvez aussi t\u00e9l\u00e9charger T\u00e9l\u00e9charger le catalogue (45 Mo) Vous trouverez ici, disponibles au t\u00e9l\u00e9chargement : Une pr\u00e9sentation courte de Maison Belloeil. Le Company Profile, un document [&hellip;]<\/p>\n","protected":false},"author":3,"featured_media":21116,"parent":0,"menu_order":0,"comment_status":"closed","ping_status":"closed","template":"","meta":{"ocean_post_layout":"","ocean_both_sidebars_style":"","ocean_both_sidebars_content_width":0,"ocean_both_sidebars_sidebars_width":0,"ocean_sidebar":"","ocean_second_sidebar":"","ocean_disable_margins":"enable","ocean_add_body_class":"","ocean_shortcode_before_top_bar":"","ocean_shortcode_after_top_bar":"","ocean_shortcode_before_header":"","ocean_shortcode_after_header":"","ocean_has_shortcode":"","ocean_shortcode_after_title":"","ocean_shortcode_before_footer_widgets":"","ocean_shortcode_after_footer_widgets":"","ocean_shortcode_before_footer_bottom":"","ocean_shortcode_after_footer_bottom":"","ocean_display_top_bar":"default","ocean_display_header":"default","ocean_header_style":"","ocean_center_header_left_menu":"","ocean_custom_header_template":"","ocean_custom_logo":0,"ocean_custom_retina_logo":0,"ocean_custom_logo_max_width":0,"ocean_custom_logo_tablet_max_width":0,"ocean_custom_logo_mobile_max_width":0,"ocean_custom_logo_max_height":0,"ocean_custom_logo_tablet_max_height":0,"ocean_custom_logo_mobile_max_height":0,"ocean_header_custom_menu":"","ocean_menu_typo_font_family":"","ocean_menu_typo_font_subset":"","ocean_menu_typo_font_size":0,"ocean_menu_typo_font_size_tablet":0,"ocean_menu_typo_font_size_mobile":0,"ocean_menu_typo_font_size_unit":"px","ocean_menu_typo_font_weight":"","ocean_menu_typo_font_weight_tablet":"","ocean_menu_typo_font_weight_mobile":"","ocean_menu_typo_transform":"","ocean_menu_typo_transform_tablet":"","ocean_menu_typo_transform_mobile":"","ocean_menu_typo_line_height":0,"ocean_menu_typo_line_height_tablet":0,"ocean_menu_typo_line_height_mobile":0,"ocean_menu_typo_line_height_unit":"","ocean_menu_typo_spacing":0,"ocean_menu_typo_spacing_tablet":0,"ocean_menu_typo_spacing_mobile":0,"ocean_menu_typo_spacing_unit":"","ocean_menu_link_color":"","ocean_menu_link_color_hover":"","ocean_menu_link_color_active":"","ocean_menu_link_background":"","ocean_menu_link_hover_background":"","ocean_menu_link_active_background":"","ocean_menu_social_links_bg":"","ocean_menu_social_hover_links_bg":"","ocean_menu_social_links_color":"","ocean_menu_social_hover_links_color":"","ocean_disable_title":"default","ocean_disable_heading":"default","ocean_post_title":"","ocean_post_subheading":"","ocean_post_title_style":"","ocean_post_title_background_color":"","ocean_post_title_background":0,"ocean_post_title_bg_image_position":"","ocean_post_title_bg_image_attachment":"","ocean_post_title_bg_image_repeat":"","ocean_post_title_bg_image_size":"","ocean_post_title_height":0,"ocean_post_title_bg_overlay":0.5,"ocean_post_title_bg_overlay_color":"","ocean_disable_breadcrumbs":"default","ocean_breadcrumbs_color":"","ocean_breadcrumbs_separator_color":"","ocean_breadcrumbs_links_color":"","ocean_breadcrumbs_links_hover_color":"","ocean_display_footer_widgets":"default","ocean_display_footer_bottom":"default","ocean_custom_footer_template":"","footnotes":""},"class_list":["post-20686","page","type-page","status-publish","has-post-thumbnail","hentry","entry","has-media","owp-thumbs-layout-horizontal","owp-btn-very-big","owp-tabs-layout-horizontal","has-no-thumbnails"],"_links":{"self":[{"href":"https:\/\/maisonbelloeil.fr\/en\/wp-json\/wp\/v2\/pages\/20686","targetHints":{"allow":["GET"]}}],"collection":[{"href":"https:\/\/maisonbelloeil.fr\/en\/wp-json\/wp\/v2\/pages"}],"about":[{"href":"https:\/\/maisonbelloeil.fr\/en\/wp-json\/wp\/v2\/types\/page"}],"author":[{"embeddable":true,"href":"https:\/\/maisonbelloeil.fr\/en\/wp-json\/wp\/v2\/users\/3"}],"replies":[{"embeddable":true,"href":"https:\/\/maisonbelloeil.fr\/en\/wp-json\/wp\/v2\/comments?post=20686"}],"version-history":[{"count":42,"href":"https:\/\/maisonbelloeil.fr\/en\/wp-json\/wp\/v2\/pages\/20686\/revisions"}],"predecessor-version":[{"id":23696,"href":"https:\/\/maisonbelloeil.fr\/en\/wp-json\/wp\/v2\/pages\/20686\/revisions\/23696"}],"wp:featuredmedia":[{"embeddable":true,"href":"https:\/\/maisonbelloeil.fr\/en\/wp-json\/wp\/v2\/media\/21116"}],"wp:attachment":[{"href":"https:\/\/maisonbelloeil.fr\/en\/wp-json\/wp\/v2\/media?parent=20686"}],"curies":[{"name":"wp","href":"https:\/\/api.w.org\/{rel}","templated":true}]}}