{"id":14088,"date":"2024-02-08T15:45:44","date_gmt":"2024-02-08T14:45:44","guid":{"rendered":"https:\/\/maisonbelloeil.fr\/?page_id=14088"},"modified":"2024-06-16T20:56:36","modified_gmt":"2024-06-16T18:56:36","slug":"politique-de-protection-des-donnees-personelles","status":"publish","type":"page","link":"https:\/\/maisonbelloeil.fr\/en\/politique-de-protection-des-donnees-personelles\/","title":{"rendered":"POLITIQUE DE PROTECTION DES DONN\u00c9ES PERSONELLES"},"content":{"rendered":"<figure class=\"wp-block-table\"><table class=\"has-black-color has-text-color has-link-color\"><tbody><tr><td>&nbsp; <strong>Politique de protection des donn\u00e9es personnelles<\/strong><\/td><\/tr><\/tbody><\/table><\/figure>\n\n\n\n<p class=\"has-black-color has-text-color has-link-color wp-elements-91e61c25f2ecab8fe8772f54e5ab413d\"><strong>ARTICLE 1. QUI EST LE RESPONSABLE DU TRAITEMENT&nbsp;?&nbsp;<\/strong><\/p>\n\n\n\n<p class=\"has-black-color has-text-color has-link-color wp-elements-63368dc648f5a575ca60e7bf0f3fe648\">Le responsable du traitement est&nbsp;:&nbsp;<\/p>\n\n\n\n<p class=\"has-black-color has-text-color has-link-color wp-elements-63dff8d60cc7a2c4e5feedca465f1c58\"><em>Cl\u00e9ment Belloeil<\/em><\/p>\n\n\n\n<p class=\"has-black-color has-text-color has-link-color wp-elements-99b27058516d041ca5b424fe1b62e617\"><em>Entrepreneur Individuel<\/em><\/p>\n\n\n\n<p class=\"has-black-color has-text-color has-link-color wp-elements-3a0543f4a027844f8d0a3c1bb23496d5\"><em>Domicil\u00e9 102 chemin de la farigoulette, 83000 Toulon \u2013 France<\/em><\/p>\n\n\n\n<p class=\"has-black-color has-text-color has-link-color wp-elements-8b879f49ff3fa867677a4d4700135b21\"><em>Enregistr\u00e9 sous le num\u00e9ro SIRET suivant&nbsp;: 90901810300012<\/em><\/p>\n\n\n\n<p class=\"has-black-color has-text-color has-link-color wp-elements-794ce7a67bc53efcc263e6e6c8a9508c\"><strong>ARTICLE 2. QUELLES DONN\u00c9ES PERSONNELLES TRAITONS-NOUS&nbsp;?<\/strong><\/p>\n\n\n\n<p class=\"has-black-color has-text-color has-link-color wp-elements-6075d3aab940198cca8b60ce4740dbbc\">Nous sommes amen\u00e9s \u00e0 collecter et \u00e0 traiter les donn\u00e9es personnelles suivantes vous concernant&nbsp;:<\/p>\n\n\n\n<ul class=\"has-black-color has-text-color has-link-color wp-block-list wp-elements-0cf2558b3332e2bee7f4421ec722bd29\">\n<li class=\"has-black-color has-text-color has-link-color\"><em>Les donn\u00e9es d\u2019identification (nom, pr\u00e9nom, adresse \u00e9lectronique, adresse postale, num\u00e9ro de t\u00e9l\u00e9phone);<\/em><\/li>\n\n\n\n<li class=\"has-black-color has-text-color has-link-color\"><em>Les donn\u00e9es de connexion et de localisation&nbsp;(adresse IP, logs de connexion)&nbsp;;<\/em><\/li>\n\n\n\n<li class=\"has-black-color has-text-color has-link-color\"><em>Les donn\u00e9es commerciales&nbsp;(\u00e9changes avec le service client\u00e8le, donn\u00e9es n\u00e9cessaires \u00e0 la fourniture des services souscrits ou \u00e0 la gestion de la relation client, \u00e0 la r\u00e9alisation d\u2019enqu\u00eates de satisfaction, de statistiques)&nbsp;;<\/em><\/li>\n\n\n\n<li class=\"has-black-color has-text-color has-link-color\"><em>Les donn\u00e9es de facturation&nbsp;(moyens et historique de paiement, donn\u00e9es de transaction, factures)&nbsp;;<\/em><\/li>\n\n\n\n<li class=\"has-black-color has-text-color has-link-color\"><em>Les donn\u00e9es comportementales (services souscrits ou envisag\u00e9s, comportement sur les sites et outils (pages consult\u00e9es, dur\u00e9e de connexion, nombre de consultations))&nbsp;;<\/em><\/li>\n<\/ul>\n\n\n\n<p class=\"has-black-color has-text-color has-link-color wp-elements-8f3424f4f68f8e4e29d0f30079d78f23\">Seules les donn\u00e9es personnelles strictement n\u00e9cessaires au regard des finalit\u00e9s d\u00e9crites ci-dessous sont collect\u00e9es.<\/p>\n\n\n\n<p class=\"has-black-color has-text-color has-link-color wp-elements-831f33c9646ceb464e674860ebee419b\"><strong>ARTICLE 3. QUELLES SONT LES FINALIT\u00c9S DES TRAITEMENTS&nbsp;?&nbsp;<\/strong><\/p>\n\n\n\n<p class=\"has-black-color has-text-color has-link-color wp-elements-2f4cc918990d6971e55c54bf4e87b597\">Vos donn\u00e9es personnelles sont trait\u00e9es pour les finalit\u00e9s suivantes&nbsp;:<\/p>\n\n\n\n<ul class=\"wp-block-list\">\n<li class=\"has-black-color has-text-color has-link-color\"><em>La gestion de la relation avec vous, et notamment la relation client&nbsp;;<\/em><\/li>\n\n\n\n<li class=\"has-black-color has-text-color has-link-color\"><em>La r\u00e9alisation ou la fourniture des services souscrits&nbsp;;<\/em><\/li>\n\n\n\n<li class=\"has-black-color has-text-color has-link-color\"><em>Les op\u00e9rations pour la r\u00e9alisation de campagnes marketing et l\u2019organisation d\u2019\u00e9v\u00e8nements&nbsp;;<\/em><\/li>\n\n\n\n<li class=\"has-black-color has-text-color has-link-color\"><em>L\u2019am\u00e9lioration de la connaissance de votre profil, l\u2019analyse du comportement&nbsp;;<\/em><\/li>\n\n\n\n<li class=\"has-black-color has-text-color has-link-color\"><em>La personnalisation de nos services selon votre profil et l\u2019am\u00e9lioration de votre exp\u00e9rience&nbsp;;<\/em><\/li>\n\n\n\n<li class=\"has-black-color has-text-color has-link-color\"><em>La gestion de la facturation&nbsp;;<\/em><\/li>\n\n\n\n<li class=\"has-black-color has-text-color has-link-color\"><em>Les statistiques, les analyses et les mesures d\u2019audience&nbsp;;<\/em><\/li>\n\n\n\n<li class=\"has-black-color has-text-color has-link-color\"><em>Les enqu\u00eates de satisfaction sur nos services&nbsp;;<\/em><\/li>\n\n\n\n<li class=\"has-black-color has-text-color has-link-color\"><em>L\u2019am\u00e9lioration et l\u2019optimisation de la qualit\u00e9 de nos services et de notre site&nbsp;;<\/em><\/li>\n\n\n\n<li class=\"has-black-color has-text-color has-link-color\"><em>La gestion des droits et des demandes d\u2019exercice des droits des personnes&nbsp;;<\/em><\/li>\n<\/ul>\n\n\n\n<p class=\"has-black-color has-text-color has-link-color wp-elements-da4b0e8109ab356aa6c8bc7b728139b4\"><strong>ARTICLE 4. SUR QUELLES BASES L\u00c9GALES TRAITONS-NOUS VOS DONN\u00c9ES PERSONNELLES&nbsp;?&nbsp;<\/strong><\/p>\n\n\n\n<p class=\"has-black-color has-text-color has-link-color wp-elements-8966dd6c1c142c2689b9062b241517aa\">Vos donn\u00e9es personnelles sont collect\u00e9es et trait\u00e9es sur les bases l\u00e9gales suivantes&nbsp;:<\/p>\n\n\n\n<ul class=\"wp-block-list\">\n<li class=\"has-black-color has-text-color has-link-color\"><em>Sur le fondement de votre consentement&nbsp;;<\/em><\/li>\n\n\n\n<li class=\"has-black-color has-text-color has-link-color\"><em>Dans le cadre de l\u2019ex\u00e9cution d\u2019un contrat&nbsp;;<\/em><\/li>\n\n\n\n<li class=\"has-black-color has-text-color has-link-color\"><em>\u00c0 des fins d\u2019int\u00e9r\u00eat l\u00e9gitime&nbsp;;<\/em><\/li>\n\n\n\n<li class=\"has-black-color has-text-color has-link-color\"><em>Dans le but d\u2019assurer le respect de nos obligations l\u00e9gales et r\u00e9glementaires.<\/em><\/li>\n<\/ul>\n\n\n\n<p class=\"has-black-color has-text-color has-link-color wp-elements-6582b655ed26d3d75ab2c47b470a588b\">Toutes les donn\u00e9es sont recueillies de mani\u00e8re obligatoire afin de r\u00e9pondre aux finalit\u00e9s du traitement. Aucune donn\u00e9e n\u2019est recueillie de mani\u00e8re facultative<\/p>\n\n\n\n<p class=\"has-black-color has-text-color has-link-color wp-elements-5989147d115019212f3b5d3f745203ef\"><strong>ARTICLE 5. QUI SONT LES DESTINATAIRES DE VOS DONN\u00c9ES PERSONNELLES&nbsp;?&nbsp;<\/strong><\/p>\n\n\n\n<p class=\"has-black-color has-text-color has-link-color wp-elements-60c1cca03451d3874f128fb7a604c814\">Les destinataires de vos donn\u00e9es personnelles sont les personnes suivantes, en fonction des traitements r\u00e9alis\u00e9s&nbsp;:<\/p>\n\n\n\n<ul class=\"wp-block-list\">\n<li class=\"has-black-color has-text-color has-link-color\"><em>Les services internes ;<\/em><\/li>\n\n\n\n<li class=\"has-black-color has-text-color has-link-color\"><em>Les prestataires intervenant pour notre compte dans le cadre des finalit\u00e9s mentionn\u00e9es ci-dessus&nbsp;;<\/em><\/li>\n\n\n\n<li class=\"has-black-color has-text-color has-link-color\"><em>Les partenaires commerciaux dans le cadre des finalit\u00e9s mentionn\u00e9es ci-dessus \u00e9tant pr\u00e9cis\u00e9 que les donn\u00e9es transmises sont toujours anonymis\u00e9e.<\/em><\/li>\n<\/ul>\n\n\n\n<p class=\"has-black-color has-text-color has-link-color wp-elements-01f8335c8eefd84e8c986c4fae497cc5\">Lesdites donn\u00e9es ne font pas l\u2019objet d\u2019un transfert dans un pays situ\u00e9 hors de l\u2019Union europ\u00e9enne. Si toutefois ce devait \u00eatre le cas, nous nous engageons \u00e0 ce que ces transferts soient r\u00e9alis\u00e9s dans le respect de la r\u00e9glementation applicable ou \u00e0 une r\u00e9glementation pr\u00e9sentant un niveau de protection ad\u00e9quate et \u00e9quivalent.<\/p>\n\n\n\n<p class=\"has-black-color has-text-color has-link-color wp-elements-2d6504e762187705b6a55eb8ceabe190\"><em>L\u2019H\u00e9bergeur, situ\u00e9 en dehors de l\u2019Union Europ\u00e9enne, n\u2019a quant \u00e0 lui pas acc\u00e8s aux donn\u00e9es personnelles collect\u00e9es via le site Internet.<\/em><\/p>\n\n\n\n<p class=\"has-black-color has-text-color has-link-color wp-elements-47108d9349a7f132e535bf5eb3955c75\"><strong>ARTICLE 6. QUELLE EST LA DUR\u00c9E DE CONSERVATION DE VOS DONN\u00c9ES PERSONNELLES&nbsp;?&nbsp;<\/strong><\/p>\n\n\n\n<p class=\"has-black-color has-text-color has-link-color wp-elements-2db847798e007c01ec6823309b3d8d08\">Vos donn\u00e9es personnelles ne sont conserv\u00e9es que pour la dur\u00e9e strictement n\u00e9cessaire \u00e0 l\u2019accomplissement des finalit\u00e9s pour lesquelles elles sont collect\u00e9es et trait\u00e9es.<\/p>\n\n\n\n<p class=\"has-black-color has-text-color has-link-color wp-elements-b5ca78bca384ba1773592510606f2b03\"><em>Par d\u00e9faut&nbsp;:<\/em><\/p>\n\n\n\n<ul class=\"wp-block-list\">\n<li class=\"has-black-color has-text-color has-link-color\"><em>Le compte client accessible&nbsp;via&nbsp;l\u2019espace client n\u2019est pas conserv\u00e9 au-del\u00e0 de trois (3) ans \u00e0 compter de la derni\u00e8re connexion ;<\/em><\/li>\n\n\n\n<li class=\"has-black-color has-text-color has-link-color\"><em>Vos donn\u00e9es de cartes bancaires, lorsque demand\u00e9es, sont conserv\u00e9es uniquement pendant la dur\u00e9e n\u00e9cessaire \u00e0 la r\u00e9alisation de la transaction&nbsp;;<\/em><\/li>\n\n\n\n<li class=\"has-black-color has-text-color has-link-color\"><em>Les donn\u00e9es de connexion, de navigation et de trafic ne sont pas conserv\u00e9es au-del\u00e0 d\u2019un (1) an.<\/em><\/li>\n\n\n\n<li class=\"has-black-color has-text-color has-link-color\"><em>Votre adresse e-mail, nom, pr\u00e9nom et num\u00e9ro de t\u00e9l\u00e9phone sont conserv\u00e9s pendant toute la dur\u00e9e de mise en relation avec le responsable de traitement.<\/em><\/li>\n\n\n\n<li class=\"has-black-color has-text-color has-link-color\"><em>Vos donn\u00e9es de facturations sont conserv\u00e9es pendant 10 ans \u00e0 compter de l\u2019\u00e9mission de la facture<\/em><\/li>\n<\/ul>\n\n\n\n<p class=\"has-black-color has-text-color has-link-color wp-elements-e920a93ee8c8a68982d4fd085b83e783\">N\u00e9anmoins, les donn\u00e9es personnelles sont conserv\u00e9es pour une dur\u00e9e plus importante sous forme d\u2019archivage lorsque les obligations l\u00e9gales et r\u00e9glementaires nous l\u2019imposent ou si cela est n\u00e9cessaire compte tenu de la prescription applicable, pour faire valoir nos droits, lorsqu\u2019il n\u2019est pas possible de rapporter cette preuve par un autre moyen.<\/p>\n\n\n\n<p class=\"has-black-color has-text-color has-link-color wp-elements-db231db2c6ab6518f75ce140b30d77e4\">Une fois que vos Donn\u00e9es Personnelles ne sont plus n\u00e9cessaires au titre des finalit\u00e9s ou \u00e0 des fins d\u2019archivage pour satisfaire nos obligations l\u00e9gales ou pour les besoins de la prescription applicable, nous veillerons \u00e0 ce qu\u2019elles soient compl\u00e8tement d\u00e9truites ou anonymis\u00e9es.<\/p>\n\n\n\n<p class=\"has-black-color has-text-color has-link-color wp-elements-6fce1c631db9b9c0c0f1e226fab926be\"><strong>ARTICLE 7. QUELS SONT VOS DROITS CONCERNANT VOS DONN\u00c9ES PERSONNELLES&nbsp;?<\/strong> <em>&nbsp;<\/em><\/p>\n\n\n\n<p class=\"has-black-color has-text-color has-link-color wp-elements-b124a15b2bf63737fdd745b74eaa67c5\">Vos droits concernant les donn\u00e9es personnelles vous concernant sont les suivants&nbsp;:<\/p>\n\n\n\n<ul class=\"wp-block-list\">\n<li class=\"has-black-color has-text-color has-link-color\"><strong>Droit d\u2019acc\u00e8s direct<\/strong>&nbsp;; vous avez le droit d\u2019\u00eatre inform\u00e9 de mani\u00e8re concise, transparente, intelligible et facilement accessible sur la mani\u00e8re dont vos Donn\u00e9es Personnelles sont trait\u00e9es.<\/li>\n\n\n\n<li class=\"has-black-color has-text-color has-link-color\"><strong>Droit d\u2019interrogation<\/strong> ; vous avez \u00e9galement le droit d\u2019obtenir la confirmation que des Donn\u00e9es Personnelles vous concernant sont trait\u00e9es et, le cas \u00e9ch\u00e9ant d\u2019acc\u00e9der \u00e0 ces Donn\u00e9es Personnelles.<\/li>\n\n\n\n<li class=\"has-black-color has-text-color has-link-color\"><strong>Droit de rectification<\/strong> ; vous avez le droit d\u2019obtenir la rectification des Donn\u00e9es Personnelles inexactes vous concernant. Vous avez \u00e9galement le droit de compl\u00e9ter les Donn\u00e9es Personnelles incompl\u00e8tes vous concernant, en fournissant une d\u00e9claration compl\u00e9mentaire.<\/li>\n\n\n\n<li class=\"has-black-color has-text-color has-link-color\"><strong>Droit \u00e0 l\u2019effacement<\/strong>&nbsp;\u2013 ce droit peut s\u2019exercer dans la mesure o\u00f9 il ne nuit pas \u00e0 l\u2019ex\u00e9cution du contrat ou au respect de nos obligations l\u00e9gales et r\u00e9glementaires&nbsp;;<\/li>\n\n\n\n<li class=\"has-black-color has-text-color has-link-color\"><strong>Droit \u00e0 la limitation<\/strong>&nbsp;d\u2019un ou plusieurs traitements de vos donn\u00e9es personnelles&nbsp;;<\/li>\n\n\n\n<li class=\"has-black-color has-text-color has-link-color\"><strong>Droits de modification<\/strong>&nbsp;et\/ou de retrait, \u00e0 tout moment, des consentements concernant le traitement de vos donn\u00e9es personnelles reposant uniquement sur votre consentement&nbsp;;<\/li>\n\n\n\n<li class=\"has-black-color has-text-color has-link-color\"><strong>Droit d\u2019opposition<\/strong>&nbsp;\u00e0 un traitement de vos donn\u00e9es personnelles&nbsp;;<\/li>\n\n\n\n<li class=\"has-black-color has-text-color has-link-color\"><strong>Droit \u00e0 la portabilit\u00e9&nbsp;<\/strong>de vos donn\u00e9es personnelles.<\/li>\n<\/ul>\n\n\n\n<p class=\"has-black-color has-text-color has-link-color wp-elements-4035cc8573d7d04fe777449bc26154dd\">Vous disposez \u00e9galement du droit de d\u00e9finir des directives g\u00e9n\u00e9rales et\/ou particuli\u00e8res relatives au sort de vos donn\u00e9es personnelles et \u00e0 la mani\u00e8re dont vous souhaitez que vos droits soient exerc\u00e9s apr\u00e8s votre d\u00e9c\u00e8s.<\/p>\n\n\n\n<p class=\"has-black-color has-text-color has-link-color wp-elements-0b8b9ae6b269c5d26e8733f559de87dc\">Afin que les informations dont nous disposons vous concernant soit toujours exactes, nous vous recommandons d\u2019actualiser r\u00e9guli\u00e8rement vos donn\u00e9es personnelles.<\/p>\n\n\n\n<p class=\"has-black-color has-text-color has-link-color wp-elements-e61719d772556794be1b054a496c08ea\">Vous pouvez formuler toute demande d\u2019exercice de vos droits relatifs \u00e0 vos donn\u00e9es personnelles en nous contactant&nbsp;:<\/p>\n\n\n\n<ul class=\"wp-block-list\">\n<li class=\"has-black-color has-text-color has-link-color\">Par e-mail \u00e0 <em>\u00ab&nbsp;\u00e9crire votre adresse e-mail professionnelle sur laquelle on peut vous poser vos questions relatives au RGPD&nbsp;\u00bb<\/em><\/li>\n\n\n\n<li class=\"has-black-color has-text-color has-link-color\">Par courrier postal en \u00e9crivant \u00e0&nbsp;\u00ab&nbsp;\u00ab&nbsp;<em>\u00e9crire votre adresse postale professionnelle o\u00f9 on peut vous poser vos questions relatives au RGPD&nbsp;\u00bb<\/em><\/li>\n<\/ul>\n\n\n\n<p class=\"has-black-color has-text-color has-link-color wp-elements-b47d8f5c042ef457bdc630b53af1026f\">Vous avez \u00e9galement le choix de vous inscrire gratuitement sur la liste d\u2019opposition au d\u00e9marchage t\u00e9l\u00e9phonique d\u00e9nomm\u00e9e Bloctel et g\u00e9r\u00e9e par la soci\u00e9t\u00e9 Opposetel en vertu d\u2019une d\u00e9l\u00e9gation de service public.<\/p>\n\n\n\n<p class=\"has-black-color has-text-color has-link-color wp-elements-6095ff96c1e80e95139d68232b53bfb3\">En cas d\u2019insatisfaction, vous disposez du droit d\u2019adresser une r\u00e9clamation aupr\u00e8s de l\u2019autorit\u00e9 comp\u00e9tente en la mati\u00e8re&nbsp;:<\/p>\n\n\n\n<p class=\"has-black-color has-text-color has-link-color wp-elements-387b766633fa52b7b01cce9bf7f4ad6f\">Commission Nationale de l\u2019Informatique et des Libert\u00e9s (CNIL)<\/p>\n\n\n\n<p class=\"has-black-color has-text-color has-link-color wp-elements-30f63cd9147744e264871a21e14f5af7\">3 Place de Fontenoy<\/p>\n\n\n\n<p class=\"has-black-color has-text-color has-link-color wp-elements-5ff4c1ee7e5bfdb4383c516f87a24a05\">TSA 80715<\/p>\n\n\n\n<p class=\"has-black-color has-text-color has-link-color wp-elements-b2739d6f3dfeb638dad7ceb93060087d\">75334 PARIS CEDEX 07<\/p>\n\n\n\n<p class=\"has-black-color has-text-color has-link-color wp-elements-af00e72861b35b87f804723244ee78bc\">T\u00e9l : 01 53 73 22 22<\/p>\n\n\n\n<p class=\"has-black-color has-text-color has-link-color wp-elements-0b47ae87f7757ec40490d6d5b6efcb53\"><strong>ARTICLE 9. QU\u2019EN EST-IL DES COOKIES&nbsp;?<\/strong> <strong><em>&nbsp;<\/em><\/strong><\/p>\n\n\n\n<p class=\"has-black-color has-text-color has-link-color wp-elements-69b33794a466042009d6469c250f8c37\">Des cookies et autres traceurs peuvent \u00eatre install\u00e9s et\/ou lus dans votre navigateur lors de votre visite sur le <em>site<\/em>.<\/p>\n\n\n\n<p class=\"has-black-color has-text-color has-link-color wp-elements-a206f97bf2a5b2a57ad81aa22ada8e80\">Les cookies d\u00e9pos\u00e9s par l\u2019Editeur du site permettent de personnaliser le contenu du <em>site<\/em>, d\u2019analyser le trafic du <em>site<\/em>, d\u2019effectuer des statistiques d\u2019utilisation, et d\u2019am\u00e9liorer votre exp\u00e9rience sur le <em>site<\/em>.&nbsp;<\/p>\n\n\n\n<p class=\"has-black-color has-text-color has-link-color wp-elements-78a17c55a12cc58baa8a674009693527\">L\u2019utilisateur a la possibilit\u00e9 d\u2019accepter ou de refuser les cookies mis en place par l\u2019Editeur du<em> site<\/em> sur le disque dur de son navigateur en modifiant cet acc\u00e8s dans les param\u00e8tres. Toute d\u00e9sactivation entraine le refus par l\u2019utilisateur du d\u00e9p\u00f4t des cookies en question. Ces cookies peuvent \u00eatre supprim\u00e9s \u00e0 tout moment par le client internaute.&nbsp;<\/p>\n\n\n\n<p class=\"has-black-color has-text-color has-link-color wp-elements-5ff8908f8550cbeb8a5c46b8070ebba8\">Conform\u00e9ment aux recommandations de la CNIL, la dur\u00e9e maximale de conservation des cookies est de treize (13) mois au maximum apr\u00e8s leur premier d\u00e9p\u00f4t dans le terminal de l\u2019Utilisateur, tout comme la dur\u00e9e de la validit\u00e9 du consentement de l\u2019Utilisateur \u00e0 l\u2019utilisation de ces cookies. La dur\u00e9e de vie des cookies n\u2019est pas prolong\u00e9e \u00e0 chaque visite. Le consentement de l\u2019Utilisateur devra donc \u00eatre renouvel\u00e9 \u00e0 l\u2019issue de ce d\u00e9lai.<\/p>\n\n\n\n<p class=\"has-black-color has-text-color has-link-color wp-elements-83e1e49f1335cb936f0336d943fd86a2\"><strong>ARTICLE 10. QUELLES SONT LES MESURES DE S\u00c9CURIT\u00c9 MISES EN \u0152UVRE&nbsp;?<\/strong><\/p>\n\n\n\n<p class=\"has-black-color has-text-color has-link-color wp-elements-347338fe52f777d483343072c79ffab9\">En tant que responsable de traitement, nous prenons toutes les mesures utiles pour pr\u00e9server la s\u00e9curit\u00e9 et la confidentialit\u00e9 des donn\u00e9es et notamment, emp\u00eacher qu\u2019elles soient endommag\u00e9es, ou que des tiers non autoris\u00e9s y aient acc\u00e8s. A cette fin, nous mettons en \u0153uvre toutes les mesures techniques et organisationnelles pour garantir un niveau de s\u00e9curit\u00e9 ad\u00e9quat et adapt\u00e9 aux risques. Par ailleurs, nous nous assurons du respect par nos sous-traitants des r\u00e8gles en mati\u00e8re de protection des donn\u00e9es personnelles.<\/p>\n\n\n\n<p class=\"has-black-color has-text-color has-link-color wp-elements-de9df99ddf9f9c24e4f39d6645252cde\"><strong>ARTICLE 11. QU\u2019EN EST-IL DES MODIFICATIONS DE LA PR\u00c9SENTE POLITIQUE&nbsp;?<\/strong><\/p>\n\n\n\n<p class=\"has-black-color has-text-color has-link-color wp-elements-b9f8b94d28aa3e4650e28d48465b0284\">La pr\u00e9sente politique a vocation \u00e0 \u00e9voluer et est donc susceptible d\u2019\u00eatre modifi\u00e9e. En cas de modifications mineures, la nouvelle politique sera mise en ligne sur le site \u00e0 la rubrique d\u00e9di\u00e9e. En cas de modifications substantielles portant par exemple sur les finalit\u00e9s, l\u2019exercice de vos droits, vous en serez tenu inform\u00e9.<\/p>","protected":false},"excerpt":{"rendered":"<p>&nbsp; Politique de protection des donn\u00e9es personnelles ARTICLE 1. QUI EST LE RESPONSABLE DU TRAITEMENT&nbsp;?&nbsp; Le responsable du traitement est&nbsp;:&nbsp; Cl\u00e9ment Belloeil Entrepreneur Individuel Domicil\u00e9 102 chemin de la farigoulette, 83000 Toulon \u2013 France Enregistr\u00e9 sous le num\u00e9ro SIRET suivant&nbsp;: 90901810300012 ARTICLE 2. QUELLES DONN\u00c9ES PERSONNELLES TRAITONS-NOUS&nbsp;? Nous sommes amen\u00e9s \u00e0 collecter et \u00e0 traiter [&hellip;]<\/p>\n","protected":false},"author":3,"featured_media":0,"parent":0,"menu_order":0,"comment_status":"closed","ping_status":"closed","template":"","meta":{"ocean_post_layout":"full-width","ocean_both_sidebars_style":"","ocean_both_sidebars_content_width":0,"ocean_both_sidebars_sidebars_width":0,"ocean_sidebar":"","ocean_second_sidebar":"","ocean_disable_margins":"enable","ocean_add_body_class":"","ocean_shortcode_before_top_bar":"","ocean_shortcode_after_top_bar":"","ocean_shortcode_before_header":"","ocean_shortcode_after_header":"","ocean_has_shortcode":"","ocean_shortcode_after_title":"","ocean_shortcode_before_footer_widgets":"","ocean_shortcode_after_footer_widgets":"","ocean_shortcode_before_footer_bottom":"","ocean_shortcode_after_footer_bottom":"","ocean_display_top_bar":"default","ocean_display_header":"default","ocean_header_style":"","ocean_center_header_left_menu":"","ocean_custom_header_template":"","ocean_custom_logo":0,"ocean_custom_retina_logo":0,"ocean_custom_logo_max_width":0,"ocean_custom_logo_tablet_max_width":0,"ocean_custom_logo_mobile_max_width":0,"ocean_custom_logo_max_height":0,"ocean_custom_logo_tablet_max_height":0,"ocean_custom_logo_mobile_max_height":0,"ocean_header_custom_menu":"","ocean_menu_typo_font_family":"","ocean_menu_typo_font_subset":"","ocean_menu_typo_font_size":0,"ocean_menu_typo_font_size_tablet":0,"ocean_menu_typo_font_size_mobile":0,"ocean_menu_typo_font_size_unit":"px","ocean_menu_typo_font_weight":"","ocean_menu_typo_font_weight_tablet":"","ocean_menu_typo_font_weight_mobile":"","ocean_menu_typo_transform":"","ocean_menu_typo_transform_tablet":"","ocean_menu_typo_transform_mobile":"","ocean_menu_typo_line_height":0,"ocean_menu_typo_line_height_tablet":0,"ocean_menu_typo_line_height_mobile":0,"ocean_menu_typo_line_height_unit":"","ocean_menu_typo_spacing":0,"ocean_menu_typo_spacing_tablet":0,"ocean_menu_typo_spacing_mobile":0,"ocean_menu_typo_spacing_unit":"","ocean_menu_link_color":"","ocean_menu_link_color_hover":"","ocean_menu_link_color_active":"","ocean_menu_link_background":"","ocean_menu_link_hover_background":"","ocean_menu_link_active_background":"","ocean_menu_social_links_bg":"","ocean_menu_social_hover_links_bg":"","ocean_menu_social_links_color":"","ocean_menu_social_hover_links_color":"","ocean_disable_title":"default","ocean_disable_heading":"default","ocean_post_title":"","ocean_post_subheading":"","ocean_post_title_style":"","ocean_post_title_background_color":"","ocean_post_title_background":0,"ocean_post_title_bg_image_position":"","ocean_post_title_bg_image_attachment":"","ocean_post_title_bg_image_repeat":"","ocean_post_title_bg_image_size":"","ocean_post_title_height":0,"ocean_post_title_bg_overlay":0.5,"ocean_post_title_bg_overlay_color":"","ocean_disable_breadcrumbs":"default","ocean_breadcrumbs_color":"","ocean_breadcrumbs_separator_color":"","ocean_breadcrumbs_links_color":"","ocean_breadcrumbs_links_hover_color":"","ocean_display_footer_widgets":"default","ocean_display_footer_bottom":"default","ocean_custom_footer_template":"","footnotes":""},"class_list":["post-14088","page","type-page","status-publish","hentry","entry","owp-thumbs-layout-horizontal","owp-btn-very-big","owp-tabs-layout-horizontal","has-no-thumbnails"],"_links":{"self":[{"href":"https:\/\/maisonbelloeil.fr\/en\/wp-json\/wp\/v2\/pages\/14088","targetHints":{"allow":["GET"]}}],"collection":[{"href":"https:\/\/maisonbelloeil.fr\/en\/wp-json\/wp\/v2\/pages"}],"about":[{"href":"https:\/\/maisonbelloeil.fr\/en\/wp-json\/wp\/v2\/types\/page"}],"author":[{"embeddable":true,"href":"https:\/\/maisonbelloeil.fr\/en\/wp-json\/wp\/v2\/users\/3"}],"replies":[{"embeddable":true,"href":"https:\/\/maisonbelloeil.fr\/en\/wp-json\/wp\/v2\/comments?post=14088"}],"version-history":[{"count":0,"href":"https:\/\/maisonbelloeil.fr\/en\/wp-json\/wp\/v2\/pages\/14088\/revisions"}],"wp:attachment":[{"href":"https:\/\/maisonbelloeil.fr\/en\/wp-json\/wp\/v2\/media?parent=14088"}],"curies":[{"name":"wp","href":"https:\/\/api.w.org\/{rel}","templated":true}]}}